{"id":379097,"date":"2025-09-14T20:57:42","date_gmt":"2025-09-14T18:57:42","guid":{"rendered":"https:\/\/www.31degres.be\/?page_id=379097"},"modified":"2025-09-14T20:58:46","modified_gmt":"2025-09-14T18:58:46","slug":"programme-de-fidelite","status":"publish","type":"page","link":"https:\/\/www.31degres.be\/en\/programme-de-fidelite\/","title":{"rendered":"Loyalty program"},"content":{"rendered":"<div data-elementor-type=\"wp-post\" data-elementor-id=\"379097\" class=\"elementor elementor-379097\">\n\t\t\t\t\t\t<section class=\"elementor-section elementor-top-section elementor-element elementor-element-8c39fce elementor-section-content-middle elementor-section-boxed elementor-section-height-default elementor-section-height-default\" data-id=\"8c39fce\" data-element_type=\"section\" data-e-type=\"section\" data-settings=\"{&quot;background_background&quot;:&quot;classic&quot;}\">\n\t\t\t\t\t\t\t<div class=\"elementor-background-overlay\"><\/div>\n\t\t\t\t\t\t\t<div class=\"elementor-container elementor-column-gap-no\">\n\t\t\t\t\t<div class=\"elementor-column elementor-col-100 elementor-top-column elementor-element elementor-element-b1952b1\" data-id=\"b1952b1\" data-element_type=\"column\" data-e-type=\"column\">\n\t\t\t<div class=\"elementor-widget-wrap elementor-element-populated\">\n\t\t\t\t\t\t<div class=\"elementor-element elementor-element-03b93f0 elementor-widget elementor-widget-heading\" data-id=\"03b93f0\" data-element_type=\"widget\" data-e-type=\"widget\" data-widget_type=\"heading.default\">\n\t\t\t\t<div class=\"elementor-widget-container\">\n\t\t\t\t\t<h1 class=\"elementor-heading-title elementor-size-default\">Loyalty program<\/h1>\t\t\t\t<\/div>\n\t\t\t\t<\/div>\n\t\t\t\t\t<\/div>\n\t\t<\/div>\n\t\t\t\t\t<\/div>\n\t\t<\/section>\n\t\t\t\t<section class=\"elementor-section elementor-top-section elementor-element elementor-element-ef13b82 elementor-section-boxed elementor-section-height-default elementor-section-height-default\" data-id=\"ef13b82\" data-element_type=\"section\" data-e-type=\"section\">\n\t\t\t\t\t\t<div class=\"elementor-container elementor-column-gap-default\">\n\t\t\t\t\t<div class=\"elementor-column elementor-col-100 elementor-top-column elementor-element elementor-element-17ce005\" data-id=\"17ce005\" data-element_type=\"column\" data-e-type=\"column\">\n\t\t\t<div class=\"elementor-widget-wrap elementor-element-populated\">\n\t\t\t\t\t\t<div class=\"elementor-element elementor-element-29b1657 elementor-widget elementor-widget-heading\" data-id=\"29b1657\" data-element_type=\"widget\" data-e-type=\"widget\" data-widget_type=\"heading.default\">\n\t\t\t\t<div class=\"elementor-widget-container\">\n\t\t\t\t\t<h2 class=\"elementor-heading-title elementor-size-default\">Enjoy the luxury of loyalty program<\/h2>\t\t\t\t<\/div>\n\t\t\t\t<\/div>\n\t\t\t\t\t<\/div>\n\t\t<\/div>\n\t\t\t\t\t<\/div>\n\t\t<\/section>\n\t\t\t\t<section class=\"elementor-section elementor-top-section elementor-element elementor-element-395103b elementor-section-boxed elementor-section-height-default elementor-section-height-default\" data-id=\"395103b\" data-element_type=\"section\" data-e-type=\"section\">\n\t\t\t\t\t\t<div class=\"elementor-container elementor-column-gap-default\">\n\t\t\t\t\t<div class=\"elementor-column elementor-col-100 elementor-top-column elementor-element elementor-element-08b3d18\" data-id=\"08b3d18\" data-element_type=\"column\" data-e-type=\"column\">\n\t\t\t<div class=\"elementor-widget-wrap elementor-element-populated\">\n\t\t\t\t\t\t<div class=\"elementor-element elementor-element-e333d8d elementor-widget elementor-widget-text-editor\" data-id=\"e333d8d\" data-element_type=\"widget\" data-e-type=\"widget\" data-widget_type=\"text-editor.default\">\n\t\t\t\t<div class=\"elementor-widget-container\">\n\t\t\t\t\t\t\t\t\t<p data-start=\"190\" data-end=\"352\">At 31 Degr\u00e9s Boutique, every moment counts... and so does every purchase.<br data-start=\"255\" data-end=\"258\" \/>We have created an exclusive loyalty program that transforms your purchases into elegant rewards.<\/p><hr data-start=\"354\" data-end=\"357\" \/><h2 data-start=\"359\" data-end=\"389\">How does it work?<\/h2><p data-start=\"391\" data-end=\"593\">\u2714 <strong data-start=\"393\" data-end=\"427\">\u2714 \u20ac1 spent = 1 loyalty point<\/strong><br data-start=\"427\" data-end=\"430\" \/>\u2714 <strong data-start=\"432\" data-end=\"462\">\u2714 100 points = \u20ac5 credit<\/strong> to use towards your next purchase<br data-start=\"512\" data-end=\"515\" \/>\u2714 <strong data-start=\"517\" data-end=\"556\">\u2714 Exclusive bonus: 100 points offered<\/strong> when you create your account \ud83c\udf81<br \/>\u2714 <strong data-start=\"595\" data-end=\"637\">\u2714 Your points are visible at any time<\/strong> in your personal account, under the <strong data-start=\"681\" data-end=\"699\">\u2018My Points\u2019 tab.<\/strong>.<\/p><hr data-start=\"595\" data-end=\"598\" \/><h2 data-start=\"600\" data-end=\"634\">The benefits of the loyalty program<\/h2><ul data-start=\"636\" data-end=\"965\"><li data-start=\"636\" data-end=\"749\"><p data-start=\"638\" data-end=\"749\"><strong data-start=\"638\" data-end=\"667\">Elegant rewards:<\/strong> transform your points into discounts to buy the watch of your dreams.<\/p><\/li><li data-start=\"750\" data-end=\"851\"><p data-start=\"752\" data-end=\"851\"><strong data-start=\"752\" data-end=\"790\">A privilege reserved for our members:<\/strong> as soon as you sign up, enjoy a welcome bonus.<\/p><\/li><li data-start=\"852\" data-end=\"965\"><p data-start=\"854\" data-end=\"965\"><strong data-start=\"854\" data-end=\"880\">Unlimited pleasure:<\/strong> the more you buy, the more you earn... and the more accessible your desires become.<\/p><\/li><\/ul><hr data-start=\"967\" data-end=\"970\" \/><h2 data-start=\"972\" data-end=\"995\">Concrete example<\/h2><ul data-start=\"997\" data-end=\"1227\"><li data-start=\"997\" data-end=\"1045\"><p data-start=\"999\" data-end=\"1045\">You spend <strong data-start=\"1013\" data-end=\"1035\">\u20ac200 \u2192 200 points<\/strong> earned<\/p><\/li><li data-start=\"1046\" data-end=\"1130\"><p data-start=\"1048\" data-end=\"1130\">You use your <strong data-start=\"1066\" data-end=\"1100\">200 points = \u20ac10 discount<\/strong> on your next watch.<\/p><\/li><li data-start=\"1131\" data-end=\"1227\"><p data-start=\"1133\" data-end=\"1227\">And with your <strong data-start=\"1145\" data-end=\"1172\">100 welcome points,<\/strong>you already start with <strong data-start=\"1199\" data-end=\"1223\">\u20ac5 credit!<\/strong> !<\/p><\/li><\/ul><hr data-start=\"1229\" data-end=\"1232\" \/><h2 data-start=\"1234\" data-end=\"1274\">Join us<\/h2><p data-start=\"1276\" data-end=\"1446\">Luxury becomes even more accessible when your purchases are rewarded.<br data-start=\"1351\" data-end=\"1354\" \/>Don't sleep on the opportunity to join a privileged circle of watch enthusiasts.<\/p><p data-start=\"1448\" data-end=\"1505\">\ud83d\udc49 <a href=\"https:\/\/www.31degres.be\/en\/mon-compte\/\"><strong data-start=\"1451\" data-end=\"1503\">Create my account and earn 100 points<\/strong><\/a><\/p>\t\t\t\t\t\t\t\t<\/div>\n\t\t\t\t<\/div>\n\t\t\t\t\t<\/div>\n\t\t<\/div>\n\t\t\t\t\t<\/div>\n\t\t<\/section>\n\t\t\t\t<section class=\"elementor-section elementor-top-section elementor-element elementor-element-8fe2da2 elementor-section-boxed elementor-section-height-default elementor-section-height-default\" data-id=\"8fe2da2\" data-element_type=\"section\" data-e-type=\"section\">\n\t\t\t\t\t\t<div class=\"elementor-container elementor-column-gap-default\">\n\t\t\t\t\t<div class=\"elementor-column elementor-col-100 elementor-top-column elementor-element elementor-element-64c31a6\" data-id=\"64c31a6\" data-element_type=\"column\" data-e-type=\"column\">\n\t\t\t<div class=\"elementor-widget-wrap elementor-element-populated\">\n\t\t\t\t\t\t<div class=\"elementor-element elementor-element-96901cf elementor-widget elementor-widget-heading\" data-id=\"96901cf\" data-element_type=\"widget\" data-e-type=\"widget\" data-widget_type=\"heading.default\">\n\t\t\t\t<div class=\"elementor-widget-container\">\n\t\t\t\t\t<h2 class=\"elementor-heading-title elementor-size-default\">If you have any other questions, please do not hesitate to contact us. <\/h2>\t\t\t\t<\/div>\n\t\t\t\t<\/div>\n\t\t\t\t\t<\/div>\n\t\t<\/div>\n\t\t\t\t\t<\/div>\n\t\t<\/section>\n\t\t\t\t<\/div>","protected":false},"excerpt":{"rendered":"<p>Programme de fid\u00e9lit\u00e9 Offrez-vous le luxe de la fid\u00e9lit\u00e9 Chez 31 Degr\u00e9s Boutique, chaque instant compte\u2026 et chaque achat aussi.Nous avons imagin\u00e9 un programme exclusif qui transforme vos achats en r\u00e9compenses \u00e9l\u00e9gantes. Comment \u00e7a fonctionne ? \u2714 1 \u20ac d\u00e9pens\u00e9 = 1 point fid\u00e9lit\u00e9\u2714 100 points = 5 \u20ac de cr\u00e9dit \u00e0 utiliser pour l\u2019achat [&hellip;]<\/p>","protected":false},"author":1,"featured_media":0,"parent":0,"menu_order":0,"comment_status":"closed","ping_status":"closed","template":"","meta":{"site-sidebar-layout":"no-sidebar","site-content-layout":"page-builder","ast-site-content-layout":"","site-content-style":"default","site-sidebar-style":"default","ast-global-header-display":"","ast-banner-title-visibility":"","ast-main-header-display":"","ast-hfb-above-header-display":"","ast-hfb-below-header-display":"","ast-hfb-mobile-header-display":"","site-post-title":"disabled","ast-breadcrumbs-content":"","ast-featured-img":"disabled","footer-sml-layout":"","theme-transparent-header-meta":"enabled","adv-header-id-meta":"","stick-header-meta":"","header-above-stick-meta":"","header-main-stick-meta":"","header-below-stick-meta":"","astra-migrate-meta-layouts":"default","ast-page-background-enabled":"default","ast-page-background-meta":{"desktop":{"background-color":"","background-image":"","background-repeat":"repeat","background-position":"center center","background-size":"auto","background-attachment":"scroll","background-type":"","background-media":"","overlay-type":"","overlay-color":"","overlay-opacity":"","overlay-gradient":""},"tablet":{"background-color":"","background-image":"","background-repeat":"repeat","background-position":"center center","background-size":"auto","background-attachment":"scroll","background-type":"","background-media":"","overlay-type":"","overlay-color":"","overlay-opacity":"","overlay-gradient":""},"mobile":{"background-color":"","background-image":"","background-repeat":"repeat","background-position":"center center","background-size":"auto","background-attachment":"scroll","background-type":"","background-media":"","overlay-type":"","overlay-color":"","overlay-opacity":"","overlay-gradient":""}},"ast-content-background-meta":{"desktop":{"background-color":"var(--ast-global-color-5)","background-image":"","background-repeat":"repeat","background-position":"center center","background-size":"auto","background-attachment":"scroll","background-type":"","background-media":"","overlay-type":"","overlay-color":"","overlay-opacity":"","overlay-gradient":""},"tablet":{"background-color":"var(--ast-global-color-5)","background-image":"","background-repeat":"repeat","background-position":"center center","background-size":"auto","background-attachment":"scroll","background-type":"","background-media":"","overlay-type":"","overlay-color":"","overlay-opacity":"","overlay-gradient":""},"mobile":{"background-color":"var(--ast-global-color-5)","background-image":"","background-repeat":"repeat","background-position":"center center","background-size":"auto","background-attachment":"scroll","background-type":"","background-media":"","overlay-type":"","overlay-color":"","overlay-opacity":"","overlay-gradient":""}},"footnotes":""},"class_list":["post-379097","page","type-page","status-publish","hentry"],"yoast_head":"<!-- This site is optimized with the Yoast SEO plugin v27.3 - https:\/\/yoast.com\/product\/yoast-seo-wordpress\/ -->\n<title>Programme de fid\u00e9lit\u00e9 | 31 Degr\u00e9s Boutique<\/title>\n<meta name=\"robots\" content=\"noindex, follow\" \/>\n<meta property=\"og:locale\" content=\"en_GB\" \/>\n<meta property=\"og:type\" content=\"article\" \/>\n<meta property=\"og:title\" content=\"Programme de fid\u00e9lit\u00e9 | 31 Degr\u00e9s Boutique\" \/>\n<meta property=\"og:description\" content=\"Programme de fid\u00e9lit\u00e9 Offrez-vous le luxe de la fid\u00e9lit\u00e9 Chez 31 Degr\u00e9s Boutique, chaque instant compte\u2026 et chaque achat aussi.Nous avons imagin\u00e9 un programme exclusif qui transforme vos achats en r\u00e9compenses \u00e9l\u00e9gantes. Comment \u00e7a fonctionne ? \u2714 1 \u20ac d\u00e9pens\u00e9 = 1 point fid\u00e9lit\u00e9\u2714 100 points = 5 \u20ac de cr\u00e9dit \u00e0 utiliser pour l\u2019achat [&hellip;]\" \/>\n<meta property=\"og:url\" content=\"https:\/\/www.31degres.be\/en\/programme-de-fidelite\/\" \/>\n<meta property=\"og:site_name\" content=\"31 Degr\u00e9s Boutique\" \/>\n<meta property=\"article:publisher\" content=\"https:\/\/www.facebook.com\/31degresboutique\" \/>\n<meta property=\"article:modified_time\" content=\"2025-09-14T18:58:46+00:00\" \/>\n<meta name=\"twitter:card\" content=\"summary_large_image\" \/>\n<meta name=\"twitter:label1\" content=\"Estimated reading time\" \/>\n\t<meta name=\"twitter:data1\" content=\"2 minutes\" \/>\n<script type=\"application\/ld+json\" class=\"yoast-schema-graph\">{\"@context\":\"https:\\\/\\\/schema.org\",\"@graph\":[{\"@type\":\"WebPage\",\"@id\":\"https:\\\/\\\/www.31degres.be\\\/programme-de-fidelite\\\/\",\"url\":\"https:\\\/\\\/www.31degres.be\\\/programme-de-fidelite\\\/\",\"name\":\"Programme de fid\u00e9lit\u00e9 | 31 Degr\u00e9s Boutique\",\"isPartOf\":{\"@id\":\"https:\\\/\\\/www.31degres.be\\\/#website\"},\"datePublished\":\"2025-09-14T18:57:42+00:00\",\"dateModified\":\"2025-09-14T18:58:46+00:00\",\"breadcrumb\":{\"@id\":\"https:\\\/\\\/www.31degres.be\\\/programme-de-fidelite\\\/#breadcrumb\"},\"inLanguage\":\"en-GB\",\"potentialAction\":[{\"@type\":\"ReadAction\",\"target\":[\"https:\\\/\\\/www.31degres.be\\\/programme-de-fidelite\\\/\"]}]},{\"@type\":\"BreadcrumbList\",\"@id\":\"https:\\\/\\\/www.31degres.be\\\/programme-de-fidelite\\\/#breadcrumb\",\"itemListElement\":[{\"@type\":\"ListItem\",\"position\":1,\"name\":\"Accueil\",\"item\":\"https:\\\/\\\/www.31degres.be\\\/\"},{\"@type\":\"ListItem\",\"position\":2,\"name\":\"Programme de fid\u00e9lit\u00e9\"}]},{\"@type\":\"WebSite\",\"@id\":\"https:\\\/\\\/www.31degres.be\\\/#website\",\"url\":\"https:\\\/\\\/www.31degres.be\\\/\",\"name\":\"31 Degr\u00e9s Boutique\",\"description\":\"Always With Style\",\"publisher\":{\"@id\":\"https:\\\/\\\/www.31degres.be\\\/#organization\"},\"alternateName\":\"31 Degr\u00e9s Boutique\",\"potentialAction\":[{\"@type\":\"SearchAction\",\"target\":{\"@type\":\"EntryPoint\",\"urlTemplate\":\"https:\\\/\\\/www.31degres.be\\\/?s={search_term_string}\"},\"query-input\":{\"@type\":\"PropertyValueSpecification\",\"valueRequired\":true,\"valueName\":\"search_term_string\"}}],\"inLanguage\":\"en-GB\"},{\"@type\":\"Organization\",\"@id\":\"https:\\\/\\\/www.31degres.be\\\/#organization\",\"name\":\"31 Degr\u00e9s Boutique\",\"url\":\"https:\\\/\\\/www.31degres.be\\\/\",\"logo\":{\"@type\":\"ImageObject\",\"inLanguage\":\"en-GB\",\"@id\":\"https:\\\/\\\/www.31degres.be\\\/#\\\/schema\\\/logo\\\/image\\\/\",\"url\":\"https:\\\/\\\/i0.wp.com\\\/www.31degres.be\\\/wp-content\\\/uploads\\\/2023\\\/08\\\/cropped-cropped-31-DEGRES-LOGO-FINALai.png?fit=1468%2C408&ssl=1\",\"contentUrl\":\"https:\\\/\\\/i0.wp.com\\\/www.31degres.be\\\/wp-content\\\/uploads\\\/2023\\\/08\\\/cropped-cropped-31-DEGRES-LOGO-FINALai.png?fit=1468%2C408&ssl=1\",\"width\":1468,\"height\":408,\"caption\":\"31 Degr\u00e9s Boutique\"},\"image\":{\"@id\":\"https:\\\/\\\/www.31degres.be\\\/#\\\/schema\\\/logo\\\/image\\\/\"},\"sameAs\":[\"https:\\\/\\\/www.facebook.com\\\/31degresboutique\",\"https:\\\/\\\/instagram.com\\\/31degresboutique?igshid=OGQ5ZDc2ODk2ZA==\",\"https:\\\/\\\/t.snapchat.com\\\/TYq1giLw\"]}]}<\/script>\n<!-- \/ Yoast SEO plugin. -->","yoast_head_json":{"title":"Programme de fid\u00e9lit\u00e9 | 31 Degr\u00e9s Boutique","robots":{"index":"noindex","follow":"follow"},"og_locale":"en_GB","og_type":"article","og_title":"Programme de fid\u00e9lit\u00e9 | 31 Degr\u00e9s Boutique","og_description":"Programme de fid\u00e9lit\u00e9 Offrez-vous le luxe de la fid\u00e9lit\u00e9 Chez 31 Degr\u00e9s Boutique, chaque instant compte\u2026 et chaque achat aussi.Nous avons imagin\u00e9 un programme exclusif qui transforme vos achats en r\u00e9compenses \u00e9l\u00e9gantes. Comment \u00e7a fonctionne ? \u2714 1 \u20ac d\u00e9pens\u00e9 = 1 point fid\u00e9lit\u00e9\u2714 100 points = 5 \u20ac de cr\u00e9dit \u00e0 utiliser pour l\u2019achat [&hellip;]","og_url":"https:\/\/www.31degres.be\/en\/programme-de-fidelite\/","og_site_name":"31 Degr\u00e9s Boutique","article_publisher":"https:\/\/www.facebook.com\/31degresboutique","article_modified_time":"2025-09-14T18:58:46+00:00","twitter_card":"summary_large_image","twitter_misc":{"Estimated reading time":"2 minutes"},"schema":{"@context":"https:\/\/schema.org","@graph":[{"@type":"WebPage","@id":"https:\/\/www.31degres.be\/programme-de-fidelite\/","url":"https:\/\/www.31degres.be\/programme-de-fidelite\/","name":"Programme de fid\u00e9lit\u00e9 | 31 Degr\u00e9s Boutique","isPartOf":{"@id":"https:\/\/www.31degres.be\/#website"},"datePublished":"2025-09-14T18:57:42+00:00","dateModified":"2025-09-14T18:58:46+00:00","breadcrumb":{"@id":"https:\/\/www.31degres.be\/programme-de-fidelite\/#breadcrumb"},"inLanguage":"en-GB","potentialAction":[{"@type":"ReadAction","target":["https:\/\/www.31degres.be\/programme-de-fidelite\/"]}]},{"@type":"BreadcrumbList","@id":"https:\/\/www.31degres.be\/programme-de-fidelite\/#breadcrumb","itemListElement":[{"@type":"ListItem","position":1,"name":"Accueil","item":"https:\/\/www.31degres.be\/"},{"@type":"ListItem","position":2,"name":"Programme de fid\u00e9lit\u00e9"}]},{"@type":"WebSite","@id":"https:\/\/www.31degres.be\/#website","url":"https:\/\/www.31degres.be\/","name":"31 Degr\u00e9s Boutique","description":"Always With Style","publisher":{"@id":"https:\/\/www.31degres.be\/#organization"},"alternateName":"31 Degr\u00e9s Boutique","potentialAction":[{"@type":"SearchAction","target":{"@type":"EntryPoint","urlTemplate":"https:\/\/www.31degres.be\/?s={search_term_string}"},"query-input":{"@type":"PropertyValueSpecification","valueRequired":true,"valueName":"search_term_string"}}],"inLanguage":"en-GB"},{"@type":"Organization","@id":"https:\/\/www.31degres.be\/#organization","name":"31 Degr\u00e9s Boutique","url":"https:\/\/www.31degres.be\/","logo":{"@type":"ImageObject","inLanguage":"en-GB","@id":"https:\/\/www.31degres.be\/#\/schema\/logo\/image\/","url":"https:\/\/i0.wp.com\/www.31degres.be\/wp-content\/uploads\/2023\/08\/cropped-cropped-31-DEGRES-LOGO-FINALai.png?fit=1468%2C408&ssl=1","contentUrl":"https:\/\/i0.wp.com\/www.31degres.be\/wp-content\/uploads\/2023\/08\/cropped-cropped-31-DEGRES-LOGO-FINALai.png?fit=1468%2C408&ssl=1","width":1468,"height":408,"caption":"31 Degr\u00e9s Boutique"},"image":{"@id":"https:\/\/www.31degres.be\/#\/schema\/logo\/image\/"},"sameAs":["https:\/\/www.facebook.com\/31degresboutique","https:\/\/instagram.com\/31degresboutique?igshid=OGQ5ZDc2ODk2ZA==","https:\/\/t.snapchat.com\/TYq1giLw"]}]}},"jetpack_sharing_enabled":true,"_links":{"self":[{"href":"https:\/\/www.31degres.be\/en\/wp-json\/wp\/v2\/pages\/379097","targetHints":{"allow":["GET"]}}],"collection":[{"href":"https:\/\/www.31degres.be\/en\/wp-json\/wp\/v2\/pages"}],"about":[{"href":"https:\/\/www.31degres.be\/en\/wp-json\/wp\/v2\/types\/page"}],"author":[{"embeddable":true,"href":"https:\/\/www.31degres.be\/en\/wp-json\/wp\/v2\/users\/1"}],"replies":[{"embeddable":true,"href":"https:\/\/www.31degres.be\/en\/wp-json\/wp\/v2\/comments?post=379097"}],"version-history":[{"count":0,"href":"https:\/\/www.31degres.be\/en\/wp-json\/wp\/v2\/pages\/379097\/revisions"}],"wp:attachment":[{"href":"https:\/\/www.31degres.be\/en\/wp-json\/wp\/v2\/media?parent=379097"}],"curies":[{"name":"wp","href":"https:\/\/api.w.org\/{rel}","templated":true}]}}