{"id":346120,"date":"2025-02-21T17:28:41","date_gmt":"2025-02-21T16:28:41","guid":{"rendered":"https:\/\/www.31degres.be\/?post_type=product&#038;p=346120"},"modified":"2026-02-24T11:39:10","modified_gmt":"2026-02-24T10:39:10","slug":"michael-kors-mini-monroe-mko1035","status":"publish","type":"product","link":"https:\/\/www.31degres.be\/en\/product\/michael-kors-mini-monroe-mko1035\/","title":{"rendered":"Michael Kors Mini Monroe MKO1035 Bicolore"},"content":{"rendered":"<p data-start=\"0\" data-end=\"62\">Michael Kors Mini Monroe MKO1035 \u2013 L\u2019\u00e9l\u00e9gance au poignet<\/p>\n<p data-start=\"64\" data-end=\"313\">Affirmez votre style avec la montre Michael Kors Mini Monroe MKO1035, une pi\u00e8ce raffin\u00e9e qui allie modernit\u00e9 et f\u00e9minit\u00e9. Son design bicolore or et argent apporte une touche sophistiqu\u00e9e \u00e0 toutes vos tenues, du quotidien aux grandes occasions.<\/p>\n<p data-start=\"315\" data-end=\"360\">Pourquoi choisir la Mini Monroe ?<\/p>\n<p data-start=\"362\" data-end=\"587\">Un design intemporel et \u00e9l\u00e9gant<br data-start=\"400\" data-end=\"403\" \/>Avec son cadran d\u00e9licat de 20 mm, cette montre incarne la finesse et le chic. Son bracelet en acier inoxydable bicolore ajoute une note d\u2019\u00e9l\u00e9gance qui s\u2019adapte \u00e0 tous les styles.<\/p>\n<p data-start=\"589\" data-end=\"836\">Une alliance parfaite entre mode et praticit\u00e9<br data-start=\"640\" data-end=\"643\" \/>L\u00e9g\u00e8re et confortable, la Mini Monroe \u00e9pouse parfaitement votre poignet. Son affichage analogique \u00e9pur\u00e9 et ses aiguilles pr\u00e9cises garantissent une lisibilit\u00e9 optimale en toutes circonstances.<\/p>\n<p data-start=\"838\" data-end=\"1125\">Qualit\u00e9 et durabilit\u00e9 assur\u00e9es<br data-start=\"875\" data-end=\"878\" \/>Con\u00e7ue avec des mat\u00e9riaux haut de gamme, cette montre est r\u00e9sistante \u00e0 l\u2019eau (5 ATM), vous permettant de la porter sans souci au quotidien. Son m\u00e9canisme fiable assure une pr\u00e9cision parfaite pour vous accompagner ann\u00e9e apr\u00e8s ann\u00e9e.<\/p>\n<p data-start=\"1127\" data-end=\"1181\">Un cadeau id\u00e9al pour toutes les occasions<\/p>\n<p data-start=\"1182\" data-end=\"1408\">Offrez (ou offrez-vous) un bijou intemporel qui sublime chaque moment. Anniversaire, f\u00eate ou simplement pour le plaisir, la Mini Monroe MKO1035 est le choix parfait pour celles qui recherchent \u00e9l\u00e9gance et sophistication.<\/p>\n<p data-start=\"1410\" data-end=\"1494\" data-is-last-node=\"\">Faites briller votre style avec la Mini Monroe de <a href=\"https:\/\/www.31degres.be\/en\/product-category\/montres-femme\/michael-kors-montres-femme\/\">Michael Kors<\/a> \u2013 Disponible d\u00e8s maintenant !<\/p>","protected":false},"excerpt":{"rendered":"<p><strong>\u261e Available on backorder with a delivery time of 11 to 20 days<\/strong><\/p>\n<p><img decoding=\"async\" class=\"alignnone wp-image-77303 aligncenter\" src=\"https:\/\/www.31degres.be\/wp-content\/uploads\/2025\/01\/Trustpilot-Excellent-300x21.png\" alt=\"\" width=\"271\" height=\"19\" srcset=\"https:\/\/i0.wp.com\/www.31degres.be\/wp-content\/uploads\/2025\/01\/Trustpilot-Excellent.png?resize=300%2C21&amp;ssl=1 300w, https:\/\/i0.wp.com\/www.31degres.be\/wp-content\/uploads\/2025\/01\/Trustpilot-Excellent.png?resize=1024%2C73&amp;ssl=1 1024w, https:\/\/i0.wp.com\/www.31degres.be\/wp-content\/uploads\/2025\/01\/Trustpilot-Excellent.png?resize=768%2C55&amp;ssl=1 768w, https:\/\/i0.wp.com\/www.31degres.be\/wp-content\/uploads\/2025\/01\/Trustpilot-Excellent.png?resize=1536%2C109&amp;ssl=1 1536w, https:\/\/i0.wp.com\/www.31degres.be\/wp-content\/uploads\/2025\/01\/Trustpilot-Excellent.png?resize=18%2C1&amp;ssl=1 18w, https:\/\/i0.wp.com\/www.31degres.be\/wp-content\/uploads\/2025\/01\/Trustpilot-Excellent.png?resize=600%2C43&amp;ssl=1 600w, https:\/\/i0.wp.com\/www.31degres.be\/wp-content\/uploads\/2025\/01\/Trustpilot-Excellent.png?w=1600&amp;ssl=1 1600w\" sizes=\"(max-width: 271px) 100vw, 271px\" \/><br \/>\n\u2714\ufe0f 2 years warranty on all watches<br \/>\n\u2714\ufe0f Satisfied or refunded 14 days<br \/>\n\u2714\ufe0f Fast Delivery<\/p>\n<p>\ud83c\udf81 <em data-start=\"599\" data-end=\"632\"><strong><a href=\"https:\/\/www.31degres.be\/en\/programme-de-fidelite\/\">\u20ac1 spent = 1 loyalty point<\/a>.<\/strong><br \/>\n<strong>\u2764\ufe0f <a href=\"https:\/\/www.31degres.be\/en\/engagement-solidaire\/\">5% donated to help the most needy.<\/a><\/strong><br \/>\n<\/em><\/p>","protected":false},"featured_media":346134,"template":"","meta":{"site-sidebar-layout":"default","site-content-layout":"","ast-site-content-layout":"default","site-content-style":"default","site-sidebar-style":"default","ast-global-header-display":"","ast-banner-title-visibility":"","ast-main-header-display":"","ast-hfb-above-header-display":"","ast-hfb-below-header-display":"","ast-hfb-mobile-header-display":"","site-post-title":"","ast-breadcrumbs-content":"","ast-featured-img":"","footer-sml-layout":"","theme-transparent-header-meta":"disabled","adv-header-id-meta":"","stick-header-meta":"","header-above-stick-meta":"","header-main-stick-meta":"","header-below-stick-meta":"","astra-migrate-meta-layouts":"set","ast-page-background-enabled":"default","ast-page-background-meta":{"desktop":{"background-color":"","background-image":"","background-repeat":"repeat","background-position":"center center","background-size":"auto","background-attachment":"scroll","background-type":"","background-media":"","overlay-type":"","overlay-color":"","overlay-opacity":"","overlay-gradient":""},"tablet":{"background-color":"","background-image":"","background-repeat":"repeat","background-position":"center center","background-size":"auto","background-attachment":"scroll","background-type":"","background-media":"","overlay-type":"","overlay-color":"","overlay-opacity":"","overlay-gradient":""},"mobile":{"background-color":"","background-image":"","background-repeat":"repeat","background-position":"center center","background-size":"auto","background-attachment":"scroll","background-type":"","background-media":"","overlay-type":"","overlay-color":"","overlay-opacity":"","overlay-gradient":""}},"ast-content-background-meta":{"desktop":{"background-color":"var(--ast-global-color-5)","background-image":"","background-repeat":"repeat","background-position":"center center","background-size":"auto","background-attachment":"scroll","background-type":"","background-media":"","overlay-type":"","overlay-color":"","overlay-opacity":"","overlay-gradient":""},"tablet":{"background-color":"var(--ast-global-color-5)","background-image":"","background-repeat":"repeat","background-position":"center center","background-size":"auto","background-attachment":"scroll","background-type":"","background-media":"","overlay-type":"","overlay-color":"","overlay-opacity":"","overlay-gradient":""},"mobile":{"background-color":"var(--ast-global-color-5)","background-image":"","background-repeat":"repeat","background-position":"center center","background-size":"auto","background-attachment":"scroll","background-type":"","background-media":"","overlay-type":"","overlay-color":"","overlay-opacity":"","overlay-gradient":""}}},"product_brand":[809],"product_cat":[66],"product_tag":[361,77,621,622],"class_list":{"0":"post-346120","1":"product","2":"type-product","3":"status-publish","4":"has-post-thumbnail","6":"product_brand-michael-kors","7":"product_cat-michael-kors-montres-femme","8":"product_tag-bicolore","9":"product_tag-michael-kors","10":"product_tag-mko1035","11":"product_tag-monroe","12":"desktop-align-left","13":"tablet-align-left","14":"mobile-align-left","16":"first","17":"onbackorder","18":"taxable","19":"shipping-taxable","20":"purchasable","21":"product-type-simple"},"yoast_head":"<!-- This site is optimized with the Yoast SEO plugin v27.5 - https:\/\/yoast.com\/product\/yoast-seo-wordpress\/ -->\n<title>Michael Kors Mini Monroe MKO1035 \u2013 \u00c9l\u00e9gance Bicolore<\/title>\n<meta name=\"description\" content=\"Michael Kors Mini Monroe MKO1035 : une montre bicolore \u00e9l\u00e9gante alliant finesse et modernit\u00e9. Sublimez votre poignet avec ce bijou intemporel et raffin\u00e9.\" \/>\n<meta name=\"robots\" content=\"index, follow, max-snippet:-1, max-image-preview:large, max-video-preview:-1\" \/>\n<link rel=\"canonical\" href=\"https:\/\/www.31degres.be\/en\/product\/michael-kors-mini-monroe-mko1035\/\" \/>\n<meta property=\"og:locale\" content=\"en_GB\" \/>\n<meta property=\"og:type\" content=\"article\" \/>\n<meta property=\"og:title\" content=\"Michael Kors Mini Monroe MKO1035 \u2013 \u00c9l\u00e9gance Bicolore\" \/>\n<meta property=\"og:description\" content=\"Michael Kors Mini Monroe MKO1035 : une montre bicolore \u00e9l\u00e9gante alliant finesse et modernit\u00e9. Sublimez votre poignet avec ce bijou intemporel et raffin\u00e9.\" \/>\n<meta property=\"og:url\" content=\"https:\/\/www.31degres.be\/en\/product\/michael-kors-mini-monroe-mko1035\/\" \/>\n<meta property=\"og:site_name\" content=\"31 Degr\u00e9s Boutique\" \/>\n<meta property=\"article:publisher\" content=\"https:\/\/www.facebook.com\/31degresboutique\" \/>\n<meta property=\"article:modified_time\" content=\"2026-02-24T10:39:10+00:00\" \/>\n<meta property=\"og:image\" content=\"https:\/\/www.31degres.be\/wp-content\/uploads\/2025\/02\/MK-0135-Michael-Kors-1.png\" \/>\n\t<meta property=\"og:image:width\" content=\"500\" \/>\n\t<meta property=\"og:image:height\" content=\"500\" \/>\n\t<meta property=\"og:image:type\" content=\"image\/png\" \/>\n<meta name=\"twitter:card\" content=\"summary_large_image\" \/>\n<meta name=\"twitter:label1\" content=\"Estimated reading time\" \/>\n\t<meta name=\"twitter:data1\" content=\"2 minutes\" \/>\n<script type=\"application\/ld+json\" class=\"yoast-schema-graph\">{\"@context\":\"https:\\\/\\\/schema.org\",\"@graph\":[{\"@type\":\"WebPage\",\"@id\":\"https:\\\/\\\/www.31degres.be\\\/produit\\\/michael-kors-mini-monroe-mko1035\\\/\",\"url\":\"https:\\\/\\\/www.31degres.be\\\/produit\\\/michael-kors-mini-monroe-mko1035\\\/\",\"name\":\"Michael Kors Mini Monroe MKO1035 \u2013 \u00c9l\u00e9gance Bicolore\",\"isPartOf\":{\"@id\":\"https:\\\/\\\/www.31degres.be\\\/#website\"},\"primaryImageOfPage\":{\"@id\":\"https:\\\/\\\/www.31degres.be\\\/produit\\\/michael-kors-mini-monroe-mko1035\\\/#primaryimage\"},\"image\":{\"@id\":\"https:\\\/\\\/www.31degres.be\\\/produit\\\/michael-kors-mini-monroe-mko1035\\\/#primaryimage\"},\"thumbnailUrl\":\"https:\\\/\\\/i0.wp.com\\\/www.31degres.be\\\/wp-content\\\/uploads\\\/2025\\\/02\\\/MK-0135-Michael-Kors-1.png?fit=500%2C500&ssl=1\",\"datePublished\":\"2025-02-21T16:28:41+00:00\",\"dateModified\":\"2026-02-24T10:39:10+00:00\",\"description\":\"Michael Kors Mini Monroe MKO1035 : une montre bicolore \u00e9l\u00e9gante alliant finesse et modernit\u00e9. Sublimez votre poignet avec ce bijou intemporel et raffin\u00e9.\",\"breadcrumb\":{\"@id\":\"https:\\\/\\\/www.31degres.be\\\/produit\\\/michael-kors-mini-monroe-mko1035\\\/#breadcrumb\"},\"inLanguage\":\"en-GB\",\"potentialAction\":[{\"@type\":\"ReadAction\",\"target\":[\"https:\\\/\\\/www.31degres.be\\\/produit\\\/michael-kors-mini-monroe-mko1035\\\/\"]}]},{\"@type\":\"ImageObject\",\"inLanguage\":\"en-GB\",\"@id\":\"https:\\\/\\\/www.31degres.be\\\/produit\\\/michael-kors-mini-monroe-mko1035\\\/#primaryimage\",\"url\":\"https:\\\/\\\/i0.wp.com\\\/www.31degres.be\\\/wp-content\\\/uploads\\\/2025\\\/02\\\/MK-0135-Michael-Kors-1.png?fit=500%2C500&ssl=1\",\"contentUrl\":\"https:\\\/\\\/i0.wp.com\\\/www.31degres.be\\\/wp-content\\\/uploads\\\/2025\\\/02\\\/MK-0135-Michael-Kors-1.png?fit=500%2C500&ssl=1\",\"width\":500,\"height\":500,\"caption\":\"Michael Kors Mini Monroe MKO1035\"},{\"@type\":\"BreadcrumbList\",\"@id\":\"https:\\\/\\\/www.31degres.be\\\/produit\\\/michael-kors-mini-monroe-mko1035\\\/#breadcrumb\",\"itemListElement\":[{\"@type\":\"ListItem\",\"position\":1,\"name\":\"Accueil\",\"item\":\"https:\\\/\\\/www.31degres.be\\\/\"},{\"@type\":\"ListItem\",\"position\":2,\"name\":\"Boutique\",\"item\":\"https:\\\/\\\/www.31degres.be\\\/boutique\\\/\"},{\"@type\":\"ListItem\",\"position\":3,\"name\":\"Michael Kors Mini Monroe MKO1035 Bicolore\"}]},{\"@type\":\"WebSite\",\"@id\":\"https:\\\/\\\/www.31degres.be\\\/#website\",\"url\":\"https:\\\/\\\/www.31degres.be\\\/\",\"name\":\"31 Degr\u00e9s Boutique\",\"description\":\"Always With Style\",\"publisher\":{\"@id\":\"https:\\\/\\\/www.31degres.be\\\/#organization\"},\"alternateName\":\"31 Degr\u00e9s Boutique\",\"potentialAction\":[{\"@type\":\"SearchAction\",\"target\":{\"@type\":\"EntryPoint\",\"urlTemplate\":\"https:\\\/\\\/www.31degres.be\\\/?s={search_term_string}\"},\"query-input\":{\"@type\":\"PropertyValueSpecification\",\"valueRequired\":true,\"valueName\":\"search_term_string\"}}],\"inLanguage\":\"en-GB\"},{\"@type\":\"Organization\",\"@id\":\"https:\\\/\\\/www.31degres.be\\\/#organization\",\"name\":\"31 Degr\u00e9s Boutique\",\"url\":\"https:\\\/\\\/www.31degres.be\\\/\",\"logo\":{\"@type\":\"ImageObject\",\"inLanguage\":\"en-GB\",\"@id\":\"https:\\\/\\\/www.31degres.be\\\/#\\\/schema\\\/logo\\\/image\\\/\",\"url\":\"https:\\\/\\\/i0.wp.com\\\/www.31degres.be\\\/wp-content\\\/uploads\\\/2023\\\/08\\\/cropped-cropped-31-DEGRES-LOGO-FINALai.png?fit=1468%2C408&ssl=1\",\"contentUrl\":\"https:\\\/\\\/i0.wp.com\\\/www.31degres.be\\\/wp-content\\\/uploads\\\/2023\\\/08\\\/cropped-cropped-31-DEGRES-LOGO-FINALai.png?fit=1468%2C408&ssl=1\",\"width\":1468,\"height\":408,\"caption\":\"31 Degr\u00e9s Boutique\"},\"image\":{\"@id\":\"https:\\\/\\\/www.31degres.be\\\/#\\\/schema\\\/logo\\\/image\\\/\"},\"sameAs\":[\"https:\\\/\\\/www.facebook.com\\\/31degresboutique\",\"https:\\\/\\\/instagram.com\\\/31degresboutique?igshid=OGQ5ZDc2ODk2ZA==\",\"https:\\\/\\\/t.snapchat.com\\\/TYq1giLw\"]}]}<\/script>\n<!-- \/ Yoast SEO plugin. -->","yoast_head_json":{"title":"Michael Kors Mini Monroe MKO1035 \u2013 \u00c9l\u00e9gance Bicolore","description":"Michael Kors Mini Monroe MKO1035 : une montre bicolore \u00e9l\u00e9gante alliant finesse et modernit\u00e9. Sublimez votre poignet avec ce bijou intemporel et raffin\u00e9.","robots":{"index":"index","follow":"follow","max-snippet":"max-snippet:-1","max-image-preview":"max-image-preview:large","max-video-preview":"max-video-preview:-1"},"canonical":"https:\/\/www.31degres.be\/en\/product\/michael-kors-mini-monroe-mko1035\/","og_locale":"en_GB","og_type":"article","og_title":"Michael Kors Mini Monroe MKO1035 \u2013 \u00c9l\u00e9gance Bicolore","og_description":"Michael Kors Mini Monroe MKO1035 : une montre bicolore \u00e9l\u00e9gante alliant finesse et modernit\u00e9. Sublimez votre poignet avec ce bijou intemporel et raffin\u00e9.","og_url":"https:\/\/www.31degres.be\/en\/product\/michael-kors-mini-monroe-mko1035\/","og_site_name":"31 Degr\u00e9s Boutique","article_publisher":"https:\/\/www.facebook.com\/31degresboutique","article_modified_time":"2026-02-24T10:39:10+00:00","og_image":[{"width":500,"height":500,"url":"https:\/\/www.31degres.be\/wp-content\/uploads\/2025\/02\/MK-0135-Michael-Kors-1.png","type":"image\/png"}],"twitter_card":"summary_large_image","twitter_misc":{"Estimated reading time":"2 minutes"},"schema":{"@context":"https:\/\/schema.org","@graph":[{"@type":"WebPage","@id":"https:\/\/www.31degres.be\/produit\/michael-kors-mini-monroe-mko1035\/","url":"https:\/\/www.31degres.be\/produit\/michael-kors-mini-monroe-mko1035\/","name":"Michael Kors Mini Monroe MKO1035 \u2013 \u00c9l\u00e9gance Bicolore","isPartOf":{"@id":"https:\/\/www.31degres.be\/#website"},"primaryImageOfPage":{"@id":"https:\/\/www.31degres.be\/produit\/michael-kors-mini-monroe-mko1035\/#primaryimage"},"image":{"@id":"https:\/\/www.31degres.be\/produit\/michael-kors-mini-monroe-mko1035\/#primaryimage"},"thumbnailUrl":"https:\/\/i0.wp.com\/www.31degres.be\/wp-content\/uploads\/2025\/02\/MK-0135-Michael-Kors-1.png?fit=500%2C500&ssl=1","datePublished":"2025-02-21T16:28:41+00:00","dateModified":"2026-02-24T10:39:10+00:00","description":"Michael Kors Mini Monroe MKO1035 : une montre bicolore \u00e9l\u00e9gante alliant finesse et modernit\u00e9. Sublimez votre poignet avec ce bijou intemporel et raffin\u00e9.","breadcrumb":{"@id":"https:\/\/www.31degres.be\/produit\/michael-kors-mini-monroe-mko1035\/#breadcrumb"},"inLanguage":"en-GB","potentialAction":[{"@type":"ReadAction","target":["https:\/\/www.31degres.be\/produit\/michael-kors-mini-monroe-mko1035\/"]}]},{"@type":"ImageObject","inLanguage":"en-GB","@id":"https:\/\/www.31degres.be\/produit\/michael-kors-mini-monroe-mko1035\/#primaryimage","url":"https:\/\/i0.wp.com\/www.31degres.be\/wp-content\/uploads\/2025\/02\/MK-0135-Michael-Kors-1.png?fit=500%2C500&ssl=1","contentUrl":"https:\/\/i0.wp.com\/www.31degres.be\/wp-content\/uploads\/2025\/02\/MK-0135-Michael-Kors-1.png?fit=500%2C500&ssl=1","width":500,"height":500,"caption":"Michael Kors Mini Monroe MKO1035"},{"@type":"BreadcrumbList","@id":"https:\/\/www.31degres.be\/produit\/michael-kors-mini-monroe-mko1035\/#breadcrumb","itemListElement":[{"@type":"ListItem","position":1,"name":"Accueil","item":"https:\/\/www.31degres.be\/"},{"@type":"ListItem","position":2,"name":"Boutique","item":"https:\/\/www.31degres.be\/boutique\/"},{"@type":"ListItem","position":3,"name":"Michael Kors Mini Monroe MKO1035 Bicolore"}]},{"@type":"WebSite","@id":"https:\/\/www.31degres.be\/#website","url":"https:\/\/www.31degres.be\/","name":"31 Degr\u00e9s Boutique","description":"Always With Style","publisher":{"@id":"https:\/\/www.31degres.be\/#organization"},"alternateName":"31 Degr\u00e9s Boutique","potentialAction":[{"@type":"SearchAction","target":{"@type":"EntryPoint","urlTemplate":"https:\/\/www.31degres.be\/?s={search_term_string}"},"query-input":{"@type":"PropertyValueSpecification","valueRequired":true,"valueName":"search_term_string"}}],"inLanguage":"en-GB"},{"@type":"Organization","@id":"https:\/\/www.31degres.be\/#organization","name":"31 Degr\u00e9s Boutique","url":"https:\/\/www.31degres.be\/","logo":{"@type":"ImageObject","inLanguage":"en-GB","@id":"https:\/\/www.31degres.be\/#\/schema\/logo\/image\/","url":"https:\/\/i0.wp.com\/www.31degres.be\/wp-content\/uploads\/2023\/08\/cropped-cropped-31-DEGRES-LOGO-FINALai.png?fit=1468%2C408&ssl=1","contentUrl":"https:\/\/i0.wp.com\/www.31degres.be\/wp-content\/uploads\/2023\/08\/cropped-cropped-31-DEGRES-LOGO-FINALai.png?fit=1468%2C408&ssl=1","width":1468,"height":408,"caption":"31 Degr\u00e9s Boutique"},"image":{"@id":"https:\/\/www.31degres.be\/#\/schema\/logo\/image\/"},"sameAs":["https:\/\/www.facebook.com\/31degresboutique","https:\/\/instagram.com\/31degresboutique?igshid=OGQ5ZDc2ODk2ZA==","https:\/\/t.snapchat.com\/TYq1giLw"]}]}},"jetpack_sharing_enabled":true,"_links":{"self":[{"href":"https:\/\/www.31degres.be\/en\/wp-json\/wp\/v2\/product\/346120","targetHints":{"allow":["GET"]}}],"collection":[{"href":"https:\/\/www.31degres.be\/en\/wp-json\/wp\/v2\/product"}],"about":[{"href":"https:\/\/www.31degres.be\/en\/wp-json\/wp\/v2\/types\/product"}],"version-history":[{"count":0,"href":"https:\/\/www.31degres.be\/en\/wp-json\/wp\/v2\/product\/346120\/revisions"}],"wp:featuredmedia":[{"embeddable":true,"href":"https:\/\/www.31degres.be\/en\/wp-json\/wp\/v2\/media\/346134"}],"wp:attachment":[{"href":"https:\/\/www.31degres.be\/en\/wp-json\/wp\/v2\/media?parent=346120"}],"wp:term":[{"taxonomy":"product_brand","embeddable":true,"href":"https:\/\/www.31degres.be\/en\/wp-json\/wp\/v2\/product_brand?post=346120"},{"taxonomy":"product_cat","embeddable":true,"href":"https:\/\/www.31degres.be\/en\/wp-json\/wp\/v2\/product_cat?post=346120"},{"taxonomy":"product_tag","embeddable":true,"href":"https:\/\/www.31degres.be\/en\/wp-json\/wp\/v2\/product_tag?post=346120"}],"curies":[{"name":"wp","href":"https:\/\/api.w.org\/{rel}","templated":true}]}}