{"id":363689,"date":"2025-02-26T16:57:54","date_gmt":"2025-02-26T15:57:54","guid":{"rendered":"https:\/\/www.31degres.be\/?post_type=product&#038;p=363689"},"modified":"2026-02-24T11:46:12","modified_gmt":"2026-02-24T10:46:12","slug":"hugo-boss-hb1512960-ikon-bicolore","status":"publish","type":"product","link":"https:\/\/www.31degres.be\/en\/product\/hugo-boss-hb1512960-ikon-bicolore\/","title":{"rendered":"Hugo Boss HB1512960 Ikon Bicolore"},"content":{"rendered":"<div class=\"flex max-w-full flex-col flex-grow\">\n<div class=\"min-h-8 text-message relative flex w-full flex-col items-end gap-2 whitespace-normal break-words text-start [.text-message+&amp;]:mt-5\" dir=\"auto\" data-message-author-role=\"assistant\" data-message-id=\"71055cdb-3f55-4e51-ae7b-6ac4b3dbb998\" data-message-model-slug=\"gpt-4o\">\n<div class=\"flex w-full flex-col gap-1 empty:hidden first:pt-[3px]\">\n<div class=\"markdown prose w-full break-words dark:prose-invert light\">\n<p data-start=\"0\" data-end=\"85\">Montre Hugo Boss HB1512960 Ikon Bicolore \u2013 \u00c9l\u00e9gance et Modernit\u00e9 au Poignet<\/p>\n<p data-start=\"87\" data-end=\"371\">Affirmez votre style avec la montre Hugo Boss HB1512960 Ikon, un mod\u00e8le sophistiqu\u00e9 con\u00e7u pour les hommes. Son design bicolore audacieux allie harmonieusement l\u2019acier inoxydable argent\u00e9 et les accents dor\u00e9s, cr\u00e9ant un \u00e9quilibre parfait entre raffinement et masculinit\u00e9.<\/p>\n<p data-start=\"373\" data-end=\"788\">Design intemporel : Un cadran argent\u00e9 \u00e9pur\u00e9, rehauss\u00e9 d\u2019index dor\u00e9s et d\u2019un bracelet en acier bicolore, pour une allure chic en toute circonstance.<br data-start=\"524\" data-end=\"527\" \/>Performance fiable : Mouvement \u00e0 quartz pr\u00e9cis, garantissant une ponctualit\u00e9 sans faille et une facilit\u00e9 d\u2019utilisation au quotidien.<br data-start=\"666\" data-end=\"669\" data-is-only-node=\"\" \/>Polyvalence absolue : Un accessoire id\u00e9al aussi bien pour une r\u00e9union d\u2019affaires que pour une soir\u00e9e \u00e9l\u00e9gante.<\/p>\n<p data-start=\"790\" data-end=\"1057\">Avec son verre min\u00e9ral r\u00e9sistant aux rayures et son \u00e9tanch\u00e9it\u00e9 jusqu\u2019\u00e0 100 m\u00e8tres, cette montre allie durabilit\u00e9 et style. Que vous recherchiez une pi\u00e8ce forte pour votre collection ou un cadeau d\u2019exception, la Hugo Boss Ikon est un choix incontournable.<\/p>\n<p data-start=\"1059\" data-end=\"1169\" data-is-last-node=\"\" data-is-only-node=\"\">Optez pour l\u2019\u00e9l\u00e9gance sans compromis. Commandez d\u00e8s maintenant et imposez votre signature stylistique avec <a href=\"https:\/\/www.31degres.be\/en\/product-category\/montres-homme\/hugo-boss-montres-homme\/\">Hugo Boss<\/a>.<\/p>\n<\/div>\n<\/div>\n<\/div>\n<\/div>","protected":false},"excerpt":{"rendered":"<p><img decoding=\"async\" class=\"alignnone wp-image-77303 aligncenter\" src=\"https:\/\/www.31degres.be\/wp-content\/uploads\/2025\/01\/Trustpilot-Excellent-300x21.png\" alt=\"\" width=\"271\" height=\"19\" srcset=\"https:\/\/i0.wp.com\/www.31degres.be\/wp-content\/uploads\/2025\/01\/Trustpilot-Excellent.png?resize=300%2C21&amp;ssl=1 300w, https:\/\/i0.wp.com\/www.31degres.be\/wp-content\/uploads\/2025\/01\/Trustpilot-Excellent.png?resize=1024%2C73&amp;ssl=1 1024w, https:\/\/i0.wp.com\/www.31degres.be\/wp-content\/uploads\/2025\/01\/Trustpilot-Excellent.png?resize=768%2C55&amp;ssl=1 768w, https:\/\/i0.wp.com\/www.31degres.be\/wp-content\/uploads\/2025\/01\/Trustpilot-Excellent.png?resize=1536%2C109&amp;ssl=1 1536w, https:\/\/i0.wp.com\/www.31degres.be\/wp-content\/uploads\/2025\/01\/Trustpilot-Excellent.png?resize=18%2C1&amp;ssl=1 18w, https:\/\/i0.wp.com\/www.31degres.be\/wp-content\/uploads\/2025\/01\/Trustpilot-Excellent.png?resize=600%2C43&amp;ssl=1 600w, https:\/\/i0.wp.com\/www.31degres.be\/wp-content\/uploads\/2025\/01\/Trustpilot-Excellent.png?w=1600&amp;ssl=1 1600w\" sizes=\"(max-width: 271px) 100vw, 271px\" \/><br \/>\n\u2714\ufe0f 2 years warranty on all watches<br \/>\n\u2714\ufe0f Satisfied or refunded 14 days<br \/>\n\u2714\ufe0f Fast Delivery<\/p>\n<p>\ud83c\udf81 <em data-start=\"599\" data-end=\"632\"><strong><a href=\"https:\/\/www.31degres.be\/en\/programme-de-fidelite\/\">\u20ac1 spent = 1 loyalty point<\/a>.<\/strong><br \/>\n<strong>\u2764\ufe0f <a href=\"https:\/\/www.31degres.be\/en\/engagement-solidaire\/\">5% donated to help the most needy.<\/a><\/strong><br \/>\n<\/em><\/p>","protected":false},"featured_media":363690,"template":"","meta":{"site-sidebar-layout":"default","site-content-layout":"","ast-site-content-layout":"default","site-content-style":"default","site-sidebar-style":"default","ast-global-header-display":"","ast-banner-title-visibility":"","ast-main-header-display":"","ast-hfb-above-header-display":"","ast-hfb-below-header-display":"","ast-hfb-mobile-header-display":"","site-post-title":"","ast-breadcrumbs-content":"","ast-featured-img":"","footer-sml-layout":"","theme-transparent-header-meta":"disabled","adv-header-id-meta":"","stick-header-meta":"","header-above-stick-meta":"","header-main-stick-meta":"","header-below-stick-meta":"","astra-migrate-meta-layouts":"set","ast-page-background-enabled":"default","ast-page-background-meta":{"desktop":{"background-color":"","background-image":"","background-repeat":"repeat","background-position":"center center","background-size":"auto","background-attachment":"scroll","background-type":"","background-media":"","overlay-type":"","overlay-color":"","overlay-opacity":"","overlay-gradient":""},"tablet":{"background-color":"","background-image":"","background-repeat":"repeat","background-position":"center center","background-size":"auto","background-attachment":"scroll","background-type":"","background-media":"","overlay-type":"","overlay-color":"","overlay-opacity":"","overlay-gradient":""},"mobile":{"background-color":"","background-image":"","background-repeat":"repeat","background-position":"center center","background-size":"auto","background-attachment":"scroll","background-type":"","background-media":"","overlay-type":"","overlay-color":"","overlay-opacity":"","overlay-gradient":""}},"ast-content-background-meta":{"desktop":{"background-color":"var(--ast-global-color-5)","background-image":"","background-repeat":"repeat","background-position":"center center","background-size":"auto","background-attachment":"scroll","background-type":"","background-media":"","overlay-type":"","overlay-color":"","overlay-opacity":"","overlay-gradient":""},"tablet":{"background-color":"var(--ast-global-color-5)","background-image":"","background-repeat":"repeat","background-position":"center center","background-size":"auto","background-attachment":"scroll","background-type":"","background-media":"","overlay-type":"","overlay-color":"","overlay-opacity":"","overlay-gradient":""},"mobile":{"background-color":"var(--ast-global-color-5)","background-image":"","background-repeat":"repeat","background-position":"center center","background-size":"auto","background-attachment":"scroll","background-type":"","background-media":"","overlay-type":"","overlay-color":"","overlay-opacity":"","overlay-gradient":""}}},"product_brand":[],"product_cat":[71],"product_tag":[361,646,176,647],"class_list":{"0":"post-363689","1":"product","2":"type-product","3":"status-publish","4":"has-post-thumbnail","6":"product_cat-hugo-boss-montres-homme","7":"product_tag-bicolore","8":"product_tag-hb1512960","9":"product_tag-hugo-boss","10":"product_tag-ikon","11":"desktop-align-left","12":"tablet-align-left","13":"mobile-align-left","15":"first","16":"instock","17":"taxable","18":"shipping-taxable","19":"purchasable","20":"product-type-simple"},"yoast_head":"<!-- This site is optimized with the Yoast SEO plugin v27.5 - https:\/\/yoast.com\/product\/yoast-seo-wordpress\/ -->\n<title>Hugo Boss HB1512960 Ikon - Montre Bicolore \u00c9l\u00e9gante<\/title>\n<meta name=\"description\" content=\"D\u00e9couvrez la montre Hugo Boss HB1512960 Ikon, un mod\u00e8le bicolore raffin\u00e9 alliant style et sophistication. Parfaite pour l\u2019homme \u00e9l\u00e9gant.\" \/>\n<meta name=\"robots\" content=\"index, follow, max-snippet:-1, max-image-preview:large, max-video-preview:-1\" \/>\n<link rel=\"canonical\" href=\"https:\/\/www.31degres.be\/en\/product\/hugo-boss-hb1512960-ikon-bicolore\/\" \/>\n<meta property=\"og:locale\" content=\"en_GB\" \/>\n<meta property=\"og:type\" content=\"article\" \/>\n<meta property=\"og:title\" content=\"Hugo Boss HB1512960 Ikon - Montre Bicolore \u00c9l\u00e9gante\" \/>\n<meta property=\"og:description\" content=\"D\u00e9couvrez la montre Hugo Boss HB1512960 Ikon, un mod\u00e8le bicolore raffin\u00e9 alliant style et sophistication. Parfaite pour l\u2019homme \u00e9l\u00e9gant.\" \/>\n<meta property=\"og:url\" content=\"https:\/\/www.31degres.be\/en\/product\/hugo-boss-hb1512960-ikon-bicolore\/\" \/>\n<meta property=\"og:site_name\" content=\"31 Degr\u00e9s Boutique\" \/>\n<meta property=\"article:publisher\" content=\"https:\/\/www.facebook.com\/31degresboutique\" \/>\n<meta property=\"article:modified_time\" content=\"2026-02-24T10:46:12+00:00\" \/>\n<meta name=\"twitter:card\" content=\"summary_large_image\" \/>\n<meta name=\"twitter:label1\" content=\"Estimated reading time\" \/>\n\t<meta name=\"twitter:data1\" content=\"2 minutes\" \/>\n<script type=\"application\/ld+json\" class=\"yoast-schema-graph\">{\"@context\":\"https:\\\/\\\/schema.org\",\"@graph\":[{\"@type\":\"WebPage\",\"@id\":\"https:\\\/\\\/www.31degres.be\\\/produit\\\/hugo-boss-hb1512960-ikon-bicolore\\\/\",\"url\":\"https:\\\/\\\/www.31degres.be\\\/produit\\\/hugo-boss-hb1512960-ikon-bicolore\\\/\",\"name\":\"Hugo Boss HB1512960 Ikon - Montre Bicolore \u00c9l\u00e9gante\",\"isPartOf\":{\"@id\":\"https:\\\/\\\/www.31degres.be\\\/#website\"},\"primaryImageOfPage\":{\"@id\":\"https:\\\/\\\/www.31degres.be\\\/produit\\\/hugo-boss-hb1512960-ikon-bicolore\\\/#primaryimage\"},\"image\":{\"@id\":\"https:\\\/\\\/www.31degres.be\\\/produit\\\/hugo-boss-hb1512960-ikon-bicolore\\\/#primaryimage\"},\"thumbnailUrl\":\"https:\\\/\\\/www.31degres.be\\\/wp-content\\\/uploads\\\/2025\\\/02\\\/HB1512960.avif\",\"datePublished\":\"2025-02-26T15:57:54+00:00\",\"dateModified\":\"2026-02-24T10:46:12+00:00\",\"description\":\"D\u00e9couvrez la montre Hugo Boss HB1512960 Ikon, un mod\u00e8le bicolore raffin\u00e9 alliant style et sophistication. Parfaite pour l\u2019homme \u00e9l\u00e9gant.\",\"breadcrumb\":{\"@id\":\"https:\\\/\\\/www.31degres.be\\\/produit\\\/hugo-boss-hb1512960-ikon-bicolore\\\/#breadcrumb\"},\"inLanguage\":\"en-GB\",\"potentialAction\":[{\"@type\":\"ReadAction\",\"target\":[\"https:\\\/\\\/www.31degres.be\\\/produit\\\/hugo-boss-hb1512960-ikon-bicolore\\\/\"]}]},{\"@type\":\"ImageObject\",\"inLanguage\":\"en-GB\",\"@id\":\"https:\\\/\\\/www.31degres.be\\\/produit\\\/hugo-boss-hb1512960-ikon-bicolore\\\/#primaryimage\",\"url\":\"https:\\\/\\\/www.31degres.be\\\/wp-content\\\/uploads\\\/2025\\\/02\\\/HB1512960.avif\",\"contentUrl\":\"https:\\\/\\\/www.31degres.be\\\/wp-content\\\/uploads\\\/2025\\\/02\\\/HB1512960.avif\",\"width\":1200,\"height\":1200,\"caption\":\"Hugo Boss Ikon HB1512960\"},{\"@type\":\"BreadcrumbList\",\"@id\":\"https:\\\/\\\/www.31degres.be\\\/produit\\\/hugo-boss-hb1512960-ikon-bicolore\\\/#breadcrumb\",\"itemListElement\":[{\"@type\":\"ListItem\",\"position\":1,\"name\":\"Accueil\",\"item\":\"https:\\\/\\\/www.31degres.be\\\/\"},{\"@type\":\"ListItem\",\"position\":2,\"name\":\"Boutique\",\"item\":\"https:\\\/\\\/www.31degres.be\\\/boutique\\\/\"},{\"@type\":\"ListItem\",\"position\":3,\"name\":\"Hugo Boss HB1512960 Ikon Bicolore\"}]},{\"@type\":\"WebSite\",\"@id\":\"https:\\\/\\\/www.31degres.be\\\/#website\",\"url\":\"https:\\\/\\\/www.31degres.be\\\/\",\"name\":\"31 Degr\u00e9s Boutique\",\"description\":\"Always With Style\",\"publisher\":{\"@id\":\"https:\\\/\\\/www.31degres.be\\\/#organization\"},\"alternateName\":\"31 Degr\u00e9s Boutique\",\"potentialAction\":[{\"@type\":\"SearchAction\",\"target\":{\"@type\":\"EntryPoint\",\"urlTemplate\":\"https:\\\/\\\/www.31degres.be\\\/?s={search_term_string}\"},\"query-input\":{\"@type\":\"PropertyValueSpecification\",\"valueRequired\":true,\"valueName\":\"search_term_string\"}}],\"inLanguage\":\"en-GB\"},{\"@type\":\"Organization\",\"@id\":\"https:\\\/\\\/www.31degres.be\\\/#organization\",\"name\":\"31 Degr\u00e9s Boutique\",\"url\":\"https:\\\/\\\/www.31degres.be\\\/\",\"logo\":{\"@type\":\"ImageObject\",\"inLanguage\":\"en-GB\",\"@id\":\"https:\\\/\\\/www.31degres.be\\\/#\\\/schema\\\/logo\\\/image\\\/\",\"url\":\"https:\\\/\\\/i0.wp.com\\\/www.31degres.be\\\/wp-content\\\/uploads\\\/2023\\\/08\\\/cropped-cropped-31-DEGRES-LOGO-FINALai.png?fit=1468%2C408&ssl=1\",\"contentUrl\":\"https:\\\/\\\/i0.wp.com\\\/www.31degres.be\\\/wp-content\\\/uploads\\\/2023\\\/08\\\/cropped-cropped-31-DEGRES-LOGO-FINALai.png?fit=1468%2C408&ssl=1\",\"width\":1468,\"height\":408,\"caption\":\"31 Degr\u00e9s Boutique\"},\"image\":{\"@id\":\"https:\\\/\\\/www.31degres.be\\\/#\\\/schema\\\/logo\\\/image\\\/\"},\"sameAs\":[\"https:\\\/\\\/www.facebook.com\\\/31degresboutique\",\"https:\\\/\\\/instagram.com\\\/31degresboutique?igshid=OGQ5ZDc2ODk2ZA==\",\"https:\\\/\\\/t.snapchat.com\\\/TYq1giLw\"]}]}<\/script>\n<!-- \/ Yoast SEO plugin. -->","yoast_head_json":{"title":"Hugo Boss HB1512960 Ikon - Montre Bicolore \u00c9l\u00e9gante","description":"D\u00e9couvrez la montre Hugo Boss HB1512960 Ikon, un mod\u00e8le bicolore raffin\u00e9 alliant style et sophistication. Parfaite pour l\u2019homme \u00e9l\u00e9gant.","robots":{"index":"index","follow":"follow","max-snippet":"max-snippet:-1","max-image-preview":"max-image-preview:large","max-video-preview":"max-video-preview:-1"},"canonical":"https:\/\/www.31degres.be\/en\/product\/hugo-boss-hb1512960-ikon-bicolore\/","og_locale":"en_GB","og_type":"article","og_title":"Hugo Boss HB1512960 Ikon - Montre Bicolore \u00c9l\u00e9gante","og_description":"D\u00e9couvrez la montre Hugo Boss HB1512960 Ikon, un mod\u00e8le bicolore raffin\u00e9 alliant style et sophistication. Parfaite pour l\u2019homme \u00e9l\u00e9gant.","og_url":"https:\/\/www.31degres.be\/en\/product\/hugo-boss-hb1512960-ikon-bicolore\/","og_site_name":"31 Degr\u00e9s Boutique","article_publisher":"https:\/\/www.facebook.com\/31degresboutique","article_modified_time":"2026-02-24T10:46:12+00:00","twitter_card":"summary_large_image","twitter_misc":{"Estimated reading time":"2 minutes"},"schema":{"@context":"https:\/\/schema.org","@graph":[{"@type":"WebPage","@id":"https:\/\/www.31degres.be\/produit\/hugo-boss-hb1512960-ikon-bicolore\/","url":"https:\/\/www.31degres.be\/produit\/hugo-boss-hb1512960-ikon-bicolore\/","name":"Hugo Boss HB1512960 Ikon - Montre Bicolore \u00c9l\u00e9gante","isPartOf":{"@id":"https:\/\/www.31degres.be\/#website"},"primaryImageOfPage":{"@id":"https:\/\/www.31degres.be\/produit\/hugo-boss-hb1512960-ikon-bicolore\/#primaryimage"},"image":{"@id":"https:\/\/www.31degres.be\/produit\/hugo-boss-hb1512960-ikon-bicolore\/#primaryimage"},"thumbnailUrl":"https:\/\/www.31degres.be\/wp-content\/uploads\/2025\/02\/HB1512960.avif","datePublished":"2025-02-26T15:57:54+00:00","dateModified":"2026-02-24T10:46:12+00:00","description":"D\u00e9couvrez la montre Hugo Boss HB1512960 Ikon, un mod\u00e8le bicolore raffin\u00e9 alliant style et sophistication. Parfaite pour l\u2019homme \u00e9l\u00e9gant.","breadcrumb":{"@id":"https:\/\/www.31degres.be\/produit\/hugo-boss-hb1512960-ikon-bicolore\/#breadcrumb"},"inLanguage":"en-GB","potentialAction":[{"@type":"ReadAction","target":["https:\/\/www.31degres.be\/produit\/hugo-boss-hb1512960-ikon-bicolore\/"]}]},{"@type":"ImageObject","inLanguage":"en-GB","@id":"https:\/\/www.31degres.be\/produit\/hugo-boss-hb1512960-ikon-bicolore\/#primaryimage","url":"https:\/\/www.31degres.be\/wp-content\/uploads\/2025\/02\/HB1512960.avif","contentUrl":"https:\/\/www.31degres.be\/wp-content\/uploads\/2025\/02\/HB1512960.avif","width":1200,"height":1200,"caption":"Hugo Boss Ikon HB1512960"},{"@type":"BreadcrumbList","@id":"https:\/\/www.31degres.be\/produit\/hugo-boss-hb1512960-ikon-bicolore\/#breadcrumb","itemListElement":[{"@type":"ListItem","position":1,"name":"Accueil","item":"https:\/\/www.31degres.be\/"},{"@type":"ListItem","position":2,"name":"Boutique","item":"https:\/\/www.31degres.be\/boutique\/"},{"@type":"ListItem","position":3,"name":"Hugo Boss HB1512960 Ikon Bicolore"}]},{"@type":"WebSite","@id":"https:\/\/www.31degres.be\/#website","url":"https:\/\/www.31degres.be\/","name":"31 Degr\u00e9s Boutique","description":"Always With Style","publisher":{"@id":"https:\/\/www.31degres.be\/#organization"},"alternateName":"31 Degr\u00e9s Boutique","potentialAction":[{"@type":"SearchAction","target":{"@type":"EntryPoint","urlTemplate":"https:\/\/www.31degres.be\/?s={search_term_string}"},"query-input":{"@type":"PropertyValueSpecification","valueRequired":true,"valueName":"search_term_string"}}],"inLanguage":"en-GB"},{"@type":"Organization","@id":"https:\/\/www.31degres.be\/#organization","name":"31 Degr\u00e9s Boutique","url":"https:\/\/www.31degres.be\/","logo":{"@type":"ImageObject","inLanguage":"en-GB","@id":"https:\/\/www.31degres.be\/#\/schema\/logo\/image\/","url":"https:\/\/i0.wp.com\/www.31degres.be\/wp-content\/uploads\/2023\/08\/cropped-cropped-31-DEGRES-LOGO-FINALai.png?fit=1468%2C408&ssl=1","contentUrl":"https:\/\/i0.wp.com\/www.31degres.be\/wp-content\/uploads\/2023\/08\/cropped-cropped-31-DEGRES-LOGO-FINALai.png?fit=1468%2C408&ssl=1","width":1468,"height":408,"caption":"31 Degr\u00e9s Boutique"},"image":{"@id":"https:\/\/www.31degres.be\/#\/schema\/logo\/image\/"},"sameAs":["https:\/\/www.facebook.com\/31degresboutique","https:\/\/instagram.com\/31degresboutique?igshid=OGQ5ZDc2ODk2ZA==","https:\/\/t.snapchat.com\/TYq1giLw"]}]}},"jetpack_sharing_enabled":true,"_links":{"self":[{"href":"https:\/\/www.31degres.be\/en\/wp-json\/wp\/v2\/product\/363689","targetHints":{"allow":["GET"]}}],"collection":[{"href":"https:\/\/www.31degres.be\/en\/wp-json\/wp\/v2\/product"}],"about":[{"href":"https:\/\/www.31degres.be\/en\/wp-json\/wp\/v2\/types\/product"}],"version-history":[{"count":0,"href":"https:\/\/www.31degres.be\/en\/wp-json\/wp\/v2\/product\/363689\/revisions"}],"wp:featuredmedia":[{"embeddable":true,"href":"https:\/\/www.31degres.be\/en\/wp-json\/wp\/v2\/media\/363690"}],"wp:attachment":[{"href":"https:\/\/www.31degres.be\/en\/wp-json\/wp\/v2\/media?parent=363689"}],"wp:term":[{"taxonomy":"product_brand","embeddable":true,"href":"https:\/\/www.31degres.be\/en\/wp-json\/wp\/v2\/product_brand?post=363689"},{"taxonomy":"product_cat","embeddable":true,"href":"https:\/\/www.31degres.be\/en\/wp-json\/wp\/v2\/product_cat?post=363689"},{"taxonomy":"product_tag","embeddable":true,"href":"https:\/\/www.31degres.be\/en\/wp-json\/wp\/v2\/product_tag?post=363689"}],"curies":[{"name":"wp","href":"https:\/\/api.w.org\/{rel}","templated":true}]}}