{"id":366071,"date":"2025-03-25T10:22:30","date_gmt":"2025-03-25T09:22:30","guid":{"rendered":"https:\/\/www.31degres.be\/?post_type=product&#038;p=366071"},"modified":"2026-02-25T16:58:06","modified_gmt":"2026-02-25T15:58:06","slug":"seiko-5-sports-gmt-ssk017k1-edition-speciale-u-s","status":"publish","type":"product","link":"https:\/\/www.31degres.be\/en\/product\/seiko-5-sports-gmt-ssk017k1-edition-speciale-u-s\/","title":{"rendered":"Seiko 5 Sports GMT SSK017K1 - U.S. Special Edition"},"content":{"rendered":"<p data-start=\"127\" data-end=\"200\">Seiko 5 Sports GMT SSK017K1 - Elegance, Precision &amp; Versatility<\/p>\n<p class=\"\" data-start=\"202\" data-end=\"501\">Discover the Seiko SSK017K1, a special US edition that combines performance and refinement. Designed for watch enthusiasts and discerning travelers, this watch makes a style statement with its bright yellow dial, sublimated by a five-row stainless steel bracelet.<\/p>\n<p data-start=\"503\" data-end=\"563\">Why choose the Seiko 5 Sports SSK017K1?<\/p>\n<p class=\"\" data-start=\"565\" data-end=\"724\">GMT function: track two time zones simultaneously thanks to the red GMT hand and two-tone 24-hour bezel. Ideal for globetrotters.<\/p>\n<p class=\"\" data-start=\"726\" data-end=\"899\">Precise automatic movement: Equipped with the 4R34 caliber, this watch offers a 41-hour power reserve and a frequency of 21,600 vibrations\/hour.<\/p>\n<p class=\"\" data-start=\"901\" data-end=\"1080\">Sturdiness &amp; Water-resistance: Its two-tone stainless steel case and Hardlex glass guarantee durability and resistance to depths of up to 100 meters.<\/p>\n<p class=\"\" data-start=\"1082\" data-end=\"1363\">With its bold design, meticulous finishing and cutting-edge technology, the Seiko watch is the perfect accessory for men who like to combine style and functionality. Order now and add an exceptional piece to your collection! <a href=\"https:\/\/www.31degres.be\/en\/product-category\/montres-homme\/seiko-homme\/\">Seiko<\/a>\u00a0est l\u2019accessoire parfait pour les hommes qui aiment allier style et fonctionnalit\u00e9. Commandez d\u00e8s maintenant et ajoutez une pi\u00e8ce d\u2019exception \u00e0 votre collection !<\/p>\n<hr class=\"\" data-start=\"1365\" data-end=\"1370\" \/>\n<p class=\"\" data-start=\"1372\" data-end=\"1495\">","protected":false},"excerpt":{"rendered":"<p><img decoding=\"async\" class=\"alignnone wp-image-77303 aligncenter\" src=\"https:\/\/www.31degres.be\/wp-content\/uploads\/2025\/01\/Trustpilot-Excellent-300x21.png\" alt=\"\" width=\"271\" height=\"19\" srcset=\"https:\/\/i0.wp.com\/www.31degres.be\/wp-content\/uploads\/2025\/01\/Trustpilot-Excellent.png?resize=300%2C21&amp;ssl=1 300w, https:\/\/i0.wp.com\/www.31degres.be\/wp-content\/uploads\/2025\/01\/Trustpilot-Excellent.png?resize=1024%2C73&amp;ssl=1 1024w, https:\/\/i0.wp.com\/www.31degres.be\/wp-content\/uploads\/2025\/01\/Trustpilot-Excellent.png?resize=768%2C55&amp;ssl=1 768w, https:\/\/i0.wp.com\/www.31degres.be\/wp-content\/uploads\/2025\/01\/Trustpilot-Excellent.png?resize=1536%2C109&amp;ssl=1 1536w, https:\/\/i0.wp.com\/www.31degres.be\/wp-content\/uploads\/2025\/01\/Trustpilot-Excellent.png?resize=18%2C1&amp;ssl=1 18w, https:\/\/i0.wp.com\/www.31degres.be\/wp-content\/uploads\/2025\/01\/Trustpilot-Excellent.png?resize=600%2C43&amp;ssl=1 600w, https:\/\/i0.wp.com\/www.31degres.be\/wp-content\/uploads\/2025\/01\/Trustpilot-Excellent.png?w=1600&amp;ssl=1 1600w\" sizes=\"(max-width: 271px) 100vw, 271px\" \/><br \/>\n\u2714\ufe0f 2 years warranty on all watches<br \/>\n\u2714\ufe0f Satisfied or refunded 14 days<br \/>\n\u2714\ufe0f Fast Delivery<\/p>\n<p>\ud83c\udf81 <em data-start=\"599\" data-end=\"632\"><strong><a href=\"https:\/\/www.31degres.be\/en\/programme-de-fidelite\/\">\u2714 \u20ac1 spent = 1 loyalty point<\/a>.<\/strong><br \/>\n<strong>\u2764\ufe0f <a href=\"https:\/\/www.31degres.be\/en\/engagement-solidaire\/\">5% donated to help the most needy.<\/a><\/strong><br \/>\n<\/em><\/p>","protected":false},"featured_media":366078,"template":"","meta":{"site-sidebar-layout":"default","site-content-layout":"","ast-site-content-layout":"default","site-content-style":"default","site-sidebar-style":"default","ast-global-header-display":"","ast-banner-title-visibility":"","ast-main-header-display":"","ast-hfb-above-header-display":"","ast-hfb-below-header-display":"","ast-hfb-mobile-header-display":"","site-post-title":"","ast-breadcrumbs-content":"","ast-featured-img":"","footer-sml-layout":"","theme-transparent-header-meta":"disabled","adv-header-id-meta":"","stick-header-meta":"","header-above-stick-meta":"","header-main-stick-meta":"","header-below-stick-meta":"","astra-migrate-meta-layouts":"set","ast-page-background-enabled":"default","ast-page-background-meta":{"desktop":{"background-color":"","background-image":"","background-repeat":"repeat","background-position":"center center","background-size":"auto","background-attachment":"scroll","background-type":"","background-media":"","overlay-type":"","overlay-color":"","overlay-opacity":"","overlay-gradient":""},"tablet":{"background-color":"","background-image":"","background-repeat":"repeat","background-position":"center center","background-size":"auto","background-attachment":"scroll","background-type":"","background-media":"","overlay-type":"","overlay-color":"","overlay-opacity":"","overlay-gradient":""},"mobile":{"background-color":"","background-image":"","background-repeat":"repeat","background-position":"center center","background-size":"auto","background-attachment":"scroll","background-type":"","background-media":"","overlay-type":"","overlay-color":"","overlay-opacity":"","overlay-gradient":""}},"ast-content-background-meta":{"desktop":{"background-color":"var(--ast-global-color-5)","background-image":"","background-repeat":"repeat","background-position":"center center","background-size":"auto","background-attachment":"scroll","background-type":"","background-media":"","overlay-type":"","overlay-color":"","overlay-opacity":"","overlay-gradient":""},"tablet":{"background-color":"var(--ast-global-color-5)","background-image":"","background-repeat":"repeat","background-position":"center center","background-size":"auto","background-attachment":"scroll","background-type":"","background-media":"","overlay-type":"","overlay-color":"","overlay-opacity":"","overlay-gradient":""},"mobile":{"background-color":"var(--ast-global-color-5)","background-image":"","background-repeat":"repeat","background-position":"center center","background-size":"auto","background-attachment":"scroll","background-type":"","background-media":"","overlay-type":"","overlay-color":"","overlay-opacity":"","overlay-gradient":""}}},"product_brand":[],"product_cat":[567],"product_tag":[579,578,669],"class_list":{"0":"post-366071","1":"product","2":"type-product","3":"status-publish","4":"has-post-thumbnail","6":"product_cat-seiko-homme","7":"product_tag-seiko","8":"product_tag-sports","9":"product_tag-ssk017k1","10":"desktop-align-left","11":"tablet-align-left","12":"mobile-align-left","14":"first","15":"onbackorder","16":"taxable","17":"shipping-taxable","18":"purchasable","19":"product-type-simple"},"yoast_head":"<!-- This site is optimized with the Yoast SEO plugin v27.3 - https:\/\/yoast.com\/product\/yoast-seo-wordpress\/ -->\n<title>Seiko 5 Sports SSK017K1 GMT \u2013 Montre Homme \u00c9dition Sp\u00e9ciale<\/title>\n<meta name=\"description\" content=\"Seiko 5 Sports GMT SSK017K1 \u2013 Un chef-d&#039;\u0153uvre horloger en \u00e9dition sp\u00e9ciale US, con\u00e7u pour les voyageurs et amateurs de montres haut de gamme.\" \/>\n<meta name=\"robots\" content=\"index, follow, max-snippet:-1, max-image-preview:large, max-video-preview:-1\" \/>\n<link rel=\"canonical\" href=\"https:\/\/www.31degres.be\/en\/product\/seiko-5-sports-gmt-ssk017k1-edition-speciale-u-s\/\" \/>\n<meta property=\"og:locale\" content=\"en_GB\" \/>\n<meta property=\"og:type\" content=\"article\" \/>\n<meta property=\"og:title\" content=\"Seiko 5 Sports SSK017K1 GMT \u2013 Montre Homme \u00c9dition Sp\u00e9ciale\" \/>\n<meta property=\"og:description\" content=\"Seiko 5 Sports GMT SSK017K1 \u2013 Un chef-d&#039;\u0153uvre horloger en \u00e9dition sp\u00e9ciale US, con\u00e7u pour les voyageurs et amateurs de montres haut de gamme.\" \/>\n<meta property=\"og:url\" content=\"https:\/\/www.31degres.be\/en\/product\/seiko-5-sports-gmt-ssk017k1-edition-speciale-u-s\/\" \/>\n<meta property=\"og:site_name\" content=\"31 Degr\u00e9s Boutique\" \/>\n<meta property=\"article:publisher\" content=\"https:\/\/www.facebook.com\/31degresboutique\" \/>\n<meta property=\"article:modified_time\" content=\"2026-02-25T15:58:06+00:00\" \/>\n<meta property=\"og:image\" content=\"https:\/\/www.31degres.be\/wp-content\/uploads\/2025\/03\/MONTRE-SEIKO-SSK017K1-CADRAN-JAUNE-FACE.webp\" \/>\n\t<meta property=\"og:image:width\" content=\"2048\" \/>\n\t<meta property=\"og:image:height\" content=\"2048\" \/>\n\t<meta property=\"og:image:type\" content=\"image\/webp\" \/>\n<meta name=\"twitter:card\" content=\"summary_large_image\" \/>\n<meta name=\"twitter:label1\" content=\"Estimated reading time\" \/>\n\t<meta name=\"twitter:data1\" content=\"2 minutes\" \/>\n<script type=\"application\/ld+json\" class=\"yoast-schema-graph\">{\"@context\":\"https:\\\/\\\/schema.org\",\"@graph\":[{\"@type\":\"WebPage\",\"@id\":\"https:\\\/\\\/www.31degres.be\\\/produit\\\/seiko-5-sports-gmt-ssk017k1-edition-speciale-u-s\\\/\",\"url\":\"https:\\\/\\\/www.31degres.be\\\/produit\\\/seiko-5-sports-gmt-ssk017k1-edition-speciale-u-s\\\/\",\"name\":\"Seiko 5 Sports SSK017K1 GMT \u2013 Montre Homme \u00c9dition Sp\u00e9ciale\",\"isPartOf\":{\"@id\":\"https:\\\/\\\/www.31degres.be\\\/#website\"},\"primaryImageOfPage\":{\"@id\":\"https:\\\/\\\/www.31degres.be\\\/produit\\\/seiko-5-sports-gmt-ssk017k1-edition-speciale-u-s\\\/#primaryimage\"},\"image\":{\"@id\":\"https:\\\/\\\/www.31degres.be\\\/produit\\\/seiko-5-sports-gmt-ssk017k1-edition-speciale-u-s\\\/#primaryimage\"},\"thumbnailUrl\":\"https:\\\/\\\/i0.wp.com\\\/www.31degres.be\\\/wp-content\\\/uploads\\\/2025\\\/03\\\/MONTRE-SEIKO-SSK017K1-CADRAN-JAUNE-FACE.webp?fit=2048%2C2048&ssl=1\",\"datePublished\":\"2025-03-25T09:22:30+00:00\",\"dateModified\":\"2026-02-25T15:58:06+00:00\",\"description\":\"Seiko 5 Sports GMT SSK017K1 \u2013 Un chef-d'\u0153uvre horloger en \u00e9dition sp\u00e9ciale US, con\u00e7u pour les voyageurs et amateurs de montres haut de gamme.\",\"breadcrumb\":{\"@id\":\"https:\\\/\\\/www.31degres.be\\\/produit\\\/seiko-5-sports-gmt-ssk017k1-edition-speciale-u-s\\\/#breadcrumb\"},\"inLanguage\":\"en-GB\",\"potentialAction\":[{\"@type\":\"ReadAction\",\"target\":[\"https:\\\/\\\/www.31degres.be\\\/produit\\\/seiko-5-sports-gmt-ssk017k1-edition-speciale-u-s\\\/\"]}]},{\"@type\":\"ImageObject\",\"inLanguage\":\"en-GB\",\"@id\":\"https:\\\/\\\/www.31degres.be\\\/produit\\\/seiko-5-sports-gmt-ssk017k1-edition-speciale-u-s\\\/#primaryimage\",\"url\":\"https:\\\/\\\/i0.wp.com\\\/www.31degres.be\\\/wp-content\\\/uploads\\\/2025\\\/03\\\/MONTRE-SEIKO-SSK017K1-CADRAN-JAUNE-FACE.webp?fit=2048%2C2048&ssl=1\",\"contentUrl\":\"https:\\\/\\\/i0.wp.com\\\/www.31degres.be\\\/wp-content\\\/uploads\\\/2025\\\/03\\\/MONTRE-SEIKO-SSK017K1-CADRAN-JAUNE-FACE.webp?fit=2048%2C2048&ssl=1\",\"width\":2048,\"height\":2048,\"caption\":\"Seiko 5 Sports SSK017K1\"},{\"@type\":\"BreadcrumbList\",\"@id\":\"https:\\\/\\\/www.31degres.be\\\/produit\\\/seiko-5-sports-gmt-ssk017k1-edition-speciale-u-s\\\/#breadcrumb\",\"itemListElement\":[{\"@type\":\"ListItem\",\"position\":1,\"name\":\"Accueil\",\"item\":\"https:\\\/\\\/www.31degres.be\\\/\"},{\"@type\":\"ListItem\",\"position\":2,\"name\":\"Boutique\",\"item\":\"https:\\\/\\\/www.31degres.be\\\/boutique\\\/\"},{\"@type\":\"ListItem\",\"position\":3,\"name\":\"Seiko 5 Sports GMT SSK017K1 &#8211; Edition sp\u00e9ciale U.S.\"}]},{\"@type\":\"WebSite\",\"@id\":\"https:\\\/\\\/www.31degres.be\\\/#website\",\"url\":\"https:\\\/\\\/www.31degres.be\\\/\",\"name\":\"31 Degr\u00e9s Boutique\",\"description\":\"Always With Style\",\"publisher\":{\"@id\":\"https:\\\/\\\/www.31degres.be\\\/#organization\"},\"alternateName\":\"31 Degr\u00e9s Boutique\",\"potentialAction\":[{\"@type\":\"SearchAction\",\"target\":{\"@type\":\"EntryPoint\",\"urlTemplate\":\"https:\\\/\\\/www.31degres.be\\\/?s={search_term_string}\"},\"query-input\":{\"@type\":\"PropertyValueSpecification\",\"valueRequired\":true,\"valueName\":\"search_term_string\"}}],\"inLanguage\":\"en-GB\"},{\"@type\":\"Organization\",\"@id\":\"https:\\\/\\\/www.31degres.be\\\/#organization\",\"name\":\"31 Degr\u00e9s Boutique\",\"url\":\"https:\\\/\\\/www.31degres.be\\\/\",\"logo\":{\"@type\":\"ImageObject\",\"inLanguage\":\"en-GB\",\"@id\":\"https:\\\/\\\/www.31degres.be\\\/#\\\/schema\\\/logo\\\/image\\\/\",\"url\":\"https:\\\/\\\/i0.wp.com\\\/www.31degres.be\\\/wp-content\\\/uploads\\\/2023\\\/08\\\/cropped-cropped-31-DEGRES-LOGO-FINALai.png?fit=1468%2C408&ssl=1\",\"contentUrl\":\"https:\\\/\\\/i0.wp.com\\\/www.31degres.be\\\/wp-content\\\/uploads\\\/2023\\\/08\\\/cropped-cropped-31-DEGRES-LOGO-FINALai.png?fit=1468%2C408&ssl=1\",\"width\":1468,\"height\":408,\"caption\":\"31 Degr\u00e9s Boutique\"},\"image\":{\"@id\":\"https:\\\/\\\/www.31degres.be\\\/#\\\/schema\\\/logo\\\/image\\\/\"},\"sameAs\":[\"https:\\\/\\\/www.facebook.com\\\/31degresboutique\",\"https:\\\/\\\/instagram.com\\\/31degresboutique?igshid=OGQ5ZDc2ODk2ZA==\",\"https:\\\/\\\/t.snapchat.com\\\/TYq1giLw\"]}]}<\/script>\n<!-- \/ Yoast SEO plugin. -->","yoast_head_json":{"title":"Seiko 5 Sports SSK017K1 GMT \u2013 Montre Homme \u00c9dition Sp\u00e9ciale","description":"Seiko 5 Sports GMT SSK017K1 \u2013 Un chef-d'\u0153uvre horloger en \u00e9dition sp\u00e9ciale US, con\u00e7u pour les voyageurs et amateurs de montres haut de gamme.","robots":{"index":"index","follow":"follow","max-snippet":"max-snippet:-1","max-image-preview":"max-image-preview:large","max-video-preview":"max-video-preview:-1"},"canonical":"https:\/\/www.31degres.be\/en\/product\/seiko-5-sports-gmt-ssk017k1-edition-speciale-u-s\/","og_locale":"en_GB","og_type":"article","og_title":"Seiko 5 Sports SSK017K1 GMT \u2013 Montre Homme \u00c9dition Sp\u00e9ciale","og_description":"Seiko 5 Sports GMT SSK017K1 \u2013 Un chef-d'\u0153uvre horloger en \u00e9dition sp\u00e9ciale US, con\u00e7u pour les voyageurs et amateurs de montres haut de gamme.","og_url":"https:\/\/www.31degres.be\/en\/product\/seiko-5-sports-gmt-ssk017k1-edition-speciale-u-s\/","og_site_name":"31 Degr\u00e9s Boutique","article_publisher":"https:\/\/www.facebook.com\/31degresboutique","article_modified_time":"2026-02-25T15:58:06+00:00","og_image":[{"width":2048,"height":2048,"url":"https:\/\/www.31degres.be\/wp-content\/uploads\/2025\/03\/MONTRE-SEIKO-SSK017K1-CADRAN-JAUNE-FACE.webp","type":"image\/webp"}],"twitter_card":"summary_large_image","twitter_misc":{"Estimated reading time":"2 minutes"},"schema":{"@context":"https:\/\/schema.org","@graph":[{"@type":"WebPage","@id":"https:\/\/www.31degres.be\/produit\/seiko-5-sports-gmt-ssk017k1-edition-speciale-u-s\/","url":"https:\/\/www.31degres.be\/produit\/seiko-5-sports-gmt-ssk017k1-edition-speciale-u-s\/","name":"Seiko 5 Sports SSK017K1 GMT \u2013 Montre Homme \u00c9dition Sp\u00e9ciale","isPartOf":{"@id":"https:\/\/www.31degres.be\/#website"},"primaryImageOfPage":{"@id":"https:\/\/www.31degres.be\/produit\/seiko-5-sports-gmt-ssk017k1-edition-speciale-u-s\/#primaryimage"},"image":{"@id":"https:\/\/www.31degres.be\/produit\/seiko-5-sports-gmt-ssk017k1-edition-speciale-u-s\/#primaryimage"},"thumbnailUrl":"https:\/\/i0.wp.com\/www.31degres.be\/wp-content\/uploads\/2025\/03\/MONTRE-SEIKO-SSK017K1-CADRAN-JAUNE-FACE.webp?fit=2048%2C2048&ssl=1","datePublished":"2025-03-25T09:22:30+00:00","dateModified":"2026-02-25T15:58:06+00:00","description":"Seiko 5 Sports GMT SSK017K1 \u2013 Un chef-d'\u0153uvre horloger en \u00e9dition sp\u00e9ciale US, con\u00e7u pour les voyageurs et amateurs de montres haut de gamme.","breadcrumb":{"@id":"https:\/\/www.31degres.be\/produit\/seiko-5-sports-gmt-ssk017k1-edition-speciale-u-s\/#breadcrumb"},"inLanguage":"en-GB","potentialAction":[{"@type":"ReadAction","target":["https:\/\/www.31degres.be\/produit\/seiko-5-sports-gmt-ssk017k1-edition-speciale-u-s\/"]}]},{"@type":"ImageObject","inLanguage":"en-GB","@id":"https:\/\/www.31degres.be\/produit\/seiko-5-sports-gmt-ssk017k1-edition-speciale-u-s\/#primaryimage","url":"https:\/\/i0.wp.com\/www.31degres.be\/wp-content\/uploads\/2025\/03\/MONTRE-SEIKO-SSK017K1-CADRAN-JAUNE-FACE.webp?fit=2048%2C2048&ssl=1","contentUrl":"https:\/\/i0.wp.com\/www.31degres.be\/wp-content\/uploads\/2025\/03\/MONTRE-SEIKO-SSK017K1-CADRAN-JAUNE-FACE.webp?fit=2048%2C2048&ssl=1","width":2048,"height":2048,"caption":"Seiko 5 Sports SSK017K1"},{"@type":"BreadcrumbList","@id":"https:\/\/www.31degres.be\/produit\/seiko-5-sports-gmt-ssk017k1-edition-speciale-u-s\/#breadcrumb","itemListElement":[{"@type":"ListItem","position":1,"name":"Accueil","item":"https:\/\/www.31degres.be\/"},{"@type":"ListItem","position":2,"name":"Boutique","item":"https:\/\/www.31degres.be\/boutique\/"},{"@type":"ListItem","position":3,"name":"Seiko 5 Sports GMT SSK017K1 &#8211; Edition sp\u00e9ciale U.S."}]},{"@type":"WebSite","@id":"https:\/\/www.31degres.be\/#website","url":"https:\/\/www.31degres.be\/","name":"31 Degr\u00e9s Boutique","description":"Always With Style","publisher":{"@id":"https:\/\/www.31degres.be\/#organization"},"alternateName":"31 Degr\u00e9s Boutique","potentialAction":[{"@type":"SearchAction","target":{"@type":"EntryPoint","urlTemplate":"https:\/\/www.31degres.be\/?s={search_term_string}"},"query-input":{"@type":"PropertyValueSpecification","valueRequired":true,"valueName":"search_term_string"}}],"inLanguage":"en-GB"},{"@type":"Organization","@id":"https:\/\/www.31degres.be\/#organization","name":"31 Degr\u00e9s Boutique","url":"https:\/\/www.31degres.be\/","logo":{"@type":"ImageObject","inLanguage":"en-GB","@id":"https:\/\/www.31degres.be\/#\/schema\/logo\/image\/","url":"https:\/\/i0.wp.com\/www.31degres.be\/wp-content\/uploads\/2023\/08\/cropped-cropped-31-DEGRES-LOGO-FINALai.png?fit=1468%2C408&ssl=1","contentUrl":"https:\/\/i0.wp.com\/www.31degres.be\/wp-content\/uploads\/2023\/08\/cropped-cropped-31-DEGRES-LOGO-FINALai.png?fit=1468%2C408&ssl=1","width":1468,"height":408,"caption":"31 Degr\u00e9s Boutique"},"image":{"@id":"https:\/\/www.31degres.be\/#\/schema\/logo\/image\/"},"sameAs":["https:\/\/www.facebook.com\/31degresboutique","https:\/\/instagram.com\/31degresboutique?igshid=OGQ5ZDc2ODk2ZA==","https:\/\/t.snapchat.com\/TYq1giLw"]}]}},"jetpack_sharing_enabled":true,"_links":{"self":[{"href":"https:\/\/www.31degres.be\/en\/wp-json\/wp\/v2\/product\/366071","targetHints":{"allow":["GET"]}}],"collection":[{"href":"https:\/\/www.31degres.be\/en\/wp-json\/wp\/v2\/product"}],"about":[{"href":"https:\/\/www.31degres.be\/en\/wp-json\/wp\/v2\/types\/product"}],"version-history":[{"count":0,"href":"https:\/\/www.31degres.be\/en\/wp-json\/wp\/v2\/product\/366071\/revisions"}],"wp:featuredmedia":[{"embeddable":true,"href":"https:\/\/www.31degres.be\/en\/wp-json\/wp\/v2\/media\/366078"}],"wp:attachment":[{"href":"https:\/\/www.31degres.be\/en\/wp-json\/wp\/v2\/media?parent=366071"}],"wp:term":[{"taxonomy":"product_brand","embeddable":true,"href":"https:\/\/www.31degres.be\/en\/wp-json\/wp\/v2\/product_brand?post=366071"},{"taxonomy":"product_cat","embeddable":true,"href":"https:\/\/www.31degres.be\/en\/wp-json\/wp\/v2\/product_cat?post=366071"},{"taxonomy":"product_tag","embeddable":true,"href":"https:\/\/www.31degres.be\/en\/wp-json\/wp\/v2\/product_tag?post=366071"}],"curies":[{"name":"wp","href":"https:\/\/api.w.org\/{rel}","templated":true}]}}