{"id":374396,"date":"2025-07-08T13:45:49","date_gmt":"2025-07-08T11:45:49","guid":{"rendered":"https:\/\/www.31degres.be\/?post_type=product&#038;p=374396"},"modified":"2026-03-06T14:06:09","modified_gmt":"2026-03-06T13:06:09","slug":"tissot-prx-40mm-t137-410-33-021-00","status":"publish","type":"product","link":"https:\/\/www.31degres.be\/en\/product\/tissot-prx-40mm-t137-410-33-021-00\/","title":{"rendered":"TISSOT PRX 40MM Gold"},"content":{"rendered":"<p>TISSOT PRX 40MM T137.410.33.021.00 \u2013 L\u2019\u00c9l\u00e9gance Dor\u00e9e au Poignet \u2728<\/p>\n<p>Offrez-vous une montre qui attire les regards et impose son style. La TISSOT PRX 40MM T137.410.33.021.00 pour homme incarne l\u2019alliance parfaite entre design r\u00e9tro et sophistication contemporaine. Inspir\u00e9e des mod\u00e8les embl\u00e9matiques des ann\u00e9es 70, elle s\u2019adresse \u00e0 l\u2019homme moderne en qu\u00eate de distinction.<\/p>\n<hr data-start=\"383\" data-end=\"386\" \/>\n<p data-start=\"388\" data-end=\"419\">Design dor\u00e9 raffin\u00e9<\/p>\n<p>Son bracelet acier PVD or jaune et son cadran soleill\u00e9 dor\u00e9 offrent un rendu lumineux et prestigieux. Une pi\u00e8ce qui affirme votre personnalit\u00e9 d\u00e8s le premier regard.<\/p>\n<p data-start=\"595\" data-end=\"645\">Bo\u00eetier 40MM parfaitement proportionn\u00e9<\/p>\n<p>Un format id\u00e9al pour tous les poignets, qui s\u2019adapte aussi bien \u00e0 une tenue professionnelle qu\u2019\u00e0 un look casual chic. Polyvalente, cette montre devient rapidement un essentiel.<\/p>\n<p data-start=\"828\" data-end=\"876\">Mouvement quartz suisse de pr\u00e9cision<\/p>\n<p>Con\u00e7ue pour durer, elle garantit une fiabilit\u00e9 sans faille et un affichage de l\u2019heure toujours exact. <a href=\"https:\/\/www.31degres.be\/en\/product-category\/montres-homme\/tissot-homme\/\">Tissot<\/a>, c\u2019est la promesse de l\u2019excellence horlog\u00e8re.<\/p>\n<hr data-start=\"1037\" data-end=\"1040\" \/>\n<p>Pourquoi choisir la PRX 40MM ?<br data-start=\"1079\" data-end=\"1082\" \/>Parce qu\u2019elle combine allure vintage et modernit\u00e9, \u00e9l\u00e9gance et performance, le tout avec le savoir-faire suisse que vous m\u00e9ritez.<\/p>\n<hr data-start=\"1225\" data-end=\"1228\" \/>\n<p><em data-start=\"1233\" data-end=\"1304\">Parfaite pour les hommes qui veulent marquer leur pr\u00e9sence avec go\u00fbt.<\/em><br data-start=\"1304\" data-end=\"1307\" \/><em data-start=\"1310\" data-end=\"1364\">En un clin d\u2019\u0153il, elle s\u00e9duit\u2026 Et reste inoubliable.<\/em><\/p>\n<p>Commandez maintenant et affirmez votre style.<\/p>","protected":false},"excerpt":{"rendered":"<p><img decoding=\"async\" class=\"alignnone wp-image-77303 aligncenter\" src=\"https:\/\/www.31degres.be\/wp-content\/uploads\/2025\/01\/Trustpilot-Excellent-300x21.png\" alt=\"\" width=\"271\" height=\"19\" srcset=\"https:\/\/i0.wp.com\/www.31degres.be\/wp-content\/uploads\/2025\/01\/Trustpilot-Excellent.png?resize=300%2C21&amp;ssl=1 300w, https:\/\/i0.wp.com\/www.31degres.be\/wp-content\/uploads\/2025\/01\/Trustpilot-Excellent.png?resize=1024%2C73&amp;ssl=1 1024w, https:\/\/i0.wp.com\/www.31degres.be\/wp-content\/uploads\/2025\/01\/Trustpilot-Excellent.png?resize=768%2C55&amp;ssl=1 768w, https:\/\/i0.wp.com\/www.31degres.be\/wp-content\/uploads\/2025\/01\/Trustpilot-Excellent.png?resize=1536%2C109&amp;ssl=1 1536w, https:\/\/i0.wp.com\/www.31degres.be\/wp-content\/uploads\/2025\/01\/Trustpilot-Excellent.png?resize=18%2C1&amp;ssl=1 18w, https:\/\/i0.wp.com\/www.31degres.be\/wp-content\/uploads\/2025\/01\/Trustpilot-Excellent.png?resize=600%2C43&amp;ssl=1 600w, https:\/\/i0.wp.com\/www.31degres.be\/wp-content\/uploads\/2025\/01\/Trustpilot-Excellent.png?w=1600&amp;ssl=1 1600w\" sizes=\"(max-width: 271px) 100vw, 271px\" \/><br \/>\n\u2714\ufe0f 2 years warranty on all watches<br \/>\n\u2714\ufe0f Satisfied or refunded 14 days<br \/>\n\u2714\ufe0f Fast Delivery<\/p>","protected":false},"featured_media":374397,"template":"","meta":{"site-sidebar-layout":"default","site-content-layout":"","ast-site-content-layout":"default","site-content-style":"default","site-sidebar-style":"default","ast-global-header-display":"","ast-banner-title-visibility":"","ast-main-header-display":"","ast-hfb-above-header-display":"","ast-hfb-below-header-display":"","ast-hfb-mobile-header-display":"","site-post-title":"","ast-breadcrumbs-content":"","ast-featured-img":"","footer-sml-layout":"","theme-transparent-header-meta":"disabled","adv-header-id-meta":"","stick-header-meta":"","header-above-stick-meta":"","header-main-stick-meta":"","header-below-stick-meta":"","astra-migrate-meta-layouts":"set","ast-page-background-enabled":"default","ast-page-background-meta":{"desktop":{"background-color":"","background-image":"","background-repeat":"repeat","background-position":"center center","background-size":"auto","background-attachment":"scroll","background-type":"","background-media":"","overlay-type":"","overlay-color":"","overlay-opacity":"","overlay-gradient":""},"tablet":{"background-color":"","background-image":"","background-repeat":"repeat","background-position":"center center","background-size":"auto","background-attachment":"scroll","background-type":"","background-media":"","overlay-type":"","overlay-color":"","overlay-opacity":"","overlay-gradient":""},"mobile":{"background-color":"","background-image":"","background-repeat":"repeat","background-position":"center center","background-size":"auto","background-attachment":"scroll","background-type":"","background-media":"","overlay-type":"","overlay-color":"","overlay-opacity":"","overlay-gradient":""}},"ast-content-background-meta":{"desktop":{"background-color":"var(--ast-global-color-5)","background-image":"","background-repeat":"repeat","background-position":"center center","background-size":"auto","background-attachment":"scroll","background-type":"","background-media":"","overlay-type":"","overlay-color":"","overlay-opacity":"","overlay-gradient":""},"tablet":{"background-color":"var(--ast-global-color-5)","background-image":"","background-repeat":"repeat","background-position":"center center","background-size":"auto","background-attachment":"scroll","background-type":"","background-media":"","overlay-type":"","overlay-color":"","overlay-opacity":"","overlay-gradient":""},"mobile":{"background-color":"var(--ast-global-color-5)","background-image":"","background-repeat":"repeat","background-position":"center center","background-size":"auto","background-attachment":"scroll","background-type":"","background-media":"","overlay-type":"","overlay-color":"","overlay-opacity":"","overlay-gradient":""}}},"product_brand":[],"product_cat":[40,547],"product_tag":[80,404,226,546,704,545],"class_list":{"0":"post-374396","1":"product","2":"type-product","3":"status-publish","4":"has-post-thumbnail","6":"product_cat-montres-homme","7":"product_cat-tissot-homme","8":"product_tag-dore","9":"product_tag-gold","10":"product_tag-or","11":"product_tag-prx","12":"product_tag-t137-410-33-021-00","13":"product_tag-tissot","14":"desktop-align-left","15":"tablet-align-left","16":"mobile-align-left","18":"first","19":"onbackorder","20":"taxable","21":"shipping-taxable","22":"purchasable","23":"product-type-simple"},"yoast_head":"<!-- This site is optimized with the Yoast SEO plugin v27.5 - https:\/\/yoast.com\/product\/yoast-seo-wordpress\/ -->\n<title>TISSOT PRX 40MM T137.410.33.021.00 \u2013 Style Chic<\/title>\n<meta name=\"description\" content=\"D\u00e9couvrez la TISSOT PRX 35MM T137.410.33.021.00, une montre homme au design chic et intemporel, alliant \u00e9l\u00e9gance suisse et performance au quotidien.\" \/>\n<meta name=\"robots\" content=\"index, follow, max-snippet:-1, max-image-preview:large, max-video-preview:-1\" \/>\n<link rel=\"canonical\" href=\"https:\/\/www.31degres.be\/en\/product\/tissot-prx-40mm-t137-410-33-021-00\/\" \/>\n<meta property=\"og:locale\" content=\"en_GB\" \/>\n<meta property=\"og:type\" content=\"article\" \/>\n<meta property=\"og:title\" content=\"TISSOT PRX 40MM T137.410.33.021.00 \u2013 Style Chic\" \/>\n<meta property=\"og:description\" content=\"D\u00e9couvrez la TISSOT PRX 35MM T137.410.33.021.00, une montre homme au design chic et intemporel, alliant \u00e9l\u00e9gance suisse et performance au quotidien.\" \/>\n<meta property=\"og:url\" content=\"https:\/\/www.31degres.be\/en\/product\/tissot-prx-40mm-t137-410-33-021-00\/\" \/>\n<meta property=\"og:site_name\" content=\"31 Degr\u00e9s Boutique\" \/>\n<meta property=\"article:publisher\" content=\"https:\/\/www.facebook.com\/31degresboutique\" \/>\n<meta property=\"article:modified_time\" content=\"2026-03-06T13:06:09+00:00\" \/>\n<meta name=\"twitter:card\" content=\"summary_large_image\" \/>\n<meta name=\"twitter:label1\" content=\"Estimated reading time\" \/>\n\t<meta name=\"twitter:data1\" content=\"2 minutes\" \/>\n<script type=\"application\/ld+json\" class=\"yoast-schema-graph\">{\"@context\":\"https:\\\/\\\/schema.org\",\"@graph\":[{\"@type\":\"WebPage\",\"@id\":\"https:\\\/\\\/www.31degres.be\\\/produit\\\/tissot-prx-40mm-t137-410-33-021-00\\\/\",\"url\":\"https:\\\/\\\/www.31degres.be\\\/produit\\\/tissot-prx-40mm-t137-410-33-021-00\\\/\",\"name\":\"TISSOT PRX 40MM T137.410.33.021.00 \u2013 Style Chic\",\"isPartOf\":{\"@id\":\"https:\\\/\\\/www.31degres.be\\\/#website\"},\"primaryImageOfPage\":{\"@id\":\"https:\\\/\\\/www.31degres.be\\\/produit\\\/tissot-prx-40mm-t137-410-33-021-00\\\/#primaryimage\"},\"image\":{\"@id\":\"https:\\\/\\\/www.31degres.be\\\/produit\\\/tissot-prx-40mm-t137-410-33-021-00\\\/#primaryimage\"},\"thumbnailUrl\":\"https:\\\/\\\/www.31degres.be\\\/wp-content\\\/uploads\\\/2025\\\/07\\\/tissot-prx-40-205-quartz-gold.avif\",\"datePublished\":\"2025-07-08T11:45:49+00:00\",\"dateModified\":\"2026-03-06T13:06:09+00:00\",\"description\":\"D\u00e9couvrez la TISSOT PRX 35MM T137.410.33.021.00, une montre homme au design chic et intemporel, alliant \u00e9l\u00e9gance suisse et performance au quotidien.\",\"breadcrumb\":{\"@id\":\"https:\\\/\\\/www.31degres.be\\\/produit\\\/tissot-prx-40mm-t137-410-33-021-00\\\/#breadcrumb\"},\"inLanguage\":\"en-GB\",\"potentialAction\":[{\"@type\":\"ReadAction\",\"target\":[\"https:\\\/\\\/www.31degres.be\\\/produit\\\/tissot-prx-40mm-t137-410-33-021-00\\\/\"]}]},{\"@type\":\"ImageObject\",\"inLanguage\":\"en-GB\",\"@id\":\"https:\\\/\\\/www.31degres.be\\\/produit\\\/tissot-prx-40mm-t137-410-33-021-00\\\/#primaryimage\",\"url\":\"https:\\\/\\\/www.31degres.be\\\/wp-content\\\/uploads\\\/2025\\\/07\\\/tissot-prx-40-205-quartz-gold.avif\",\"contentUrl\":\"https:\\\/\\\/www.31degres.be\\\/wp-content\\\/uploads\\\/2025\\\/07\\\/tissot-prx-40-205-quartz-gold.avif\",\"width\":1080,\"height\":1080,\"caption\":\"TISSOT PRX 40MM T137.410.33.021.00\"},{\"@type\":\"BreadcrumbList\",\"@id\":\"https:\\\/\\\/www.31degres.be\\\/produit\\\/tissot-prx-40mm-t137-410-33-021-00\\\/#breadcrumb\",\"itemListElement\":[{\"@type\":\"ListItem\",\"position\":1,\"name\":\"Accueil\",\"item\":\"https:\\\/\\\/www.31degres.be\\\/\"},{\"@type\":\"ListItem\",\"position\":2,\"name\":\"Boutique\",\"item\":\"https:\\\/\\\/www.31degres.be\\\/boutique\\\/\"},{\"@type\":\"ListItem\",\"position\":3,\"name\":\"TISSOT PRX 40MM Gold\"}]},{\"@type\":\"WebSite\",\"@id\":\"https:\\\/\\\/www.31degres.be\\\/#website\",\"url\":\"https:\\\/\\\/www.31degres.be\\\/\",\"name\":\"31 Degr\u00e9s Boutique\",\"description\":\"Always With Style\",\"publisher\":{\"@id\":\"https:\\\/\\\/www.31degres.be\\\/#organization\"},\"alternateName\":\"31 Degr\u00e9s Boutique\",\"potentialAction\":[{\"@type\":\"SearchAction\",\"target\":{\"@type\":\"EntryPoint\",\"urlTemplate\":\"https:\\\/\\\/www.31degres.be\\\/?s={search_term_string}\"},\"query-input\":{\"@type\":\"PropertyValueSpecification\",\"valueRequired\":true,\"valueName\":\"search_term_string\"}}],\"inLanguage\":\"en-GB\"},{\"@type\":\"Organization\",\"@id\":\"https:\\\/\\\/www.31degres.be\\\/#organization\",\"name\":\"31 Degr\u00e9s Boutique\",\"url\":\"https:\\\/\\\/www.31degres.be\\\/\",\"logo\":{\"@type\":\"ImageObject\",\"inLanguage\":\"en-GB\",\"@id\":\"https:\\\/\\\/www.31degres.be\\\/#\\\/schema\\\/logo\\\/image\\\/\",\"url\":\"https:\\\/\\\/i0.wp.com\\\/www.31degres.be\\\/wp-content\\\/uploads\\\/2023\\\/08\\\/cropped-cropped-31-DEGRES-LOGO-FINALai.png?fit=1468%2C408&ssl=1\",\"contentUrl\":\"https:\\\/\\\/i0.wp.com\\\/www.31degres.be\\\/wp-content\\\/uploads\\\/2023\\\/08\\\/cropped-cropped-31-DEGRES-LOGO-FINALai.png?fit=1468%2C408&ssl=1\",\"width\":1468,\"height\":408,\"caption\":\"31 Degr\u00e9s Boutique\"},\"image\":{\"@id\":\"https:\\\/\\\/www.31degres.be\\\/#\\\/schema\\\/logo\\\/image\\\/\"},\"sameAs\":[\"https:\\\/\\\/www.facebook.com\\\/31degresboutique\",\"https:\\\/\\\/instagram.com\\\/31degresboutique?igshid=OGQ5ZDc2ODk2ZA==\",\"https:\\\/\\\/t.snapchat.com\\\/TYq1giLw\"]}]}<\/script>\n<!-- \/ Yoast SEO plugin. -->","yoast_head_json":{"title":"TISSOT PRX 40MM T137.410.33.021.00 \u2013 Style Chic","description":"D\u00e9couvrez la TISSOT PRX 35MM T137.410.33.021.00, une montre homme au design chic et intemporel, alliant \u00e9l\u00e9gance suisse et performance au quotidien.","robots":{"index":"index","follow":"follow","max-snippet":"max-snippet:-1","max-image-preview":"max-image-preview:large","max-video-preview":"max-video-preview:-1"},"canonical":"https:\/\/www.31degres.be\/en\/product\/tissot-prx-40mm-t137-410-33-021-00\/","og_locale":"en_GB","og_type":"article","og_title":"TISSOT PRX 40MM T137.410.33.021.00 \u2013 Style Chic","og_description":"D\u00e9couvrez la TISSOT PRX 35MM T137.410.33.021.00, une montre homme au design chic et intemporel, alliant \u00e9l\u00e9gance suisse et performance au quotidien.","og_url":"https:\/\/www.31degres.be\/en\/product\/tissot-prx-40mm-t137-410-33-021-00\/","og_site_name":"31 Degr\u00e9s Boutique","article_publisher":"https:\/\/www.facebook.com\/31degresboutique","article_modified_time":"2026-03-06T13:06:09+00:00","twitter_card":"summary_large_image","twitter_misc":{"Estimated reading time":"2 minutes"},"schema":{"@context":"https:\/\/schema.org","@graph":[{"@type":"WebPage","@id":"https:\/\/www.31degres.be\/produit\/tissot-prx-40mm-t137-410-33-021-00\/","url":"https:\/\/www.31degres.be\/produit\/tissot-prx-40mm-t137-410-33-021-00\/","name":"TISSOT PRX 40MM T137.410.33.021.00 \u2013 Style Chic","isPartOf":{"@id":"https:\/\/www.31degres.be\/#website"},"primaryImageOfPage":{"@id":"https:\/\/www.31degres.be\/produit\/tissot-prx-40mm-t137-410-33-021-00\/#primaryimage"},"image":{"@id":"https:\/\/www.31degres.be\/produit\/tissot-prx-40mm-t137-410-33-021-00\/#primaryimage"},"thumbnailUrl":"https:\/\/www.31degres.be\/wp-content\/uploads\/2025\/07\/tissot-prx-40-205-quartz-gold.avif","datePublished":"2025-07-08T11:45:49+00:00","dateModified":"2026-03-06T13:06:09+00:00","description":"D\u00e9couvrez la TISSOT PRX 35MM T137.410.33.021.00, une montre homme au design chic et intemporel, alliant \u00e9l\u00e9gance suisse et performance au quotidien.","breadcrumb":{"@id":"https:\/\/www.31degres.be\/produit\/tissot-prx-40mm-t137-410-33-021-00\/#breadcrumb"},"inLanguage":"en-GB","potentialAction":[{"@type":"ReadAction","target":["https:\/\/www.31degres.be\/produit\/tissot-prx-40mm-t137-410-33-021-00\/"]}]},{"@type":"ImageObject","inLanguage":"en-GB","@id":"https:\/\/www.31degres.be\/produit\/tissot-prx-40mm-t137-410-33-021-00\/#primaryimage","url":"https:\/\/www.31degres.be\/wp-content\/uploads\/2025\/07\/tissot-prx-40-205-quartz-gold.avif","contentUrl":"https:\/\/www.31degres.be\/wp-content\/uploads\/2025\/07\/tissot-prx-40-205-quartz-gold.avif","width":1080,"height":1080,"caption":"TISSOT PRX 40MM T137.410.33.021.00"},{"@type":"BreadcrumbList","@id":"https:\/\/www.31degres.be\/produit\/tissot-prx-40mm-t137-410-33-021-00\/#breadcrumb","itemListElement":[{"@type":"ListItem","position":1,"name":"Accueil","item":"https:\/\/www.31degres.be\/"},{"@type":"ListItem","position":2,"name":"Boutique","item":"https:\/\/www.31degres.be\/boutique\/"},{"@type":"ListItem","position":3,"name":"TISSOT PRX 40MM Gold"}]},{"@type":"WebSite","@id":"https:\/\/www.31degres.be\/#website","url":"https:\/\/www.31degres.be\/","name":"31 Degr\u00e9s Boutique","description":"Always With Style","publisher":{"@id":"https:\/\/www.31degres.be\/#organization"},"alternateName":"31 Degr\u00e9s Boutique","potentialAction":[{"@type":"SearchAction","target":{"@type":"EntryPoint","urlTemplate":"https:\/\/www.31degres.be\/?s={search_term_string}"},"query-input":{"@type":"PropertyValueSpecification","valueRequired":true,"valueName":"search_term_string"}}],"inLanguage":"en-GB"},{"@type":"Organization","@id":"https:\/\/www.31degres.be\/#organization","name":"31 Degr\u00e9s Boutique","url":"https:\/\/www.31degres.be\/","logo":{"@type":"ImageObject","inLanguage":"en-GB","@id":"https:\/\/www.31degres.be\/#\/schema\/logo\/image\/","url":"https:\/\/i0.wp.com\/www.31degres.be\/wp-content\/uploads\/2023\/08\/cropped-cropped-31-DEGRES-LOGO-FINALai.png?fit=1468%2C408&ssl=1","contentUrl":"https:\/\/i0.wp.com\/www.31degres.be\/wp-content\/uploads\/2023\/08\/cropped-cropped-31-DEGRES-LOGO-FINALai.png?fit=1468%2C408&ssl=1","width":1468,"height":408,"caption":"31 Degr\u00e9s Boutique"},"image":{"@id":"https:\/\/www.31degres.be\/#\/schema\/logo\/image\/"},"sameAs":["https:\/\/www.facebook.com\/31degresboutique","https:\/\/instagram.com\/31degresboutique?igshid=OGQ5ZDc2ODk2ZA==","https:\/\/t.snapchat.com\/TYq1giLw"]}]}},"jetpack_sharing_enabled":true,"_links":{"self":[{"href":"https:\/\/www.31degres.be\/en\/wp-json\/wp\/v2\/product\/374396","targetHints":{"allow":["GET"]}}],"collection":[{"href":"https:\/\/www.31degres.be\/en\/wp-json\/wp\/v2\/product"}],"about":[{"href":"https:\/\/www.31degres.be\/en\/wp-json\/wp\/v2\/types\/product"}],"version-history":[{"count":0,"href":"https:\/\/www.31degres.be\/en\/wp-json\/wp\/v2\/product\/374396\/revisions"}],"wp:featuredmedia":[{"embeddable":true,"href":"https:\/\/www.31degres.be\/en\/wp-json\/wp\/v2\/media\/374397"}],"wp:attachment":[{"href":"https:\/\/www.31degres.be\/en\/wp-json\/wp\/v2\/media?parent=374396"}],"wp:term":[{"taxonomy":"product_brand","embeddable":true,"href":"https:\/\/www.31degres.be\/en\/wp-json\/wp\/v2\/product_brand?post=374396"},{"taxonomy":"product_cat","embeddable":true,"href":"https:\/\/www.31degres.be\/en\/wp-json\/wp\/v2\/product_cat?post=374396"},{"taxonomy":"product_tag","embeddable":true,"href":"https:\/\/www.31degres.be\/en\/wp-json\/wp\/v2\/product_tag?post=374396"}],"curies":[{"name":"wp","href":"https:\/\/api.w.org\/{rel}","templated":true}]}}