{"id":374404,"date":"2025-07-08T14:08:57","date_gmt":"2025-07-08T12:08:57","guid":{"rendered":"https:\/\/www.31degres.be\/?post_type=product&#038;p=374404"},"modified":"2026-03-06T14:05:55","modified_gmt":"2026-03-06T13:05:55","slug":"tissot-prx-35mm-vert-clair","status":"publish","type":"product","link":"https:\/\/www.31degres.be\/en\/product\/tissot-prx-35mm-vert-clair\/","title":{"rendered":"TISSOT PRX 35MM Vert clair"},"content":{"rendered":"<p data-start=\"167\" data-end=\"240\">TISSOT PRX 35MM T137.210.11.091.00 \u2013 L\u2019Alliance Parfaite du Style et de la Pr\u00e9cision<\/p>\n<p data-start=\"242\" data-end=\"439\">Vous cherchez une montre qui combine \u00e9l\u00e9gance intemporelle et performance moderne ? La TISSOT PRX 35MM T137.210.11.091.00 est bien plus qu\u2019un simple accessoire : c\u2019est une d\u00e9claration de style.<\/p>\n<p data-start=\"441\" data-end=\"730\">Design iconique et unisexe<br data-start=\"474\" data-end=\"477\" \/>Inspir\u00e9e des mod\u00e8les <a href=\"https:\/\/www.31degres.be\/en\/product-category\/montres-femme\/tissot-femme\/\">Tissot<\/a> des ann\u00e9es 70, cette montre au bo\u00eetier de 35mm offre une silhouette raffin\u00e9e et r\u00e9tro. Son bracelet int\u00e9gr\u00e9 en acier inoxydable assure un confort optimal et une allure chic au quotidien \u2013 pour elle comme pour lui.<\/p>\n<p data-start=\"732\" data-end=\"959\">Cadran vert turquoise<br data-start=\"758\" data-end=\"761\" \/>Son cadran vert soleill\u00e9 capte la lumi\u00e8re avec subtilit\u00e9, apportant une touche d\u2019originalit\u00e9 et de fra\u00eecheur. Parfait pour celles et ceux qui souhaitent se d\u00e9marquer avec \u00e9l\u00e9gance et audace.<\/p>\n<p data-start=\"961\" data-end=\"1169\">Mouvement \u00e0 quartz suisse fiable<br data-start=\"1000\" data-end=\"1003\" \/>Profitez d\u2019une pr\u00e9cision irr\u00e9prochable gr\u00e2ce au mouvement \u00e0 quartz suisse sign\u00e9 Tissot. Vous gagnez en s\u00e9r\u00e9nit\u00e9 tout en portant un symbole d\u2019excellence horlog\u00e8re.<\/p>\n<p data-start=\"1176\" data-end=\"1221\">Pourquoi choisir la TISSOT PRX 35MM ?<\/p>\n<ul data-start=\"1222\" data-end=\"1420\">\n<li data-start=\"1222\" data-end=\"1293\">\n<p data-start=\"1224\" data-end=\"1293\">Un look vintage revisit\u00e9 pour s\u2019adapter aux tendances actuelles<\/p>\n<\/li>\n<li data-start=\"1294\" data-end=\"1353\">\n<p data-start=\"1296\" data-end=\"1353\">Une montre mixte qui convient \u00e0 toutes les poignets<\/p>\n<\/li>\n<li data-start=\"1354\" data-end=\"1420\">\n<p data-start=\"1356\" data-end=\"1420\">La qualit\u00e9 suisse TISSOT, gage de fiabilit\u00e9 et de durabilit\u00e9<\/p>\n<\/li>\n<\/ul>\n<hr data-start=\"1422\" data-end=\"1425\" \/>\n<p data-start=\"1427\" data-end=\"1560\">Cette montre est faite pour celles et ceux qui veulent conjuguer l\u2019\u00e9l\u00e9gance \u00e0 l\u2019authenticit\u00e9, dans tous les instants de leur vie.<\/p>\n<p data-start=\"1562\" data-end=\"1645\">Commandez d\u00e8s maintenant et laissez la TISSOT PRX 35MM sublimer votre style.<\/p>","protected":false},"excerpt":{"rendered":"<p><img decoding=\"async\" class=\"alignnone wp-image-77303 aligncenter\" src=\"https:\/\/www.31degres.be\/wp-content\/uploads\/2025\/01\/Trustpilot-Excellent-300x21.png\" alt=\"\" width=\"271\" height=\"19\" srcset=\"https:\/\/i0.wp.com\/www.31degres.be\/wp-content\/uploads\/2025\/01\/Trustpilot-Excellent.png?resize=300%2C21&amp;ssl=1 300w, https:\/\/i0.wp.com\/www.31degres.be\/wp-content\/uploads\/2025\/01\/Trustpilot-Excellent.png?resize=1024%2C73&amp;ssl=1 1024w, https:\/\/i0.wp.com\/www.31degres.be\/wp-content\/uploads\/2025\/01\/Trustpilot-Excellent.png?resize=768%2C55&amp;ssl=1 768w, https:\/\/i0.wp.com\/www.31degres.be\/wp-content\/uploads\/2025\/01\/Trustpilot-Excellent.png?resize=1536%2C109&amp;ssl=1 1536w, https:\/\/i0.wp.com\/www.31degres.be\/wp-content\/uploads\/2025\/01\/Trustpilot-Excellent.png?resize=18%2C1&amp;ssl=1 18w, https:\/\/i0.wp.com\/www.31degres.be\/wp-content\/uploads\/2025\/01\/Trustpilot-Excellent.png?resize=600%2C43&amp;ssl=1 600w, https:\/\/i0.wp.com\/www.31degres.be\/wp-content\/uploads\/2025\/01\/Trustpilot-Excellent.png?w=1600&amp;ssl=1 1600w\" sizes=\"(max-width: 271px) 100vw, 271px\" \/><br \/>\n\u2714\ufe0f 2 years warranty on all watches<br \/>\n\u2714\ufe0f Satisfied or refunded 14 days<br \/>\n\u2714\ufe0f Fast Delivery<\/p>\n<p>\ud83c\udf81 <em data-start=\"599\" data-end=\"632\"><strong><a href=\"https:\/\/www.31degres.be\/en\/programme-de-fidelite\/\">\u2714 \u20ac1 spent = 1 loyalty point<\/a>.<\/strong><br \/>\n<strong>\u2764\ufe0f <a href=\"https:\/\/www.31degres.be\/en\/engagement-solidaire\/\">5% donated to help the most needy.<\/a><\/strong><br \/>\n<\/em><\/p>","protected":false},"featured_media":374406,"template":"","meta":{"site-sidebar-layout":"default","site-content-layout":"","ast-site-content-layout":"default","site-content-style":"default","site-sidebar-style":"default","ast-global-header-display":"","ast-banner-title-visibility":"","ast-main-header-display":"","ast-hfb-above-header-display":"","ast-hfb-below-header-display":"","ast-hfb-mobile-header-display":"","site-post-title":"","ast-breadcrumbs-content":"","ast-featured-img":"","footer-sml-layout":"","theme-transparent-header-meta":"disabled","adv-header-id-meta":"","stick-header-meta":"","header-above-stick-meta":"","header-main-stick-meta":"","header-below-stick-meta":"","astra-migrate-meta-layouts":"set","ast-page-background-enabled":"default","ast-page-background-meta":{"desktop":{"background-color":"","background-image":"","background-repeat":"repeat","background-position":"center center","background-size":"auto","background-attachment":"scroll","background-type":"","background-media":"","overlay-type":"","overlay-color":"","overlay-opacity":"","overlay-gradient":""},"tablet":{"background-color":"","background-image":"","background-repeat":"repeat","background-position":"center center","background-size":"auto","background-attachment":"scroll","background-type":"","background-media":"","overlay-type":"","overlay-color":"","overlay-opacity":"","overlay-gradient":""},"mobile":{"background-color":"","background-image":"","background-repeat":"repeat","background-position":"center center","background-size":"auto","background-attachment":"scroll","background-type":"","background-media":"","overlay-type":"","overlay-color":"","overlay-opacity":"","overlay-gradient":""}},"ast-content-background-meta":{"desktop":{"background-color":"var(--ast-global-color-5)","background-image":"","background-repeat":"repeat","background-position":"center center","background-size":"auto","background-attachment":"scroll","background-type":"","background-media":"","overlay-type":"","overlay-color":"","overlay-opacity":"","overlay-gradient":""},"tablet":{"background-color":"var(--ast-global-color-5)","background-image":"","background-repeat":"repeat","background-position":"center center","background-size":"auto","background-attachment":"scroll","background-type":"","background-media":"","overlay-type":"","overlay-color":"","overlay-opacity":"","overlay-gradient":""},"mobile":{"background-color":"var(--ast-global-color-5)","background-image":"","background-repeat":"repeat","background-position":"center center","background-size":"auto","background-attachment":"scroll","background-type":"","background-media":"","overlay-type":"","overlay-color":"","overlay-opacity":"","overlay-gradient":""}}},"product_brand":[],"product_cat":[49,40,564,547],"product_tag":[78,546,707,545,554],"class_list":{"0":"post-374404","1":"product","2":"type-product","3":"status-publish","4":"has-post-thumbnail","6":"product_cat-montres-femme","7":"product_cat-montres-homme","8":"product_cat-tissot-femme","9":"product_cat-tissot-homme","10":"product_tag-argent","11":"product_tag-prx","12":"product_tag-t137-210-11-091-00","13":"product_tag-tissot","14":"product_tag-vert-clair","15":"desktop-align-left","16":"tablet-align-left","17":"mobile-align-left","19":"first","20":"onbackorder","21":"taxable","22":"shipping-taxable","23":"purchasable","24":"product-type-simple"},"yoast_head":"<!-- This site is optimized with the Yoast SEO plugin v27.3 - https:\/\/yoast.com\/product\/yoast-seo-wordpress\/ -->\n<title>TISSOT PRX 35MM Vert \u2013 Montre Mixte \u00c9l\u00e9gante &amp; Iconique<\/title>\n<meta name=\"description\" content=\"D\u00e9couvrez la TISSOT PRX 35MM T137.210.11.091.00 Vert, une montre mixte au design r\u00e9tro-chic, parfaite pour un style \u00e9l\u00e9gant et intemporel.\" \/>\n<meta name=\"robots\" content=\"index, follow, max-snippet:-1, max-image-preview:large, max-video-preview:-1\" \/>\n<link rel=\"canonical\" href=\"https:\/\/www.31degres.be\/en\/product\/tissot-prx-35mm-vert-clair\/\" \/>\n<meta property=\"og:locale\" content=\"en_GB\" \/>\n<meta property=\"og:type\" content=\"article\" \/>\n<meta property=\"og:title\" content=\"TISSOT PRX 35MM Vert \u2013 Montre Mixte \u00c9l\u00e9gante &amp; Iconique\" \/>\n<meta property=\"og:description\" content=\"D\u00e9couvrez la TISSOT PRX 35MM T137.210.11.091.00 Vert, une montre mixte au design r\u00e9tro-chic, parfaite pour un style \u00e9l\u00e9gant et intemporel.\" \/>\n<meta property=\"og:url\" content=\"https:\/\/www.31degres.be\/en\/product\/tissot-prx-35mm-vert-clair\/\" \/>\n<meta property=\"og:site_name\" content=\"31 Degr\u00e9s Boutique\" \/>\n<meta property=\"article:publisher\" content=\"https:\/\/www.facebook.com\/31degresboutique\" \/>\n<meta property=\"article:modified_time\" content=\"2026-03-06T13:05:55+00:00\" \/>\n<meta name=\"twitter:card\" content=\"summary_large_image\" \/>\n<meta name=\"twitter:label1\" content=\"Estimated reading time\" \/>\n\t<meta name=\"twitter:data1\" content=\"2 minutes\" \/>\n<script type=\"application\/ld+json\" class=\"yoast-schema-graph\">{\"@context\":\"https:\\\/\\\/schema.org\",\"@graph\":[{\"@type\":\"WebPage\",\"@id\":\"https:\\\/\\\/www.31degres.be\\\/produit\\\/tissot-prx-35mm-vert-clair\\\/\",\"url\":\"https:\\\/\\\/www.31degres.be\\\/produit\\\/tissot-prx-35mm-vert-clair\\\/\",\"name\":\"TISSOT PRX 35MM Vert \u2013 Montre Mixte \u00c9l\u00e9gante & Iconique\",\"isPartOf\":{\"@id\":\"https:\\\/\\\/www.31degres.be\\\/#website\"},\"primaryImageOfPage\":{\"@id\":\"https:\\\/\\\/www.31degres.be\\\/produit\\\/tissot-prx-35mm-vert-clair\\\/#primaryimage\"},\"image\":{\"@id\":\"https:\\\/\\\/www.31degres.be\\\/produit\\\/tissot-prx-35mm-vert-clair\\\/#primaryimage\"},\"thumbnailUrl\":\"https:\\\/\\\/www.31degres.be\\\/wp-content\\\/uploads\\\/2025\\\/07\\\/tissot-prx-35-quartz-Mint-T137.210.11.091.00-.avif\",\"datePublished\":\"2025-07-08T12:08:57+00:00\",\"dateModified\":\"2026-03-06T13:05:55+00:00\",\"description\":\"D\u00e9couvrez la TISSOT PRX 35MM T137.210.11.091.00 Vert, une montre mixte au design r\u00e9tro-chic, parfaite pour un style \u00e9l\u00e9gant et intemporel.\",\"breadcrumb\":{\"@id\":\"https:\\\/\\\/www.31degres.be\\\/produit\\\/tissot-prx-35mm-vert-clair\\\/#breadcrumb\"},\"inLanguage\":\"en-GB\",\"potentialAction\":[{\"@type\":\"ReadAction\",\"target\":[\"https:\\\/\\\/www.31degres.be\\\/produit\\\/tissot-prx-35mm-vert-clair\\\/\"]}]},{\"@type\":\"ImageObject\",\"inLanguage\":\"en-GB\",\"@id\":\"https:\\\/\\\/www.31degres.be\\\/produit\\\/tissot-prx-35mm-vert-clair\\\/#primaryimage\",\"url\":\"https:\\\/\\\/www.31degres.be\\\/wp-content\\\/uploads\\\/2025\\\/07\\\/tissot-prx-35-quartz-Mint-T137.210.11.091.00-.avif\",\"contentUrl\":\"https:\\\/\\\/www.31degres.be\\\/wp-content\\\/uploads\\\/2025\\\/07\\\/tissot-prx-35-quartz-Mint-T137.210.11.091.00-.avif\",\"width\":1080,\"height\":1080,\"caption\":\"TISSOT PRX 35MM T137.210.11.091.00\"},{\"@type\":\"BreadcrumbList\",\"@id\":\"https:\\\/\\\/www.31degres.be\\\/produit\\\/tissot-prx-35mm-vert-clair\\\/#breadcrumb\",\"itemListElement\":[{\"@type\":\"ListItem\",\"position\":1,\"name\":\"Accueil\",\"item\":\"https:\\\/\\\/www.31degres.be\\\/\"},{\"@type\":\"ListItem\",\"position\":2,\"name\":\"Boutique\",\"item\":\"https:\\\/\\\/www.31degres.be\\\/boutique\\\/\"},{\"@type\":\"ListItem\",\"position\":3,\"name\":\"TISSOT PRX 35MM Vert clair\"}]},{\"@type\":\"WebSite\",\"@id\":\"https:\\\/\\\/www.31degres.be\\\/#website\",\"url\":\"https:\\\/\\\/www.31degres.be\\\/\",\"name\":\"31 Degr\u00e9s Boutique\",\"description\":\"Always With Style\",\"publisher\":{\"@id\":\"https:\\\/\\\/www.31degres.be\\\/#organization\"},\"alternateName\":\"31 Degr\u00e9s Boutique\",\"potentialAction\":[{\"@type\":\"SearchAction\",\"target\":{\"@type\":\"EntryPoint\",\"urlTemplate\":\"https:\\\/\\\/www.31degres.be\\\/?s={search_term_string}\"},\"query-input\":{\"@type\":\"PropertyValueSpecification\",\"valueRequired\":true,\"valueName\":\"search_term_string\"}}],\"inLanguage\":\"en-GB\"},{\"@type\":\"Organization\",\"@id\":\"https:\\\/\\\/www.31degres.be\\\/#organization\",\"name\":\"31 Degr\u00e9s Boutique\",\"url\":\"https:\\\/\\\/www.31degres.be\\\/\",\"logo\":{\"@type\":\"ImageObject\",\"inLanguage\":\"en-GB\",\"@id\":\"https:\\\/\\\/www.31degres.be\\\/#\\\/schema\\\/logo\\\/image\\\/\",\"url\":\"https:\\\/\\\/i0.wp.com\\\/www.31degres.be\\\/wp-content\\\/uploads\\\/2023\\\/08\\\/cropped-cropped-31-DEGRES-LOGO-FINALai.png?fit=1468%2C408&ssl=1\",\"contentUrl\":\"https:\\\/\\\/i0.wp.com\\\/www.31degres.be\\\/wp-content\\\/uploads\\\/2023\\\/08\\\/cropped-cropped-31-DEGRES-LOGO-FINALai.png?fit=1468%2C408&ssl=1\",\"width\":1468,\"height\":408,\"caption\":\"31 Degr\u00e9s Boutique\"},\"image\":{\"@id\":\"https:\\\/\\\/www.31degres.be\\\/#\\\/schema\\\/logo\\\/image\\\/\"},\"sameAs\":[\"https:\\\/\\\/www.facebook.com\\\/31degresboutique\",\"https:\\\/\\\/instagram.com\\\/31degresboutique?igshid=OGQ5ZDc2ODk2ZA==\",\"https:\\\/\\\/t.snapchat.com\\\/TYq1giLw\"]}]}<\/script>\n<!-- \/ Yoast SEO plugin. -->","yoast_head_json":{"title":"TISSOT PRX 35MM Vert \u2013 Montre Mixte \u00c9l\u00e9gante & Iconique","description":"D\u00e9couvrez la TISSOT PRX 35MM T137.210.11.091.00 Vert, une montre mixte au design r\u00e9tro-chic, parfaite pour un style \u00e9l\u00e9gant et intemporel.","robots":{"index":"index","follow":"follow","max-snippet":"max-snippet:-1","max-image-preview":"max-image-preview:large","max-video-preview":"max-video-preview:-1"},"canonical":"https:\/\/www.31degres.be\/en\/product\/tissot-prx-35mm-vert-clair\/","og_locale":"en_GB","og_type":"article","og_title":"TISSOT PRX 35MM Vert \u2013 Montre Mixte \u00c9l\u00e9gante & Iconique","og_description":"D\u00e9couvrez la TISSOT PRX 35MM T137.210.11.091.00 Vert, une montre mixte au design r\u00e9tro-chic, parfaite pour un style \u00e9l\u00e9gant et intemporel.","og_url":"https:\/\/www.31degres.be\/en\/product\/tissot-prx-35mm-vert-clair\/","og_site_name":"31 Degr\u00e9s Boutique","article_publisher":"https:\/\/www.facebook.com\/31degresboutique","article_modified_time":"2026-03-06T13:05:55+00:00","twitter_card":"summary_large_image","twitter_misc":{"Estimated reading time":"2 minutes"},"schema":{"@context":"https:\/\/schema.org","@graph":[{"@type":"WebPage","@id":"https:\/\/www.31degres.be\/produit\/tissot-prx-35mm-vert-clair\/","url":"https:\/\/www.31degres.be\/produit\/tissot-prx-35mm-vert-clair\/","name":"TISSOT PRX 35MM Vert \u2013 Montre Mixte \u00c9l\u00e9gante & Iconique","isPartOf":{"@id":"https:\/\/www.31degres.be\/#website"},"primaryImageOfPage":{"@id":"https:\/\/www.31degres.be\/produit\/tissot-prx-35mm-vert-clair\/#primaryimage"},"image":{"@id":"https:\/\/www.31degres.be\/produit\/tissot-prx-35mm-vert-clair\/#primaryimage"},"thumbnailUrl":"https:\/\/www.31degres.be\/wp-content\/uploads\/2025\/07\/tissot-prx-35-quartz-Mint-T137.210.11.091.00-.avif","datePublished":"2025-07-08T12:08:57+00:00","dateModified":"2026-03-06T13:05:55+00:00","description":"D\u00e9couvrez la TISSOT PRX 35MM T137.210.11.091.00 Vert, une montre mixte au design r\u00e9tro-chic, parfaite pour un style \u00e9l\u00e9gant et intemporel.","breadcrumb":{"@id":"https:\/\/www.31degres.be\/produit\/tissot-prx-35mm-vert-clair\/#breadcrumb"},"inLanguage":"en-GB","potentialAction":[{"@type":"ReadAction","target":["https:\/\/www.31degres.be\/produit\/tissot-prx-35mm-vert-clair\/"]}]},{"@type":"ImageObject","inLanguage":"en-GB","@id":"https:\/\/www.31degres.be\/produit\/tissot-prx-35mm-vert-clair\/#primaryimage","url":"https:\/\/www.31degres.be\/wp-content\/uploads\/2025\/07\/tissot-prx-35-quartz-Mint-T137.210.11.091.00-.avif","contentUrl":"https:\/\/www.31degres.be\/wp-content\/uploads\/2025\/07\/tissot-prx-35-quartz-Mint-T137.210.11.091.00-.avif","width":1080,"height":1080,"caption":"TISSOT PRX 35MM T137.210.11.091.00"},{"@type":"BreadcrumbList","@id":"https:\/\/www.31degres.be\/produit\/tissot-prx-35mm-vert-clair\/#breadcrumb","itemListElement":[{"@type":"ListItem","position":1,"name":"Accueil","item":"https:\/\/www.31degres.be\/"},{"@type":"ListItem","position":2,"name":"Boutique","item":"https:\/\/www.31degres.be\/boutique\/"},{"@type":"ListItem","position":3,"name":"TISSOT PRX 35MM Vert clair"}]},{"@type":"WebSite","@id":"https:\/\/www.31degres.be\/#website","url":"https:\/\/www.31degres.be\/","name":"31 Degr\u00e9s Boutique","description":"Always With Style","publisher":{"@id":"https:\/\/www.31degres.be\/#organization"},"alternateName":"31 Degr\u00e9s Boutique","potentialAction":[{"@type":"SearchAction","target":{"@type":"EntryPoint","urlTemplate":"https:\/\/www.31degres.be\/?s={search_term_string}"},"query-input":{"@type":"PropertyValueSpecification","valueRequired":true,"valueName":"search_term_string"}}],"inLanguage":"en-GB"},{"@type":"Organization","@id":"https:\/\/www.31degres.be\/#organization","name":"31 Degr\u00e9s Boutique","url":"https:\/\/www.31degres.be\/","logo":{"@type":"ImageObject","inLanguage":"en-GB","@id":"https:\/\/www.31degres.be\/#\/schema\/logo\/image\/","url":"https:\/\/i0.wp.com\/www.31degres.be\/wp-content\/uploads\/2023\/08\/cropped-cropped-31-DEGRES-LOGO-FINALai.png?fit=1468%2C408&ssl=1","contentUrl":"https:\/\/i0.wp.com\/www.31degres.be\/wp-content\/uploads\/2023\/08\/cropped-cropped-31-DEGRES-LOGO-FINALai.png?fit=1468%2C408&ssl=1","width":1468,"height":408,"caption":"31 Degr\u00e9s Boutique"},"image":{"@id":"https:\/\/www.31degres.be\/#\/schema\/logo\/image\/"},"sameAs":["https:\/\/www.facebook.com\/31degresboutique","https:\/\/instagram.com\/31degresboutique?igshid=OGQ5ZDc2ODk2ZA==","https:\/\/t.snapchat.com\/TYq1giLw"]}]}},"jetpack_sharing_enabled":true,"_links":{"self":[{"href":"https:\/\/www.31degres.be\/en\/wp-json\/wp\/v2\/product\/374404","targetHints":{"allow":["GET"]}}],"collection":[{"href":"https:\/\/www.31degres.be\/en\/wp-json\/wp\/v2\/product"}],"about":[{"href":"https:\/\/www.31degres.be\/en\/wp-json\/wp\/v2\/types\/product"}],"version-history":[{"count":0,"href":"https:\/\/www.31degres.be\/en\/wp-json\/wp\/v2\/product\/374404\/revisions"}],"wp:featuredmedia":[{"embeddable":true,"href":"https:\/\/www.31degres.be\/en\/wp-json\/wp\/v2\/media\/374406"}],"wp:attachment":[{"href":"https:\/\/www.31degres.be\/en\/wp-json\/wp\/v2\/media?parent=374404"}],"wp:term":[{"taxonomy":"product_brand","embeddable":true,"href":"https:\/\/www.31degres.be\/en\/wp-json\/wp\/v2\/product_brand?post=374404"},{"taxonomy":"product_cat","embeddable":true,"href":"https:\/\/www.31degres.be\/en\/wp-json\/wp\/v2\/product_cat?post=374404"},{"taxonomy":"product_tag","embeddable":true,"href":"https:\/\/www.31degres.be\/en\/wp-json\/wp\/v2\/product_tag?post=374404"}],"curies":[{"name":"wp","href":"https:\/\/api.w.org\/{rel}","templated":true}]}}