{"id":374967,"date":"2025-07-14T11:13:10","date_gmt":"2025-07-14T09:13:10","guid":{"rendered":"https:\/\/www.31degres.be\/?post_type=product&#038;p=374967"},"modified":"2026-02-11T01:25:24","modified_gmt":"2026-02-11T00:25:24","slug":"seiko-5-sports-gmt-ssk031k1-passion-red","status":"publish","type":"product","link":"https:\/\/www.31degres.be\/en\/product\/seiko-5-sports-gmt-ssk031k1-passion-red\/","title":{"rendered":"Seiko 5 Sports GMT SSK031K1 &#8211; Passion Red"},"content":{"rendered":"<p data-start=\"218\" data-end=\"283\"><a href=\"https:\/\/www.31degres.be\/en\/product-category\/montres-homme\/seiko-homme\/\">Seiko<\/a> 5 Sports GMT SSK031K1 \u2013 \u00c9dition Passion Red (Limit\u00e9e)<\/p>\n<p data-start=\"285\" data-end=\"645\">Affirmez votre style avec une montre aussi rare que captivante. La Seiko 5 Sports GMT SSK031K1 \u2013 \u00c9dition Passion Red s\u00e9duit d\u00e8s le premier regard avec son cadran rouge profond qui capte la lumi\u00e8re et change d\u2019intensit\u00e9 selon l\u2019angle. \u00c9dition limit\u00e9e \u00e0 seulement 1 000 exemplaires, elle est r\u00e9serv\u00e9e \u00e0 quelques privil\u00e9gi\u00e9s&#8230; pourquoi pas vous ?<\/p>\n<p data-start=\"647\" data-end=\"676\">Ce qui la rend unique :<\/p>\n<p data-start=\"678\" data-end=\"837\">Fonction GMT pratique : suivez deux fuseaux horaires gr\u00e2ce \u00e0 sa lunette bicolore rouge et noire \u2014 id\u00e9ale pour les voyageurs ou les hommes d&#8217;affaires.<\/p>\n<p data-start=\"839\" data-end=\"1081\">Design audacieux &amp; sophistiqu\u00e9 : un bo\u00eetier en acier inoxydable de 42,5 mm, des aiguilles et index luminescents, un fond transparent r\u00e9v\u00e9lant le mouvement automatique 4R34 \u2014 un plaisir pour les amateurs de belles m\u00e9caniques.<\/p>\n<p data-start=\"1083\" data-end=\"1246\">\u00c9dition exclusive : disponible uniquement en Asie du Sud-Est, cette montre est introuvable ailleurs, ce qui en fait un v\u00e9ritable objet de collection.<\/p>\n<hr data-start=\"1248\" data-end=\"1251\" \/>\n<p data-start=\"1253\" data-end=\"1295\">\u00c9l\u00e9gance &amp; performance au quotidien<\/p>\n<p data-start=\"1297\" data-end=\"1505\">Que vous soyez en voyage ou au bureau, cette Seiko 5 Sports GMT offre 41 heures de r\u00e9serve de marche, une \u00e9tanch\u00e9it\u00e9 jusqu\u2019\u00e0 100 m\u00e8tres et un bracelet robuste en acier pour un confort durable.<\/p>\n<p data-start=\"1507\" data-end=\"1622\">Ne manquez pas l\u2019occasion de poss\u00e9der une pi\u00e8ce unique et remarquable, m\u00ealant innovation, style et exclusivit\u00e9.<\/p>\n<hr data-start=\"1624\" data-end=\"1627\" \/>\n<p data-start=\"1629\" data-end=\"1706\">Ajoutez-la \u00e0 votre collection maintenant avant qu\u2019elle ne disparaisse.<\/p>","protected":false},"excerpt":{"rendered":"<p><img decoding=\"async\" class=\"alignnone wp-image-77303 aligncenter\" src=\"https:\/\/www.31degres.be\/wp-content\/uploads\/2025\/01\/Trustpilot-Excellent-300x21.png\" alt=\"\" width=\"271\" height=\"19\" srcset=\"https:\/\/i0.wp.com\/www.31degres.be\/wp-content\/uploads\/2025\/01\/Trustpilot-Excellent.png?resize=300%2C21&amp;ssl=1 300w, https:\/\/i0.wp.com\/www.31degres.be\/wp-content\/uploads\/2025\/01\/Trustpilot-Excellent.png?resize=1024%2C73&amp;ssl=1 1024w, https:\/\/i0.wp.com\/www.31degres.be\/wp-content\/uploads\/2025\/01\/Trustpilot-Excellent.png?resize=768%2C55&amp;ssl=1 768w, https:\/\/i0.wp.com\/www.31degres.be\/wp-content\/uploads\/2025\/01\/Trustpilot-Excellent.png?resize=1536%2C109&amp;ssl=1 1536w, https:\/\/i0.wp.com\/www.31degres.be\/wp-content\/uploads\/2025\/01\/Trustpilot-Excellent.png?resize=18%2C1&amp;ssl=1 18w, https:\/\/i0.wp.com\/www.31degres.be\/wp-content\/uploads\/2025\/01\/Trustpilot-Excellent.png?resize=600%2C43&amp;ssl=1 600w, https:\/\/i0.wp.com\/www.31degres.be\/wp-content\/uploads\/2025\/01\/Trustpilot-Excellent.png?w=1600&amp;ssl=1 1600w\" sizes=\"(max-width: 271px) 100vw, 271px\" \/><br \/>\n\u2714\ufe0f 2 years warranty on all watches<br \/>\n\u2714\ufe0f Satisfied or refunded 14 days<br \/>\n\u2714\ufe0f Fast Delivery<\/p>\n<p>\ud83c\udf81 <em data-start=\"599\" data-end=\"632\"><strong><a href=\"https:\/\/www.31degres.be\/en\/programme-de-fidelite\/\">\u2714 \u20ac1 spent = 1 loyalty point<\/a>.<\/strong><br \/>\n<strong>\u2764\ufe0f <a href=\"https:\/\/www.31degres.be\/en\/engagement-solidaire\/\">5% donated to help the most needy.<\/a><\/strong><br \/>\n<\/em><\/p>","protected":false},"featured_media":374863,"template":"","meta":{"site-sidebar-layout":"default","site-content-layout":"","ast-site-content-layout":"default","site-content-style":"default","site-sidebar-style":"default","ast-global-header-display":"","ast-banner-title-visibility":"","ast-main-header-display":"","ast-hfb-above-header-display":"","ast-hfb-below-header-display":"","ast-hfb-mobile-header-display":"","site-post-title":"","ast-breadcrumbs-content":"","ast-featured-img":"","footer-sml-layout":"","theme-transparent-header-meta":"disabled","adv-header-id-meta":"","stick-header-meta":"","header-above-stick-meta":"","header-main-stick-meta":"","header-below-stick-meta":"","astra-migrate-meta-layouts":"set","ast-page-background-enabled":"default","ast-page-background-meta":{"desktop":{"background-color":"","background-image":"","background-repeat":"repeat","background-position":"center center","background-size":"auto","background-attachment":"scroll","background-type":"","background-media":"","overlay-type":"","overlay-color":"","overlay-opacity":"","overlay-gradient":""},"tablet":{"background-color":"","background-image":"","background-repeat":"repeat","background-position":"center center","background-size":"auto","background-attachment":"scroll","background-type":"","background-media":"","overlay-type":"","overlay-color":"","overlay-opacity":"","overlay-gradient":""},"mobile":{"background-color":"","background-image":"","background-repeat":"repeat","background-position":"center center","background-size":"auto","background-attachment":"scroll","background-type":"","background-media":"","overlay-type":"","overlay-color":"","overlay-opacity":"","overlay-gradient":""}},"ast-content-background-meta":{"desktop":{"background-color":"var(--ast-global-color-5)","background-image":"","background-repeat":"repeat","background-position":"center center","background-size":"auto","background-attachment":"scroll","background-type":"","background-media":"","overlay-type":"","overlay-color":"","overlay-opacity":"","overlay-gradient":""},"tablet":{"background-color":"var(--ast-global-color-5)","background-image":"","background-repeat":"repeat","background-position":"center center","background-size":"auto","background-attachment":"scroll","background-type":"","background-media":"","overlay-type":"","overlay-color":"","overlay-opacity":"","overlay-gradient":""},"mobile":{"background-color":"var(--ast-global-color-5)","background-image":"","background-repeat":"repeat","background-position":"center center","background-size":"auto","background-attachment":"scroll","background-type":"","background-media":"","overlay-type":"","overlay-color":"","overlay-opacity":"","overlay-gradient":""}}},"product_brand":[],"product_cat":[567],"product_tag":[711,723,579,578,724],"class_list":{"0":"post-374967","1":"product","2":"type-product","3":"status-publish","4":"has-post-thumbnail","6":"product_cat-seiko-homme","7":"product_tag-gmt","8":"product_tag-red-passion","9":"product_tag-seiko","10":"product_tag-sports","11":"product_tag-ssk031k1","12":"desktop-align-left","13":"tablet-align-left","14":"mobile-align-left","16":"first","17":"outofstock","18":"taxable","19":"shipping-taxable","20":"purchasable","21":"product-type-simple"},"yoast_head":"<!-- This site is optimized with the Yoast SEO plugin v27.4 - https:\/\/yoast.com\/product\/yoast-seo-wordpress\/ -->\n<title>Seiko 5 Sports SSK031K1 \u2013 Montre Homme \u00c9dition Passion Red<\/title>\n<meta name=\"description\" content=\"D\u00e9couvrez la Seiko 5 Sports GMT SSK031K1 Passion Red. Une montre automatique pour homme alliant design audacieux, pr\u00e9cision et fonctionnalit\u00e9 GMT.\" \/>\n<meta name=\"robots\" content=\"index, follow, max-snippet:-1, max-image-preview:large, max-video-preview:-1\" \/>\n<link rel=\"canonical\" href=\"https:\/\/www.31degres.be\/en\/product\/seiko-5-sports-gmt-ssk031k1-passion-red\/\" \/>\n<meta property=\"og:locale\" content=\"en_GB\" \/>\n<meta property=\"og:type\" content=\"article\" \/>\n<meta property=\"og:title\" content=\"Seiko 5 Sports SSK031K1 \u2013 Montre Homme \u00c9dition Passion Red\" \/>\n<meta property=\"og:description\" content=\"D\u00e9couvrez la Seiko 5 Sports GMT SSK031K1 Passion Red. Une montre automatique pour homme alliant design audacieux, pr\u00e9cision et fonctionnalit\u00e9 GMT.\" \/>\n<meta property=\"og:url\" content=\"https:\/\/www.31degres.be\/en\/product\/seiko-5-sports-gmt-ssk031k1-passion-red\/\" \/>\n<meta property=\"og:site_name\" content=\"31 Degr\u00e9s Boutique\" \/>\n<meta property=\"article:publisher\" content=\"https:\/\/www.facebook.com\/31degresboutique\" \/>\n<meta property=\"article:modified_time\" content=\"2026-02-11T00:25:24+00:00\" \/>\n<meta property=\"og:image\" content=\"https:\/\/www.31degres.be\/wp-content\/uploads\/2025\/07\/MONTRE-SEIKO-5-SPORTS-EDITION-LIMITEE-PASSION-RED-SSK031K1_1.webp\" \/>\n\t<meta property=\"og:image:width\" content=\"800\" \/>\n\t<meta property=\"og:image:height\" content=\"800\" \/>\n\t<meta property=\"og:image:type\" content=\"image\/webp\" \/>\n<meta name=\"twitter:card\" content=\"summary_large_image\" \/>\n<meta name=\"twitter:label1\" content=\"Estimated reading time\" \/>\n\t<meta name=\"twitter:data1\" content=\"2 minutes\" \/>\n<script type=\"application\/ld+json\" class=\"yoast-schema-graph\">{\"@context\":\"https:\\\/\\\/schema.org\",\"@graph\":[{\"@type\":\"WebPage\",\"@id\":\"https:\\\/\\\/www.31degres.be\\\/produit\\\/seiko-5-sports-gmt-ssk031k1-passion-red\\\/\",\"url\":\"https:\\\/\\\/www.31degres.be\\\/produit\\\/seiko-5-sports-gmt-ssk031k1-passion-red\\\/\",\"name\":\"Seiko 5 Sports SSK031K1 \u2013 Montre Homme \u00c9dition Passion Red\",\"isPartOf\":{\"@id\":\"https:\\\/\\\/www.31degres.be\\\/#website\"},\"primaryImageOfPage\":{\"@id\":\"https:\\\/\\\/www.31degres.be\\\/produit\\\/seiko-5-sports-gmt-ssk031k1-passion-red\\\/#primaryimage\"},\"image\":{\"@id\":\"https:\\\/\\\/www.31degres.be\\\/produit\\\/seiko-5-sports-gmt-ssk031k1-passion-red\\\/#primaryimage\"},\"thumbnailUrl\":\"https:\\\/\\\/i0.wp.com\\\/www.31degres.be\\\/wp-content\\\/uploads\\\/2025\\\/07\\\/MONTRE-SEIKO-5-SPORTS-EDITION-LIMITEE-PASSION-RED-SSK031K1_1.webp?fit=800%2C800&ssl=1\",\"datePublished\":\"2025-07-14T09:13:10+00:00\",\"dateModified\":\"2026-02-11T00:25:24+00:00\",\"description\":\"D\u00e9couvrez la Seiko 5 Sports GMT SSK031K1 Passion Red. Une montre automatique pour homme alliant design audacieux, pr\u00e9cision et fonctionnalit\u00e9 GMT.\",\"breadcrumb\":{\"@id\":\"https:\\\/\\\/www.31degres.be\\\/produit\\\/seiko-5-sports-gmt-ssk031k1-passion-red\\\/#breadcrumb\"},\"inLanguage\":\"en-GB\",\"potentialAction\":[{\"@type\":\"ReadAction\",\"target\":[\"https:\\\/\\\/www.31degres.be\\\/produit\\\/seiko-5-sports-gmt-ssk031k1-passion-red\\\/\"]}]},{\"@type\":\"ImageObject\",\"inLanguage\":\"en-GB\",\"@id\":\"https:\\\/\\\/www.31degres.be\\\/produit\\\/seiko-5-sports-gmt-ssk031k1-passion-red\\\/#primaryimage\",\"url\":\"https:\\\/\\\/i0.wp.com\\\/www.31degres.be\\\/wp-content\\\/uploads\\\/2025\\\/07\\\/MONTRE-SEIKO-5-SPORTS-EDITION-LIMITEE-PASSION-RED-SSK031K1_1.webp?fit=800%2C800&ssl=1\",\"contentUrl\":\"https:\\\/\\\/i0.wp.com\\\/www.31degres.be\\\/wp-content\\\/uploads\\\/2025\\\/07\\\/MONTRE-SEIKO-5-SPORTS-EDITION-LIMITEE-PASSION-RED-SSK031K1_1.webp?fit=800%2C800&ssl=1\",\"width\":800,\"height\":800,\"caption\":\"Seiko 5 Sports SSK031K1\"},{\"@type\":\"BreadcrumbList\",\"@id\":\"https:\\\/\\\/www.31degres.be\\\/produit\\\/seiko-5-sports-gmt-ssk031k1-passion-red\\\/#breadcrumb\",\"itemListElement\":[{\"@type\":\"ListItem\",\"position\":1,\"name\":\"Accueil\",\"item\":\"https:\\\/\\\/www.31degres.be\\\/\"},{\"@type\":\"ListItem\",\"position\":2,\"name\":\"Boutique\",\"item\":\"https:\\\/\\\/www.31degres.be\\\/boutique\\\/\"},{\"@type\":\"ListItem\",\"position\":3,\"name\":\"Seiko 5 Sports GMT SSK031K1 &#8211; Passion Red\"}]},{\"@type\":\"WebSite\",\"@id\":\"https:\\\/\\\/www.31degres.be\\\/#website\",\"url\":\"https:\\\/\\\/www.31degres.be\\\/\",\"name\":\"31 Degr\u00e9s Boutique\",\"description\":\"Always With Style\",\"publisher\":{\"@id\":\"https:\\\/\\\/www.31degres.be\\\/#organization\"},\"alternateName\":\"31 Degr\u00e9s Boutique\",\"potentialAction\":[{\"@type\":\"SearchAction\",\"target\":{\"@type\":\"EntryPoint\",\"urlTemplate\":\"https:\\\/\\\/www.31degres.be\\\/?s={search_term_string}\"},\"query-input\":{\"@type\":\"PropertyValueSpecification\",\"valueRequired\":true,\"valueName\":\"search_term_string\"}}],\"inLanguage\":\"en-GB\"},{\"@type\":\"Organization\",\"@id\":\"https:\\\/\\\/www.31degres.be\\\/#organization\",\"name\":\"31 Degr\u00e9s Boutique\",\"url\":\"https:\\\/\\\/www.31degres.be\\\/\",\"logo\":{\"@type\":\"ImageObject\",\"inLanguage\":\"en-GB\",\"@id\":\"https:\\\/\\\/www.31degres.be\\\/#\\\/schema\\\/logo\\\/image\\\/\",\"url\":\"https:\\\/\\\/i0.wp.com\\\/www.31degres.be\\\/wp-content\\\/uploads\\\/2023\\\/08\\\/cropped-cropped-31-DEGRES-LOGO-FINALai.png?fit=1468%2C408&ssl=1\",\"contentUrl\":\"https:\\\/\\\/i0.wp.com\\\/www.31degres.be\\\/wp-content\\\/uploads\\\/2023\\\/08\\\/cropped-cropped-31-DEGRES-LOGO-FINALai.png?fit=1468%2C408&ssl=1\",\"width\":1468,\"height\":408,\"caption\":\"31 Degr\u00e9s Boutique\"},\"image\":{\"@id\":\"https:\\\/\\\/www.31degres.be\\\/#\\\/schema\\\/logo\\\/image\\\/\"},\"sameAs\":[\"https:\\\/\\\/www.facebook.com\\\/31degresboutique\",\"https:\\\/\\\/instagram.com\\\/31degresboutique?igshid=OGQ5ZDc2ODk2ZA==\",\"https:\\\/\\\/t.snapchat.com\\\/TYq1giLw\"]}]}<\/script>\n<!-- \/ Yoast SEO plugin. -->","yoast_head_json":{"title":"Seiko 5 Sports SSK031K1 \u2013 Montre Homme \u00c9dition Passion Red","description":"D\u00e9couvrez la Seiko 5 Sports GMT SSK031K1 Passion Red. Une montre automatique pour homme alliant design audacieux, pr\u00e9cision et fonctionnalit\u00e9 GMT.","robots":{"index":"index","follow":"follow","max-snippet":"max-snippet:-1","max-image-preview":"max-image-preview:large","max-video-preview":"max-video-preview:-1"},"canonical":"https:\/\/www.31degres.be\/en\/product\/seiko-5-sports-gmt-ssk031k1-passion-red\/","og_locale":"en_GB","og_type":"article","og_title":"Seiko 5 Sports SSK031K1 \u2013 Montre Homme \u00c9dition Passion Red","og_description":"D\u00e9couvrez la Seiko 5 Sports GMT SSK031K1 Passion Red. Une montre automatique pour homme alliant design audacieux, pr\u00e9cision et fonctionnalit\u00e9 GMT.","og_url":"https:\/\/www.31degres.be\/en\/product\/seiko-5-sports-gmt-ssk031k1-passion-red\/","og_site_name":"31 Degr\u00e9s Boutique","article_publisher":"https:\/\/www.facebook.com\/31degresboutique","article_modified_time":"2026-02-11T00:25:24+00:00","og_image":[{"width":800,"height":800,"url":"https:\/\/www.31degres.be\/wp-content\/uploads\/2025\/07\/MONTRE-SEIKO-5-SPORTS-EDITION-LIMITEE-PASSION-RED-SSK031K1_1.webp","type":"image\/webp"}],"twitter_card":"summary_large_image","twitter_misc":{"Estimated reading time":"2 minutes"},"schema":{"@context":"https:\/\/schema.org","@graph":[{"@type":"WebPage","@id":"https:\/\/www.31degres.be\/produit\/seiko-5-sports-gmt-ssk031k1-passion-red\/","url":"https:\/\/www.31degres.be\/produit\/seiko-5-sports-gmt-ssk031k1-passion-red\/","name":"Seiko 5 Sports SSK031K1 \u2013 Montre Homme \u00c9dition Passion Red","isPartOf":{"@id":"https:\/\/www.31degres.be\/#website"},"primaryImageOfPage":{"@id":"https:\/\/www.31degres.be\/produit\/seiko-5-sports-gmt-ssk031k1-passion-red\/#primaryimage"},"image":{"@id":"https:\/\/www.31degres.be\/produit\/seiko-5-sports-gmt-ssk031k1-passion-red\/#primaryimage"},"thumbnailUrl":"https:\/\/i0.wp.com\/www.31degres.be\/wp-content\/uploads\/2025\/07\/MONTRE-SEIKO-5-SPORTS-EDITION-LIMITEE-PASSION-RED-SSK031K1_1.webp?fit=800%2C800&ssl=1","datePublished":"2025-07-14T09:13:10+00:00","dateModified":"2026-02-11T00:25:24+00:00","description":"D\u00e9couvrez la Seiko 5 Sports GMT SSK031K1 Passion Red. Une montre automatique pour homme alliant design audacieux, pr\u00e9cision et fonctionnalit\u00e9 GMT.","breadcrumb":{"@id":"https:\/\/www.31degres.be\/produit\/seiko-5-sports-gmt-ssk031k1-passion-red\/#breadcrumb"},"inLanguage":"en-GB","potentialAction":[{"@type":"ReadAction","target":["https:\/\/www.31degres.be\/produit\/seiko-5-sports-gmt-ssk031k1-passion-red\/"]}]},{"@type":"ImageObject","inLanguage":"en-GB","@id":"https:\/\/www.31degres.be\/produit\/seiko-5-sports-gmt-ssk031k1-passion-red\/#primaryimage","url":"https:\/\/i0.wp.com\/www.31degres.be\/wp-content\/uploads\/2025\/07\/MONTRE-SEIKO-5-SPORTS-EDITION-LIMITEE-PASSION-RED-SSK031K1_1.webp?fit=800%2C800&ssl=1","contentUrl":"https:\/\/i0.wp.com\/www.31degres.be\/wp-content\/uploads\/2025\/07\/MONTRE-SEIKO-5-SPORTS-EDITION-LIMITEE-PASSION-RED-SSK031K1_1.webp?fit=800%2C800&ssl=1","width":800,"height":800,"caption":"Seiko 5 Sports SSK031K1"},{"@type":"BreadcrumbList","@id":"https:\/\/www.31degres.be\/produit\/seiko-5-sports-gmt-ssk031k1-passion-red\/#breadcrumb","itemListElement":[{"@type":"ListItem","position":1,"name":"Accueil","item":"https:\/\/www.31degres.be\/"},{"@type":"ListItem","position":2,"name":"Boutique","item":"https:\/\/www.31degres.be\/boutique\/"},{"@type":"ListItem","position":3,"name":"Seiko 5 Sports GMT SSK031K1 &#8211; Passion Red"}]},{"@type":"WebSite","@id":"https:\/\/www.31degres.be\/#website","url":"https:\/\/www.31degres.be\/","name":"31 Degr\u00e9s Boutique","description":"Always With Style","publisher":{"@id":"https:\/\/www.31degres.be\/#organization"},"alternateName":"31 Degr\u00e9s Boutique","potentialAction":[{"@type":"SearchAction","target":{"@type":"EntryPoint","urlTemplate":"https:\/\/www.31degres.be\/?s={search_term_string}"},"query-input":{"@type":"PropertyValueSpecification","valueRequired":true,"valueName":"search_term_string"}}],"inLanguage":"en-GB"},{"@type":"Organization","@id":"https:\/\/www.31degres.be\/#organization","name":"31 Degr\u00e9s Boutique","url":"https:\/\/www.31degres.be\/","logo":{"@type":"ImageObject","inLanguage":"en-GB","@id":"https:\/\/www.31degres.be\/#\/schema\/logo\/image\/","url":"https:\/\/i0.wp.com\/www.31degres.be\/wp-content\/uploads\/2023\/08\/cropped-cropped-31-DEGRES-LOGO-FINALai.png?fit=1468%2C408&ssl=1","contentUrl":"https:\/\/i0.wp.com\/www.31degres.be\/wp-content\/uploads\/2023\/08\/cropped-cropped-31-DEGRES-LOGO-FINALai.png?fit=1468%2C408&ssl=1","width":1468,"height":408,"caption":"31 Degr\u00e9s Boutique"},"image":{"@id":"https:\/\/www.31degres.be\/#\/schema\/logo\/image\/"},"sameAs":["https:\/\/www.facebook.com\/31degresboutique","https:\/\/instagram.com\/31degresboutique?igshid=OGQ5ZDc2ODk2ZA==","https:\/\/t.snapchat.com\/TYq1giLw"]}]}},"jetpack_sharing_enabled":true,"_links":{"self":[{"href":"https:\/\/www.31degres.be\/en\/wp-json\/wp\/v2\/product\/374967","targetHints":{"allow":["GET"]}}],"collection":[{"href":"https:\/\/www.31degres.be\/en\/wp-json\/wp\/v2\/product"}],"about":[{"href":"https:\/\/www.31degres.be\/en\/wp-json\/wp\/v2\/types\/product"}],"version-history":[{"count":0,"href":"https:\/\/www.31degres.be\/en\/wp-json\/wp\/v2\/product\/374967\/revisions"}],"wp:featuredmedia":[{"embeddable":true,"href":"https:\/\/www.31degres.be\/en\/wp-json\/wp\/v2\/media\/374863"}],"wp:attachment":[{"href":"https:\/\/www.31degres.be\/en\/wp-json\/wp\/v2\/media?parent=374967"}],"wp:term":[{"taxonomy":"product_brand","embeddable":true,"href":"https:\/\/www.31degres.be\/en\/wp-json\/wp\/v2\/product_brand?post=374967"},{"taxonomy":"product_cat","embeddable":true,"href":"https:\/\/www.31degres.be\/en\/wp-json\/wp\/v2\/product_cat?post=374967"},{"taxonomy":"product_tag","embeddable":true,"href":"https:\/\/www.31degres.be\/en\/wp-json\/wp\/v2\/product_tag?post=374967"}],"curies":[{"name":"wp","href":"https:\/\/api.w.org\/{rel}","templated":true}]}}