{"id":376202,"date":"2025-08-02T21:12:10","date_gmt":"2025-08-02T19:12:10","guid":{"rendered":"https:\/\/www.31degres.be\/?post_type=product&#038;p=376202"},"modified":"2026-03-06T14:05:43","modified_gmt":"2026-03-06T13:05:43","slug":"tissot-prx-35mm-t137-210-11-351-00-bleu-clair","status":"publish","type":"product","link":"https:\/\/www.31degres.be\/en\/product\/tissot-prx-35mm-t137-210-11-351-00-bleu-clair\/","title":{"rendered":"TISSOT PRX 35MM Light Blue"},"content":{"rendered":"<p data-start=\"125\" data-end=\"212\">TISSOT PRX 35MM T137.210.11.351.00 Bleu Clair \u2014 L\u2019alliance parfaite entre style vintage et modernit\u00e9<\/p>\n<p data-start=\"214\" data-end=\"465\">D\u00e9couvrez la TISSOT PRX 35MM Bleu Clair, une montre unisexe qui s\u00e9duit par son design r\u00e9tro et son \u00e9l\u00e9gance intemporelle. R\u00e9\u00e9dit\u00e9e avec soin depuis son lancement en 1978, elle conserve son bo\u00eetier fin de 35 mm, id\u00e9al pour un look raffin\u00e9 et discret.<\/p>\n<p data-start=\"467\" data-end=\"776\">Pens\u00e9e pour ceux qui aiment se d\u00e9marquer avec simplicit\u00e9, cette montre allie robustesse et confort gr\u00e2ce \u00e0 son bo\u00eetier en acier inoxydable 316L et son bracelet int\u00e9gr\u00e9 ergonomique. Son cadran bleu clair lumineux, rehauss\u00e9 d\u2019aiguilles Super-LumiNova\u00ae, garantit une parfaite lisibilit\u00e9, m\u00eame dans l\u2019obscurit\u00e9.<\/p>\n<p data-start=\"778\" data-end=\"846\">Trois points forts font de la TISSOT PRX un choix incontournable :<\/p>\n<ul data-start=\"847\" data-end=\"1122\">\n<li data-start=\"847\" data-end=\"932\">\n<p data-start=\"849\" data-end=\"932\">Un design iconique et authentique, qui traverse les modes et les g\u00e9n\u00e9rations.<\/p>\n<\/li>\n<li data-start=\"933\" data-end=\"1026\">\n<p data-start=\"935\" data-end=\"1026\">Une qualit\u00e9 suisse fiable, avec mouvement quartz pr\u00e9cis et verre saphir anti-rayures.<\/p>\n<\/li>\n<li data-start=\"1027\" data-end=\"1122\">\n<p data-start=\"1029\" data-end=\"1122\">Une r\u00e9sistance quotidienne, \u00e9tanche jusqu\u2019\u00e0 100 m\u00e8tres, adapt\u00e9e \u00e0 toutes les activit\u00e9s.<\/p>\n<\/li>\n<\/ul>\n<p data-start=\"1124\" data-end=\"1332\">Au-del\u00e0 d\u2019une simple montre, la TISSOT PRX Bleu Clair r\u00e9pond au besoin d\u2019exprimer votre personnalit\u00e9 avec finesse et confiance. Elle accompagne votre quotidien, que ce soit au bureau ou lors de vos sorties.<\/p>\n<p data-start=\"1334\" data-end=\"1504\">Offrez-vous une montre qui allie h\u00e9ritage, performance et esth\u00e9tique. La <a href=\"https:\/\/www.31degres.be\/en\/product-category\/montres-femme\/tissot-femme\/\">Tissot<\/a> PRX 35MM T137.210.11.351.00 Bleu Clair est la touche finale id\u00e9ale pour sublimer votre style avec \u00e9l\u00e9gance.<\/p>","protected":false},"excerpt":{"rendered":"<p><img decoding=\"async\" class=\"alignnone wp-image-77303 aligncenter\" src=\"https:\/\/www.31degres.be\/wp-content\/uploads\/2025\/01\/Trustpilot-Excellent-300x21.png\" alt=\"\" width=\"271\" height=\"19\" srcset=\"https:\/\/i0.wp.com\/www.31degres.be\/wp-content\/uploads\/2025\/01\/Trustpilot-Excellent.png?resize=300%2C21&amp;ssl=1 300w, https:\/\/i0.wp.com\/www.31degres.be\/wp-content\/uploads\/2025\/01\/Trustpilot-Excellent.png?resize=1024%2C73&amp;ssl=1 1024w, https:\/\/i0.wp.com\/www.31degres.be\/wp-content\/uploads\/2025\/01\/Trustpilot-Excellent.png?resize=768%2C55&amp;ssl=1 768w, https:\/\/i0.wp.com\/www.31degres.be\/wp-content\/uploads\/2025\/01\/Trustpilot-Excellent.png?resize=1536%2C109&amp;ssl=1 1536w, https:\/\/i0.wp.com\/www.31degres.be\/wp-content\/uploads\/2025\/01\/Trustpilot-Excellent.png?resize=18%2C1&amp;ssl=1 18w, https:\/\/i0.wp.com\/www.31degres.be\/wp-content\/uploads\/2025\/01\/Trustpilot-Excellent.png?resize=600%2C43&amp;ssl=1 600w, https:\/\/i0.wp.com\/www.31degres.be\/wp-content\/uploads\/2025\/01\/Trustpilot-Excellent.png?w=1600&amp;ssl=1 1600w\" sizes=\"(max-width: 271px) 100vw, 271px\" \/><br \/>\n\u2714\ufe0f 2 years warranty on all watches<br \/>\n\u2714\ufe0f Satisfied or refunded 14 days<br \/>\n\u2714\ufe0f Fast Delivery<\/p>\n<p>\ud83c\udf81 <em data-start=\"599\" data-end=\"632\"><strong><a href=\"https:\/\/www.31degres.be\/en\/programme-de-fidelite\/\">\u2714 \u20ac1 spent = 1 loyalty point<\/a>.<\/strong><br \/>\n<strong>\u2764\ufe0f <a href=\"https:\/\/www.31degres.be\/en\/engagement-solidaire\/\">5% donated to help the most needy.<\/a><\/strong><br \/>\n<\/em><\/p>","protected":false},"featured_media":376211,"template":"","meta":{"site-sidebar-layout":"default","site-content-layout":"","ast-site-content-layout":"default","site-content-style":"default","site-sidebar-style":"default","ast-global-header-display":"","ast-banner-title-visibility":"","ast-main-header-display":"","ast-hfb-above-header-display":"","ast-hfb-below-header-display":"","ast-hfb-mobile-header-display":"","site-post-title":"","ast-breadcrumbs-content":"","ast-featured-img":"","footer-sml-layout":"","theme-transparent-header-meta":"disabled","adv-header-id-meta":"","stick-header-meta":"","header-above-stick-meta":"","header-main-stick-meta":"","header-below-stick-meta":"","astra-migrate-meta-layouts":"set","ast-page-background-enabled":"default","ast-page-background-meta":{"desktop":{"background-color":"","background-image":"","background-repeat":"repeat","background-position":"center center","background-size":"auto","background-attachment":"scroll","background-type":"","background-media":"","overlay-type":"","overlay-color":"","overlay-opacity":"","overlay-gradient":""},"tablet":{"background-color":"","background-image":"","background-repeat":"repeat","background-position":"center center","background-size":"auto","background-attachment":"scroll","background-type":"","background-media":"","overlay-type":"","overlay-color":"","overlay-opacity":"","overlay-gradient":""},"mobile":{"background-color":"","background-image":"","background-repeat":"repeat","background-position":"center center","background-size":"auto","background-attachment":"scroll","background-type":"","background-media":"","overlay-type":"","overlay-color":"","overlay-opacity":"","overlay-gradient":""}},"ast-content-background-meta":{"desktop":{"background-color":"var(--ast-global-color-5)","background-image":"","background-repeat":"repeat","background-position":"center center","background-size":"auto","background-attachment":"scroll","background-type":"","background-media":"","overlay-type":"","overlay-color":"","overlay-opacity":"","overlay-gradient":""},"tablet":{"background-color":"var(--ast-global-color-5)","background-image":"","background-repeat":"repeat","background-position":"center center","background-size":"auto","background-attachment":"scroll","background-type":"","background-media":"","overlay-type":"","overlay-color":"","overlay-opacity":"","overlay-gradient":""},"mobile":{"background-color":"var(--ast-global-color-5)","background-image":"","background-repeat":"repeat","background-position":"center center","background-size":"auto","background-attachment":"scroll","background-type":"","background-media":"","overlay-type":"","overlay-color":"","overlay-opacity":"","overlay-gradient":""}}},"product_brand":[728],"product_cat":[49,40,564,547],"product_tag":[78,732,546,731,545],"class_list":{"0":"post-376202","1":"product","2":"type-product","3":"status-publish","4":"has-post-thumbnail","6":"product_brand-tissot","7":"product_cat-montres-femme","8":"product_cat-montres-homme","9":"product_cat-tissot-femme","10":"product_cat-tissot-homme","11":"product_tag-argent","12":"product_tag-bleu-clair","13":"product_tag-prx","14":"product_tag-t137-210-11-351-00","15":"product_tag-tissot","16":"desktop-align-left","17":"tablet-align-left","18":"mobile-align-left","20":"first","21":"onbackorder","22":"taxable","23":"shipping-taxable","24":"purchasable","25":"product-type-simple"},"yoast_head":"<!-- This site is optimized with the Yoast SEO plugin v27.3 - https:\/\/yoast.com\/product\/yoast-seo-wordpress\/ -->\n<title>TISSOT PRX 35MM T137.210.11.351.00 Bleu Clair \u2013 \u00c9l\u00e9gance<\/title>\n<meta name=\"description\" content=\"TISSOT PRX 35MM T137.210.11.351.00 \u2013 Une montre unisexe au style moderne, id\u00e9ale pour sublimer chaque tenue avec sophistication.\" \/>\n<meta name=\"robots\" content=\"index, follow, max-snippet:-1, max-image-preview:large, max-video-preview:-1\" \/>\n<link rel=\"canonical\" href=\"https:\/\/www.31degres.be\/en\/product\/tissot-prx-35mm-t137-210-11-351-00-bleu-clair\/\" \/>\n<meta property=\"og:locale\" content=\"en_GB\" \/>\n<meta property=\"og:type\" content=\"article\" \/>\n<meta property=\"og:title\" content=\"TISSOT PRX 35MM T137.210.11.351.00 Bleu Clair \u2013 \u00c9l\u00e9gance\" \/>\n<meta property=\"og:description\" content=\"TISSOT PRX 35MM T137.210.11.351.00 \u2013 Une montre unisexe au style moderne, id\u00e9ale pour sublimer chaque tenue avec sophistication.\" \/>\n<meta property=\"og:url\" content=\"https:\/\/www.31degres.be\/en\/product\/tissot-prx-35mm-t137-210-11-351-00-bleu-clair\/\" \/>\n<meta property=\"og:site_name\" content=\"31 Degr\u00e9s Boutique\" \/>\n<meta property=\"article:publisher\" content=\"https:\/\/www.facebook.com\/31degresboutique\" \/>\n<meta property=\"article:modified_time\" content=\"2026-03-06T13:05:43+00:00\" \/>\n<meta property=\"og:image\" content=\"https:\/\/www.31degres.be\/wp-content\/uploads\/2025\/08\/TISSOT-PRX-35MM-T137.210.11.351.00.webp\" \/>\n\t<meta property=\"og:image:width\" content=\"600\" \/>\n\t<meta property=\"og:image:height\" content=\"600\" \/>\n\t<meta property=\"og:image:type\" content=\"image\/webp\" \/>\n<meta name=\"twitter:card\" content=\"summary_large_image\" \/>\n<meta name=\"twitter:label1\" content=\"Estimated reading time\" \/>\n\t<meta name=\"twitter:data1\" content=\"2 minutes\" \/>\n<script type=\"application\/ld+json\" class=\"yoast-schema-graph\">{\"@context\":\"https:\\\/\\\/schema.org\",\"@graph\":[{\"@type\":\"WebPage\",\"@id\":\"https:\\\/\\\/www.31degres.be\\\/produit\\\/tissot-prx-35mm-t137-210-11-351-00-bleu-clair\\\/\",\"url\":\"https:\\\/\\\/www.31degres.be\\\/produit\\\/tissot-prx-35mm-t137-210-11-351-00-bleu-clair\\\/\",\"name\":\"TISSOT PRX 35MM T137.210.11.351.00 Bleu Clair \u2013 \u00c9l\u00e9gance\",\"isPartOf\":{\"@id\":\"https:\\\/\\\/www.31degres.be\\\/#website\"},\"primaryImageOfPage\":{\"@id\":\"https:\\\/\\\/www.31degres.be\\\/produit\\\/tissot-prx-35mm-t137-210-11-351-00-bleu-clair\\\/#primaryimage\"},\"image\":{\"@id\":\"https:\\\/\\\/www.31degres.be\\\/produit\\\/tissot-prx-35mm-t137-210-11-351-00-bleu-clair\\\/#primaryimage\"},\"thumbnailUrl\":\"https:\\\/\\\/i0.wp.com\\\/www.31degres.be\\\/wp-content\\\/uploads\\\/2025\\\/08\\\/TISSOT-PRX-35MM-T137.210.11.351.00.webp?fit=600%2C600&ssl=1\",\"datePublished\":\"2025-08-02T19:12:10+00:00\",\"dateModified\":\"2026-03-06T13:05:43+00:00\",\"description\":\"TISSOT PRX 35MM T137.210.11.351.00 \u2013 Une montre unisexe au style moderne, id\u00e9ale pour sublimer chaque tenue avec sophistication.\",\"breadcrumb\":{\"@id\":\"https:\\\/\\\/www.31degres.be\\\/produit\\\/tissot-prx-35mm-t137-210-11-351-00-bleu-clair\\\/#breadcrumb\"},\"inLanguage\":\"en-GB\",\"potentialAction\":[{\"@type\":\"ReadAction\",\"target\":[\"https:\\\/\\\/www.31degres.be\\\/produit\\\/tissot-prx-35mm-t137-210-11-351-00-bleu-clair\\\/\"]}]},{\"@type\":\"ImageObject\",\"inLanguage\":\"en-GB\",\"@id\":\"https:\\\/\\\/www.31degres.be\\\/produit\\\/tissot-prx-35mm-t137-210-11-351-00-bleu-clair\\\/#primaryimage\",\"url\":\"https:\\\/\\\/i0.wp.com\\\/www.31degres.be\\\/wp-content\\\/uploads\\\/2025\\\/08\\\/TISSOT-PRX-35MM-T137.210.11.351.00.webp?fit=600%2C600&ssl=1\",\"contentUrl\":\"https:\\\/\\\/i0.wp.com\\\/www.31degres.be\\\/wp-content\\\/uploads\\\/2025\\\/08\\\/TISSOT-PRX-35MM-T137.210.11.351.00.webp?fit=600%2C600&ssl=1\",\"width\":600,\"height\":600,\"caption\":\"TISSOT PRX 35MM T137.210.11.351.00\"},{\"@type\":\"BreadcrumbList\",\"@id\":\"https:\\\/\\\/www.31degres.be\\\/produit\\\/tissot-prx-35mm-t137-210-11-351-00-bleu-clair\\\/#breadcrumb\",\"itemListElement\":[{\"@type\":\"ListItem\",\"position\":1,\"name\":\"Accueil\",\"item\":\"https:\\\/\\\/www.31degres.be\\\/\"},{\"@type\":\"ListItem\",\"position\":2,\"name\":\"Boutique\",\"item\":\"https:\\\/\\\/www.31degres.be\\\/boutique\\\/\"},{\"@type\":\"ListItem\",\"position\":3,\"name\":\"TISSOT PRX 35MM Bleu clair\"}]},{\"@type\":\"WebSite\",\"@id\":\"https:\\\/\\\/www.31degres.be\\\/#website\",\"url\":\"https:\\\/\\\/www.31degres.be\\\/\",\"name\":\"31 Degr\u00e9s Boutique\",\"description\":\"Always With Style\",\"publisher\":{\"@id\":\"https:\\\/\\\/www.31degres.be\\\/#organization\"},\"alternateName\":\"31 Degr\u00e9s Boutique\",\"potentialAction\":[{\"@type\":\"SearchAction\",\"target\":{\"@type\":\"EntryPoint\",\"urlTemplate\":\"https:\\\/\\\/www.31degres.be\\\/?s={search_term_string}\"},\"query-input\":{\"@type\":\"PropertyValueSpecification\",\"valueRequired\":true,\"valueName\":\"search_term_string\"}}],\"inLanguage\":\"en-GB\"},{\"@type\":\"Organization\",\"@id\":\"https:\\\/\\\/www.31degres.be\\\/#organization\",\"name\":\"31 Degr\u00e9s Boutique\",\"url\":\"https:\\\/\\\/www.31degres.be\\\/\",\"logo\":{\"@type\":\"ImageObject\",\"inLanguage\":\"en-GB\",\"@id\":\"https:\\\/\\\/www.31degres.be\\\/#\\\/schema\\\/logo\\\/image\\\/\",\"url\":\"https:\\\/\\\/i0.wp.com\\\/www.31degres.be\\\/wp-content\\\/uploads\\\/2023\\\/08\\\/cropped-cropped-31-DEGRES-LOGO-FINALai.png?fit=1468%2C408&ssl=1\",\"contentUrl\":\"https:\\\/\\\/i0.wp.com\\\/www.31degres.be\\\/wp-content\\\/uploads\\\/2023\\\/08\\\/cropped-cropped-31-DEGRES-LOGO-FINALai.png?fit=1468%2C408&ssl=1\",\"width\":1468,\"height\":408,\"caption\":\"31 Degr\u00e9s Boutique\"},\"image\":{\"@id\":\"https:\\\/\\\/www.31degres.be\\\/#\\\/schema\\\/logo\\\/image\\\/\"},\"sameAs\":[\"https:\\\/\\\/www.facebook.com\\\/31degresboutique\",\"https:\\\/\\\/instagram.com\\\/31degresboutique?igshid=OGQ5ZDc2ODk2ZA==\",\"https:\\\/\\\/t.snapchat.com\\\/TYq1giLw\"]}]}<\/script>\n<!-- \/ Yoast SEO plugin. -->","yoast_head_json":{"title":"TISSOT PRX 35MM T137.210.11.351.00 Bleu Clair \u2013 \u00c9l\u00e9gance","description":"TISSOT PRX 35MM T137.210.11.351.00 \u2013 Une montre unisexe au style moderne, id\u00e9ale pour sublimer chaque tenue avec sophistication.","robots":{"index":"index","follow":"follow","max-snippet":"max-snippet:-1","max-image-preview":"max-image-preview:large","max-video-preview":"max-video-preview:-1"},"canonical":"https:\/\/www.31degres.be\/en\/product\/tissot-prx-35mm-t137-210-11-351-00-bleu-clair\/","og_locale":"en_GB","og_type":"article","og_title":"TISSOT PRX 35MM T137.210.11.351.00 Bleu Clair \u2013 \u00c9l\u00e9gance","og_description":"TISSOT PRX 35MM T137.210.11.351.00 \u2013 Une montre unisexe au style moderne, id\u00e9ale pour sublimer chaque tenue avec sophistication.","og_url":"https:\/\/www.31degres.be\/en\/product\/tissot-prx-35mm-t137-210-11-351-00-bleu-clair\/","og_site_name":"31 Degr\u00e9s Boutique","article_publisher":"https:\/\/www.facebook.com\/31degresboutique","article_modified_time":"2026-03-06T13:05:43+00:00","og_image":[{"width":600,"height":600,"url":"https:\/\/www.31degres.be\/wp-content\/uploads\/2025\/08\/TISSOT-PRX-35MM-T137.210.11.351.00.webp","type":"image\/webp"}],"twitter_card":"summary_large_image","twitter_misc":{"Estimated reading time":"2 minutes"},"schema":{"@context":"https:\/\/schema.org","@graph":[{"@type":"WebPage","@id":"https:\/\/www.31degres.be\/produit\/tissot-prx-35mm-t137-210-11-351-00-bleu-clair\/","url":"https:\/\/www.31degres.be\/produit\/tissot-prx-35mm-t137-210-11-351-00-bleu-clair\/","name":"TISSOT PRX 35MM T137.210.11.351.00 Bleu Clair \u2013 \u00c9l\u00e9gance","isPartOf":{"@id":"https:\/\/www.31degres.be\/#website"},"primaryImageOfPage":{"@id":"https:\/\/www.31degres.be\/produit\/tissot-prx-35mm-t137-210-11-351-00-bleu-clair\/#primaryimage"},"image":{"@id":"https:\/\/www.31degres.be\/produit\/tissot-prx-35mm-t137-210-11-351-00-bleu-clair\/#primaryimage"},"thumbnailUrl":"https:\/\/i0.wp.com\/www.31degres.be\/wp-content\/uploads\/2025\/08\/TISSOT-PRX-35MM-T137.210.11.351.00.webp?fit=600%2C600&ssl=1","datePublished":"2025-08-02T19:12:10+00:00","dateModified":"2026-03-06T13:05:43+00:00","description":"TISSOT PRX 35MM T137.210.11.351.00 \u2013 Une montre unisexe au style moderne, id\u00e9ale pour sublimer chaque tenue avec sophistication.","breadcrumb":{"@id":"https:\/\/www.31degres.be\/produit\/tissot-prx-35mm-t137-210-11-351-00-bleu-clair\/#breadcrumb"},"inLanguage":"en-GB","potentialAction":[{"@type":"ReadAction","target":["https:\/\/www.31degres.be\/produit\/tissot-prx-35mm-t137-210-11-351-00-bleu-clair\/"]}]},{"@type":"ImageObject","inLanguage":"en-GB","@id":"https:\/\/www.31degres.be\/produit\/tissot-prx-35mm-t137-210-11-351-00-bleu-clair\/#primaryimage","url":"https:\/\/i0.wp.com\/www.31degres.be\/wp-content\/uploads\/2025\/08\/TISSOT-PRX-35MM-T137.210.11.351.00.webp?fit=600%2C600&ssl=1","contentUrl":"https:\/\/i0.wp.com\/www.31degres.be\/wp-content\/uploads\/2025\/08\/TISSOT-PRX-35MM-T137.210.11.351.00.webp?fit=600%2C600&ssl=1","width":600,"height":600,"caption":"TISSOT PRX 35MM T137.210.11.351.00"},{"@type":"BreadcrumbList","@id":"https:\/\/www.31degres.be\/produit\/tissot-prx-35mm-t137-210-11-351-00-bleu-clair\/#breadcrumb","itemListElement":[{"@type":"ListItem","position":1,"name":"Accueil","item":"https:\/\/www.31degres.be\/"},{"@type":"ListItem","position":2,"name":"Boutique","item":"https:\/\/www.31degres.be\/boutique\/"},{"@type":"ListItem","position":3,"name":"TISSOT PRX 35MM Bleu clair"}]},{"@type":"WebSite","@id":"https:\/\/www.31degres.be\/#website","url":"https:\/\/www.31degres.be\/","name":"31 Degr\u00e9s Boutique","description":"Always With Style","publisher":{"@id":"https:\/\/www.31degres.be\/#organization"},"alternateName":"31 Degr\u00e9s Boutique","potentialAction":[{"@type":"SearchAction","target":{"@type":"EntryPoint","urlTemplate":"https:\/\/www.31degres.be\/?s={search_term_string}"},"query-input":{"@type":"PropertyValueSpecification","valueRequired":true,"valueName":"search_term_string"}}],"inLanguage":"en-GB"},{"@type":"Organization","@id":"https:\/\/www.31degres.be\/#organization","name":"31 Degr\u00e9s Boutique","url":"https:\/\/www.31degres.be\/","logo":{"@type":"ImageObject","inLanguage":"en-GB","@id":"https:\/\/www.31degres.be\/#\/schema\/logo\/image\/","url":"https:\/\/i0.wp.com\/www.31degres.be\/wp-content\/uploads\/2023\/08\/cropped-cropped-31-DEGRES-LOGO-FINALai.png?fit=1468%2C408&ssl=1","contentUrl":"https:\/\/i0.wp.com\/www.31degres.be\/wp-content\/uploads\/2023\/08\/cropped-cropped-31-DEGRES-LOGO-FINALai.png?fit=1468%2C408&ssl=1","width":1468,"height":408,"caption":"31 Degr\u00e9s Boutique"},"image":{"@id":"https:\/\/www.31degres.be\/#\/schema\/logo\/image\/"},"sameAs":["https:\/\/www.facebook.com\/31degresboutique","https:\/\/instagram.com\/31degresboutique?igshid=OGQ5ZDc2ODk2ZA==","https:\/\/t.snapchat.com\/TYq1giLw"]}]}},"jetpack_sharing_enabled":true,"_links":{"self":[{"href":"https:\/\/www.31degres.be\/en\/wp-json\/wp\/v2\/product\/376202","targetHints":{"allow":["GET"]}}],"collection":[{"href":"https:\/\/www.31degres.be\/en\/wp-json\/wp\/v2\/product"}],"about":[{"href":"https:\/\/www.31degres.be\/en\/wp-json\/wp\/v2\/types\/product"}],"version-history":[{"count":0,"href":"https:\/\/www.31degres.be\/en\/wp-json\/wp\/v2\/product\/376202\/revisions"}],"wp:featuredmedia":[{"embeddable":true,"href":"https:\/\/www.31degres.be\/en\/wp-json\/wp\/v2\/media\/376211"}],"wp:attachment":[{"href":"https:\/\/www.31degres.be\/en\/wp-json\/wp\/v2\/media?parent=376202"}],"wp:term":[{"taxonomy":"product_brand","embeddable":true,"href":"https:\/\/www.31degres.be\/en\/wp-json\/wp\/v2\/product_brand?post=376202"},{"taxonomy":"product_cat","embeddable":true,"href":"https:\/\/www.31degres.be\/en\/wp-json\/wp\/v2\/product_cat?post=376202"},{"taxonomy":"product_tag","embeddable":true,"href":"https:\/\/www.31degres.be\/en\/wp-json\/wp\/v2\/product_tag?post=376202"}],"curies":[{"name":"wp","href":"https:\/\/api.w.org\/{rel}","templated":true}]}}