{"id":381100,"date":"2025-10-13T11:48:03","date_gmt":"2025-10-13T09:48:03","guid":{"rendered":"https:\/\/www.31degres.be\/?post_type=product&#038;p=381100"},"modified":"2025-10-13T12:01:18","modified_gmt":"2025-10-13T10:01:18","slug":"michael-kors-darci-mk3220-rose-gold","status":"publish","type":"product","link":"https:\/\/www.31degres.be\/en\/product\/michael-kors-darci-mk3220-rose-gold\/","title":{"rendered":"Michael Kors Darci MK3220 Rose Gold"},"content":{"rendered":"<p data-start=\"239\" data-end=\"309\">Michael Kors Darci MK3220 Rose Gold \u2013 L\u2019\u00e9l\u00e9gance au poignet<\/p>\n<p data-start=\"311\" data-end=\"560\">Laissez-vous s\u00e9duire par la montre Michael Kors Darci MK3220 Rose Gold, une pi\u00e8ce iconique qui allie raffinement, f\u00e9minit\u00e9 et \u00e9clat intemporel. Pens\u00e9e pour la femme moderne, elle sublime chaque mouvement avec une touche de glamour discret.<\/p>\n<p data-start=\"562\" data-end=\"886\">\u00c9l\u00e9gance raffin\u00e9e<br data-start=\"586\" data-end=\"589\" \/>Son cadran d\u00e9licatement orn\u00e9 de cristaux scintillants capture la lumi\u00e8re avec gr\u00e2ce, offrant un look chic et sophistiqu\u00e9. L\u2019or rose, \u00e0 la fois doux et lumineux, s\u2019accorde parfaitement \u00e0 toutes les carnations et se marie avec n\u2019importe quelle tenue \u2014 du look de jour \u00e0 la soir\u00e9e la plus \u00e9l\u00e9gante.<\/p>\n<p data-start=\"888\" data-end=\"1148\">Design intemporel et confort absolu<br data-start=\"929\" data-end=\"932\" \/>Avec son bracelet en acier inoxydable poli, la montre Darci MK3220 \u00e9pouse confortablement le poignet. Son design minimaliste refl\u00e8te le savoir-faire Michael Kors : un \u00e9quilibre parfait entre mode et fonctionnalit\u00e9.<\/p>\n<p data-start=\"1150\" data-end=\"1383\">Fiabilit\u00e9 et prestige<br data-start=\"1177\" data-end=\"1180\" \/>Dot\u00e9e d\u2019un mouvement \u00e0 quartz pr\u00e9cis, cette montre ne se contente pas d\u2019\u00eatre belle \u2014 elle est aussi fiable au quotidien. Symbole de luxe accessible, elle affirme votre style avec assurance et \u00e9l\u00e9gance.<\/p>\n<p data-start=\"1385\" data-end=\"1588\">Offrez-vous une montre femme <a href=\"https:\/\/www.31degres.be\/en\/product-category\/montres-femme\/michael-kors-montres-femme\/\">Michael Kors<\/a> qui transcende les tendances. La Darci MK3220 Rose Gold n\u2019est pas seulement un accessoire, c\u2019est une d\u00e9claration de confiance, de beaut\u00e9 et de raffinement.<\/p>","protected":false},"excerpt":{"rendered":"<p><img decoding=\"async\" class=\"alignnone wp-image-77303 aligncenter\" src=\"https:\/\/www.31degres.be\/wp-content\/uploads\/2025\/01\/Trustpilot-Excellent-300x21.png\" alt=\"\" width=\"271\" height=\"19\" srcset=\"https:\/\/i0.wp.com\/www.31degres.be\/wp-content\/uploads\/2025\/01\/Trustpilot-Excellent.png?resize=300%2C21&amp;ssl=1 300w, https:\/\/i0.wp.com\/www.31degres.be\/wp-content\/uploads\/2025\/01\/Trustpilot-Excellent.png?resize=1024%2C73&amp;ssl=1 1024w, https:\/\/i0.wp.com\/www.31degres.be\/wp-content\/uploads\/2025\/01\/Trustpilot-Excellent.png?resize=768%2C55&amp;ssl=1 768w, https:\/\/i0.wp.com\/www.31degres.be\/wp-content\/uploads\/2025\/01\/Trustpilot-Excellent.png?resize=1536%2C109&amp;ssl=1 1536w, https:\/\/i0.wp.com\/www.31degres.be\/wp-content\/uploads\/2025\/01\/Trustpilot-Excellent.png?resize=18%2C1&amp;ssl=1 18w, https:\/\/i0.wp.com\/www.31degres.be\/wp-content\/uploads\/2025\/01\/Trustpilot-Excellent.png?resize=600%2C43&amp;ssl=1 600w, https:\/\/i0.wp.com\/www.31degres.be\/wp-content\/uploads\/2025\/01\/Trustpilot-Excellent.png?w=1600&amp;ssl=1 1600w\" sizes=\"(max-width: 271px) 100vw, 271px\" \/><br \/>\n\u2714\ufe0f 2 years warranty on all watches<br \/>\n\u2714\ufe0f Satisfied or refunded 14 days<br \/>\n\u2714\ufe0f Fast Delivery<\/p>\n<p>\ud83c\udf81 <em data-start=\"599\" data-end=\"632\"><strong><a href=\"https:\/\/www.31degres.be\/en\/programme-de-fidelite\/\">\u2714 \u20ac1 spent = 1 loyalty point<\/a>.<\/strong><br \/>\n<strong>\u2764\ufe0f <a href=\"https:\/\/www.31degres.be\/en\/engagement-solidaire\/\">5% donated to help the most needy.<\/a><\/strong><br \/>\n<\/em><\/p>","protected":false},"featured_media":381105,"template":"","meta":{"site-sidebar-layout":"default","site-content-layout":"default","ast-site-content-layout":"default","site-content-style":"default","site-sidebar-style":"default","ast-global-header-display":"","ast-banner-title-visibility":"","ast-main-header-display":"","ast-hfb-above-header-display":"","ast-hfb-below-header-display":"","ast-hfb-mobile-header-display":"","site-post-title":"","ast-breadcrumbs-content":"","ast-featured-img":"","footer-sml-layout":"","theme-transparent-header-meta":"disabled","adv-header-id-meta":"","stick-header-meta":"","header-above-stick-meta":"","header-main-stick-meta":"","header-below-stick-meta":"","astra-migrate-meta-layouts":"set","ast-page-background-enabled":"default","ast-page-background-meta":{"desktop":{"background-color":"","background-image":"","background-repeat":"repeat","background-position":"center center","background-size":"auto","background-attachment":"scroll","background-type":"","background-media":"","overlay-type":"","overlay-color":"","overlay-opacity":"","overlay-gradient":""},"tablet":{"background-color":"","background-image":"","background-repeat":"repeat","background-position":"center center","background-size":"auto","background-attachment":"scroll","background-type":"","background-media":"","overlay-type":"","overlay-color":"","overlay-opacity":"","overlay-gradient":""},"mobile":{"background-color":"","background-image":"","background-repeat":"repeat","background-position":"center center","background-size":"auto","background-attachment":"scroll","background-type":"","background-media":"","overlay-type":"","overlay-color":"","overlay-opacity":"","overlay-gradient":""}},"ast-content-background-meta":{"desktop":{"background-color":"var(--ast-global-color-5)","background-image":"","background-repeat":"repeat","background-position":"center center","background-size":"auto","background-attachment":"scroll","background-type":"","background-media":"","overlay-type":"","overlay-color":"","overlay-opacity":"","overlay-gradient":""},"tablet":{"background-color":"var(--ast-global-color-5)","background-image":"","background-repeat":"repeat","background-position":"center center","background-size":"auto","background-attachment":"scroll","background-type":"","background-media":"","overlay-type":"","overlay-color":"","overlay-opacity":"","overlay-gradient":""},"mobile":{"background-color":"var(--ast-global-color-5)","background-image":"","background-repeat":"repeat","background-position":"center center","background-size":"auto","background-attachment":"scroll","background-type":"","background-media":"","overlay-type":"","overlay-color":"","overlay-opacity":"","overlay-gradient":""}}},"product_brand":[],"product_cat":[66],"product_tag":[136,77,785,140,79],"class_list":{"0":"post-381100","1":"product","2":"type-product","3":"status-publish","4":"has-post-thumbnail","6":"product_cat-michael-kors-montres-femme","7":"product_tag-darci","8":"product_tag-michael-kors","9":"product_tag-mk3220","10":"product_tag-rose-dore","11":"product_tag-strass","12":"desktop-align-left","13":"tablet-align-left","14":"mobile-align-left","16":"first","17":"instock","18":"taxable","19":"shipping-taxable","20":"purchasable","21":"product-type-simple"},"yoast_head":"<!-- This site is optimized with the Yoast SEO plugin v27.4 - https:\/\/yoast.com\/product\/yoast-seo-wordpress\/ -->\n<title>Michael Kors Darci MK3220 \u2013 \u00c9l\u00e9gance Rose Gold<\/title>\n<meta name=\"description\" content=\"Brillez avec la montre Michael Kors Darci MK3220 en or rose. \u00c9l\u00e9gance, finesse et style raffin\u00e9 pour sublimer chaque tenue f\u00e9minine.\" \/>\n<meta name=\"robots\" content=\"index, follow, max-snippet:-1, max-image-preview:large, max-video-preview:-1\" \/>\n<link rel=\"canonical\" href=\"https:\/\/www.31degres.be\/en\/product\/michael-kors-darci-mk3220-rose-gold\/\" \/>\n<meta property=\"og:locale\" content=\"en_GB\" \/>\n<meta property=\"og:type\" content=\"article\" \/>\n<meta property=\"og:title\" content=\"Michael Kors Darci MK3220 \u2013 \u00c9l\u00e9gance Rose Gold\" \/>\n<meta property=\"og:description\" content=\"Brillez avec la montre Michael Kors Darci MK3220 en or rose. \u00c9l\u00e9gance, finesse et style raffin\u00e9 pour sublimer chaque tenue f\u00e9minine.\" \/>\n<meta property=\"og:url\" content=\"https:\/\/www.31degres.be\/en\/product\/michael-kors-darci-mk3220-rose-gold\/\" \/>\n<meta property=\"og:site_name\" content=\"31 Degr\u00e9s Boutique\" \/>\n<meta property=\"article:publisher\" content=\"https:\/\/www.facebook.com\/31degresboutique\" \/>\n<meta property=\"article:modified_time\" content=\"2025-10-13T10:01:18+00:00\" \/>\n<meta property=\"og:image\" content=\"https:\/\/www.31degres.be\/wp-content\/uploads\/2025\/10\/mk3220-michael-kors-watch-women-crystals-white-dial-metal-stainless-steel-rose-gold-strap-quartz-battery-analog-three-hand-darci.webp\" \/>\n\t<meta property=\"og:image:width\" content=\"1200\" \/>\n\t<meta property=\"og:image:height\" content=\"1200\" \/>\n\t<meta property=\"og:image:type\" content=\"image\/webp\" \/>\n<meta name=\"twitter:card\" content=\"summary_large_image\" \/>\n<meta name=\"twitter:label1\" content=\"Estimated reading time\" \/>\n\t<meta name=\"twitter:data1\" content=\"2 minutes\" \/>\n<script type=\"application\/ld+json\" class=\"yoast-schema-graph\">{\"@context\":\"https:\\\/\\\/schema.org\",\"@graph\":[{\"@type\":\"WebPage\",\"@id\":\"https:\\\/\\\/www.31degres.be\\\/produit\\\/michael-kors-darci-mk3220-rose-gold\\\/\",\"url\":\"https:\\\/\\\/www.31degres.be\\\/produit\\\/michael-kors-darci-mk3220-rose-gold\\\/\",\"name\":\"Michael Kors Darci MK3220 \u2013 \u00c9l\u00e9gance Rose Gold\",\"isPartOf\":{\"@id\":\"https:\\\/\\\/www.31degres.be\\\/#website\"},\"primaryImageOfPage\":{\"@id\":\"https:\\\/\\\/www.31degres.be\\\/produit\\\/michael-kors-darci-mk3220-rose-gold\\\/#primaryimage\"},\"image\":{\"@id\":\"https:\\\/\\\/www.31degres.be\\\/produit\\\/michael-kors-darci-mk3220-rose-gold\\\/#primaryimage\"},\"thumbnailUrl\":\"https:\\\/\\\/i0.wp.com\\\/www.31degres.be\\\/wp-content\\\/uploads\\\/2025\\\/10\\\/mk3220-michael-kors-watch-women-crystals-white-dial-metal-stainless-steel-rose-gold-strap-quartz-battery-analog-three-hand-darci.webp?fit=1200%2C1200&ssl=1\",\"datePublished\":\"2025-10-13T09:48:03+00:00\",\"dateModified\":\"2025-10-13T10:01:18+00:00\",\"description\":\"Brillez avec la montre Michael Kors Darci MK3220 en or rose. \u00c9l\u00e9gance, finesse et style raffin\u00e9 pour sublimer chaque tenue f\u00e9minine.\",\"breadcrumb\":{\"@id\":\"https:\\\/\\\/www.31degres.be\\\/produit\\\/michael-kors-darci-mk3220-rose-gold\\\/#breadcrumb\"},\"inLanguage\":\"en-GB\",\"potentialAction\":[{\"@type\":\"ReadAction\",\"target\":[\"https:\\\/\\\/www.31degres.be\\\/produit\\\/michael-kors-darci-mk3220-rose-gold\\\/\"]}]},{\"@type\":\"ImageObject\",\"inLanguage\":\"en-GB\",\"@id\":\"https:\\\/\\\/www.31degres.be\\\/produit\\\/michael-kors-darci-mk3220-rose-gold\\\/#primaryimage\",\"url\":\"https:\\\/\\\/i0.wp.com\\\/www.31degres.be\\\/wp-content\\\/uploads\\\/2025\\\/10\\\/mk3220-michael-kors-watch-women-crystals-white-dial-metal-stainless-steel-rose-gold-strap-quartz-battery-analog-three-hand-darci.webp?fit=1200%2C1200&ssl=1\",\"contentUrl\":\"https:\\\/\\\/i0.wp.com\\\/www.31degres.be\\\/wp-content\\\/uploads\\\/2025\\\/10\\\/mk3220-michael-kors-watch-women-crystals-white-dial-metal-stainless-steel-rose-gold-strap-quartz-battery-analog-three-hand-darci.webp?fit=1200%2C1200&ssl=1\",\"width\":1200,\"height\":1200,\"caption\":\"Michael Kors Darci MK3220\"},{\"@type\":\"BreadcrumbList\",\"@id\":\"https:\\\/\\\/www.31degres.be\\\/produit\\\/michael-kors-darci-mk3220-rose-gold\\\/#breadcrumb\",\"itemListElement\":[{\"@type\":\"ListItem\",\"position\":1,\"name\":\"Accueil\",\"item\":\"https:\\\/\\\/www.31degres.be\\\/\"},{\"@type\":\"ListItem\",\"position\":2,\"name\":\"Boutique\",\"item\":\"https:\\\/\\\/www.31degres.be\\\/boutique\\\/\"},{\"@type\":\"ListItem\",\"position\":3,\"name\":\"Michael Kors Darci MK3220 Rose Gold\"}]},{\"@type\":\"WebSite\",\"@id\":\"https:\\\/\\\/www.31degres.be\\\/#website\",\"url\":\"https:\\\/\\\/www.31degres.be\\\/\",\"name\":\"31 Degr\u00e9s Boutique\",\"description\":\"Always With Style\",\"publisher\":{\"@id\":\"https:\\\/\\\/www.31degres.be\\\/#organization\"},\"alternateName\":\"31 Degr\u00e9s Boutique\",\"potentialAction\":[{\"@type\":\"SearchAction\",\"target\":{\"@type\":\"EntryPoint\",\"urlTemplate\":\"https:\\\/\\\/www.31degres.be\\\/?s={search_term_string}\"},\"query-input\":{\"@type\":\"PropertyValueSpecification\",\"valueRequired\":true,\"valueName\":\"search_term_string\"}}],\"inLanguage\":\"en-GB\"},{\"@type\":\"Organization\",\"@id\":\"https:\\\/\\\/www.31degres.be\\\/#organization\",\"name\":\"31 Degr\u00e9s Boutique\",\"url\":\"https:\\\/\\\/www.31degres.be\\\/\",\"logo\":{\"@type\":\"ImageObject\",\"inLanguage\":\"en-GB\",\"@id\":\"https:\\\/\\\/www.31degres.be\\\/#\\\/schema\\\/logo\\\/image\\\/\",\"url\":\"https:\\\/\\\/i0.wp.com\\\/www.31degres.be\\\/wp-content\\\/uploads\\\/2023\\\/08\\\/cropped-cropped-31-DEGRES-LOGO-FINALai.png?fit=1468%2C408&ssl=1\",\"contentUrl\":\"https:\\\/\\\/i0.wp.com\\\/www.31degres.be\\\/wp-content\\\/uploads\\\/2023\\\/08\\\/cropped-cropped-31-DEGRES-LOGO-FINALai.png?fit=1468%2C408&ssl=1\",\"width\":1468,\"height\":408,\"caption\":\"31 Degr\u00e9s Boutique\"},\"image\":{\"@id\":\"https:\\\/\\\/www.31degres.be\\\/#\\\/schema\\\/logo\\\/image\\\/\"},\"sameAs\":[\"https:\\\/\\\/www.facebook.com\\\/31degresboutique\",\"https:\\\/\\\/instagram.com\\\/31degresboutique?igshid=OGQ5ZDc2ODk2ZA==\",\"https:\\\/\\\/t.snapchat.com\\\/TYq1giLw\"]}]}<\/script>\n<!-- \/ Yoast SEO plugin. -->","yoast_head_json":{"title":"Michael Kors Darci MK3220 \u2013 \u00c9l\u00e9gance Rose Gold","description":"Brillez avec la montre Michael Kors Darci MK3220 en or rose. \u00c9l\u00e9gance, finesse et style raffin\u00e9 pour sublimer chaque tenue f\u00e9minine.","robots":{"index":"index","follow":"follow","max-snippet":"max-snippet:-1","max-image-preview":"max-image-preview:large","max-video-preview":"max-video-preview:-1"},"canonical":"https:\/\/www.31degres.be\/en\/product\/michael-kors-darci-mk3220-rose-gold\/","og_locale":"en_GB","og_type":"article","og_title":"Michael Kors Darci MK3220 \u2013 \u00c9l\u00e9gance Rose Gold","og_description":"Brillez avec la montre Michael Kors Darci MK3220 en or rose. \u00c9l\u00e9gance, finesse et style raffin\u00e9 pour sublimer chaque tenue f\u00e9minine.","og_url":"https:\/\/www.31degres.be\/en\/product\/michael-kors-darci-mk3220-rose-gold\/","og_site_name":"31 Degr\u00e9s Boutique","article_publisher":"https:\/\/www.facebook.com\/31degresboutique","article_modified_time":"2025-10-13T10:01:18+00:00","og_image":[{"width":1200,"height":1200,"url":"https:\/\/www.31degres.be\/wp-content\/uploads\/2025\/10\/mk3220-michael-kors-watch-women-crystals-white-dial-metal-stainless-steel-rose-gold-strap-quartz-battery-analog-three-hand-darci.webp","type":"image\/webp"}],"twitter_card":"summary_large_image","twitter_misc":{"Estimated reading time":"2 minutes"},"schema":{"@context":"https:\/\/schema.org","@graph":[{"@type":"WebPage","@id":"https:\/\/www.31degres.be\/produit\/michael-kors-darci-mk3220-rose-gold\/","url":"https:\/\/www.31degres.be\/produit\/michael-kors-darci-mk3220-rose-gold\/","name":"Michael Kors Darci MK3220 \u2013 \u00c9l\u00e9gance Rose Gold","isPartOf":{"@id":"https:\/\/www.31degres.be\/#website"},"primaryImageOfPage":{"@id":"https:\/\/www.31degres.be\/produit\/michael-kors-darci-mk3220-rose-gold\/#primaryimage"},"image":{"@id":"https:\/\/www.31degres.be\/produit\/michael-kors-darci-mk3220-rose-gold\/#primaryimage"},"thumbnailUrl":"https:\/\/i0.wp.com\/www.31degres.be\/wp-content\/uploads\/2025\/10\/mk3220-michael-kors-watch-women-crystals-white-dial-metal-stainless-steel-rose-gold-strap-quartz-battery-analog-three-hand-darci.webp?fit=1200%2C1200&ssl=1","datePublished":"2025-10-13T09:48:03+00:00","dateModified":"2025-10-13T10:01:18+00:00","description":"Brillez avec la montre Michael Kors Darci MK3220 en or rose. \u00c9l\u00e9gance, finesse et style raffin\u00e9 pour sublimer chaque tenue f\u00e9minine.","breadcrumb":{"@id":"https:\/\/www.31degres.be\/produit\/michael-kors-darci-mk3220-rose-gold\/#breadcrumb"},"inLanguage":"en-GB","potentialAction":[{"@type":"ReadAction","target":["https:\/\/www.31degres.be\/produit\/michael-kors-darci-mk3220-rose-gold\/"]}]},{"@type":"ImageObject","inLanguage":"en-GB","@id":"https:\/\/www.31degres.be\/produit\/michael-kors-darci-mk3220-rose-gold\/#primaryimage","url":"https:\/\/i0.wp.com\/www.31degres.be\/wp-content\/uploads\/2025\/10\/mk3220-michael-kors-watch-women-crystals-white-dial-metal-stainless-steel-rose-gold-strap-quartz-battery-analog-three-hand-darci.webp?fit=1200%2C1200&ssl=1","contentUrl":"https:\/\/i0.wp.com\/www.31degres.be\/wp-content\/uploads\/2025\/10\/mk3220-michael-kors-watch-women-crystals-white-dial-metal-stainless-steel-rose-gold-strap-quartz-battery-analog-three-hand-darci.webp?fit=1200%2C1200&ssl=1","width":1200,"height":1200,"caption":"Michael Kors Darci MK3220"},{"@type":"BreadcrumbList","@id":"https:\/\/www.31degres.be\/produit\/michael-kors-darci-mk3220-rose-gold\/#breadcrumb","itemListElement":[{"@type":"ListItem","position":1,"name":"Accueil","item":"https:\/\/www.31degres.be\/"},{"@type":"ListItem","position":2,"name":"Boutique","item":"https:\/\/www.31degres.be\/boutique\/"},{"@type":"ListItem","position":3,"name":"Michael Kors Darci MK3220 Rose Gold"}]},{"@type":"WebSite","@id":"https:\/\/www.31degres.be\/#website","url":"https:\/\/www.31degres.be\/","name":"31 Degr\u00e9s Boutique","description":"Always With Style","publisher":{"@id":"https:\/\/www.31degres.be\/#organization"},"alternateName":"31 Degr\u00e9s Boutique","potentialAction":[{"@type":"SearchAction","target":{"@type":"EntryPoint","urlTemplate":"https:\/\/www.31degres.be\/?s={search_term_string}"},"query-input":{"@type":"PropertyValueSpecification","valueRequired":true,"valueName":"search_term_string"}}],"inLanguage":"en-GB"},{"@type":"Organization","@id":"https:\/\/www.31degres.be\/#organization","name":"31 Degr\u00e9s Boutique","url":"https:\/\/www.31degres.be\/","logo":{"@type":"ImageObject","inLanguage":"en-GB","@id":"https:\/\/www.31degres.be\/#\/schema\/logo\/image\/","url":"https:\/\/i0.wp.com\/www.31degres.be\/wp-content\/uploads\/2023\/08\/cropped-cropped-31-DEGRES-LOGO-FINALai.png?fit=1468%2C408&ssl=1","contentUrl":"https:\/\/i0.wp.com\/www.31degres.be\/wp-content\/uploads\/2023\/08\/cropped-cropped-31-DEGRES-LOGO-FINALai.png?fit=1468%2C408&ssl=1","width":1468,"height":408,"caption":"31 Degr\u00e9s Boutique"},"image":{"@id":"https:\/\/www.31degres.be\/#\/schema\/logo\/image\/"},"sameAs":["https:\/\/www.facebook.com\/31degresboutique","https:\/\/instagram.com\/31degresboutique?igshid=OGQ5ZDc2ODk2ZA==","https:\/\/t.snapchat.com\/TYq1giLw"]}]}},"jetpack_sharing_enabled":true,"_links":{"self":[{"href":"https:\/\/www.31degres.be\/en\/wp-json\/wp\/v2\/product\/381100","targetHints":{"allow":["GET"]}}],"collection":[{"href":"https:\/\/www.31degres.be\/en\/wp-json\/wp\/v2\/product"}],"about":[{"href":"https:\/\/www.31degres.be\/en\/wp-json\/wp\/v2\/types\/product"}],"version-history":[{"count":0,"href":"https:\/\/www.31degres.be\/en\/wp-json\/wp\/v2\/product\/381100\/revisions"}],"wp:featuredmedia":[{"embeddable":true,"href":"https:\/\/www.31degres.be\/en\/wp-json\/wp\/v2\/media\/381105"}],"wp:attachment":[{"href":"https:\/\/www.31degres.be\/en\/wp-json\/wp\/v2\/media?parent=381100"}],"wp:term":[{"taxonomy":"product_brand","embeddable":true,"href":"https:\/\/www.31degres.be\/en\/wp-json\/wp\/v2\/product_brand?post=381100"},{"taxonomy":"product_cat","embeddable":true,"href":"https:\/\/www.31degres.be\/en\/wp-json\/wp\/v2\/product_cat?post=381100"},{"taxonomy":"product_tag","embeddable":true,"href":"https:\/\/www.31degres.be\/en\/wp-json\/wp\/v2\/product_tag?post=381100"}],"curies":[{"name":"wp","href":"https:\/\/api.w.org\/{rel}","templated":true}]}}