{"id":381123,"date":"2025-10-13T12:58:21","date_gmt":"2025-10-13T10:58:21","guid":{"rendered":"https:\/\/www.31degres.be\/?post_type=product&#038;p=381123"},"modified":"2026-03-06T14:02:17","modified_gmt":"2026-03-06T13:02:17","slug":"tissot-seastar-1000-t120-210-11-041-00","status":"publish","type":"product","link":"https:\/\/www.31degres.be\/en\/product\/tissot-seastar-1000-t120-210-11-041-00\/","title":{"rendered":"Tissot Seastar 1000 36mm Bleu"},"content":{"rendered":"<p data-start=\"203\" data-end=\"276\">Tissot Seastar 1000 T120.210.11.041.00 36mm Bleu \u2013 \u00c9l\u00e9gance, Performance et Aventure<\/p>\n<p data-start=\"278\" data-end=\"682\">Plongez dans l\u2019univers de la Tissot Seastar 1000 T120.210.11.041.00, une montre pour femme et unisexe qui marie style raffin\u00e9 et performance exceptionnelle. Avec son bo\u00eetier de 36 mm au format universel, elle s\u2019adapte \u00e0 tous les poignets, offrant un \u00e9quilibre parfait entre \u00e9l\u00e9gance et confort. Son cadran bleu profond \u00e9voque la s\u00e9r\u00e9nit\u00e9 de l\u2019oc\u00e9an et attire instantan\u00e9ment le regard.<\/p>\n<p data-start=\"684\" data-end=\"1037\">R\u00e9sistance et performance sous-marine.<br data-start=\"728\" data-end=\"731\" \/>Con\u00e7ue pour les amateurs de plong\u00e9e, la Tissot Seastar 1000 garantit une \u00e9tanch\u00e9it\u00e9 jusqu\u2019\u00e0 300 m\u00e8tres, id\u00e9ale pour affronter les profondeurs en toute confiance. Sa lunette tournante unidirectionnelle permet de mesurer avec pr\u00e9cision le temps pass\u00e9 sous l\u2019eau, un gage de s\u00e9curit\u00e9 et de ma\u00eetrise.<\/p>\n<p data-start=\"1039\" data-end=\"1288\">Pr\u00e9cision suisse in\u00e9gal\u00e9e.<br data-start=\"1071\" data-end=\"1074\" \/>Son mouvement quartz de haute qualit\u00e9 assure une fiabilit\u00e9 \u00e0 toute \u00e9preuve et une ponctualit\u00e9 irr\u00e9prochable, jour apr\u00e8s jour. Vous b\u00e9n\u00e9ficiez de la pr\u00e9cision embl\u00e9matique de l\u2019horlogerie suisse sign\u00e9e Tissot.<\/p>\n<p data-start=\"1290\" data-end=\"1556\">Design intemporel et polyvalent.<br data-start=\"1327\" data-end=\"1330\" \/>Avec son bracelet en acier inoxydable et ses finitions soign\u00e9es, cette montre s\u2019adapte \u00e0 toutes les occasions : sorties, travail ou plong\u00e9e. Sa polyvalence en fait un accessoire de mode et de performance \u00e0 la fois.<\/p>\n<p data-start=\"1558\" data-end=\"1776\">La <a href=\"https:\/\/www.31degres.be\/en\/product-category\/montres-femme\/tissot-femme\/\">Tissot<\/a> Seastar 1000 36mm Bleu n\u2019est pas qu\u2019une montre, c\u2019est une d\u00e9claration de confiance et de libert\u00e9. \u00c9l\u00e9gante, robuste et pr\u00e9cise, elle incarne l\u2019esprit de celles et ceux qui veulent tout vivre \u00e0 1000 %.<\/p>","protected":false},"excerpt":{"rendered":"<p><img decoding=\"async\" class=\"alignnone wp-image-77303 aligncenter\" src=\"https:\/\/www.31degres.be\/wp-content\/uploads\/2025\/01\/Trustpilot-Excellent-300x21.png\" alt=\"\" width=\"271\" height=\"19\" srcset=\"https:\/\/i0.wp.com\/www.31degres.be\/wp-content\/uploads\/2025\/01\/Trustpilot-Excellent.png?resize=300%2C21&amp;ssl=1 300w, https:\/\/i0.wp.com\/www.31degres.be\/wp-content\/uploads\/2025\/01\/Trustpilot-Excellent.png?resize=1024%2C73&amp;ssl=1 1024w, https:\/\/i0.wp.com\/www.31degres.be\/wp-content\/uploads\/2025\/01\/Trustpilot-Excellent.png?resize=768%2C55&amp;ssl=1 768w, https:\/\/i0.wp.com\/www.31degres.be\/wp-content\/uploads\/2025\/01\/Trustpilot-Excellent.png?resize=1536%2C109&amp;ssl=1 1536w, https:\/\/i0.wp.com\/www.31degres.be\/wp-content\/uploads\/2025\/01\/Trustpilot-Excellent.png?resize=18%2C1&amp;ssl=1 18w, https:\/\/i0.wp.com\/www.31degres.be\/wp-content\/uploads\/2025\/01\/Trustpilot-Excellent.png?resize=600%2C43&amp;ssl=1 600w, https:\/\/i0.wp.com\/www.31degres.be\/wp-content\/uploads\/2025\/01\/Trustpilot-Excellent.png?w=1600&amp;ssl=1 1600w\" sizes=\"(max-width: 271px) 100vw, 271px\" \/><br \/>\n\u2714\ufe0f 2 years warranty on all watches<br \/>\n\u2714\ufe0f Satisfied or refunded 14 days<br \/>\n\u2714\ufe0f Fast Delivery<\/p>\n<p>\ud83c\udf81 <em data-start=\"599\" data-end=\"632\"><strong><a href=\"https:\/\/www.31degres.be\/en\/programme-de-fidelite\/\">\u20ac1 spent = 1 loyalty point<\/a>.<\/strong><br \/>\n<strong>\u2764\ufe0f <a href=\"https:\/\/www.31degres.be\/en\/engagement-solidaire\/\">5% donated to help the most needy.<\/a><\/strong><br \/>\n<\/em><\/p>","protected":false},"featured_media":381128,"template":"","meta":{"site-sidebar-layout":"default","site-content-layout":"","ast-site-content-layout":"default","site-content-style":"default","site-sidebar-style":"default","ast-global-header-display":"","ast-banner-title-visibility":"","ast-main-header-display":"","ast-hfb-above-header-display":"","ast-hfb-below-header-display":"","ast-hfb-mobile-header-display":"","site-post-title":"","ast-breadcrumbs-content":"","ast-featured-img":"","footer-sml-layout":"","theme-transparent-header-meta":"disabled","adv-header-id-meta":"","stick-header-meta":"","header-above-stick-meta":"","header-main-stick-meta":"","header-below-stick-meta":"","astra-migrate-meta-layouts":"set","ast-page-background-enabled":"default","ast-page-background-meta":{"desktop":{"background-color":"","background-image":"","background-repeat":"repeat","background-position":"center center","background-size":"auto","background-attachment":"scroll","background-type":"","background-media":"","overlay-type":"","overlay-color":"","overlay-opacity":"","overlay-gradient":""},"tablet":{"background-color":"","background-image":"","background-repeat":"repeat","background-position":"center center","background-size":"auto","background-attachment":"scroll","background-type":"","background-media":"","overlay-type":"","overlay-color":"","overlay-opacity":"","overlay-gradient":""},"mobile":{"background-color":"","background-image":"","background-repeat":"repeat","background-position":"center center","background-size":"auto","background-attachment":"scroll","background-type":"","background-media":"","overlay-type":"","overlay-color":"","overlay-opacity":"","overlay-gradient":""}},"ast-content-background-meta":{"desktop":{"background-color":"var(--ast-global-color-5)","background-image":"","background-repeat":"repeat","background-position":"center center","background-size":"auto","background-attachment":"scroll","background-type":"","background-media":"","overlay-type":"","overlay-color":"","overlay-opacity":"","overlay-gradient":""},"tablet":{"background-color":"var(--ast-global-color-5)","background-image":"","background-repeat":"repeat","background-position":"center center","background-size":"auto","background-attachment":"scroll","background-type":"","background-media":"","overlay-type":"","overlay-color":"","overlay-opacity":"","overlay-gradient":""},"mobile":{"background-color":"var(--ast-global-color-5)","background-image":"","background-repeat":"repeat","background-position":"center center","background-size":"auto","background-attachment":"scroll","background-type":"","background-media":"","overlay-type":"","overlay-color":"","overlay-opacity":"","overlay-gradient":""}}},"product_brand":[728],"product_cat":[564,547],"product_tag":[615,119,613,616,791,545],"class_list":{"0":"post-381123","1":"product","2":"type-product","3":"status-publish","4":"has-post-thumbnail","6":"product_brand-tissot","7":"product_cat-tissot-femme","8":"product_cat-tissot-homme","9":"product_tag-615","10":"product_tag-bleu","11":"product_tag-quartz","12":"product_tag-seastar","13":"product_tag-t120-210-11-041-00","14":"product_tag-tissot","15":"desktop-align-left","16":"tablet-align-left","17":"mobile-align-left","19":"first","20":"onbackorder","21":"taxable","22":"shipping-taxable","23":"purchasable","24":"product-type-simple"},"yoast_head":"<!-- This site is optimized with the Yoast SEO plugin v27.5 - https:\/\/yoast.com\/product\/yoast-seo-wordpress\/ -->\n<title>Tissot Seastar 1000 T120.210.11.041.00 36mm Bleu \u2013 \u00c9l\u00e9gance<\/title>\n<meta name=\"description\" content=\"D\u00e9couvrez la Tissot Seastar 1000 T120.210.11.041.00 36mm Bleu, une montre femme alliant luxe, pr\u00e9cision suisse et \u00e9l\u00e9gance marine.\" \/>\n<meta name=\"robots\" content=\"index, follow, max-snippet:-1, max-image-preview:large, max-video-preview:-1\" \/>\n<link rel=\"canonical\" href=\"https:\/\/www.31degres.be\/en\/product\/tissot-seastar-1000-t120-210-11-041-00\/\" \/>\n<meta property=\"og:locale\" content=\"en_GB\" \/>\n<meta property=\"og:type\" content=\"article\" \/>\n<meta property=\"og:title\" content=\"Tissot Seastar 1000 T120.210.11.041.00 36mm Bleu \u2013 \u00c9l\u00e9gance\" \/>\n<meta property=\"og:description\" content=\"D\u00e9couvrez la Tissot Seastar 1000 T120.210.11.041.00 36mm Bleu, une montre femme alliant luxe, pr\u00e9cision suisse et \u00e9l\u00e9gance marine.\" \/>\n<meta property=\"og:url\" content=\"https:\/\/www.31degres.be\/en\/product\/tissot-seastar-1000-t120-210-11-041-00\/\" \/>\n<meta property=\"og:site_name\" content=\"31 Degr\u00e9s Boutique\" \/>\n<meta property=\"article:publisher\" content=\"https:\/\/www.facebook.com\/31degresboutique\" \/>\n<meta property=\"article:modified_time\" content=\"2026-03-06T13:02:17+00:00\" \/>\n<meta property=\"og:image\" content=\"https:\/\/www.31degres.be\/wp-content\/uploads\/2025\/10\/tissot-t1202101104100-seastar-1000-lady-15659429.webp\" \/>\n\t<meta property=\"og:image:width\" content=\"1000\" \/>\n\t<meta property=\"og:image:height\" content=\"1000\" \/>\n\t<meta property=\"og:image:type\" content=\"image\/webp\" \/>\n<meta name=\"twitter:card\" content=\"summary_large_image\" \/>\n<meta name=\"twitter:label1\" content=\"Estimated reading time\" \/>\n\t<meta name=\"twitter:data1\" content=\"2 minutes\" \/>\n<script type=\"application\/ld+json\" class=\"yoast-schema-graph\">{\"@context\":\"https:\\\/\\\/schema.org\",\"@graph\":[{\"@type\":\"WebPage\",\"@id\":\"https:\\\/\\\/www.31degres.be\\\/produit\\\/tissot-seastar-1000-t120-210-11-041-00\\\/\",\"url\":\"https:\\\/\\\/www.31degres.be\\\/produit\\\/tissot-seastar-1000-t120-210-11-041-00\\\/\",\"name\":\"Tissot Seastar 1000 T120.210.11.041.00 36mm Bleu \u2013 \u00c9l\u00e9gance\",\"isPartOf\":{\"@id\":\"https:\\\/\\\/www.31degres.be\\\/#website\"},\"primaryImageOfPage\":{\"@id\":\"https:\\\/\\\/www.31degres.be\\\/produit\\\/tissot-seastar-1000-t120-210-11-041-00\\\/#primaryimage\"},\"image\":{\"@id\":\"https:\\\/\\\/www.31degres.be\\\/produit\\\/tissot-seastar-1000-t120-210-11-041-00\\\/#primaryimage\"},\"thumbnailUrl\":\"https:\\\/\\\/i0.wp.com\\\/www.31degres.be\\\/wp-content\\\/uploads\\\/2025\\\/10\\\/tissot-t1202101104100-seastar-1000-lady-15659429.webp?fit=1000%2C1000&ssl=1\",\"datePublished\":\"2025-10-13T10:58:21+00:00\",\"dateModified\":\"2026-03-06T13:02:17+00:00\",\"description\":\"D\u00e9couvrez la Tissot Seastar 1000 T120.210.11.041.00 36mm Bleu, une montre femme alliant luxe, pr\u00e9cision suisse et \u00e9l\u00e9gance marine.\",\"breadcrumb\":{\"@id\":\"https:\\\/\\\/www.31degres.be\\\/produit\\\/tissot-seastar-1000-t120-210-11-041-00\\\/#breadcrumb\"},\"inLanguage\":\"en-GB\",\"potentialAction\":[{\"@type\":\"ReadAction\",\"target\":[\"https:\\\/\\\/www.31degres.be\\\/produit\\\/tissot-seastar-1000-t120-210-11-041-00\\\/\"]}]},{\"@type\":\"ImageObject\",\"inLanguage\":\"en-GB\",\"@id\":\"https:\\\/\\\/www.31degres.be\\\/produit\\\/tissot-seastar-1000-t120-210-11-041-00\\\/#primaryimage\",\"url\":\"https:\\\/\\\/i0.wp.com\\\/www.31degres.be\\\/wp-content\\\/uploads\\\/2025\\\/10\\\/tissot-t1202101104100-seastar-1000-lady-15659429.webp?fit=1000%2C1000&ssl=1\",\"contentUrl\":\"https:\\\/\\\/i0.wp.com\\\/www.31degres.be\\\/wp-content\\\/uploads\\\/2025\\\/10\\\/tissot-t1202101104100-seastar-1000-lady-15659429.webp?fit=1000%2C1000&ssl=1\",\"width\":1000,\"height\":1000,\"caption\":\"Tissot Seastar 1000 36mm Bleu\"},{\"@type\":\"BreadcrumbList\",\"@id\":\"https:\\\/\\\/www.31degres.be\\\/produit\\\/tissot-seastar-1000-t120-210-11-041-00\\\/#breadcrumb\",\"itemListElement\":[{\"@type\":\"ListItem\",\"position\":1,\"name\":\"Accueil\",\"item\":\"https:\\\/\\\/www.31degres.be\\\/\"},{\"@type\":\"ListItem\",\"position\":2,\"name\":\"Boutique\",\"item\":\"https:\\\/\\\/www.31degres.be\\\/boutique\\\/\"},{\"@type\":\"ListItem\",\"position\":3,\"name\":\"Tissot Seastar 1000 36mm Bleu\"}]},{\"@type\":\"WebSite\",\"@id\":\"https:\\\/\\\/www.31degres.be\\\/#website\",\"url\":\"https:\\\/\\\/www.31degres.be\\\/\",\"name\":\"31 Degr\u00e9s Boutique\",\"description\":\"Always With Style\",\"publisher\":{\"@id\":\"https:\\\/\\\/www.31degres.be\\\/#organization\"},\"alternateName\":\"31 Degr\u00e9s Boutique\",\"potentialAction\":[{\"@type\":\"SearchAction\",\"target\":{\"@type\":\"EntryPoint\",\"urlTemplate\":\"https:\\\/\\\/www.31degres.be\\\/?s={search_term_string}\"},\"query-input\":{\"@type\":\"PropertyValueSpecification\",\"valueRequired\":true,\"valueName\":\"search_term_string\"}}],\"inLanguage\":\"en-GB\"},{\"@type\":\"Organization\",\"@id\":\"https:\\\/\\\/www.31degres.be\\\/#organization\",\"name\":\"31 Degr\u00e9s Boutique\",\"url\":\"https:\\\/\\\/www.31degres.be\\\/\",\"logo\":{\"@type\":\"ImageObject\",\"inLanguage\":\"en-GB\",\"@id\":\"https:\\\/\\\/www.31degres.be\\\/#\\\/schema\\\/logo\\\/image\\\/\",\"url\":\"https:\\\/\\\/i0.wp.com\\\/www.31degres.be\\\/wp-content\\\/uploads\\\/2023\\\/08\\\/cropped-cropped-31-DEGRES-LOGO-FINALai.png?fit=1468%2C408&ssl=1\",\"contentUrl\":\"https:\\\/\\\/i0.wp.com\\\/www.31degres.be\\\/wp-content\\\/uploads\\\/2023\\\/08\\\/cropped-cropped-31-DEGRES-LOGO-FINALai.png?fit=1468%2C408&ssl=1\",\"width\":1468,\"height\":408,\"caption\":\"31 Degr\u00e9s Boutique\"},\"image\":{\"@id\":\"https:\\\/\\\/www.31degres.be\\\/#\\\/schema\\\/logo\\\/image\\\/\"},\"sameAs\":[\"https:\\\/\\\/www.facebook.com\\\/31degresboutique\",\"https:\\\/\\\/instagram.com\\\/31degresboutique?igshid=OGQ5ZDc2ODk2ZA==\",\"https:\\\/\\\/t.snapchat.com\\\/TYq1giLw\"]}]}<\/script>\n<!-- \/ Yoast SEO plugin. -->","yoast_head_json":{"title":"Tissot Seastar 1000 T120.210.11.041.00 36mm Bleu \u2013 \u00c9l\u00e9gance","description":"D\u00e9couvrez la Tissot Seastar 1000 T120.210.11.041.00 36mm Bleu, une montre femme alliant luxe, pr\u00e9cision suisse et \u00e9l\u00e9gance marine.","robots":{"index":"index","follow":"follow","max-snippet":"max-snippet:-1","max-image-preview":"max-image-preview:large","max-video-preview":"max-video-preview:-1"},"canonical":"https:\/\/www.31degres.be\/en\/product\/tissot-seastar-1000-t120-210-11-041-00\/","og_locale":"en_GB","og_type":"article","og_title":"Tissot Seastar 1000 T120.210.11.041.00 36mm Bleu \u2013 \u00c9l\u00e9gance","og_description":"D\u00e9couvrez la Tissot Seastar 1000 T120.210.11.041.00 36mm Bleu, une montre femme alliant luxe, pr\u00e9cision suisse et \u00e9l\u00e9gance marine.","og_url":"https:\/\/www.31degres.be\/en\/product\/tissot-seastar-1000-t120-210-11-041-00\/","og_site_name":"31 Degr\u00e9s Boutique","article_publisher":"https:\/\/www.facebook.com\/31degresboutique","article_modified_time":"2026-03-06T13:02:17+00:00","og_image":[{"width":1000,"height":1000,"url":"https:\/\/www.31degres.be\/wp-content\/uploads\/2025\/10\/tissot-t1202101104100-seastar-1000-lady-15659429.webp","type":"image\/webp"}],"twitter_card":"summary_large_image","twitter_misc":{"Estimated reading time":"2 minutes"},"schema":{"@context":"https:\/\/schema.org","@graph":[{"@type":"WebPage","@id":"https:\/\/www.31degres.be\/produit\/tissot-seastar-1000-t120-210-11-041-00\/","url":"https:\/\/www.31degres.be\/produit\/tissot-seastar-1000-t120-210-11-041-00\/","name":"Tissot Seastar 1000 T120.210.11.041.00 36mm Bleu \u2013 \u00c9l\u00e9gance","isPartOf":{"@id":"https:\/\/www.31degres.be\/#website"},"primaryImageOfPage":{"@id":"https:\/\/www.31degres.be\/produit\/tissot-seastar-1000-t120-210-11-041-00\/#primaryimage"},"image":{"@id":"https:\/\/www.31degres.be\/produit\/tissot-seastar-1000-t120-210-11-041-00\/#primaryimage"},"thumbnailUrl":"https:\/\/i0.wp.com\/www.31degres.be\/wp-content\/uploads\/2025\/10\/tissot-t1202101104100-seastar-1000-lady-15659429.webp?fit=1000%2C1000&ssl=1","datePublished":"2025-10-13T10:58:21+00:00","dateModified":"2026-03-06T13:02:17+00:00","description":"D\u00e9couvrez la Tissot Seastar 1000 T120.210.11.041.00 36mm Bleu, une montre femme alliant luxe, pr\u00e9cision suisse et \u00e9l\u00e9gance marine.","breadcrumb":{"@id":"https:\/\/www.31degres.be\/produit\/tissot-seastar-1000-t120-210-11-041-00\/#breadcrumb"},"inLanguage":"en-GB","potentialAction":[{"@type":"ReadAction","target":["https:\/\/www.31degres.be\/produit\/tissot-seastar-1000-t120-210-11-041-00\/"]}]},{"@type":"ImageObject","inLanguage":"en-GB","@id":"https:\/\/www.31degres.be\/produit\/tissot-seastar-1000-t120-210-11-041-00\/#primaryimage","url":"https:\/\/i0.wp.com\/www.31degres.be\/wp-content\/uploads\/2025\/10\/tissot-t1202101104100-seastar-1000-lady-15659429.webp?fit=1000%2C1000&ssl=1","contentUrl":"https:\/\/i0.wp.com\/www.31degres.be\/wp-content\/uploads\/2025\/10\/tissot-t1202101104100-seastar-1000-lady-15659429.webp?fit=1000%2C1000&ssl=1","width":1000,"height":1000,"caption":"Tissot Seastar 1000 36mm Bleu"},{"@type":"BreadcrumbList","@id":"https:\/\/www.31degres.be\/produit\/tissot-seastar-1000-t120-210-11-041-00\/#breadcrumb","itemListElement":[{"@type":"ListItem","position":1,"name":"Accueil","item":"https:\/\/www.31degres.be\/"},{"@type":"ListItem","position":2,"name":"Boutique","item":"https:\/\/www.31degres.be\/boutique\/"},{"@type":"ListItem","position":3,"name":"Tissot Seastar 1000 36mm Bleu"}]},{"@type":"WebSite","@id":"https:\/\/www.31degres.be\/#website","url":"https:\/\/www.31degres.be\/","name":"31 Degr\u00e9s Boutique","description":"Always With Style","publisher":{"@id":"https:\/\/www.31degres.be\/#organization"},"alternateName":"31 Degr\u00e9s Boutique","potentialAction":[{"@type":"SearchAction","target":{"@type":"EntryPoint","urlTemplate":"https:\/\/www.31degres.be\/?s={search_term_string}"},"query-input":{"@type":"PropertyValueSpecification","valueRequired":true,"valueName":"search_term_string"}}],"inLanguage":"en-GB"},{"@type":"Organization","@id":"https:\/\/www.31degres.be\/#organization","name":"31 Degr\u00e9s Boutique","url":"https:\/\/www.31degres.be\/","logo":{"@type":"ImageObject","inLanguage":"en-GB","@id":"https:\/\/www.31degres.be\/#\/schema\/logo\/image\/","url":"https:\/\/i0.wp.com\/www.31degres.be\/wp-content\/uploads\/2023\/08\/cropped-cropped-31-DEGRES-LOGO-FINALai.png?fit=1468%2C408&ssl=1","contentUrl":"https:\/\/i0.wp.com\/www.31degres.be\/wp-content\/uploads\/2023\/08\/cropped-cropped-31-DEGRES-LOGO-FINALai.png?fit=1468%2C408&ssl=1","width":1468,"height":408,"caption":"31 Degr\u00e9s Boutique"},"image":{"@id":"https:\/\/www.31degres.be\/#\/schema\/logo\/image\/"},"sameAs":["https:\/\/www.facebook.com\/31degresboutique","https:\/\/instagram.com\/31degresboutique?igshid=OGQ5ZDc2ODk2ZA==","https:\/\/t.snapchat.com\/TYq1giLw"]}]}},"jetpack_sharing_enabled":true,"_links":{"self":[{"href":"https:\/\/www.31degres.be\/en\/wp-json\/wp\/v2\/product\/381123","targetHints":{"allow":["GET"]}}],"collection":[{"href":"https:\/\/www.31degres.be\/en\/wp-json\/wp\/v2\/product"}],"about":[{"href":"https:\/\/www.31degres.be\/en\/wp-json\/wp\/v2\/types\/product"}],"version-history":[{"count":0,"href":"https:\/\/www.31degres.be\/en\/wp-json\/wp\/v2\/product\/381123\/revisions"}],"wp:featuredmedia":[{"embeddable":true,"href":"https:\/\/www.31degres.be\/en\/wp-json\/wp\/v2\/media\/381128"}],"wp:attachment":[{"href":"https:\/\/www.31degres.be\/en\/wp-json\/wp\/v2\/media?parent=381123"}],"wp:term":[{"taxonomy":"product_brand","embeddable":true,"href":"https:\/\/www.31degres.be\/en\/wp-json\/wp\/v2\/product_brand?post=381123"},{"taxonomy":"product_cat","embeddable":true,"href":"https:\/\/www.31degres.be\/en\/wp-json\/wp\/v2\/product_cat?post=381123"},{"taxonomy":"product_tag","embeddable":true,"href":"https:\/\/www.31degres.be\/en\/wp-json\/wp\/v2\/product_tag?post=381123"}],"curies":[{"name":"wp","href":"https:\/\/api.w.org\/{rel}","templated":true}]}}