{"id":381131,"date":"2025-10-13T13:27:34","date_gmt":"2025-10-13T11:27:34","guid":{"rendered":"https:\/\/www.31degres.be\/?post_type=product&#038;p=381131"},"modified":"2026-02-24T11:36:47","modified_gmt":"2026-02-24T10:36:47","slug":"seiko-5-sports-ssk043k1","status":"publish","type":"product","link":"https:\/\/www.31degres.be\/en\/product\/seiko-5-sports-ssk043k1\/","title":{"rendered":"Seiko 5 Sports GMT SSK043K1 &#8211; Limited Edition"},"content":{"rendered":"<p><a href=\"https:\/\/www.31degres.be\/en\/product-category\/montres-homme\/seiko-homme\/\">Seiko<\/a> 5 Sports GMT SSK043K1 \u2013 L\u2019\u00e9dition limit\u00e9e qui allie sport et \u00e9l\u00e9gance<\/p>\n<p>D\u00e9couvrez la Seiko 5 Sports GMT SSK043K1, une montre pour homme en \u00e9dition limit\u00e9e \u00e0 seulement 1 300 exemplaires, inspir\u00e9e de l\u2019\u00e9nergie et du style du basketball. Son cadran cuivre m\u00e9tallis\u00e9 rappelle la texture authentique d\u2019un ballon de basket, tandis que sa lunette GMT bicolore noire et grise permet de suivre deux fuseaux horaires simultan\u00e9ment, id\u00e9ale pour les voyageurs et les passionn\u00e9s de sport international.<\/p>\n<p>Cette montre ne se contente pas d\u2019\u00eatre esth\u00e9tique : elle est performante et fiable. \u00c9quip\u00e9e du mouvement automatique 4R34 avec 41 heures de r\u00e9serve de marche, elle garantit un chronom\u00e9trage pr\u00e9cis au quotidien. Son bo\u00eetier en acier inoxydable de 42,5 mm et son bracelet assorti offrent \u00e0 la fois robustesse et confort, pour accompagner toutes vos aventures avec style.<\/p>\n<p>Trois avantages cl\u00e9s qui font la diff\u00e9rence :<\/p>\n<ol data-start=\"1186\" data-end=\"1509\">\n<li data-start=\"1186\" data-end=\"1279\">\u00c9dition limit\u00e9e \u2013 une montre rare, collector, qui se d\u00e9marque dans toute collection.<\/li>\n<li data-start=\"1280\" data-end=\"1404\">Design inspir\u00e9 du basketball \u2013 un cadran dynamique et une esth\u00e9tique unique pour les amateurs de sport et de style.<\/li>\n<li data-start=\"1405\" data-end=\"1509\">Fonction GMT avanc\u00e9e \u2013 pratique pour voyager ou g\u00e9rer plusieurs fuseaux horaires avec \u00e9l\u00e9gance.<\/li>\n<\/ol>\n<p>Avec son look sportif-chic, sa performance technique et sa raret\u00e9, la Seiko 5 Sports GMT SSK043K1 transforme chaque moment en exp\u00e9rience unique. Que vous soyez un passionn\u00e9 de montres ou un fan de basketball, cette \u00e9dition limit\u00e9e est le choix parfait pour affirmer votre style et votre personnalit\u00e9.<\/p>\n<p>Ne laissez pas passer l\u2019opportunit\u00e9 de poss\u00e9der une montre exclusive et captivante \u2013 un v\u00e9ritable bijou \u00e0 la fois technique et esth\u00e9tique.<\/p>","protected":false},"excerpt":{"rendered":"<p><img decoding=\"async\" class=\"alignnone wp-image-77303 aligncenter\" src=\"https:\/\/www.31degres.be\/wp-content\/uploads\/2025\/01\/Trustpilot-Excellent-300x21.png\" alt=\"\" width=\"271\" height=\"19\" srcset=\"https:\/\/i0.wp.com\/www.31degres.be\/wp-content\/uploads\/2025\/01\/Trustpilot-Excellent.png?resize=300%2C21&amp;ssl=1 300w, https:\/\/i0.wp.com\/www.31degres.be\/wp-content\/uploads\/2025\/01\/Trustpilot-Excellent.png?resize=1024%2C73&amp;ssl=1 1024w, https:\/\/i0.wp.com\/www.31degres.be\/wp-content\/uploads\/2025\/01\/Trustpilot-Excellent.png?resize=768%2C55&amp;ssl=1 768w, https:\/\/i0.wp.com\/www.31degres.be\/wp-content\/uploads\/2025\/01\/Trustpilot-Excellent.png?resize=1536%2C109&amp;ssl=1 1536w, https:\/\/i0.wp.com\/www.31degres.be\/wp-content\/uploads\/2025\/01\/Trustpilot-Excellent.png?resize=18%2C1&amp;ssl=1 18w, https:\/\/i0.wp.com\/www.31degres.be\/wp-content\/uploads\/2025\/01\/Trustpilot-Excellent.png?resize=600%2C43&amp;ssl=1 600w, https:\/\/i0.wp.com\/www.31degres.be\/wp-content\/uploads\/2025\/01\/Trustpilot-Excellent.png?w=1600&amp;ssl=1 1600w\" sizes=\"(max-width: 271px) 100vw, 271px\" \/><br \/>\n\u2714\ufe0f 2 years warranty on all watches<br \/>\n\u2714\ufe0f Satisfied or refunded 14 days<br \/>\n\u2714\ufe0f Fast Delivery<\/p>\n<p>\ud83c\udf81 <em data-start=\"599\" data-end=\"632\"><strong><a href=\"https:\/\/www.31degres.be\/en\/programme-de-fidelite\/\">\u20ac1 spent = 1 loyalty point<\/a>.<\/strong><br \/>\n<strong>\u2764\ufe0f <a href=\"https:\/\/www.31degres.be\/en\/engagement-solidaire\/\">5% donated to help the most needy.<\/a><\/strong><br \/>\n<\/em><\/p>","protected":false},"featured_media":381136,"template":"","meta":{"site-sidebar-layout":"default","site-content-layout":"","ast-site-content-layout":"default","site-content-style":"default","site-sidebar-style":"default","ast-global-header-display":"","ast-banner-title-visibility":"","ast-main-header-display":"","ast-hfb-above-header-display":"","ast-hfb-below-header-display":"","ast-hfb-mobile-header-display":"","site-post-title":"","ast-breadcrumbs-content":"","ast-featured-img":"","footer-sml-layout":"","theme-transparent-header-meta":"disabled","adv-header-id-meta":"","stick-header-meta":"","header-above-stick-meta":"","header-main-stick-meta":"","header-below-stick-meta":"","astra-migrate-meta-layouts":"set","ast-page-background-enabled":"default","ast-page-background-meta":{"desktop":{"background-color":"","background-image":"","background-repeat":"repeat","background-position":"center center","background-size":"auto","background-attachment":"scroll","background-type":"","background-media":"","overlay-type":"","overlay-color":"","overlay-opacity":"","overlay-gradient":""},"tablet":{"background-color":"","background-image":"","background-repeat":"repeat","background-position":"center center","background-size":"auto","background-attachment":"scroll","background-type":"","background-media":"","overlay-type":"","overlay-color":"","overlay-opacity":"","overlay-gradient":""},"mobile":{"background-color":"","background-image":"","background-repeat":"repeat","background-position":"center center","background-size":"auto","background-attachment":"scroll","background-type":"","background-media":"","overlay-type":"","overlay-color":"","overlay-opacity":"","overlay-gradient":""}},"ast-content-background-meta":{"desktop":{"background-color":"var(--ast-global-color-5)","background-image":"","background-repeat":"repeat","background-position":"center center","background-size":"auto","background-attachment":"scroll","background-type":"","background-media":"","overlay-type":"","overlay-color":"","overlay-opacity":"","overlay-gradient":""},"tablet":{"background-color":"var(--ast-global-color-5)","background-image":"","background-repeat":"repeat","background-position":"center center","background-size":"auto","background-attachment":"scroll","background-type":"","background-media":"","overlay-type":"","overlay-color":"","overlay-opacity":"","overlay-gradient":""},"mobile":{"background-color":"var(--ast-global-color-5)","background-image":"","background-repeat":"repeat","background-position":"center center","background-size":"auto","background-attachment":"scroll","background-type":"","background-media":"","overlay-type":"","overlay-color":"","overlay-opacity":"","overlay-gradient":""}}},"product_brand":[],"product_cat":[567],"product_tag":[579,578,795],"class_list":{"0":"post-381131","1":"product","2":"type-product","3":"status-publish","4":"has-post-thumbnail","6":"product_cat-seiko-homme","7":"product_tag-seiko","8":"product_tag-sports","9":"product_tag-ssk043k1","10":"desktop-align-left","11":"tablet-align-left","12":"mobile-align-left","14":"first","15":"onbackorder","16":"taxable","17":"shipping-taxable","18":"purchasable","19":"product-type-simple"},"yoast_head":"<!-- This site is optimized with the Yoast SEO plugin v27.5 - https:\/\/yoast.com\/product\/yoast-seo-wordpress\/ -->\n<title>Seiko 5 Sports SSK043K1 GMT \u2013 Montre Homme Limit\u00e9e<\/title>\n<meta name=\"description\" content=\"D\u00e9couvrez la Seiko 5 Sports GMT SSK043K1, \u00e9dition limit\u00e9e pour hommes. Montre sportive et \u00e9l\u00e9gante, parfaite pour les collectionneurs et amateurs de style.\" \/>\n<meta name=\"robots\" content=\"index, follow, max-snippet:-1, max-image-preview:large, max-video-preview:-1\" \/>\n<link rel=\"canonical\" href=\"https:\/\/www.31degres.be\/en\/product\/seiko-5-sports-ssk043k1\/\" \/>\n<meta property=\"og:locale\" content=\"en_GB\" \/>\n<meta property=\"og:type\" content=\"article\" \/>\n<meta property=\"og:title\" content=\"Seiko 5 Sports SSK043K1 GMT \u2013 Montre Homme Limit\u00e9e\" \/>\n<meta property=\"og:description\" content=\"D\u00e9couvrez la Seiko 5 Sports GMT SSK043K1, \u00e9dition limit\u00e9e pour hommes. Montre sportive et \u00e9l\u00e9gante, parfaite pour les collectionneurs et amateurs de style.\" \/>\n<meta property=\"og:url\" content=\"https:\/\/www.31degres.be\/en\/product\/seiko-5-sports-ssk043k1\/\" \/>\n<meta property=\"og:site_name\" content=\"31 Degr\u00e9s Boutique\" \/>\n<meta property=\"article:publisher\" content=\"https:\/\/www.facebook.com\/31degresboutique\" \/>\n<meta property=\"article:modified_time\" content=\"2026-02-24T10:36:47+00:00\" \/>\n<meta property=\"og:image\" content=\"https:\/\/www.31degres.be\/wp-content\/uploads\/2025\/10\/MONTRE-SEIKO-5-SPORTS-THE-SLAMDUNK-STYLE-EDITION_SSK043K1_1.webp\" \/>\n\t<meta property=\"og:image:width\" content=\"800\" \/>\n\t<meta property=\"og:image:height\" content=\"800\" \/>\n\t<meta property=\"og:image:type\" content=\"image\/webp\" \/>\n<meta name=\"twitter:card\" content=\"summary_large_image\" \/>\n<meta name=\"twitter:label1\" content=\"Estimated reading time\" \/>\n\t<meta name=\"twitter:data1\" content=\"2 minutes\" \/>\n<script type=\"application\/ld+json\" class=\"yoast-schema-graph\">{\"@context\":\"https:\\\/\\\/schema.org\",\"@graph\":[{\"@type\":\"WebPage\",\"@id\":\"https:\\\/\\\/www.31degres.be\\\/produit\\\/seiko-5-sports-ssk043k1\\\/\",\"url\":\"https:\\\/\\\/www.31degres.be\\\/produit\\\/seiko-5-sports-ssk043k1\\\/\",\"name\":\"Seiko 5 Sports SSK043K1 GMT \u2013 Montre Homme Limit\u00e9e\",\"isPartOf\":{\"@id\":\"https:\\\/\\\/www.31degres.be\\\/#website\"},\"primaryImageOfPage\":{\"@id\":\"https:\\\/\\\/www.31degres.be\\\/produit\\\/seiko-5-sports-ssk043k1\\\/#primaryimage\"},\"image\":{\"@id\":\"https:\\\/\\\/www.31degres.be\\\/produit\\\/seiko-5-sports-ssk043k1\\\/#primaryimage\"},\"thumbnailUrl\":\"https:\\\/\\\/i0.wp.com\\\/www.31degres.be\\\/wp-content\\\/uploads\\\/2025\\\/10\\\/MONTRE-SEIKO-5-SPORTS-THE-SLAMDUNK-STYLE-EDITION_SSK043K1_1.webp?fit=800%2C800&ssl=1\",\"datePublished\":\"2025-10-13T11:27:34+00:00\",\"dateModified\":\"2026-02-24T10:36:47+00:00\",\"description\":\"D\u00e9couvrez la Seiko 5 Sports GMT SSK043K1, \u00e9dition limit\u00e9e pour hommes. Montre sportive et \u00e9l\u00e9gante, parfaite pour les collectionneurs et amateurs de style.\",\"breadcrumb\":{\"@id\":\"https:\\\/\\\/www.31degres.be\\\/produit\\\/seiko-5-sports-ssk043k1\\\/#breadcrumb\"},\"inLanguage\":\"en-GB\",\"potentialAction\":[{\"@type\":\"ReadAction\",\"target\":[\"https:\\\/\\\/www.31degres.be\\\/produit\\\/seiko-5-sports-ssk043k1\\\/\"]}]},{\"@type\":\"ImageObject\",\"inLanguage\":\"en-GB\",\"@id\":\"https:\\\/\\\/www.31degres.be\\\/produit\\\/seiko-5-sports-ssk043k1\\\/#primaryimage\",\"url\":\"https:\\\/\\\/i0.wp.com\\\/www.31degres.be\\\/wp-content\\\/uploads\\\/2025\\\/10\\\/MONTRE-SEIKO-5-SPORTS-THE-SLAMDUNK-STYLE-EDITION_SSK043K1_1.webp?fit=800%2C800&ssl=1\",\"contentUrl\":\"https:\\\/\\\/i0.wp.com\\\/www.31degres.be\\\/wp-content\\\/uploads\\\/2025\\\/10\\\/MONTRE-SEIKO-5-SPORTS-THE-SLAMDUNK-STYLE-EDITION_SSK043K1_1.webp?fit=800%2C800&ssl=1\",\"width\":800,\"height\":800},{\"@type\":\"BreadcrumbList\",\"@id\":\"https:\\\/\\\/www.31degres.be\\\/produit\\\/seiko-5-sports-ssk043k1\\\/#breadcrumb\",\"itemListElement\":[{\"@type\":\"ListItem\",\"position\":1,\"name\":\"Accueil\",\"item\":\"https:\\\/\\\/www.31degres.be\\\/\"},{\"@type\":\"ListItem\",\"position\":2,\"name\":\"Boutique\",\"item\":\"https:\\\/\\\/www.31degres.be\\\/boutique\\\/\"},{\"@type\":\"ListItem\",\"position\":3,\"name\":\"Seiko 5 Sports GMT SSK043K1 &#8211; Limited Edition\"}]},{\"@type\":\"WebSite\",\"@id\":\"https:\\\/\\\/www.31degres.be\\\/#website\",\"url\":\"https:\\\/\\\/www.31degres.be\\\/\",\"name\":\"31 Degr\u00e9s Boutique\",\"description\":\"Always With Style\",\"publisher\":{\"@id\":\"https:\\\/\\\/www.31degres.be\\\/#organization\"},\"alternateName\":\"31 Degr\u00e9s Boutique\",\"potentialAction\":[{\"@type\":\"SearchAction\",\"target\":{\"@type\":\"EntryPoint\",\"urlTemplate\":\"https:\\\/\\\/www.31degres.be\\\/?s={search_term_string}\"},\"query-input\":{\"@type\":\"PropertyValueSpecification\",\"valueRequired\":true,\"valueName\":\"search_term_string\"}}],\"inLanguage\":\"en-GB\"},{\"@type\":\"Organization\",\"@id\":\"https:\\\/\\\/www.31degres.be\\\/#organization\",\"name\":\"31 Degr\u00e9s Boutique\",\"url\":\"https:\\\/\\\/www.31degres.be\\\/\",\"logo\":{\"@type\":\"ImageObject\",\"inLanguage\":\"en-GB\",\"@id\":\"https:\\\/\\\/www.31degres.be\\\/#\\\/schema\\\/logo\\\/image\\\/\",\"url\":\"https:\\\/\\\/i0.wp.com\\\/www.31degres.be\\\/wp-content\\\/uploads\\\/2023\\\/08\\\/cropped-cropped-31-DEGRES-LOGO-FINALai.png?fit=1468%2C408&ssl=1\",\"contentUrl\":\"https:\\\/\\\/i0.wp.com\\\/www.31degres.be\\\/wp-content\\\/uploads\\\/2023\\\/08\\\/cropped-cropped-31-DEGRES-LOGO-FINALai.png?fit=1468%2C408&ssl=1\",\"width\":1468,\"height\":408,\"caption\":\"31 Degr\u00e9s Boutique\"},\"image\":{\"@id\":\"https:\\\/\\\/www.31degres.be\\\/#\\\/schema\\\/logo\\\/image\\\/\"},\"sameAs\":[\"https:\\\/\\\/www.facebook.com\\\/31degresboutique\",\"https:\\\/\\\/instagram.com\\\/31degresboutique?igshid=OGQ5ZDc2ODk2ZA==\",\"https:\\\/\\\/t.snapchat.com\\\/TYq1giLw\"]}]}<\/script>\n<!-- \/ Yoast SEO plugin. -->","yoast_head_json":{"title":"Seiko 5 Sports SSK043K1 GMT \u2013 Montre Homme Limit\u00e9e","description":"D\u00e9couvrez la Seiko 5 Sports GMT SSK043K1, \u00e9dition limit\u00e9e pour hommes. Montre sportive et \u00e9l\u00e9gante, parfaite pour les collectionneurs et amateurs de style.","robots":{"index":"index","follow":"follow","max-snippet":"max-snippet:-1","max-image-preview":"max-image-preview:large","max-video-preview":"max-video-preview:-1"},"canonical":"https:\/\/www.31degres.be\/en\/product\/seiko-5-sports-ssk043k1\/","og_locale":"en_GB","og_type":"article","og_title":"Seiko 5 Sports SSK043K1 GMT \u2013 Montre Homme Limit\u00e9e","og_description":"D\u00e9couvrez la Seiko 5 Sports GMT SSK043K1, \u00e9dition limit\u00e9e pour hommes. Montre sportive et \u00e9l\u00e9gante, parfaite pour les collectionneurs et amateurs de style.","og_url":"https:\/\/www.31degres.be\/en\/product\/seiko-5-sports-ssk043k1\/","og_site_name":"31 Degr\u00e9s Boutique","article_publisher":"https:\/\/www.facebook.com\/31degresboutique","article_modified_time":"2026-02-24T10:36:47+00:00","og_image":[{"width":800,"height":800,"url":"https:\/\/www.31degres.be\/wp-content\/uploads\/2025\/10\/MONTRE-SEIKO-5-SPORTS-THE-SLAMDUNK-STYLE-EDITION_SSK043K1_1.webp","type":"image\/webp"}],"twitter_card":"summary_large_image","twitter_misc":{"Estimated reading time":"2 minutes"},"schema":{"@context":"https:\/\/schema.org","@graph":[{"@type":"WebPage","@id":"https:\/\/www.31degres.be\/produit\/seiko-5-sports-ssk043k1\/","url":"https:\/\/www.31degres.be\/produit\/seiko-5-sports-ssk043k1\/","name":"Seiko 5 Sports SSK043K1 GMT \u2013 Montre Homme Limit\u00e9e","isPartOf":{"@id":"https:\/\/www.31degres.be\/#website"},"primaryImageOfPage":{"@id":"https:\/\/www.31degres.be\/produit\/seiko-5-sports-ssk043k1\/#primaryimage"},"image":{"@id":"https:\/\/www.31degres.be\/produit\/seiko-5-sports-ssk043k1\/#primaryimage"},"thumbnailUrl":"https:\/\/i0.wp.com\/www.31degres.be\/wp-content\/uploads\/2025\/10\/MONTRE-SEIKO-5-SPORTS-THE-SLAMDUNK-STYLE-EDITION_SSK043K1_1.webp?fit=800%2C800&ssl=1","datePublished":"2025-10-13T11:27:34+00:00","dateModified":"2026-02-24T10:36:47+00:00","description":"D\u00e9couvrez la Seiko 5 Sports GMT SSK043K1, \u00e9dition limit\u00e9e pour hommes. Montre sportive et \u00e9l\u00e9gante, parfaite pour les collectionneurs et amateurs de style.","breadcrumb":{"@id":"https:\/\/www.31degres.be\/produit\/seiko-5-sports-ssk043k1\/#breadcrumb"},"inLanguage":"en-GB","potentialAction":[{"@type":"ReadAction","target":["https:\/\/www.31degres.be\/produit\/seiko-5-sports-ssk043k1\/"]}]},{"@type":"ImageObject","inLanguage":"en-GB","@id":"https:\/\/www.31degres.be\/produit\/seiko-5-sports-ssk043k1\/#primaryimage","url":"https:\/\/i0.wp.com\/www.31degres.be\/wp-content\/uploads\/2025\/10\/MONTRE-SEIKO-5-SPORTS-THE-SLAMDUNK-STYLE-EDITION_SSK043K1_1.webp?fit=800%2C800&ssl=1","contentUrl":"https:\/\/i0.wp.com\/www.31degres.be\/wp-content\/uploads\/2025\/10\/MONTRE-SEIKO-5-SPORTS-THE-SLAMDUNK-STYLE-EDITION_SSK043K1_1.webp?fit=800%2C800&ssl=1","width":800,"height":800},{"@type":"BreadcrumbList","@id":"https:\/\/www.31degres.be\/produit\/seiko-5-sports-ssk043k1\/#breadcrumb","itemListElement":[{"@type":"ListItem","position":1,"name":"Accueil","item":"https:\/\/www.31degres.be\/"},{"@type":"ListItem","position":2,"name":"Boutique","item":"https:\/\/www.31degres.be\/boutique\/"},{"@type":"ListItem","position":3,"name":"Seiko 5 Sports GMT SSK043K1 &#8211; Limited Edition"}]},{"@type":"WebSite","@id":"https:\/\/www.31degres.be\/#website","url":"https:\/\/www.31degres.be\/","name":"31 Degr\u00e9s Boutique","description":"Always With Style","publisher":{"@id":"https:\/\/www.31degres.be\/#organization"},"alternateName":"31 Degr\u00e9s Boutique","potentialAction":[{"@type":"SearchAction","target":{"@type":"EntryPoint","urlTemplate":"https:\/\/www.31degres.be\/?s={search_term_string}"},"query-input":{"@type":"PropertyValueSpecification","valueRequired":true,"valueName":"search_term_string"}}],"inLanguage":"en-GB"},{"@type":"Organization","@id":"https:\/\/www.31degres.be\/#organization","name":"31 Degr\u00e9s Boutique","url":"https:\/\/www.31degres.be\/","logo":{"@type":"ImageObject","inLanguage":"en-GB","@id":"https:\/\/www.31degres.be\/#\/schema\/logo\/image\/","url":"https:\/\/i0.wp.com\/www.31degres.be\/wp-content\/uploads\/2023\/08\/cropped-cropped-31-DEGRES-LOGO-FINALai.png?fit=1468%2C408&ssl=1","contentUrl":"https:\/\/i0.wp.com\/www.31degres.be\/wp-content\/uploads\/2023\/08\/cropped-cropped-31-DEGRES-LOGO-FINALai.png?fit=1468%2C408&ssl=1","width":1468,"height":408,"caption":"31 Degr\u00e9s Boutique"},"image":{"@id":"https:\/\/www.31degres.be\/#\/schema\/logo\/image\/"},"sameAs":["https:\/\/www.facebook.com\/31degresboutique","https:\/\/instagram.com\/31degresboutique?igshid=OGQ5ZDc2ODk2ZA==","https:\/\/t.snapchat.com\/TYq1giLw"]}]}},"jetpack_sharing_enabled":true,"_links":{"self":[{"href":"https:\/\/www.31degres.be\/en\/wp-json\/wp\/v2\/product\/381131","targetHints":{"allow":["GET"]}}],"collection":[{"href":"https:\/\/www.31degres.be\/en\/wp-json\/wp\/v2\/product"}],"about":[{"href":"https:\/\/www.31degres.be\/en\/wp-json\/wp\/v2\/types\/product"}],"version-history":[{"count":0,"href":"https:\/\/www.31degres.be\/en\/wp-json\/wp\/v2\/product\/381131\/revisions"}],"wp:featuredmedia":[{"embeddable":true,"href":"https:\/\/www.31degres.be\/en\/wp-json\/wp\/v2\/media\/381136"}],"wp:attachment":[{"href":"https:\/\/www.31degres.be\/en\/wp-json\/wp\/v2\/media?parent=381131"}],"wp:term":[{"taxonomy":"product_brand","embeddable":true,"href":"https:\/\/www.31degres.be\/en\/wp-json\/wp\/v2\/product_brand?post=381131"},{"taxonomy":"product_cat","embeddable":true,"href":"https:\/\/www.31degres.be\/en\/wp-json\/wp\/v2\/product_cat?post=381131"},{"taxonomy":"product_tag","embeddable":true,"href":"https:\/\/www.31degres.be\/en\/wp-json\/wp\/v2\/product_tag?post=381131"}],"curies":[{"name":"wp","href":"https:\/\/api.w.org\/{rel}","templated":true}]}}