{"id":382701,"date":"2025-12-24T10:41:10","date_gmt":"2025-12-24T09:41:10","guid":{"rendered":"https:\/\/www.31degres.be\/?post_type=product&#038;p=382701"},"modified":"2026-02-24T11:27:31","modified_gmt":"2026-02-24T10:27:31","slug":"emporio-armani-gianni-ar11594","status":"publish","type":"product","link":"https:\/\/www.31degres.be\/en\/product\/emporio-armani-gianni-ar11594\/","title":{"rendered":"Emporio Armani Gianni T-Bar AR11092 Blue"},"content":{"rendered":"<p data-start=\"1188\" data-end=\"1456\">The Emporio Armani Gianni AR11594 Blue perfectly embodies the Italian elegance cherished by the House of <a href=\"https:\/\/www.31degres.be\/en\/product-category\/montres-femme\/emporio-armani-montres-femme\/\">Armani<\/a>Designed for modern women, this watch combines finesse, simplicity and refinement in a timeless design that discreetly enhances any wrist.<\/p>\n<p data-start=\"1458\" data-end=\"1770\">Its elegant blue dial immediately catches the eye. Both soft and sophisticated, it adds a touch of character while remaining easy to match. The delicate hour markers and sleek hands ensure clear readability, while the overall design reflects a feminine, chic and perfectly balanced style.<\/p>\n<p data-start=\"1772\" data-end=\"2096\">The finely crafted case highlights the watch's elegant silhouette. It fits naturally on the wrist and offers optimal comfort throughout the day. Thanks to its harmonious lines and meticulous finishes, the Gianni AR11594 can be worn both on a daily basis and on more formal occasions.<\/p>\n<p data-start=\"2098\" data-end=\"2386\">This watch stands out for its versatility. It elegantly complements a professional outfit, stylishly completes a casual look and adds a refined touch to evening wear. It quickly becomes an essential accessory, capable of enhancing every moment.<\/p>\n<p data-start=\"2388\" data-end=\"2690\">With the Emporio Armani Gianni AR11594 Blue, you are choosing much more than a watch. You are choosing a symbol of femininity, taste and sophistication, created by an iconic modern luxury brand. An ideal gift for yourself or someone else, to assert your style with elegance and confidence.<\/p>","protected":false},"excerpt":{"rendered":"<p><img decoding=\"async\" class=\"alignnone wp-image-77303 aligncenter\" src=\"https:\/\/www.31degres.be\/wp-content\/uploads\/2025\/01\/Trustpilot-Excellent-300x21.png\" alt=\"\" width=\"271\" height=\"19\" srcset=\"https:\/\/i0.wp.com\/www.31degres.be\/wp-content\/uploads\/2025\/01\/Trustpilot-Excellent.png?resize=300%2C21&amp;ssl=1 300w, https:\/\/i0.wp.com\/www.31degres.be\/wp-content\/uploads\/2025\/01\/Trustpilot-Excellent.png?resize=1024%2C73&amp;ssl=1 1024w, https:\/\/i0.wp.com\/www.31degres.be\/wp-content\/uploads\/2025\/01\/Trustpilot-Excellent.png?resize=768%2C55&amp;ssl=1 768w, https:\/\/i0.wp.com\/www.31degres.be\/wp-content\/uploads\/2025\/01\/Trustpilot-Excellent.png?resize=1536%2C109&amp;ssl=1 1536w, https:\/\/i0.wp.com\/www.31degres.be\/wp-content\/uploads\/2025\/01\/Trustpilot-Excellent.png?resize=18%2C1&amp;ssl=1 18w, https:\/\/i0.wp.com\/www.31degres.be\/wp-content\/uploads\/2025\/01\/Trustpilot-Excellent.png?resize=600%2C43&amp;ssl=1 600w, https:\/\/i0.wp.com\/www.31degres.be\/wp-content\/uploads\/2025\/01\/Trustpilot-Excellent.png?w=1600&amp;ssl=1 1600w\" sizes=\"(max-width: 271px) 100vw, 271px\" \/><br \/>\n\u2714\ufe0f 2 years warranty on all watches<br \/>\n\u2714\ufe0f Satisfied or refunded 14 days<br \/>\n\u2714\ufe0f Fast Delivery<\/p>\n<p>\ud83c\udf81 <em data-start=\"599\" data-end=\"632\"><strong><a href=\"https:\/\/www.31degres.be\/en\/programme-de-fidelite\/\">\u2714 \u20ac1 spent = 1 loyalty point<\/a>.<\/strong><br \/>\n<strong>\u2764\ufe0f <a href=\"https:\/\/www.31degres.be\/en\/engagement-solidaire\/\">5% donated to help the most needy.<\/a><\/strong><br \/>\n<\/em><\/p>","protected":false},"featured_media":382700,"template":"","meta":{"site-sidebar-layout":"default","site-content-layout":"default","ast-site-content-layout":"default","site-content-style":"default","site-sidebar-style":"default","ast-global-header-display":"","ast-banner-title-visibility":"","ast-main-header-display":"","ast-hfb-above-header-display":"","ast-hfb-below-header-display":"","ast-hfb-mobile-header-display":"","site-post-title":"","ast-breadcrumbs-content":"","ast-featured-img":"","footer-sml-layout":"","theme-transparent-header-meta":"disabled","adv-header-id-meta":"","stick-header-meta":"","header-above-stick-meta":"","header-main-stick-meta":"","header-below-stick-meta":"","astra-migrate-meta-layouts":"set","ast-page-background-enabled":"default","ast-page-background-meta":{"desktop":{"background-color":"","background-image":"","background-repeat":"repeat","background-position":"center center","background-size":"auto","background-attachment":"scroll","background-type":"","background-media":"","overlay-type":"","overlay-color":"","overlay-opacity":"","overlay-gradient":""},"tablet":{"background-color":"","background-image":"","background-repeat":"repeat","background-position":"center center","background-size":"auto","background-attachment":"scroll","background-type":"","background-media":"","overlay-type":"","overlay-color":"","overlay-opacity":"","overlay-gradient":""},"mobile":{"background-color":"","background-image":"","background-repeat":"repeat","background-position":"center center","background-size":"auto","background-attachment":"scroll","background-type":"","background-media":"","overlay-type":"","overlay-color":"","overlay-opacity":"","overlay-gradient":""}},"ast-content-background-meta":{"desktop":{"background-color":"var(--ast-global-color-5)","background-image":"","background-repeat":"repeat","background-position":"center center","background-size":"auto","background-attachment":"scroll","background-type":"","background-media":"","overlay-type":"","overlay-color":"","overlay-opacity":"","overlay-gradient":""},"tablet":{"background-color":"var(--ast-global-color-5)","background-image":"","background-repeat":"repeat","background-position":"center center","background-size":"auto","background-attachment":"scroll","background-type":"","background-media":"","overlay-type":"","overlay-color":"","overlay-opacity":"","overlay-gradient":""},"mobile":{"background-color":"var(--ast-global-color-5)","background-image":"","background-repeat":"repeat","background-position":"center center","background-size":"auto","background-attachment":"scroll","background-type":"","background-media":"","overlay-type":"","overlay-color":"","overlay-opacity":"","overlay-gradient":""}}},"product_brand":[725],"product_cat":[69],"product_tag":[826,78,119,117,291,292],"class_list":{"0":"post-382701","1":"product","2":"type-product","3":"status-publish","4":"has-post-thumbnail","6":"product_brand-emporio-armani","7":"product_cat-emporio-armani-montres-femme","8":"product_tag-ar11594","9":"product_tag-argent","10":"product_tag-bleu","11":"product_tag-emporio-armani","12":"product_tag-gianni","13":"product_tag-t-bar","14":"desktop-align-left","15":"tablet-align-left","16":"mobile-align-left","18":"first","19":"instock","20":"sale","21":"taxable","22":"shipping-taxable","23":"purchasable","24":"product-type-simple"},"yoast_head":"<!-- This site is optimized with the Yoast SEO plugin v27.3 - https:\/\/yoast.com\/product\/yoast-seo-wordpress\/ -->\n<title>Emporio Armani Gianni AR11594 \u2013 Montre Femme Bleue<\/title>\n<meta name=\"description\" content=\"La montre Emporio Armani Gianni AR11594 Bleu incarne l\u2019\u00e9l\u00e9gance f\u00e9minine avec un style chic, moderne et intemporel sign\u00e9 Armani.\" \/>\n<meta name=\"robots\" content=\"index, follow, max-snippet:-1, max-image-preview:large, max-video-preview:-1\" \/>\n<link rel=\"canonical\" href=\"https:\/\/www.31degres.be\/en\/product\/emporio-armani-gianni-ar11594\/\" \/>\n<meta property=\"og:locale\" content=\"en_GB\" \/>\n<meta property=\"og:type\" content=\"article\" \/>\n<meta property=\"og:title\" content=\"Emporio Armani Gianni AR11594 \u2013 Montre Femme Bleue\" \/>\n<meta property=\"og:description\" content=\"La montre Emporio Armani Gianni AR11594 Bleu incarne l\u2019\u00e9l\u00e9gance f\u00e9minine avec un style chic, moderne et intemporel sign\u00e9 Armani.\" \/>\n<meta property=\"og:url\" content=\"https:\/\/www.31degres.be\/en\/product\/emporio-armani-gianni-ar11594\/\" \/>\n<meta property=\"og:site_name\" content=\"31 Degr\u00e9s Boutique\" \/>\n<meta property=\"article:publisher\" content=\"https:\/\/www.facebook.com\/31degresboutique\" \/>\n<meta property=\"article:modified_time\" content=\"2026-02-24T10:27:31+00:00\" \/>\n<meta name=\"twitter:card\" content=\"summary_large_image\" \/>\n<meta name=\"twitter:label1\" content=\"Estimated reading time\" \/>\n\t<meta name=\"twitter:data1\" content=\"2 minutes\" \/>\n<script type=\"application\/ld+json\" class=\"yoast-schema-graph\">{\"@context\":\"https:\\\/\\\/schema.org\",\"@graph\":[{\"@type\":\"WebPage\",\"@id\":\"https:\\\/\\\/www.31degres.be\\\/produit\\\/emporio-armani-gianni-ar11594\\\/\",\"url\":\"https:\\\/\\\/www.31degres.be\\\/produit\\\/emporio-armani-gianni-ar11594\\\/\",\"name\":\"Emporio Armani Gianni AR11594 \u2013 Montre Femme Bleue\",\"isPartOf\":{\"@id\":\"https:\\\/\\\/www.31degres.be\\\/#website\"},\"primaryImageOfPage\":{\"@id\":\"https:\\\/\\\/www.31degres.be\\\/produit\\\/emporio-armani-gianni-ar11594\\\/#primaryimage\"},\"image\":{\"@id\":\"https:\\\/\\\/www.31degres.be\\\/produit\\\/emporio-armani-gianni-ar11594\\\/#primaryimage\"},\"thumbnailUrl\":\"https:\\\/\\\/www.31degres.be\\\/wp-content\\\/uploads\\\/2025\\\/12\\\/montre-emporio-armani-ar11594-1.avif\",\"datePublished\":\"2025-12-24T09:41:10+00:00\",\"dateModified\":\"2026-02-24T10:27:31+00:00\",\"description\":\"La montre Emporio Armani Gianni AR11594 Bleu incarne l\u2019\u00e9l\u00e9gance f\u00e9minine avec un style chic, moderne et intemporel sign\u00e9 Armani.\",\"breadcrumb\":{\"@id\":\"https:\\\/\\\/www.31degres.be\\\/produit\\\/emporio-armani-gianni-ar11594\\\/#breadcrumb\"},\"inLanguage\":\"en-GB\",\"potentialAction\":[{\"@type\":\"ReadAction\",\"target\":[\"https:\\\/\\\/www.31degres.be\\\/produit\\\/emporio-armani-gianni-ar11594\\\/\"]}]},{\"@type\":\"ImageObject\",\"inLanguage\":\"en-GB\",\"@id\":\"https:\\\/\\\/www.31degres.be\\\/produit\\\/emporio-armani-gianni-ar11594\\\/#primaryimage\",\"url\":\"https:\\\/\\\/www.31degres.be\\\/wp-content\\\/uploads\\\/2025\\\/12\\\/montre-emporio-armani-ar11594-1.avif\",\"contentUrl\":\"https:\\\/\\\/www.31degres.be\\\/wp-content\\\/uploads\\\/2025\\\/12\\\/montre-emporio-armani-ar11594-1.avif\",\"width\":500,\"height\":500,\"caption\":\"Emporio Armani Gianni AR11594\"},{\"@type\":\"BreadcrumbList\",\"@id\":\"https:\\\/\\\/www.31degres.be\\\/produit\\\/emporio-armani-gianni-ar11594\\\/#breadcrumb\",\"itemListElement\":[{\"@type\":\"ListItem\",\"position\":1,\"name\":\"Accueil\",\"item\":\"https:\\\/\\\/www.31degres.be\\\/\"},{\"@type\":\"ListItem\",\"position\":2,\"name\":\"Boutique\",\"item\":\"https:\\\/\\\/www.31degres.be\\\/boutique\\\/\"},{\"@type\":\"ListItem\",\"position\":3,\"name\":\"Emporio Armani Gianni AR11594 Bleu\"}]},{\"@type\":\"WebSite\",\"@id\":\"https:\\\/\\\/www.31degres.be\\\/#website\",\"url\":\"https:\\\/\\\/www.31degres.be\\\/\",\"name\":\"31 Degr\u00e9s Boutique\",\"description\":\"Always With Style\",\"publisher\":{\"@id\":\"https:\\\/\\\/www.31degres.be\\\/#organization\"},\"alternateName\":\"31 Degr\u00e9s Boutique\",\"potentialAction\":[{\"@type\":\"SearchAction\",\"target\":{\"@type\":\"EntryPoint\",\"urlTemplate\":\"https:\\\/\\\/www.31degres.be\\\/?s={search_term_string}\"},\"query-input\":{\"@type\":\"PropertyValueSpecification\",\"valueRequired\":true,\"valueName\":\"search_term_string\"}}],\"inLanguage\":\"en-GB\"},{\"@type\":\"Organization\",\"@id\":\"https:\\\/\\\/www.31degres.be\\\/#organization\",\"name\":\"31 Degr\u00e9s Boutique\",\"url\":\"https:\\\/\\\/www.31degres.be\\\/\",\"logo\":{\"@type\":\"ImageObject\",\"inLanguage\":\"en-GB\",\"@id\":\"https:\\\/\\\/www.31degres.be\\\/#\\\/schema\\\/logo\\\/image\\\/\",\"url\":\"https:\\\/\\\/i0.wp.com\\\/www.31degres.be\\\/wp-content\\\/uploads\\\/2023\\\/08\\\/cropped-cropped-31-DEGRES-LOGO-FINALai.png?fit=1468%2C408&ssl=1\",\"contentUrl\":\"https:\\\/\\\/i0.wp.com\\\/www.31degres.be\\\/wp-content\\\/uploads\\\/2023\\\/08\\\/cropped-cropped-31-DEGRES-LOGO-FINALai.png?fit=1468%2C408&ssl=1\",\"width\":1468,\"height\":408,\"caption\":\"31 Degr\u00e9s Boutique\"},\"image\":{\"@id\":\"https:\\\/\\\/www.31degres.be\\\/#\\\/schema\\\/logo\\\/image\\\/\"},\"sameAs\":[\"https:\\\/\\\/www.facebook.com\\\/31degresboutique\",\"https:\\\/\\\/instagram.com\\\/31degresboutique?igshid=OGQ5ZDc2ODk2ZA==\",\"https:\\\/\\\/t.snapchat.com\\\/TYq1giLw\"]}]}<\/script>\n<!-- \/ Yoast SEO plugin. -->","yoast_head_json":{"title":"Emporio Armani Gianni AR11594 \u2013 Montre Femme Bleue","description":"La montre Emporio Armani Gianni AR11594 Bleu incarne l\u2019\u00e9l\u00e9gance f\u00e9minine avec un style chic, moderne et intemporel sign\u00e9 Armani.","robots":{"index":"index","follow":"follow","max-snippet":"max-snippet:-1","max-image-preview":"max-image-preview:large","max-video-preview":"max-video-preview:-1"},"canonical":"https:\/\/www.31degres.be\/en\/product\/emporio-armani-gianni-ar11594\/","og_locale":"en_GB","og_type":"article","og_title":"Emporio Armani Gianni AR11594 \u2013 Montre Femme Bleue","og_description":"La montre Emporio Armani Gianni AR11594 Bleu incarne l\u2019\u00e9l\u00e9gance f\u00e9minine avec un style chic, moderne et intemporel sign\u00e9 Armani.","og_url":"https:\/\/www.31degres.be\/en\/product\/emporio-armani-gianni-ar11594\/","og_site_name":"31 Degr\u00e9s Boutique","article_publisher":"https:\/\/www.facebook.com\/31degresboutique","article_modified_time":"2026-02-24T10:27:31+00:00","twitter_card":"summary_large_image","twitter_misc":{"Estimated reading time":"2 minutes"},"schema":{"@context":"https:\/\/schema.org","@graph":[{"@type":"WebPage","@id":"https:\/\/www.31degres.be\/produit\/emporio-armani-gianni-ar11594\/","url":"https:\/\/www.31degres.be\/produit\/emporio-armani-gianni-ar11594\/","name":"Emporio Armani Gianni AR11594 \u2013 Montre Femme Bleue","isPartOf":{"@id":"https:\/\/www.31degres.be\/#website"},"primaryImageOfPage":{"@id":"https:\/\/www.31degres.be\/produit\/emporio-armani-gianni-ar11594\/#primaryimage"},"image":{"@id":"https:\/\/www.31degres.be\/produit\/emporio-armani-gianni-ar11594\/#primaryimage"},"thumbnailUrl":"https:\/\/www.31degres.be\/wp-content\/uploads\/2025\/12\/montre-emporio-armani-ar11594-1.avif","datePublished":"2025-12-24T09:41:10+00:00","dateModified":"2026-02-24T10:27:31+00:00","description":"La montre Emporio Armani Gianni AR11594 Bleu incarne l\u2019\u00e9l\u00e9gance f\u00e9minine avec un style chic, moderne et intemporel sign\u00e9 Armani.","breadcrumb":{"@id":"https:\/\/www.31degres.be\/produit\/emporio-armani-gianni-ar11594\/#breadcrumb"},"inLanguage":"en-GB","potentialAction":[{"@type":"ReadAction","target":["https:\/\/www.31degres.be\/produit\/emporio-armani-gianni-ar11594\/"]}]},{"@type":"ImageObject","inLanguage":"en-GB","@id":"https:\/\/www.31degres.be\/produit\/emporio-armani-gianni-ar11594\/#primaryimage","url":"https:\/\/www.31degres.be\/wp-content\/uploads\/2025\/12\/montre-emporio-armani-ar11594-1.avif","contentUrl":"https:\/\/www.31degres.be\/wp-content\/uploads\/2025\/12\/montre-emporio-armani-ar11594-1.avif","width":500,"height":500,"caption":"Emporio Armani Gianni AR11594"},{"@type":"BreadcrumbList","@id":"https:\/\/www.31degres.be\/produit\/emporio-armani-gianni-ar11594\/#breadcrumb","itemListElement":[{"@type":"ListItem","position":1,"name":"Accueil","item":"https:\/\/www.31degres.be\/"},{"@type":"ListItem","position":2,"name":"Boutique","item":"https:\/\/www.31degres.be\/boutique\/"},{"@type":"ListItem","position":3,"name":"Emporio Armani Gianni AR11594 Bleu"}]},{"@type":"WebSite","@id":"https:\/\/www.31degres.be\/#website","url":"https:\/\/www.31degres.be\/","name":"31 Degr\u00e9s Boutique","description":"Always With Style","publisher":{"@id":"https:\/\/www.31degres.be\/#organization"},"alternateName":"31 Degr\u00e9s Boutique","potentialAction":[{"@type":"SearchAction","target":{"@type":"EntryPoint","urlTemplate":"https:\/\/www.31degres.be\/?s={search_term_string}"},"query-input":{"@type":"PropertyValueSpecification","valueRequired":true,"valueName":"search_term_string"}}],"inLanguage":"en-GB"},{"@type":"Organization","@id":"https:\/\/www.31degres.be\/#organization","name":"31 Degr\u00e9s Boutique","url":"https:\/\/www.31degres.be\/","logo":{"@type":"ImageObject","inLanguage":"en-GB","@id":"https:\/\/www.31degres.be\/#\/schema\/logo\/image\/","url":"https:\/\/i0.wp.com\/www.31degres.be\/wp-content\/uploads\/2023\/08\/cropped-cropped-31-DEGRES-LOGO-FINALai.png?fit=1468%2C408&ssl=1","contentUrl":"https:\/\/i0.wp.com\/www.31degres.be\/wp-content\/uploads\/2023\/08\/cropped-cropped-31-DEGRES-LOGO-FINALai.png?fit=1468%2C408&ssl=1","width":1468,"height":408,"caption":"31 Degr\u00e9s Boutique"},"image":{"@id":"https:\/\/www.31degres.be\/#\/schema\/logo\/image\/"},"sameAs":["https:\/\/www.facebook.com\/31degresboutique","https:\/\/instagram.com\/31degresboutique?igshid=OGQ5ZDc2ODk2ZA==","https:\/\/t.snapchat.com\/TYq1giLw"]}]}},"jetpack_sharing_enabled":true,"_links":{"self":[{"href":"https:\/\/www.31degres.be\/en\/wp-json\/wp\/v2\/product\/382701","targetHints":{"allow":["GET"]}}],"collection":[{"href":"https:\/\/www.31degres.be\/en\/wp-json\/wp\/v2\/product"}],"about":[{"href":"https:\/\/www.31degres.be\/en\/wp-json\/wp\/v2\/types\/product"}],"version-history":[{"count":0,"href":"https:\/\/www.31degres.be\/en\/wp-json\/wp\/v2\/product\/382701\/revisions"}],"wp:featuredmedia":[{"embeddable":true,"href":"https:\/\/www.31degres.be\/en\/wp-json\/wp\/v2\/media\/382700"}],"wp:attachment":[{"href":"https:\/\/www.31degres.be\/en\/wp-json\/wp\/v2\/media?parent=382701"}],"wp:term":[{"taxonomy":"product_brand","embeddable":true,"href":"https:\/\/www.31degres.be\/en\/wp-json\/wp\/v2\/product_brand?post=382701"},{"taxonomy":"product_cat","embeddable":true,"href":"https:\/\/www.31degres.be\/en\/wp-json\/wp\/v2\/product_cat?post=382701"},{"taxonomy":"product_tag","embeddable":true,"href":"https:\/\/www.31degres.be\/en\/wp-json\/wp\/v2\/product_tag?post=382701"}],"curies":[{"name":"wp","href":"https:\/\/api.w.org\/{rel}","templated":true}]}}