{"id":382971,"date":"2026-01-10T13:38:40","date_gmt":"2026-01-10T12:38:40","guid":{"rendered":"https:\/\/www.31degres.be\/?post_type=product&#038;p=382971"},"modified":"2026-03-06T14:02:10","modified_gmt":"2026-03-06T13:02:10","slug":"tissot-seastar-1000-t120-417-11-041-01","status":"publish","type":"product","link":"https:\/\/www.31degres.be\/en\/product\/tissot-seastar-1000-t120-417-11-041-01\/","title":{"rendered":"Tissot Seastar 1000 Quartz chronograph Blue Gradient"},"content":{"rendered":"<p data-start=\"0\" data-end=\"284\">The Tissot Seastar 1000 T120.417.11.041.01 Chronograph Blue embodies power, precision and Swiss watchmaking excellence. Designed for discerning men, this sporty watch combines a bold marine design with extreme performance, both on land and underwater.<\/p>\n<p data-start=\"286\" data-end=\"649\">Its blue gradient dial elegantly captures the light and evokes the depths of the ocean. The luminescent hour markers and hands ensure perfect readability, day and night. The stainless steel case features robust, balanced lines, while the unidirectional bezel reinforces its character as a true diving watch.<\/p>\n<p data-start=\"651\" data-end=\"985\">Powered by a high-precision Swiss quartz movement, this Seastar features a reliable and responsive chronograph function. It allows you to measure time accurately, whether for sports, professional use or everyday life. Its careful design ensures consistent performance without compromise.<\/p>\n<p data-start=\"987\" data-end=\"1342\">Designed for adventure, the Seastar 1000 offers exceptional water resistance up to 300 metres (30 ATM). It is ideal for divers and thrill seekers alike, while remaining perfectly suited to urban use. The scratch-resistant sapphire crystal with anti-reflective coating effectively protects the dial and enhances the overall durability of the watch.<\/p>\n<p data-start=\"1344\" data-end=\"1549\">Its stainless steel bracelet ensures comfort, support and elegance. It perfectly complements the watch's sporty aesthetic and adapts to all situations, from the office to outdoor activities.<\/p>\n<p data-start=\"1551\" data-end=\"1808\" data-is-last-node=\"\" data-is-only-node=\"\">With the Tissot Seastar 1000 Tissot Seastar 1000 T120.417.11.041.01 Chronograph Blue, you are choosing a watch that combines extreme performance, Swiss precision and assertive style. A piece with character, designed for those who want to push the limits without ever compromising on the elegance of <a href=\"https:\/\/www.31degres.be\/en\/product-category\/montres-homme\/tissot-homme\/\">Tissot<\/a>.<\/p>","protected":false},"excerpt":{"rendered":"<p><img decoding=\"async\" class=\"alignnone wp-image-77303 aligncenter\" src=\"https:\/\/www.31degres.be\/wp-content\/uploads\/2025\/01\/Trustpilot-Excellent-300x21.png\" alt=\"\" width=\"271\" height=\"19\" srcset=\"https:\/\/i0.wp.com\/www.31degres.be\/wp-content\/uploads\/2025\/01\/Trustpilot-Excellent.png?resize=300%2C21&amp;ssl=1 300w, https:\/\/i0.wp.com\/www.31degres.be\/wp-content\/uploads\/2025\/01\/Trustpilot-Excellent.png?resize=1024%2C73&amp;ssl=1 1024w, https:\/\/i0.wp.com\/www.31degres.be\/wp-content\/uploads\/2025\/01\/Trustpilot-Excellent.png?resize=768%2C55&amp;ssl=1 768w, https:\/\/i0.wp.com\/www.31degres.be\/wp-content\/uploads\/2025\/01\/Trustpilot-Excellent.png?resize=1536%2C109&amp;ssl=1 1536w, https:\/\/i0.wp.com\/www.31degres.be\/wp-content\/uploads\/2025\/01\/Trustpilot-Excellent.png?resize=18%2C1&amp;ssl=1 18w, https:\/\/i0.wp.com\/www.31degres.be\/wp-content\/uploads\/2025\/01\/Trustpilot-Excellent.png?resize=600%2C43&amp;ssl=1 600w, https:\/\/i0.wp.com\/www.31degres.be\/wp-content\/uploads\/2025\/01\/Trustpilot-Excellent.png?w=1600&amp;ssl=1 1600w\" sizes=\"(max-width: 271px) 100vw, 271px\" \/><br \/>\n\u2714\ufe0f 2 years warranty on all watches<br \/>\n\u2714\ufe0f Satisfied or refunded 14 days<br \/>\n\u2714\ufe0f Fast Delivery<\/p>\n<p>\ud83c\udf81 <em data-start=\"599\" data-end=\"632\"><strong><a href=\"https:\/\/www.31degres.be\/en\/programme-de-fidelite\/\">\u2714 \u20ac1 spent = 1 loyalty point<\/a>.<\/strong><br \/>\n<strong>\u2764\ufe0f <a href=\"https:\/\/www.31degres.be\/en\/engagement-solidaire\/\">5% donated to help the most needy.<\/a><\/strong><br \/>\n<\/em><\/p>","protected":false},"featured_media":382972,"template":"","meta":{"site-sidebar-layout":"default","site-content-layout":"","ast-site-content-layout":"default","site-content-style":"default","site-sidebar-style":"default","ast-global-header-display":"","ast-banner-title-visibility":"","ast-main-header-display":"","ast-hfb-above-header-display":"","ast-hfb-below-header-display":"","ast-hfb-mobile-header-display":"","site-post-title":"","ast-breadcrumbs-content":"","ast-featured-img":"","footer-sml-layout":"","theme-transparent-header-meta":"disabled","adv-header-id-meta":"","stick-header-meta":"","header-above-stick-meta":"","header-main-stick-meta":"","header-below-stick-meta":"","astra-migrate-meta-layouts":"set","ast-page-background-enabled":"default","ast-page-background-meta":{"desktop":{"background-color":"","background-image":"","background-repeat":"repeat","background-position":"center center","background-size":"auto","background-attachment":"scroll","background-type":"","background-media":"","overlay-type":"","overlay-color":"","overlay-opacity":"","overlay-gradient":""},"tablet":{"background-color":"","background-image":"","background-repeat":"repeat","background-position":"center center","background-size":"auto","background-attachment":"scroll","background-type":"","background-media":"","overlay-type":"","overlay-color":"","overlay-opacity":"","overlay-gradient":""},"mobile":{"background-color":"","background-image":"","background-repeat":"repeat","background-position":"center center","background-size":"auto","background-attachment":"scroll","background-type":"","background-media":"","overlay-type":"","overlay-color":"","overlay-opacity":"","overlay-gradient":""}},"ast-content-background-meta":{"desktop":{"background-color":"var(--ast-global-color-5)","background-image":"","background-repeat":"repeat","background-position":"center center","background-size":"auto","background-attachment":"scroll","background-type":"","background-media":"","overlay-type":"","overlay-color":"","overlay-opacity":"","overlay-gradient":""},"tablet":{"background-color":"var(--ast-global-color-5)","background-image":"","background-repeat":"repeat","background-position":"center center","background-size":"auto","background-attachment":"scroll","background-type":"","background-media":"","overlay-type":"","overlay-color":"","overlay-opacity":"","overlay-gradient":""},"mobile":{"background-color":"var(--ast-global-color-5)","background-image":"","background-repeat":"repeat","background-position":"center center","background-size":"auto","background-attachment":"scroll","background-type":"","background-media":"","overlay-type":"","overlay-color":"","overlay-opacity":"","overlay-gradient":""}}},"product_brand":[728],"product_cat":[547],"product_tag":[615,612,613,616,839,545],"class_list":{"0":"post-382971","1":"product","2":"type-product","3":"status-publish","4":"has-post-thumbnail","6":"product_brand-tissot","7":"product_cat-tissot-homme","8":"product_tag-615","9":"product_tag-chronograph","10":"product_tag-quartz","11":"product_tag-seastar","12":"product_tag-t120-417-11-041-01","13":"product_tag-tissot","14":"desktop-align-left","15":"tablet-align-left","16":"mobile-align-left","18":"first","19":"onbackorder","20":"taxable","21":"shipping-taxable","22":"purchasable","23":"product-type-simple"},"yoast_head":"<!-- This site is optimized with the Yoast SEO plugin v27.3 - https:\/\/yoast.com\/product\/yoast-seo-wordpress\/ -->\n<title>Tissot Seastar 1000 T120.417.11.041.01 \u2013 Chronographe Bleu<\/title>\n<meta name=\"description\" content=\"D\u00e9couvrez la Tissot Seastar 1000 T120.417.11.041.01 : chronographe quartz bleu, performance extr\u00eame, robustesse suisse et style marin affirm\u00e9.\" \/>\n<meta name=\"robots\" content=\"index, follow, max-snippet:-1, max-image-preview:large, max-video-preview:-1\" \/>\n<link rel=\"canonical\" href=\"https:\/\/www.31degres.be\/en\/product\/tissot-seastar-1000-t120-417-11-041-01\/\" \/>\n<meta property=\"og:locale\" content=\"en_GB\" \/>\n<meta property=\"og:type\" content=\"article\" \/>\n<meta property=\"og:title\" content=\"Tissot Seastar 1000 T120.417.11.041.01 \u2013 Chronographe Bleu\" \/>\n<meta property=\"og:description\" content=\"D\u00e9couvrez la Tissot Seastar 1000 T120.417.11.041.01 : chronographe quartz bleu, performance extr\u00eame, robustesse suisse et style marin affirm\u00e9.\" \/>\n<meta property=\"og:url\" content=\"https:\/\/www.31degres.be\/en\/product\/tissot-seastar-1000-t120-417-11-041-01\/\" \/>\n<meta property=\"og:site_name\" content=\"31 Degr\u00e9s Boutique\" \/>\n<meta property=\"article:publisher\" content=\"https:\/\/www.facebook.com\/31degresboutique\" \/>\n<meta property=\"article:modified_time\" content=\"2026-03-06T13:02:10+00:00\" \/>\n<meta property=\"og:image\" content=\"https:\/\/www.31degres.be\/wp-content\/uploads\/2026\/01\/tissot-sea-star-t1204171104101.jpg\" \/>\n\t<meta property=\"og:image:width\" content=\"1000\" \/>\n\t<meta property=\"og:image:height\" content=\"1000\" \/>\n\t<meta property=\"og:image:type\" content=\"image\/jpeg\" \/>\n<meta name=\"twitter:card\" content=\"summary_large_image\" \/>\n<meta name=\"twitter:label1\" content=\"Estimated reading time\" \/>\n\t<meta name=\"twitter:data1\" content=\"2 minutes\" \/>\n<script type=\"application\/ld+json\" class=\"yoast-schema-graph\">{\"@context\":\"https:\\\/\\\/schema.org\",\"@graph\":[{\"@type\":\"WebPage\",\"@id\":\"https:\\\/\\\/www.31degres.be\\\/produit\\\/tissot-seastar-1000-t120-417-11-041-01\\\/\",\"url\":\"https:\\\/\\\/www.31degres.be\\\/produit\\\/tissot-seastar-1000-t120-417-11-041-01\\\/\",\"name\":\"Tissot Seastar 1000 T120.417.11.041.01 \u2013 Chronographe Bleu\",\"isPartOf\":{\"@id\":\"https:\\\/\\\/www.31degres.be\\\/#website\"},\"primaryImageOfPage\":{\"@id\":\"https:\\\/\\\/www.31degres.be\\\/produit\\\/tissot-seastar-1000-t120-417-11-041-01\\\/#primaryimage\"},\"image\":{\"@id\":\"https:\\\/\\\/www.31degres.be\\\/produit\\\/tissot-seastar-1000-t120-417-11-041-01\\\/#primaryimage\"},\"thumbnailUrl\":\"https:\\\/\\\/i0.wp.com\\\/www.31degres.be\\\/wp-content\\\/uploads\\\/2026\\\/01\\\/tissot-sea-star-t1204171104101.jpg?fit=1000%2C1000&ssl=1\",\"datePublished\":\"2026-01-10T12:38:40+00:00\",\"dateModified\":\"2026-03-06T13:02:10+00:00\",\"description\":\"D\u00e9couvrez la Tissot Seastar 1000 T120.417.11.041.01 : chronographe quartz bleu, performance extr\u00eame, robustesse suisse et style marin affirm\u00e9.\",\"breadcrumb\":{\"@id\":\"https:\\\/\\\/www.31degres.be\\\/produit\\\/tissot-seastar-1000-t120-417-11-041-01\\\/#breadcrumb\"},\"inLanguage\":\"en-GB\",\"potentialAction\":[{\"@type\":\"ReadAction\",\"target\":[\"https:\\\/\\\/www.31degres.be\\\/produit\\\/tissot-seastar-1000-t120-417-11-041-01\\\/\"]}]},{\"@type\":\"ImageObject\",\"inLanguage\":\"en-GB\",\"@id\":\"https:\\\/\\\/www.31degres.be\\\/produit\\\/tissot-seastar-1000-t120-417-11-041-01\\\/#primaryimage\",\"url\":\"https:\\\/\\\/i0.wp.com\\\/www.31degres.be\\\/wp-content\\\/uploads\\\/2026\\\/01\\\/tissot-sea-star-t1204171104101.jpg?fit=1000%2C1000&ssl=1\",\"contentUrl\":\"https:\\\/\\\/i0.wp.com\\\/www.31degres.be\\\/wp-content\\\/uploads\\\/2026\\\/01\\\/tissot-sea-star-t1204171104101.jpg?fit=1000%2C1000&ssl=1\",\"width\":1000,\"height\":1000,\"caption\":\"Tissot Seastar 1000 T120.417.11.041.01\"},{\"@type\":\"BreadcrumbList\",\"@id\":\"https:\\\/\\\/www.31degres.be\\\/produit\\\/tissot-seastar-1000-t120-417-11-041-01\\\/#breadcrumb\",\"itemListElement\":[{\"@type\":\"ListItem\",\"position\":1,\"name\":\"Accueil\",\"item\":\"https:\\\/\\\/www.31degres.be\\\/\"},{\"@type\":\"ListItem\",\"position\":2,\"name\":\"Boutique\",\"item\":\"https:\\\/\\\/www.31degres.be\\\/boutique\\\/\"},{\"@type\":\"ListItem\",\"position\":3,\"name\":\"Tissot Seastar 1000 Quartz chronograph Bleu D\u00e9grad\u00e9\"}]},{\"@type\":\"WebSite\",\"@id\":\"https:\\\/\\\/www.31degres.be\\\/#website\",\"url\":\"https:\\\/\\\/www.31degres.be\\\/\",\"name\":\"31 Degr\u00e9s Boutique\",\"description\":\"Always With Style\",\"publisher\":{\"@id\":\"https:\\\/\\\/www.31degres.be\\\/#organization\"},\"alternateName\":\"31 Degr\u00e9s Boutique\",\"potentialAction\":[{\"@type\":\"SearchAction\",\"target\":{\"@type\":\"EntryPoint\",\"urlTemplate\":\"https:\\\/\\\/www.31degres.be\\\/?s={search_term_string}\"},\"query-input\":{\"@type\":\"PropertyValueSpecification\",\"valueRequired\":true,\"valueName\":\"search_term_string\"}}],\"inLanguage\":\"en-GB\"},{\"@type\":\"Organization\",\"@id\":\"https:\\\/\\\/www.31degres.be\\\/#organization\",\"name\":\"31 Degr\u00e9s Boutique\",\"url\":\"https:\\\/\\\/www.31degres.be\\\/\",\"logo\":{\"@type\":\"ImageObject\",\"inLanguage\":\"en-GB\",\"@id\":\"https:\\\/\\\/www.31degres.be\\\/#\\\/schema\\\/logo\\\/image\\\/\",\"url\":\"https:\\\/\\\/i0.wp.com\\\/www.31degres.be\\\/wp-content\\\/uploads\\\/2023\\\/08\\\/cropped-cropped-31-DEGRES-LOGO-FINALai.png?fit=1468%2C408&ssl=1\",\"contentUrl\":\"https:\\\/\\\/i0.wp.com\\\/www.31degres.be\\\/wp-content\\\/uploads\\\/2023\\\/08\\\/cropped-cropped-31-DEGRES-LOGO-FINALai.png?fit=1468%2C408&ssl=1\",\"width\":1468,\"height\":408,\"caption\":\"31 Degr\u00e9s Boutique\"},\"image\":{\"@id\":\"https:\\\/\\\/www.31degres.be\\\/#\\\/schema\\\/logo\\\/image\\\/\"},\"sameAs\":[\"https:\\\/\\\/www.facebook.com\\\/31degresboutique\",\"https:\\\/\\\/instagram.com\\\/31degresboutique?igshid=OGQ5ZDc2ODk2ZA==\",\"https:\\\/\\\/t.snapchat.com\\\/TYq1giLw\"]}]}<\/script>\n<!-- \/ Yoast SEO plugin. -->","yoast_head_json":{"title":"Tissot Seastar 1000 T120.417.11.041.01 \u2013 Chronographe Bleu","description":"D\u00e9couvrez la Tissot Seastar 1000 T120.417.11.041.01 : chronographe quartz bleu, performance extr\u00eame, robustesse suisse et style marin affirm\u00e9.","robots":{"index":"index","follow":"follow","max-snippet":"max-snippet:-1","max-image-preview":"max-image-preview:large","max-video-preview":"max-video-preview:-1"},"canonical":"https:\/\/www.31degres.be\/en\/product\/tissot-seastar-1000-t120-417-11-041-01\/","og_locale":"en_GB","og_type":"article","og_title":"Tissot Seastar 1000 T120.417.11.041.01 \u2013 Chronographe Bleu","og_description":"D\u00e9couvrez la Tissot Seastar 1000 T120.417.11.041.01 : chronographe quartz bleu, performance extr\u00eame, robustesse suisse et style marin affirm\u00e9.","og_url":"https:\/\/www.31degres.be\/en\/product\/tissot-seastar-1000-t120-417-11-041-01\/","og_site_name":"31 Degr\u00e9s Boutique","article_publisher":"https:\/\/www.facebook.com\/31degresboutique","article_modified_time":"2026-03-06T13:02:10+00:00","og_image":[{"width":1000,"height":1000,"url":"https:\/\/www.31degres.be\/wp-content\/uploads\/2026\/01\/tissot-sea-star-t1204171104101.jpg","type":"image\/jpeg"}],"twitter_card":"summary_large_image","twitter_misc":{"Estimated reading time":"2 minutes"},"schema":{"@context":"https:\/\/schema.org","@graph":[{"@type":"WebPage","@id":"https:\/\/www.31degres.be\/produit\/tissot-seastar-1000-t120-417-11-041-01\/","url":"https:\/\/www.31degres.be\/produit\/tissot-seastar-1000-t120-417-11-041-01\/","name":"Tissot Seastar 1000 T120.417.11.041.01 \u2013 Chronographe Bleu","isPartOf":{"@id":"https:\/\/www.31degres.be\/#website"},"primaryImageOfPage":{"@id":"https:\/\/www.31degres.be\/produit\/tissot-seastar-1000-t120-417-11-041-01\/#primaryimage"},"image":{"@id":"https:\/\/www.31degres.be\/produit\/tissot-seastar-1000-t120-417-11-041-01\/#primaryimage"},"thumbnailUrl":"https:\/\/i0.wp.com\/www.31degres.be\/wp-content\/uploads\/2026\/01\/tissot-sea-star-t1204171104101.jpg?fit=1000%2C1000&ssl=1","datePublished":"2026-01-10T12:38:40+00:00","dateModified":"2026-03-06T13:02:10+00:00","description":"D\u00e9couvrez la Tissot Seastar 1000 T120.417.11.041.01 : chronographe quartz bleu, performance extr\u00eame, robustesse suisse et style marin affirm\u00e9.","breadcrumb":{"@id":"https:\/\/www.31degres.be\/produit\/tissot-seastar-1000-t120-417-11-041-01\/#breadcrumb"},"inLanguage":"en-GB","potentialAction":[{"@type":"ReadAction","target":["https:\/\/www.31degres.be\/produit\/tissot-seastar-1000-t120-417-11-041-01\/"]}]},{"@type":"ImageObject","inLanguage":"en-GB","@id":"https:\/\/www.31degres.be\/produit\/tissot-seastar-1000-t120-417-11-041-01\/#primaryimage","url":"https:\/\/i0.wp.com\/www.31degres.be\/wp-content\/uploads\/2026\/01\/tissot-sea-star-t1204171104101.jpg?fit=1000%2C1000&ssl=1","contentUrl":"https:\/\/i0.wp.com\/www.31degres.be\/wp-content\/uploads\/2026\/01\/tissot-sea-star-t1204171104101.jpg?fit=1000%2C1000&ssl=1","width":1000,"height":1000,"caption":"Tissot Seastar 1000 T120.417.11.041.01"},{"@type":"BreadcrumbList","@id":"https:\/\/www.31degres.be\/produit\/tissot-seastar-1000-t120-417-11-041-01\/#breadcrumb","itemListElement":[{"@type":"ListItem","position":1,"name":"Accueil","item":"https:\/\/www.31degres.be\/"},{"@type":"ListItem","position":2,"name":"Boutique","item":"https:\/\/www.31degres.be\/boutique\/"},{"@type":"ListItem","position":3,"name":"Tissot Seastar 1000 Quartz chronograph Bleu D\u00e9grad\u00e9"}]},{"@type":"WebSite","@id":"https:\/\/www.31degres.be\/#website","url":"https:\/\/www.31degres.be\/","name":"31 Degr\u00e9s Boutique","description":"Always With Style","publisher":{"@id":"https:\/\/www.31degres.be\/#organization"},"alternateName":"31 Degr\u00e9s Boutique","potentialAction":[{"@type":"SearchAction","target":{"@type":"EntryPoint","urlTemplate":"https:\/\/www.31degres.be\/?s={search_term_string}"},"query-input":{"@type":"PropertyValueSpecification","valueRequired":true,"valueName":"search_term_string"}}],"inLanguage":"en-GB"},{"@type":"Organization","@id":"https:\/\/www.31degres.be\/#organization","name":"31 Degr\u00e9s Boutique","url":"https:\/\/www.31degres.be\/","logo":{"@type":"ImageObject","inLanguage":"en-GB","@id":"https:\/\/www.31degres.be\/#\/schema\/logo\/image\/","url":"https:\/\/i0.wp.com\/www.31degres.be\/wp-content\/uploads\/2023\/08\/cropped-cropped-31-DEGRES-LOGO-FINALai.png?fit=1468%2C408&ssl=1","contentUrl":"https:\/\/i0.wp.com\/www.31degres.be\/wp-content\/uploads\/2023\/08\/cropped-cropped-31-DEGRES-LOGO-FINALai.png?fit=1468%2C408&ssl=1","width":1468,"height":408,"caption":"31 Degr\u00e9s Boutique"},"image":{"@id":"https:\/\/www.31degres.be\/#\/schema\/logo\/image\/"},"sameAs":["https:\/\/www.facebook.com\/31degresboutique","https:\/\/instagram.com\/31degresboutique?igshid=OGQ5ZDc2ODk2ZA==","https:\/\/t.snapchat.com\/TYq1giLw"]}]}},"jetpack_sharing_enabled":true,"_links":{"self":[{"href":"https:\/\/www.31degres.be\/en\/wp-json\/wp\/v2\/product\/382971","targetHints":{"allow":["GET"]}}],"collection":[{"href":"https:\/\/www.31degres.be\/en\/wp-json\/wp\/v2\/product"}],"about":[{"href":"https:\/\/www.31degres.be\/en\/wp-json\/wp\/v2\/types\/product"}],"version-history":[{"count":0,"href":"https:\/\/www.31degres.be\/en\/wp-json\/wp\/v2\/product\/382971\/revisions"}],"wp:featuredmedia":[{"embeddable":true,"href":"https:\/\/www.31degres.be\/en\/wp-json\/wp\/v2\/media\/382972"}],"wp:attachment":[{"href":"https:\/\/www.31degres.be\/en\/wp-json\/wp\/v2\/media?parent=382971"}],"wp:term":[{"taxonomy":"product_brand","embeddable":true,"href":"https:\/\/www.31degres.be\/en\/wp-json\/wp\/v2\/product_brand?post=382971"},{"taxonomy":"product_cat","embeddable":true,"href":"https:\/\/www.31degres.be\/en\/wp-json\/wp\/v2\/product_cat?post=382971"},{"taxonomy":"product_tag","embeddable":true,"href":"https:\/\/www.31degres.be\/en\/wp-json\/wp\/v2\/product_tag?post=382971"}],"curies":[{"name":"wp","href":"https:\/\/api.w.org\/{rel}","templated":true}]}}