{"id":383785,"date":"2026-04-21T15:56:22","date_gmt":"2026-04-21T13:56:22","guid":{"rendered":"https:\/\/www.31degres.be\/?post_type=product&#038;p=383785"},"modified":"2026-04-21T16:25:20","modified_gmt":"2026-04-21T14:25:20","slug":"tissot-prx-35mm-t137-210-11-111-00-nacre","status":"publish","type":"product","link":"https:\/\/www.31degres.be\/en\/product\/tissot-prx-35mm-t137-210-11-111-00-nacre\/","title":{"rendered":"TISSOT PRX 35MM Mother-of-Pearl"},"content":{"rendered":"<p data-section-id=\"r8g297\" data-start=\"646\" data-end=\"714\"><a href=\"https:\/\/www.31degres.be\/en\/product-category\/montres-femme\/tissot-femme\/\">Tissot<\/a> PRX 35mm T137.210.11.111.00 Mother-of-Pearl \u2013 Elegant Ladies\u2019 Watch<\/p>\n<p data-start=\"716\" data-end=\"957\">The Tissot PRX 35mm T137.210.11.111.00 mother-of-pearl embodies elegance and refinement for everyday wear. This ladies\u2019 model draws direct inspiration from the iconic design of the 1970s. It thus subtly combines vintage style with modernity.<\/p>\n<p data-start=\"959\" data-end=\"1333\">The 35 mm stainless steel case sits perfectly balanced on the wrist. Its size remains discreet and comfortable. Furthermore, the natural mother-of-pearl dial catches the light and creates stunning reflections. This makes each piece unique. The applied hour markers and slender hands ensure excellent readability whilst maintaining a timeless look.<\/p>\n<p data-start=\"1335\" data-end=\"1568\">The watch is powered by a precise and reliable Swiss quartz movement. This mechanism ensures the time is always accurate. Furthermore, it requires very little maintenance. This makes it an ideal choice for everyday life.<\/p>\n<p data-start=\"1570\" data-end=\"1787\">The Tissot PRX also stands out for its integrated stainless steel bracelet. This iconic design enhances its retro-chic style. Furthermore, the bracelet fits the wrist naturally and improves comfort.<\/p>\n<p data-start=\"1789\" data-end=\"2015\">The scratch-resistant sapphire crystal effectively protects the dial. As a result, the watch retains its lustre over time. Finally, its water resistance up to 10 bar ensures peace of mind for everyday use.<\/p>\n<p data-start=\"2017\" data-end=\"2308\">Choosing the Tissot PRX 35mm T137.210.11.111.00 mother-of-pearl is to opt for an elegant and timeless ladies\u2019 watch. Its unique dial, iconic design and Swiss quality make it the perfect timepiece. It complements any outfit perfectly, from everyday wear to special occasions.<\/p>","protected":false},"excerpt":{"rendered":"<p><img decoding=\"async\" class=\"alignnone wp-image-77303 aligncenter\" src=\"https:\/\/www.31degres.be\/wp-content\/uploads\/2025\/01\/Trustpilot-Excellent-300x21.png\" alt=\"\" width=\"271\" height=\"19\" srcset=\"https:\/\/i0.wp.com\/www.31degres.be\/wp-content\/uploads\/2025\/01\/Trustpilot-Excellent.png?resize=300%2C21&amp;ssl=1 300w, https:\/\/i0.wp.com\/www.31degres.be\/wp-content\/uploads\/2025\/01\/Trustpilot-Excellent.png?resize=1024%2C73&amp;ssl=1 1024w, https:\/\/i0.wp.com\/www.31degres.be\/wp-content\/uploads\/2025\/01\/Trustpilot-Excellent.png?resize=768%2C55&amp;ssl=1 768w, https:\/\/i0.wp.com\/www.31degres.be\/wp-content\/uploads\/2025\/01\/Trustpilot-Excellent.png?resize=1536%2C109&amp;ssl=1 1536w, https:\/\/i0.wp.com\/www.31degres.be\/wp-content\/uploads\/2025\/01\/Trustpilot-Excellent.png?resize=18%2C1&amp;ssl=1 18w, https:\/\/i0.wp.com\/www.31degres.be\/wp-content\/uploads\/2025\/01\/Trustpilot-Excellent.png?resize=600%2C43&amp;ssl=1 600w, https:\/\/i0.wp.com\/www.31degres.be\/wp-content\/uploads\/2025\/01\/Trustpilot-Excellent.png?w=1600&amp;ssl=1 1600w\" sizes=\"(max-width: 271px) 100vw, 271px\" \/><br \/>\n\u2714\ufe0f 2 years warranty on all watches<br \/>\n\u2714\ufe0f Satisfied or refunded 14 days<br \/>\n\u2714\ufe0f Fast Delivery<\/p>\n<p>\ud83c\udf81 <em data-start=\"599\" data-end=\"632\"><strong><a href=\"https:\/\/www.31degres.be\/en\/programme-de-fidelite\/\">\u2714 \u20ac1 spent = 1 loyalty point<\/a>.<\/strong><br \/>\n<strong>\u2764\ufe0f <a href=\"https:\/\/www.31degres.be\/en\/engagement-solidaire\/\">5% donated to help the most needy.<\/a><\/strong><br \/>\n<\/em><\/p>","protected":false},"featured_media":383803,"template":"","meta":{"site-sidebar-layout":"default","site-content-layout":"","ast-site-content-layout":"default","site-content-style":"default","site-sidebar-style":"default","ast-global-header-display":"","ast-banner-title-visibility":"","ast-main-header-display":"","ast-hfb-above-header-display":"","ast-hfb-below-header-display":"","ast-hfb-mobile-header-display":"","site-post-title":"","ast-breadcrumbs-content":"","ast-featured-img":"","footer-sml-layout":"","theme-transparent-header-meta":"disabled","adv-header-id-meta":"","stick-header-meta":"","header-above-stick-meta":"","header-main-stick-meta":"","header-below-stick-meta":"","astra-migrate-meta-layouts":"set","ast-page-background-enabled":"default","ast-page-background-meta":{"desktop":{"background-color":"","background-image":"","background-repeat":"repeat","background-position":"center center","background-size":"auto","background-attachment":"scroll","background-type":"","background-media":"","overlay-type":"","overlay-color":"","overlay-opacity":"","overlay-gradient":""},"tablet":{"background-color":"","background-image":"","background-repeat":"repeat","background-position":"center center","background-size":"auto","background-attachment":"scroll","background-type":"","background-media":"","overlay-type":"","overlay-color":"","overlay-opacity":"","overlay-gradient":""},"mobile":{"background-color":"","background-image":"","background-repeat":"repeat","background-position":"center center","background-size":"auto","background-attachment":"scroll","background-type":"","background-media":"","overlay-type":"","overlay-color":"","overlay-opacity":"","overlay-gradient":""}},"ast-content-background-meta":{"desktop":{"background-color":"var(--ast-global-color-5)","background-image":"","background-repeat":"repeat","background-position":"center center","background-size":"auto","background-attachment":"scroll","background-type":"","background-media":"","overlay-type":"","overlay-color":"","overlay-opacity":"","overlay-gradient":""},"tablet":{"background-color":"var(--ast-global-color-5)","background-image":"","background-repeat":"repeat","background-position":"center center","background-size":"auto","background-attachment":"scroll","background-type":"","background-media":"","overlay-type":"","overlay-color":"","overlay-opacity":"","overlay-gradient":""},"mobile":{"background-color":"var(--ast-global-color-5)","background-image":"","background-repeat":"repeat","background-position":"center center","background-size":"auto","background-attachment":"scroll","background-type":"","background-media":"","overlay-type":"","overlay-color":"","overlay-opacity":"","overlay-gradient":""}}},"product_brand":[728],"product_cat":[49,40,564,547],"product_tag":[880,296,546,879,545],"class_list":{"0":"post-383785","1":"product","2":"type-product","3":"status-publish","4":"has-post-thumbnail","6":"product_brand-tissot","7":"product_cat-montres-femme","8":"product_cat-montres-homme","9":"product_cat-tissot-femme","10":"product_cat-tissot-homme","11":"product_tag-35mm","12":"product_tag-nacre","13":"product_tag-prx","14":"product_tag-t137-210-11-111-00","15":"product_tag-tissot","16":"desktop-align-left","17":"tablet-align-left","18":"mobile-align-left","20":"first","21":"onbackorder","22":"taxable","23":"shipping-taxable","24":"purchasable","25":"product-type-simple"},"yoast_head":"<!-- This site is optimized with the Yoast SEO plugin v27.4 - https:\/\/yoast.com\/product\/yoast-seo-wordpress\/ -->\n<title>Tissot PRX 35mm T137.210.11.111.00 Nacre Femme<\/title>\n<meta name=\"description\" content=\"Montre Tissot PRX 35mm T137.210.11.111.00 nacre femme. Design \u00e9l\u00e9gant ann\u00e9es 70, cadran nacr\u00e9 lumineux et bracelet acier int\u00e9gr\u00e9.\" \/>\n<meta name=\"robots\" content=\"index, follow, max-snippet:-1, max-image-preview:large, max-video-preview:-1\" \/>\n<link rel=\"canonical\" href=\"https:\/\/www.31degres.be\/en\/product\/tissot-prx-35mm-t137-210-11-111-00-nacre\/\" \/>\n<meta property=\"og:locale\" content=\"en_GB\" \/>\n<meta property=\"og:type\" content=\"article\" \/>\n<meta property=\"og:title\" content=\"Tissot PRX 35mm T137.210.11.111.00 Nacre Femme\" \/>\n<meta property=\"og:description\" content=\"Montre Tissot PRX 35mm T137.210.11.111.00 nacre femme. Design \u00e9l\u00e9gant ann\u00e9es 70, cadran nacr\u00e9 lumineux et bracelet acier int\u00e9gr\u00e9.\" \/>\n<meta property=\"og:url\" content=\"https:\/\/www.31degres.be\/en\/product\/tissot-prx-35mm-t137-210-11-111-00-nacre\/\" \/>\n<meta property=\"og:site_name\" content=\"31 Degr\u00e9s Boutique\" \/>\n<meta property=\"article:publisher\" content=\"https:\/\/www.facebook.com\/31degresboutique\" \/>\n<meta property=\"article:modified_time\" content=\"2026-04-21T14:25:20+00:00\" \/>\n<meta property=\"og:image\" content=\"https:\/\/www.31degres.be\/wp-content\/uploads\/2026\/04\/PRX-t137_210_11_111_00-Tissot.jpg\" \/>\n\t<meta property=\"og:image:width\" content=\"500\" \/>\n\t<meta property=\"og:image:height\" content=\"500\" \/>\n\t<meta property=\"og:image:type\" content=\"image\/jpeg\" \/>\n<meta name=\"twitter:card\" content=\"summary_large_image\" \/>\n<meta name=\"twitter:label1\" content=\"Estimated reading time\" \/>\n\t<meta name=\"twitter:data1\" content=\"2 minutes\" \/>\n<script type=\"application\/ld+json\" class=\"yoast-schema-graph\">{\"@context\":\"https:\\\/\\\/schema.org\",\"@graph\":[{\"@type\":\"WebPage\",\"@id\":\"https:\\\/\\\/www.31degres.be\\\/produit\\\/tissot-prx-35mm-t137-210-11-111-00-nacre\\\/\",\"url\":\"https:\\\/\\\/www.31degres.be\\\/produit\\\/tissot-prx-35mm-t137-210-11-111-00-nacre\\\/\",\"name\":\"Tissot PRX 35mm T137.210.11.111.00 Nacre Femme\",\"isPartOf\":{\"@id\":\"https:\\\/\\\/www.31degres.be\\\/#website\"},\"primaryImageOfPage\":{\"@id\":\"https:\\\/\\\/www.31degres.be\\\/produit\\\/tissot-prx-35mm-t137-210-11-111-00-nacre\\\/#primaryimage\"},\"image\":{\"@id\":\"https:\\\/\\\/www.31degres.be\\\/produit\\\/tissot-prx-35mm-t137-210-11-111-00-nacre\\\/#primaryimage\"},\"thumbnailUrl\":\"https:\\\/\\\/i0.wp.com\\\/www.31degres.be\\\/wp-content\\\/uploads\\\/2026\\\/04\\\/PRX-t137_210_11_111_00-Tissot.jpg?fit=500%2C500&ssl=1\",\"datePublished\":\"2026-04-21T13:56:22+00:00\",\"dateModified\":\"2026-04-21T14:25:20+00:00\",\"description\":\"Montre Tissot PRX 35mm T137.210.11.111.00 nacre femme. Design \u00e9l\u00e9gant ann\u00e9es 70, cadran nacr\u00e9 lumineux et bracelet acier int\u00e9gr\u00e9.\",\"breadcrumb\":{\"@id\":\"https:\\\/\\\/www.31degres.be\\\/produit\\\/tissot-prx-35mm-t137-210-11-111-00-nacre\\\/#breadcrumb\"},\"inLanguage\":\"en-GB\",\"potentialAction\":[{\"@type\":\"ReadAction\",\"target\":[\"https:\\\/\\\/www.31degres.be\\\/produit\\\/tissot-prx-35mm-t137-210-11-111-00-nacre\\\/\"]}]},{\"@type\":\"ImageObject\",\"inLanguage\":\"en-GB\",\"@id\":\"https:\\\/\\\/www.31degres.be\\\/produit\\\/tissot-prx-35mm-t137-210-11-111-00-nacre\\\/#primaryimage\",\"url\":\"https:\\\/\\\/i0.wp.com\\\/www.31degres.be\\\/wp-content\\\/uploads\\\/2026\\\/04\\\/PRX-t137_210_11_111_00-Tissot.jpg?fit=500%2C500&ssl=1\",\"contentUrl\":\"https:\\\/\\\/i0.wp.com\\\/www.31degres.be\\\/wp-content\\\/uploads\\\/2026\\\/04\\\/PRX-t137_210_11_111_00-Tissot.jpg?fit=500%2C500&ssl=1\",\"width\":500,\"height\":500,\"caption\":\"TISSOT PRX 35MM T137.210.11.111.00\"},{\"@type\":\"BreadcrumbList\",\"@id\":\"https:\\\/\\\/www.31degres.be\\\/produit\\\/tissot-prx-35mm-t137-210-11-111-00-nacre\\\/#breadcrumb\",\"itemListElement\":[{\"@type\":\"ListItem\",\"position\":1,\"name\":\"Accueil\",\"item\":\"https:\\\/\\\/www.31degres.be\\\/\"},{\"@type\":\"ListItem\",\"position\":2,\"name\":\"Boutique\",\"item\":\"https:\\\/\\\/www.31degres.be\\\/boutique\\\/\"},{\"@type\":\"ListItem\",\"position\":3,\"name\":\"TISSOT PRX 35MM Nacre\"}]},{\"@type\":\"WebSite\",\"@id\":\"https:\\\/\\\/www.31degres.be\\\/#website\",\"url\":\"https:\\\/\\\/www.31degres.be\\\/\",\"name\":\"31 Degr\u00e9s Boutique\",\"description\":\"Always With Style\",\"publisher\":{\"@id\":\"https:\\\/\\\/www.31degres.be\\\/#organization\"},\"alternateName\":\"31 Degr\u00e9s Boutique\",\"potentialAction\":[{\"@type\":\"SearchAction\",\"target\":{\"@type\":\"EntryPoint\",\"urlTemplate\":\"https:\\\/\\\/www.31degres.be\\\/?s={search_term_string}\"},\"query-input\":{\"@type\":\"PropertyValueSpecification\",\"valueRequired\":true,\"valueName\":\"search_term_string\"}}],\"inLanguage\":\"en-GB\"},{\"@type\":\"Organization\",\"@id\":\"https:\\\/\\\/www.31degres.be\\\/#organization\",\"name\":\"31 Degr\u00e9s Boutique\",\"url\":\"https:\\\/\\\/www.31degres.be\\\/\",\"logo\":{\"@type\":\"ImageObject\",\"inLanguage\":\"en-GB\",\"@id\":\"https:\\\/\\\/www.31degres.be\\\/#\\\/schema\\\/logo\\\/image\\\/\",\"url\":\"https:\\\/\\\/i0.wp.com\\\/www.31degres.be\\\/wp-content\\\/uploads\\\/2023\\\/08\\\/cropped-cropped-31-DEGRES-LOGO-FINALai.png?fit=1468%2C408&ssl=1\",\"contentUrl\":\"https:\\\/\\\/i0.wp.com\\\/www.31degres.be\\\/wp-content\\\/uploads\\\/2023\\\/08\\\/cropped-cropped-31-DEGRES-LOGO-FINALai.png?fit=1468%2C408&ssl=1\",\"width\":1468,\"height\":408,\"caption\":\"31 Degr\u00e9s Boutique\"},\"image\":{\"@id\":\"https:\\\/\\\/www.31degres.be\\\/#\\\/schema\\\/logo\\\/image\\\/\"},\"sameAs\":[\"https:\\\/\\\/www.facebook.com\\\/31degresboutique\",\"https:\\\/\\\/instagram.com\\\/31degresboutique?igshid=OGQ5ZDc2ODk2ZA==\",\"https:\\\/\\\/t.snapchat.com\\\/TYq1giLw\"]}]}<\/script>\n<!-- \/ Yoast SEO plugin. -->","yoast_head_json":{"title":"Tissot PRX 35mm T137.210.11.111.00 Nacre Femme","description":"Montre Tissot PRX 35mm T137.210.11.111.00 nacre femme. Design \u00e9l\u00e9gant ann\u00e9es 70, cadran nacr\u00e9 lumineux et bracelet acier int\u00e9gr\u00e9.","robots":{"index":"index","follow":"follow","max-snippet":"max-snippet:-1","max-image-preview":"max-image-preview:large","max-video-preview":"max-video-preview:-1"},"canonical":"https:\/\/www.31degres.be\/en\/product\/tissot-prx-35mm-t137-210-11-111-00-nacre\/","og_locale":"en_GB","og_type":"article","og_title":"Tissot PRX 35mm T137.210.11.111.00 Nacre Femme","og_description":"Montre Tissot PRX 35mm T137.210.11.111.00 nacre femme. Design \u00e9l\u00e9gant ann\u00e9es 70, cadran nacr\u00e9 lumineux et bracelet acier int\u00e9gr\u00e9.","og_url":"https:\/\/www.31degres.be\/en\/product\/tissot-prx-35mm-t137-210-11-111-00-nacre\/","og_site_name":"31 Degr\u00e9s Boutique","article_publisher":"https:\/\/www.facebook.com\/31degresboutique","article_modified_time":"2026-04-21T14:25:20+00:00","og_image":[{"width":500,"height":500,"url":"https:\/\/www.31degres.be\/wp-content\/uploads\/2026\/04\/PRX-t137_210_11_111_00-Tissot.jpg","type":"image\/jpeg"}],"twitter_card":"summary_large_image","twitter_misc":{"Estimated reading time":"2 minutes"},"schema":{"@context":"https:\/\/schema.org","@graph":[{"@type":"WebPage","@id":"https:\/\/www.31degres.be\/produit\/tissot-prx-35mm-t137-210-11-111-00-nacre\/","url":"https:\/\/www.31degres.be\/produit\/tissot-prx-35mm-t137-210-11-111-00-nacre\/","name":"Tissot PRX 35mm T137.210.11.111.00 Nacre Femme","isPartOf":{"@id":"https:\/\/www.31degres.be\/#website"},"primaryImageOfPage":{"@id":"https:\/\/www.31degres.be\/produit\/tissot-prx-35mm-t137-210-11-111-00-nacre\/#primaryimage"},"image":{"@id":"https:\/\/www.31degres.be\/produit\/tissot-prx-35mm-t137-210-11-111-00-nacre\/#primaryimage"},"thumbnailUrl":"https:\/\/i0.wp.com\/www.31degres.be\/wp-content\/uploads\/2026\/04\/PRX-t137_210_11_111_00-Tissot.jpg?fit=500%2C500&ssl=1","datePublished":"2026-04-21T13:56:22+00:00","dateModified":"2026-04-21T14:25:20+00:00","description":"Montre Tissot PRX 35mm T137.210.11.111.00 nacre femme. Design \u00e9l\u00e9gant ann\u00e9es 70, cadran nacr\u00e9 lumineux et bracelet acier int\u00e9gr\u00e9.","breadcrumb":{"@id":"https:\/\/www.31degres.be\/produit\/tissot-prx-35mm-t137-210-11-111-00-nacre\/#breadcrumb"},"inLanguage":"en-GB","potentialAction":[{"@type":"ReadAction","target":["https:\/\/www.31degres.be\/produit\/tissot-prx-35mm-t137-210-11-111-00-nacre\/"]}]},{"@type":"ImageObject","inLanguage":"en-GB","@id":"https:\/\/www.31degres.be\/produit\/tissot-prx-35mm-t137-210-11-111-00-nacre\/#primaryimage","url":"https:\/\/i0.wp.com\/www.31degres.be\/wp-content\/uploads\/2026\/04\/PRX-t137_210_11_111_00-Tissot.jpg?fit=500%2C500&ssl=1","contentUrl":"https:\/\/i0.wp.com\/www.31degres.be\/wp-content\/uploads\/2026\/04\/PRX-t137_210_11_111_00-Tissot.jpg?fit=500%2C500&ssl=1","width":500,"height":500,"caption":"TISSOT PRX 35MM T137.210.11.111.00"},{"@type":"BreadcrumbList","@id":"https:\/\/www.31degres.be\/produit\/tissot-prx-35mm-t137-210-11-111-00-nacre\/#breadcrumb","itemListElement":[{"@type":"ListItem","position":1,"name":"Accueil","item":"https:\/\/www.31degres.be\/"},{"@type":"ListItem","position":2,"name":"Boutique","item":"https:\/\/www.31degres.be\/boutique\/"},{"@type":"ListItem","position":3,"name":"TISSOT PRX 35MM Nacre"}]},{"@type":"WebSite","@id":"https:\/\/www.31degres.be\/#website","url":"https:\/\/www.31degres.be\/","name":"31 Degr\u00e9s Boutique","description":"Always With Style","publisher":{"@id":"https:\/\/www.31degres.be\/#organization"},"alternateName":"31 Degr\u00e9s Boutique","potentialAction":[{"@type":"SearchAction","target":{"@type":"EntryPoint","urlTemplate":"https:\/\/www.31degres.be\/?s={search_term_string}"},"query-input":{"@type":"PropertyValueSpecification","valueRequired":true,"valueName":"search_term_string"}}],"inLanguage":"en-GB"},{"@type":"Organization","@id":"https:\/\/www.31degres.be\/#organization","name":"31 Degr\u00e9s Boutique","url":"https:\/\/www.31degres.be\/","logo":{"@type":"ImageObject","inLanguage":"en-GB","@id":"https:\/\/www.31degres.be\/#\/schema\/logo\/image\/","url":"https:\/\/i0.wp.com\/www.31degres.be\/wp-content\/uploads\/2023\/08\/cropped-cropped-31-DEGRES-LOGO-FINALai.png?fit=1468%2C408&ssl=1","contentUrl":"https:\/\/i0.wp.com\/www.31degres.be\/wp-content\/uploads\/2023\/08\/cropped-cropped-31-DEGRES-LOGO-FINALai.png?fit=1468%2C408&ssl=1","width":1468,"height":408,"caption":"31 Degr\u00e9s Boutique"},"image":{"@id":"https:\/\/www.31degres.be\/#\/schema\/logo\/image\/"},"sameAs":["https:\/\/www.facebook.com\/31degresboutique","https:\/\/instagram.com\/31degresboutique?igshid=OGQ5ZDc2ODk2ZA==","https:\/\/t.snapchat.com\/TYq1giLw"]}]}},"jetpack_sharing_enabled":true,"_links":{"self":[{"href":"https:\/\/www.31degres.be\/en\/wp-json\/wp\/v2\/product\/383785","targetHints":{"allow":["GET"]}}],"collection":[{"href":"https:\/\/www.31degres.be\/en\/wp-json\/wp\/v2\/product"}],"about":[{"href":"https:\/\/www.31degres.be\/en\/wp-json\/wp\/v2\/types\/product"}],"version-history":[{"count":1,"href":"https:\/\/www.31degres.be\/en\/wp-json\/wp\/v2\/product\/383785\/revisions"}],"predecessor-version":[{"id":383805,"href":"https:\/\/www.31degres.be\/en\/wp-json\/wp\/v2\/product\/383785\/revisions\/383805"}],"wp:featuredmedia":[{"embeddable":true,"href":"https:\/\/www.31degres.be\/en\/wp-json\/wp\/v2\/media\/383803"}],"wp:attachment":[{"href":"https:\/\/www.31degres.be\/en\/wp-json\/wp\/v2\/media?parent=383785"}],"wp:term":[{"taxonomy":"product_brand","embeddable":true,"href":"https:\/\/www.31degres.be\/en\/wp-json\/wp\/v2\/product_brand?post=383785"},{"taxonomy":"product_cat","embeddable":true,"href":"https:\/\/www.31degres.be\/en\/wp-json\/wp\/v2\/product_cat?post=383785"},{"taxonomy":"product_tag","embeddable":true,"href":"https:\/\/www.31degres.be\/en\/wp-json\/wp\/v2\/product_tag?post=383785"}],"curies":[{"name":"wp","href":"https:\/\/api.w.org\/{rel}","templated":true}]}}