{"id":383807,"date":"2026-04-24T15:55:23","date_gmt":"2026-04-24T13:55:23","guid":{"rendered":"https:\/\/www.31degres.be\/?post_type=product&#038;p=383807"},"modified":"2026-04-25T15:05:54","modified_gmt":"2026-04-25T13:05:54","slug":"tissot-prx-40mm-powermatic-80-degrade-bleu-cameleon","status":"publish","type":"product","link":"https:\/\/www.31degres.be\/en\/product\/tissot-prx-40mm-powermatic-80-degrade-bleu-cameleon\/","title":{"rendered":"TISSOT PRX 40MM Powermatic 80 Gradient Blue Chameleon"},"content":{"rendered":"<p data-section-id=\"1yr1e4i\" data-start=\"179\" data-end=\"272\"><a href=\"https:\/\/www.31degres.be\/en\/product-category\/montres-homme\/tissot-homme\/\">Tissot<\/a> Tissot PRX Powermatic 80 40mm T137.407.11.351.01 Chameleon Blue \u2013 Men\u2019s Automatic Watch<\/p>\n<p data-start=\"274\" data-end=\"521\">The Tissot PRX Powermatic 80 40mm T137.407.11.351.01 in chameleon blue immediately captivates with its iconic design and unique dial. Inspired by the iconic watches of the 1970s, it subtly combines retro elegance with modernity.<\/p>\n<p data-start=\"523\" data-end=\"992\">Le bo\u00eetier en acier inoxydable de 40 mm offre un \u00e9quilibre parfait entre pr\u00e9sence et confort. Son profil reste fin et agr\u00e9able au poignet. De plus, le cadran d\u00e9grad\u00e9 bleu cam\u00e9l\u00e9on capte la lumi\u00e8re et r\u00e9v\u00e8le diff\u00e9rentes nuances selon l\u2019angle. Ce jeu de couleurs apporte profondeur et caract\u00e8re \u00e0 la montre. Ainsi, chaque regard d\u00e9voile un nouveau reflet. Les index appliqu\u00e9s et les aiguilles luminescentes garantissent une excellente lisibilit\u00e9 au quotidien.<\/p>\n<p data-start=\"994\" data-end=\"1319\">The watch features the Powermatic 80 automatic movement, renowned for its reliability and performance. It offers up to 80 hours of power reserve, allowing the watch to be worn for several days without winding. Furthermore, this movement operates without a battery, reinforcing its sustainable and authentic appeal.<\/p>\n<p data-start=\"1321\" data-end=\"1556\">The Tissot PRX also stands out for its integrated stainless steel bracelet. This iconic design creates an elegant continuity between the case and the bracelet. Furthermore, it ensures excellent comfort and a great fit.<\/p>\n<p data-start=\"1558\" data-end=\"1781\">The scratch-resistant sapphire crystal effectively protects the dial. As a result, the watch retains its lustre over time. Finally, its water resistance up to 100 metres allows for daily use with complete peace of mind.<\/p>\n<p data-start=\"1783\" data-end=\"2086\">Choosing the Tissot PRX Powermatic 80 in Chameleon Blue means opting for an elegant and high-performance automatic watch. Its unique gradient dial, iconic design and high-end movement make it a standout piece. It adapts easily to both casual and more formal attire.<\/p>","protected":false},"excerpt":{"rendered":"<p><img decoding=\"async\" class=\"alignnone wp-image-77303 aligncenter\" src=\"https:\/\/www.31degres.be\/wp-content\/uploads\/2025\/01\/Trustpilot-Excellent-300x21.png\" alt=\"\" width=\"271\" height=\"19\" srcset=\"https:\/\/i0.wp.com\/www.31degres.be\/wp-content\/uploads\/2025\/01\/Trustpilot-Excellent.png?resize=300%2C21&amp;ssl=1 300w, https:\/\/i0.wp.com\/www.31degres.be\/wp-content\/uploads\/2025\/01\/Trustpilot-Excellent.png?resize=1024%2C73&amp;ssl=1 1024w, https:\/\/i0.wp.com\/www.31degres.be\/wp-content\/uploads\/2025\/01\/Trustpilot-Excellent.png?resize=768%2C55&amp;ssl=1 768w, https:\/\/i0.wp.com\/www.31degres.be\/wp-content\/uploads\/2025\/01\/Trustpilot-Excellent.png?resize=1536%2C109&amp;ssl=1 1536w, https:\/\/i0.wp.com\/www.31degres.be\/wp-content\/uploads\/2025\/01\/Trustpilot-Excellent.png?resize=18%2C1&amp;ssl=1 18w, https:\/\/i0.wp.com\/www.31degres.be\/wp-content\/uploads\/2025\/01\/Trustpilot-Excellent.png?resize=600%2C43&amp;ssl=1 600w, https:\/\/i0.wp.com\/www.31degres.be\/wp-content\/uploads\/2025\/01\/Trustpilot-Excellent.png?w=1600&amp;ssl=1 1600w\" sizes=\"(max-width: 271px) 100vw, 271px\" \/><br \/>\n\u2714\ufe0f 2 years warranty on all watches<br \/>\n\u2714\ufe0f Satisfied or refunded 14 days<br \/>\n\u2714\ufe0f Fast Delivery<\/p>\n<p>\ud83c\udf81 <em data-start=\"599\" data-end=\"632\"><strong><a href=\"https:\/\/www.31degres.be\/en\/programme-de-fidelite\/\">\u2714 \u20ac1 spent = 1 loyalty point<\/a>.<\/strong><br \/>\n<strong>\u2764\ufe0f <a href=\"https:\/\/www.31degres.be\/en\/engagement-solidaire\/\">5% donated to help the most needy.<\/a><\/strong><br \/>\n<\/em><\/p>","protected":false},"featured_media":383813,"template":"","meta":{"site-sidebar-layout":"default","site-content-layout":"","ast-site-content-layout":"default","site-content-style":"default","site-sidebar-style":"default","ast-global-header-display":"","ast-banner-title-visibility":"","ast-main-header-display":"","ast-hfb-above-header-display":"","ast-hfb-below-header-display":"","ast-hfb-mobile-header-display":"","site-post-title":"","ast-breadcrumbs-content":"","ast-featured-img":"","footer-sml-layout":"","theme-transparent-header-meta":"disabled","adv-header-id-meta":"","stick-header-meta":"","header-above-stick-meta":"","header-main-stick-meta":"","header-below-stick-meta":"","astra-migrate-meta-layouts":"set","ast-page-background-enabled":"default","ast-page-background-meta":{"desktop":{"background-color":"","background-image":"","background-repeat":"repeat","background-position":"center center","background-size":"auto","background-attachment":"scroll","background-type":"","background-media":"","overlay-type":"","overlay-color":"","overlay-opacity":"","overlay-gradient":""},"tablet":{"background-color":"","background-image":"","background-repeat":"repeat","background-position":"center center","background-size":"auto","background-attachment":"scroll","background-type":"","background-media":"","overlay-type":"","overlay-color":"","overlay-opacity":"","overlay-gradient":""},"mobile":{"background-color":"","background-image":"","background-repeat":"repeat","background-position":"center center","background-size":"auto","background-attachment":"scroll","background-type":"","background-media":"","overlay-type":"","overlay-color":"","overlay-opacity":"","overlay-gradient":""}},"ast-content-background-meta":{"desktop":{"background-color":"var(--ast-global-color-5)","background-image":"","background-repeat":"repeat","background-position":"center center","background-size":"auto","background-attachment":"scroll","background-type":"","background-media":"","overlay-type":"","overlay-color":"","overlay-opacity":"","overlay-gradient":""},"tablet":{"background-color":"var(--ast-global-color-5)","background-image":"","background-repeat":"repeat","background-position":"center center","background-size":"auto","background-attachment":"scroll","background-type":"","background-media":"","overlay-type":"","overlay-color":"","overlay-opacity":"","overlay-gradient":""},"mobile":{"background-color":"var(--ast-global-color-5)","background-image":"","background-repeat":"repeat","background-position":"center center","background-size":"auto","background-attachment":"scroll","background-type":"","background-media":"","overlay-type":"","overlay-color":"","overlay-opacity":"","overlay-gradient":""}}},"product_brand":[728],"product_cat":[40,547],"product_tag":[885,886,546,884,545],"class_list":{"0":"post-383807","1":"product","2":"type-product","3":"status-publish","4":"has-post-thumbnail","6":"product_brand-tissot","7":"product_cat-montres-homme","8":"product_cat-tissot-homme","9":"product_tag-bleu-cameleon","10":"product_tag-powermatic","11":"product_tag-prx","12":"product_tag-t137-407-11-351-01","13":"product_tag-tissot","14":"desktop-align-left","15":"tablet-align-left","16":"mobile-align-left","18":"first","19":"onbackorder","20":"taxable","21":"shipping-taxable","22":"purchasable","23":"product-type-simple"},"yoast_head":"<!-- This site is optimized with the Yoast SEO plugin v27.4 - https:\/\/yoast.com\/product\/yoast-seo-wordpress\/ -->\n<title>Tissot PRX 40mm Bleu Cam\u00e9l\u00e9on \u2013 Powermatic 80<\/title>\n<meta name=\"description\" content=\"Tissot PRX Powermatic 80 40mm T137.407.11.351.01 homme. Montre automatique avec cadran d\u00e9grad\u00e9 bleu cam\u00e9l\u00e9on et design ann\u00e9es 70.\" \/>\n<meta name=\"robots\" content=\"index, follow, max-snippet:-1, max-image-preview:large, max-video-preview:-1\" \/>\n<link rel=\"canonical\" href=\"https:\/\/www.31degres.be\/en\/product\/tissot-prx-40mm-powermatic-80-degrade-bleu-cameleon\/\" \/>\n<meta property=\"og:locale\" content=\"en_GB\" \/>\n<meta property=\"og:type\" content=\"article\" \/>\n<meta property=\"og:title\" content=\"Tissot PRX 40mm Bleu Cam\u00e9l\u00e9on \u2013 Powermatic 80\" \/>\n<meta property=\"og:description\" content=\"Tissot PRX Powermatic 80 40mm T137.407.11.351.01 homme. Montre automatique avec cadran d\u00e9grad\u00e9 bleu cam\u00e9l\u00e9on et design ann\u00e9es 70.\" \/>\n<meta property=\"og:url\" content=\"https:\/\/www.31degres.be\/en\/product\/tissot-prx-40mm-powermatic-80-degrade-bleu-cameleon\/\" \/>\n<meta property=\"og:site_name\" content=\"31 Degr\u00e9s Boutique\" \/>\n<meta property=\"article:publisher\" content=\"https:\/\/www.facebook.com\/31degresboutique\" \/>\n<meta property=\"article:modified_time\" content=\"2026-04-25T13:05:54+00:00\" \/>\n<meta property=\"og:image\" content=\"https:\/\/www.31degres.be\/wp-content\/uploads\/2026\/04\/tissot-t1374071135101-prx.webp\" \/>\n\t<meta property=\"og:image:width\" content=\"1000\" \/>\n\t<meta property=\"og:image:height\" content=\"1000\" \/>\n\t<meta property=\"og:image:type\" content=\"image\/webp\" \/>\n<meta name=\"twitter:card\" content=\"summary_large_image\" \/>\n<meta name=\"twitter:label1\" content=\"Estimated reading time\" \/>\n\t<meta name=\"twitter:data1\" content=\"2 minutes\" \/>\n<script type=\"application\/ld+json\" class=\"yoast-schema-graph\">{\"@context\":\"https:\\\/\\\/schema.org\",\"@graph\":[{\"@type\":\"WebPage\",\"@id\":\"https:\\\/\\\/www.31degres.be\\\/produit\\\/tissot-prx-40mm-powermatic-80-degrade-bleu-cameleon\\\/\",\"url\":\"https:\\\/\\\/www.31degres.be\\\/produit\\\/tissot-prx-40mm-powermatic-80-degrade-bleu-cameleon\\\/\",\"name\":\"Tissot PRX 40mm Bleu Cam\u00e9l\u00e9on \u2013 Powermatic 80\",\"isPartOf\":{\"@id\":\"https:\\\/\\\/www.31degres.be\\\/#website\"},\"primaryImageOfPage\":{\"@id\":\"https:\\\/\\\/www.31degres.be\\\/produit\\\/tissot-prx-40mm-powermatic-80-degrade-bleu-cameleon\\\/#primaryimage\"},\"image\":{\"@id\":\"https:\\\/\\\/www.31degres.be\\\/produit\\\/tissot-prx-40mm-powermatic-80-degrade-bleu-cameleon\\\/#primaryimage\"},\"thumbnailUrl\":\"https:\\\/\\\/i0.wp.com\\\/www.31degres.be\\\/wp-content\\\/uploads\\\/2026\\\/04\\\/tissot-t1374071135101-prx.webp?fit=1000%2C1000&ssl=1\",\"datePublished\":\"2026-04-24T13:55:23+00:00\",\"dateModified\":\"2026-04-25T13:05:54+00:00\",\"description\":\"Tissot PRX Powermatic 80 40mm T137.407.11.351.01 homme. Montre automatique avec cadran d\u00e9grad\u00e9 bleu cam\u00e9l\u00e9on et design ann\u00e9es 70.\",\"breadcrumb\":{\"@id\":\"https:\\\/\\\/www.31degres.be\\\/produit\\\/tissot-prx-40mm-powermatic-80-degrade-bleu-cameleon\\\/#breadcrumb\"},\"inLanguage\":\"en-GB\",\"potentialAction\":[{\"@type\":\"ReadAction\",\"target\":[\"https:\\\/\\\/www.31degres.be\\\/produit\\\/tissot-prx-40mm-powermatic-80-degrade-bleu-cameleon\\\/\"]}]},{\"@type\":\"ImageObject\",\"inLanguage\":\"en-GB\",\"@id\":\"https:\\\/\\\/www.31degres.be\\\/produit\\\/tissot-prx-40mm-powermatic-80-degrade-bleu-cameleon\\\/#primaryimage\",\"url\":\"https:\\\/\\\/i0.wp.com\\\/www.31degres.be\\\/wp-content\\\/uploads\\\/2026\\\/04\\\/tissot-t1374071135101-prx.webp?fit=1000%2C1000&ssl=1\",\"contentUrl\":\"https:\\\/\\\/i0.wp.com\\\/www.31degres.be\\\/wp-content\\\/uploads\\\/2026\\\/04\\\/tissot-t1374071135101-prx.webp?fit=1000%2C1000&ssl=1\",\"width\":1000,\"height\":1000,\"caption\":\"TISSOT PRX Powermatic T137.407.11.351.01\"},{\"@type\":\"BreadcrumbList\",\"@id\":\"https:\\\/\\\/www.31degres.be\\\/produit\\\/tissot-prx-40mm-powermatic-80-degrade-bleu-cameleon\\\/#breadcrumb\",\"itemListElement\":[{\"@type\":\"ListItem\",\"position\":1,\"name\":\"Accueil\",\"item\":\"https:\\\/\\\/www.31degres.be\\\/\"},{\"@type\":\"ListItem\",\"position\":2,\"name\":\"Boutique\",\"item\":\"https:\\\/\\\/www.31degres.be\\\/boutique\\\/\"},{\"@type\":\"ListItem\",\"position\":3,\"name\":\"TISSOT PRX 40MM Powermatic 80 D\u00e9grad\u00e9 Bleu Cam\u00e9l\u00e9on\"}]},{\"@type\":\"WebSite\",\"@id\":\"https:\\\/\\\/www.31degres.be\\\/#website\",\"url\":\"https:\\\/\\\/www.31degres.be\\\/\",\"name\":\"31 Degr\u00e9s Boutique\",\"description\":\"Always With Style\",\"publisher\":{\"@id\":\"https:\\\/\\\/www.31degres.be\\\/#organization\"},\"alternateName\":\"31 Degr\u00e9s Boutique\",\"potentialAction\":[{\"@type\":\"SearchAction\",\"target\":{\"@type\":\"EntryPoint\",\"urlTemplate\":\"https:\\\/\\\/www.31degres.be\\\/?s={search_term_string}\"},\"query-input\":{\"@type\":\"PropertyValueSpecification\",\"valueRequired\":true,\"valueName\":\"search_term_string\"}}],\"inLanguage\":\"en-GB\"},{\"@type\":\"Organization\",\"@id\":\"https:\\\/\\\/www.31degres.be\\\/#organization\",\"name\":\"31 Degr\u00e9s Boutique\",\"url\":\"https:\\\/\\\/www.31degres.be\\\/\",\"logo\":{\"@type\":\"ImageObject\",\"inLanguage\":\"en-GB\",\"@id\":\"https:\\\/\\\/www.31degres.be\\\/#\\\/schema\\\/logo\\\/image\\\/\",\"url\":\"https:\\\/\\\/i0.wp.com\\\/www.31degres.be\\\/wp-content\\\/uploads\\\/2023\\\/08\\\/cropped-cropped-31-DEGRES-LOGO-FINALai.png?fit=1468%2C408&ssl=1\",\"contentUrl\":\"https:\\\/\\\/i0.wp.com\\\/www.31degres.be\\\/wp-content\\\/uploads\\\/2023\\\/08\\\/cropped-cropped-31-DEGRES-LOGO-FINALai.png?fit=1468%2C408&ssl=1\",\"width\":1468,\"height\":408,\"caption\":\"31 Degr\u00e9s Boutique\"},\"image\":{\"@id\":\"https:\\\/\\\/www.31degres.be\\\/#\\\/schema\\\/logo\\\/image\\\/\"},\"sameAs\":[\"https:\\\/\\\/www.facebook.com\\\/31degresboutique\",\"https:\\\/\\\/instagram.com\\\/31degresboutique?igshid=OGQ5ZDc2ODk2ZA==\",\"https:\\\/\\\/t.snapchat.com\\\/TYq1giLw\"]}]}<\/script>\n<!-- \/ Yoast SEO plugin. -->","yoast_head_json":{"title":"Tissot PRX 40mm Bleu Cam\u00e9l\u00e9on \u2013 Powermatic 80","description":"Tissot PRX Powermatic 80 40mm T137.407.11.351.01 homme. Montre automatique avec cadran d\u00e9grad\u00e9 bleu cam\u00e9l\u00e9on et design ann\u00e9es 70.","robots":{"index":"index","follow":"follow","max-snippet":"max-snippet:-1","max-image-preview":"max-image-preview:large","max-video-preview":"max-video-preview:-1"},"canonical":"https:\/\/www.31degres.be\/en\/product\/tissot-prx-40mm-powermatic-80-degrade-bleu-cameleon\/","og_locale":"en_GB","og_type":"article","og_title":"Tissot PRX 40mm Bleu Cam\u00e9l\u00e9on \u2013 Powermatic 80","og_description":"Tissot PRX Powermatic 80 40mm T137.407.11.351.01 homme. Montre automatique avec cadran d\u00e9grad\u00e9 bleu cam\u00e9l\u00e9on et design ann\u00e9es 70.","og_url":"https:\/\/www.31degres.be\/en\/product\/tissot-prx-40mm-powermatic-80-degrade-bleu-cameleon\/","og_site_name":"31 Degr\u00e9s Boutique","article_publisher":"https:\/\/www.facebook.com\/31degresboutique","article_modified_time":"2026-04-25T13:05:54+00:00","og_image":[{"width":1000,"height":1000,"url":"https:\/\/www.31degres.be\/wp-content\/uploads\/2026\/04\/tissot-t1374071135101-prx.webp","type":"image\/webp"}],"twitter_card":"summary_large_image","twitter_misc":{"Estimated reading time":"2 minutes"},"schema":{"@context":"https:\/\/schema.org","@graph":[{"@type":"WebPage","@id":"https:\/\/www.31degres.be\/produit\/tissot-prx-40mm-powermatic-80-degrade-bleu-cameleon\/","url":"https:\/\/www.31degres.be\/produit\/tissot-prx-40mm-powermatic-80-degrade-bleu-cameleon\/","name":"Tissot PRX 40mm Bleu Cam\u00e9l\u00e9on \u2013 Powermatic 80","isPartOf":{"@id":"https:\/\/www.31degres.be\/#website"},"primaryImageOfPage":{"@id":"https:\/\/www.31degres.be\/produit\/tissot-prx-40mm-powermatic-80-degrade-bleu-cameleon\/#primaryimage"},"image":{"@id":"https:\/\/www.31degres.be\/produit\/tissot-prx-40mm-powermatic-80-degrade-bleu-cameleon\/#primaryimage"},"thumbnailUrl":"https:\/\/i0.wp.com\/www.31degres.be\/wp-content\/uploads\/2026\/04\/tissot-t1374071135101-prx.webp?fit=1000%2C1000&ssl=1","datePublished":"2026-04-24T13:55:23+00:00","dateModified":"2026-04-25T13:05:54+00:00","description":"Tissot PRX Powermatic 80 40mm T137.407.11.351.01 homme. Montre automatique avec cadran d\u00e9grad\u00e9 bleu cam\u00e9l\u00e9on et design ann\u00e9es 70.","breadcrumb":{"@id":"https:\/\/www.31degres.be\/produit\/tissot-prx-40mm-powermatic-80-degrade-bleu-cameleon\/#breadcrumb"},"inLanguage":"en-GB","potentialAction":[{"@type":"ReadAction","target":["https:\/\/www.31degres.be\/produit\/tissot-prx-40mm-powermatic-80-degrade-bleu-cameleon\/"]}]},{"@type":"ImageObject","inLanguage":"en-GB","@id":"https:\/\/www.31degres.be\/produit\/tissot-prx-40mm-powermatic-80-degrade-bleu-cameleon\/#primaryimage","url":"https:\/\/i0.wp.com\/www.31degres.be\/wp-content\/uploads\/2026\/04\/tissot-t1374071135101-prx.webp?fit=1000%2C1000&ssl=1","contentUrl":"https:\/\/i0.wp.com\/www.31degres.be\/wp-content\/uploads\/2026\/04\/tissot-t1374071135101-prx.webp?fit=1000%2C1000&ssl=1","width":1000,"height":1000,"caption":"TISSOT PRX Powermatic T137.407.11.351.01"},{"@type":"BreadcrumbList","@id":"https:\/\/www.31degres.be\/produit\/tissot-prx-40mm-powermatic-80-degrade-bleu-cameleon\/#breadcrumb","itemListElement":[{"@type":"ListItem","position":1,"name":"Accueil","item":"https:\/\/www.31degres.be\/"},{"@type":"ListItem","position":2,"name":"Boutique","item":"https:\/\/www.31degres.be\/boutique\/"},{"@type":"ListItem","position":3,"name":"TISSOT PRX 40MM Powermatic 80 D\u00e9grad\u00e9 Bleu Cam\u00e9l\u00e9on"}]},{"@type":"WebSite","@id":"https:\/\/www.31degres.be\/#website","url":"https:\/\/www.31degres.be\/","name":"31 Degr\u00e9s Boutique","description":"Always With Style","publisher":{"@id":"https:\/\/www.31degres.be\/#organization"},"alternateName":"31 Degr\u00e9s Boutique","potentialAction":[{"@type":"SearchAction","target":{"@type":"EntryPoint","urlTemplate":"https:\/\/www.31degres.be\/?s={search_term_string}"},"query-input":{"@type":"PropertyValueSpecification","valueRequired":true,"valueName":"search_term_string"}}],"inLanguage":"en-GB"},{"@type":"Organization","@id":"https:\/\/www.31degres.be\/#organization","name":"31 Degr\u00e9s Boutique","url":"https:\/\/www.31degres.be\/","logo":{"@type":"ImageObject","inLanguage":"en-GB","@id":"https:\/\/www.31degres.be\/#\/schema\/logo\/image\/","url":"https:\/\/i0.wp.com\/www.31degres.be\/wp-content\/uploads\/2023\/08\/cropped-cropped-31-DEGRES-LOGO-FINALai.png?fit=1468%2C408&ssl=1","contentUrl":"https:\/\/i0.wp.com\/www.31degres.be\/wp-content\/uploads\/2023\/08\/cropped-cropped-31-DEGRES-LOGO-FINALai.png?fit=1468%2C408&ssl=1","width":1468,"height":408,"caption":"31 Degr\u00e9s Boutique"},"image":{"@id":"https:\/\/www.31degres.be\/#\/schema\/logo\/image\/"},"sameAs":["https:\/\/www.facebook.com\/31degresboutique","https:\/\/instagram.com\/31degresboutique?igshid=OGQ5ZDc2ODk2ZA==","https:\/\/t.snapchat.com\/TYq1giLw"]}]}},"jetpack_sharing_enabled":true,"_links":{"self":[{"href":"https:\/\/www.31degres.be\/en\/wp-json\/wp\/v2\/product\/383807","targetHints":{"allow":["GET"]}}],"collection":[{"href":"https:\/\/www.31degres.be\/en\/wp-json\/wp\/v2\/product"}],"about":[{"href":"https:\/\/www.31degres.be\/en\/wp-json\/wp\/v2\/types\/product"}],"version-history":[{"count":3,"href":"https:\/\/www.31degres.be\/en\/wp-json\/wp\/v2\/product\/383807\/revisions"}],"predecessor-version":[{"id":383816,"href":"https:\/\/www.31degres.be\/en\/wp-json\/wp\/v2\/product\/383807\/revisions\/383816"}],"wp:featuredmedia":[{"embeddable":true,"href":"https:\/\/www.31degres.be\/en\/wp-json\/wp\/v2\/media\/383813"}],"wp:attachment":[{"href":"https:\/\/www.31degres.be\/en\/wp-json\/wp\/v2\/media?parent=383807"}],"wp:term":[{"taxonomy":"product_brand","embeddable":true,"href":"https:\/\/www.31degres.be\/en\/wp-json\/wp\/v2\/product_brand?post=383807"},{"taxonomy":"product_cat","embeddable":true,"href":"https:\/\/www.31degres.be\/en\/wp-json\/wp\/v2\/product_cat?post=383807"},{"taxonomy":"product_tag","embeddable":true,"href":"https:\/\/www.31degres.be\/en\/wp-json\/wp\/v2\/product_tag?post=383807"}],"curies":[{"name":"wp","href":"https:\/\/api.w.org\/{rel}","templated":true}]}}