{"id":383896,"date":"2026-05-01T12:16:57","date_gmt":"2026-05-01T10:16:57","guid":{"rendered":"https:\/\/www.31degres.be\/?post_type=product&#038;p=383896"},"modified":"2026-05-01T12:33:33","modified_gmt":"2026-05-01T10:33:33","slug":"tissot-pr516-40mm-rose-gold","status":"publish","type":"product","link":"https:\/\/www.31degres.be\/en\/product\/tissot-pr516-40mm-rose-gold\/","title":{"rendered":"TISSOT PR516 40MM Rose Gold"},"content":{"rendered":"<p data-section-id=\"s0ncwz\" data-start=\"158\" data-end=\"225\">Tissot PR516 40mm T149.417.33.051.00 Rose Gold \u2013 Men\u2019s Chronograph<\/p>\n<p data-start=\"227\" data-end=\"568\">The Tissot PR516 40mm T149.417.33.051.00 in rose gold draws its inspiration from the world of motor racing in the 1960s. Since its launch, the PR516 collection has embodied speed, performance and determination. Today, it continues to appeal to ambitious men seeking a watch that matches their pace of life.<\/p>\n<p data-start=\"570\" data-end=\"908\">Ce mod\u00e8le se distingue par son cadran noir audacieux, sublim\u00e9 par des d\u00e9tails en PVD or rose. Ce contraste \u00e9l\u00e9gant renforce son style sportif et raffin\u00e9. De plus, son bo\u00eetier de 40 mm enti\u00e8rement en PVD or rose apporte une pr\u00e9sence affirm\u00e9e au poignet. Ainsi, la montre combine parfaitement \u00e9l\u00e9gance moderne et esprit vintage.<\/p>\n<p data-start=\"910\" data-end=\"1219\">The Tissot PR516 features a Swiss quartz chronograph movement, renowned for its precision and reliability. It enables simple and efficient timekeeping, without the need for winding. Furthermore, this movement guarantees consistent performance, ideal for accompanying every moment of daily life.<\/p>\n<p data-start=\"1221\" data-end=\"1491\">Inspired by racing heroes, this watch embodies perseverance and pushing one\u2019s limits. It encourages you to move forward with confidence and tackle every challenge with determination. As such, it becomes much more than a mere accessory: a true symbol of ambition.<\/p>\n<p data-start=\"1493\" data-end=\"1772\">The steel bracelet with a rose gold PVD finish ensures comfort and durability. It fits the wrist perfectly whilst enhancing the model\u2019s premium style. Furthermore, the watch offers excellent readability thanks to its clearly defined sub-dials and contrasting hands.<\/p>\n<p data-start=\"1774\" data-end=\"2091\">Choosing the Tissot PR516 in rose gold means opting for an elegant and dynamic chronograph. Its 1960s-inspired design, deep black dial and Swiss precision make it an essential piece. It complements both a formal look and a sportier style, whilst asserting a strong personality.<\/p>\n<p data-start=\"1774\" data-end=\"2091\">Designed by <a href=\"https:\/\/www.31degres.be\/en\/product-category\/montres-homme\/tissot-homme\/\">Tissot<\/a>.<\/p>","protected":false},"excerpt":{"rendered":"<p><img decoding=\"async\" class=\"alignnone wp-image-77303 aligncenter\" src=\"https:\/\/www.31degres.be\/wp-content\/uploads\/2025\/01\/Trustpilot-Excellent-300x21.png\" alt=\"\" width=\"271\" height=\"19\" srcset=\"https:\/\/i0.wp.com\/www.31degres.be\/wp-content\/uploads\/2025\/01\/Trustpilot-Excellent.png?resize=300%2C21&amp;ssl=1 300w, https:\/\/i0.wp.com\/www.31degres.be\/wp-content\/uploads\/2025\/01\/Trustpilot-Excellent.png?resize=1024%2C73&amp;ssl=1 1024w, https:\/\/i0.wp.com\/www.31degres.be\/wp-content\/uploads\/2025\/01\/Trustpilot-Excellent.png?resize=768%2C55&amp;ssl=1 768w, https:\/\/i0.wp.com\/www.31degres.be\/wp-content\/uploads\/2025\/01\/Trustpilot-Excellent.png?resize=1536%2C109&amp;ssl=1 1536w, https:\/\/i0.wp.com\/www.31degres.be\/wp-content\/uploads\/2025\/01\/Trustpilot-Excellent.png?resize=18%2C1&amp;ssl=1 18w, https:\/\/i0.wp.com\/www.31degres.be\/wp-content\/uploads\/2025\/01\/Trustpilot-Excellent.png?resize=600%2C43&amp;ssl=1 600w, https:\/\/i0.wp.com\/www.31degres.be\/wp-content\/uploads\/2025\/01\/Trustpilot-Excellent.png?w=1600&amp;ssl=1 1600w\" sizes=\"(max-width: 271px) 100vw, 271px\" \/><br \/>\n\u2714\ufe0f 2 years warranty on all watches<br \/>\n\u2714\ufe0f Satisfied or refunded 14 days<br \/>\n\u2714\ufe0f Fast Delivery<\/p>\n<p>\ud83c\udf81 <em data-start=\"599\" data-end=\"632\"><strong><a href=\"https:\/\/www.31degres.be\/en\/programme-de-fidelite\/\">\u20ac1 spent = 1 loyalty point<\/a>.<\/strong><br \/>\n<strong>\u2764\ufe0f <a href=\"https:\/\/www.31degres.be\/en\/engagement-solidaire\/\">5% donated to help the most needy.<\/a><\/strong><br \/>\n<\/em><\/p>","protected":false},"featured_media":383901,"template":"","meta":{"site-sidebar-layout":"default","site-content-layout":"","ast-site-content-layout":"default","site-content-style":"default","site-sidebar-style":"default","ast-global-header-display":"","ast-banner-title-visibility":"","ast-main-header-display":"","ast-hfb-above-header-display":"","ast-hfb-below-header-display":"","ast-hfb-mobile-header-display":"","site-post-title":"","ast-breadcrumbs-content":"","ast-featured-img":"","footer-sml-layout":"","theme-transparent-header-meta":"disabled","adv-header-id-meta":"","stick-header-meta":"","header-above-stick-meta":"","header-main-stick-meta":"","header-below-stick-meta":"","astra-migrate-meta-layouts":"set","ast-page-background-enabled":"default","ast-page-background-meta":{"desktop":{"background-color":"","background-image":"","background-repeat":"repeat","background-position":"center center","background-size":"auto","background-attachment":"scroll","background-type":"","background-media":"","overlay-type":"","overlay-color":"","overlay-opacity":"","overlay-gradient":""},"tablet":{"background-color":"","background-image":"","background-repeat":"repeat","background-position":"center center","background-size":"auto","background-attachment":"scroll","background-type":"","background-media":"","overlay-type":"","overlay-color":"","overlay-opacity":"","overlay-gradient":""},"mobile":{"background-color":"","background-image":"","background-repeat":"repeat","background-position":"center center","background-size":"auto","background-attachment":"scroll","background-type":"","background-media":"","overlay-type":"","overlay-color":"","overlay-opacity":"","overlay-gradient":""}},"ast-content-background-meta":{"desktop":{"background-color":"var(--ast-global-color-5)","background-image":"","background-repeat":"repeat","background-position":"center center","background-size":"auto","background-attachment":"scroll","background-type":"","background-media":"","overlay-type":"","overlay-color":"","overlay-opacity":"","overlay-gradient":""},"tablet":{"background-color":"var(--ast-global-color-5)","background-image":"","background-repeat":"repeat","background-position":"center center","background-size":"auto","background-attachment":"scroll","background-type":"","background-media":"","overlay-type":"","overlay-color":"","overlay-opacity":"","overlay-gradient":""},"mobile":{"background-color":"var(--ast-global-color-5)","background-image":"","background-repeat":"repeat","background-position":"center center","background-size":"auto","background-attachment":"scroll","background-type":"","background-media":"","overlay-type":"","overlay-color":"","overlay-opacity":"","overlay-gradient":""}}},"product_brand":[728],"product_cat":[40,547],"product_tag":[908,613,373,909,545],"class_list":{"0":"post-383896","1":"product","2":"type-product","3":"status-publish","4":"has-post-thumbnail","6":"product_brand-tissot","7":"product_cat-montres-homme","8":"product_cat-tissot-homme","9":"product_tag-pr516","10":"product_tag-quartz","11":"product_tag-rose-gold","12":"product_tag-t149-417-33-051-00","13":"product_tag-tissot","14":"desktop-align-left","15":"tablet-align-left","16":"mobile-align-left","18":"first","19":"onbackorder","20":"taxable","21":"shipping-taxable","22":"purchasable","23":"product-type-simple"},"yoast_head":"<!-- This site is optimized with the Yoast SEO plugin v27.5 - https:\/\/yoast.com\/product\/yoast-seo-wordpress\/ -->\n<title>Tissot PR516 40mm T149.417.33.051.00 Or Rose Homme<\/title>\n<meta name=\"description\" content=\"Tissot PR516 40mm T149.417.33.051.00 or rose homme. Chronographe \u00e9l\u00e9gant au design sportif avec bracelet acier et style r\u00e9tro.\" \/>\n<meta name=\"robots\" content=\"index, follow, max-snippet:-1, max-image-preview:large, max-video-preview:-1\" \/>\n<link rel=\"canonical\" href=\"https:\/\/www.31degres.be\/en\/product\/tissot-pr516-40mm-rose-gold\/\" \/>\n<meta property=\"og:locale\" content=\"en_GB\" \/>\n<meta property=\"og:type\" content=\"article\" \/>\n<meta property=\"og:title\" content=\"Tissot PR516 40mm T149.417.33.051.00 Or Rose Homme\" \/>\n<meta property=\"og:description\" content=\"Tissot PR516 40mm T149.417.33.051.00 or rose homme. Chronographe \u00e9l\u00e9gant au design sportif avec bracelet acier et style r\u00e9tro.\" \/>\n<meta property=\"og:url\" content=\"https:\/\/www.31degres.be\/en\/product\/tissot-pr516-40mm-rose-gold\/\" \/>\n<meta property=\"og:site_name\" content=\"31 Degr\u00e9s Boutique\" \/>\n<meta property=\"article:publisher\" content=\"https:\/\/www.facebook.com\/31degresboutique\" \/>\n<meta property=\"article:modified_time\" content=\"2026-05-01T10:33:33+00:00\" \/>\n<meta property=\"og:image\" content=\"https:\/\/www.31degres.be\/wp-content\/uploads\/2026\/05\/tissot-t1494173305100-pr516.webp\" \/>\n\t<meta property=\"og:image:width\" content=\"1000\" \/>\n\t<meta property=\"og:image:height\" content=\"1000\" \/>\n\t<meta property=\"og:image:type\" content=\"image\/webp\" \/>\n<meta name=\"twitter:card\" content=\"summary_large_image\" \/>\n<meta name=\"twitter:label1\" content=\"Estimated reading time\" \/>\n\t<meta name=\"twitter:data1\" content=\"2 minutes\" \/>\n<script type=\"application\/ld+json\" class=\"yoast-schema-graph\">{\"@context\":\"https:\\\/\\\/schema.org\",\"@graph\":[{\"@type\":\"WebPage\",\"@id\":\"https:\\\/\\\/www.31degres.be\\\/produit\\\/tissot-pr516-40mm-rose-gold\\\/\",\"url\":\"https:\\\/\\\/www.31degres.be\\\/produit\\\/tissot-pr516-40mm-rose-gold\\\/\",\"name\":\"Tissot PR516 40mm T149.417.33.051.00 Or Rose Homme\",\"isPartOf\":{\"@id\":\"https:\\\/\\\/www.31degres.be\\\/#website\"},\"primaryImageOfPage\":{\"@id\":\"https:\\\/\\\/www.31degres.be\\\/produit\\\/tissot-pr516-40mm-rose-gold\\\/#primaryimage\"},\"image\":{\"@id\":\"https:\\\/\\\/www.31degres.be\\\/produit\\\/tissot-pr516-40mm-rose-gold\\\/#primaryimage\"},\"thumbnailUrl\":\"https:\\\/\\\/i0.wp.com\\\/www.31degres.be\\\/wp-content\\\/uploads\\\/2026\\\/05\\\/tissot-t1494173305100-pr516.webp?fit=1000%2C1000&ssl=1\",\"datePublished\":\"2026-05-01T10:16:57+00:00\",\"dateModified\":\"2026-05-01T10:33:33+00:00\",\"description\":\"Tissot PR516 40mm T149.417.33.051.00 or rose homme. Chronographe \u00e9l\u00e9gant au design sportif avec bracelet acier et style r\u00e9tro.\",\"breadcrumb\":{\"@id\":\"https:\\\/\\\/www.31degres.be\\\/produit\\\/tissot-pr516-40mm-rose-gold\\\/#breadcrumb\"},\"inLanguage\":\"en-GB\",\"potentialAction\":[{\"@type\":\"ReadAction\",\"target\":[\"https:\\\/\\\/www.31degres.be\\\/produit\\\/tissot-pr516-40mm-rose-gold\\\/\"]}]},{\"@type\":\"ImageObject\",\"inLanguage\":\"en-GB\",\"@id\":\"https:\\\/\\\/www.31degres.be\\\/produit\\\/tissot-pr516-40mm-rose-gold\\\/#primaryimage\",\"url\":\"https:\\\/\\\/i0.wp.com\\\/www.31degres.be\\\/wp-content\\\/uploads\\\/2026\\\/05\\\/tissot-t1494173305100-pr516.webp?fit=1000%2C1000&ssl=1\",\"contentUrl\":\"https:\\\/\\\/i0.wp.com\\\/www.31degres.be\\\/wp-content\\\/uploads\\\/2026\\\/05\\\/tissot-t1494173305100-pr516.webp?fit=1000%2C1000&ssl=1\",\"width\":1000,\"height\":1000,\"caption\":\"TISSOT PR516 40MM T149.417.33.051.00\"},{\"@type\":\"BreadcrumbList\",\"@id\":\"https:\\\/\\\/www.31degres.be\\\/produit\\\/tissot-pr516-40mm-rose-gold\\\/#breadcrumb\",\"itemListElement\":[{\"@type\":\"ListItem\",\"position\":1,\"name\":\"Accueil\",\"item\":\"https:\\\/\\\/www.31degres.be\\\/\"},{\"@type\":\"ListItem\",\"position\":2,\"name\":\"Boutique\",\"item\":\"https:\\\/\\\/www.31degres.be\\\/boutique\\\/\"},{\"@type\":\"ListItem\",\"position\":3,\"name\":\"TISSOT PR516 40MM Rose Gold\"}]},{\"@type\":\"WebSite\",\"@id\":\"https:\\\/\\\/www.31degres.be\\\/#website\",\"url\":\"https:\\\/\\\/www.31degres.be\\\/\",\"name\":\"31 Degr\u00e9s Boutique\",\"description\":\"Always With Style\",\"publisher\":{\"@id\":\"https:\\\/\\\/www.31degres.be\\\/#organization\"},\"alternateName\":\"31 Degr\u00e9s Boutique\",\"potentialAction\":[{\"@type\":\"SearchAction\",\"target\":{\"@type\":\"EntryPoint\",\"urlTemplate\":\"https:\\\/\\\/www.31degres.be\\\/?s={search_term_string}\"},\"query-input\":{\"@type\":\"PropertyValueSpecification\",\"valueRequired\":true,\"valueName\":\"search_term_string\"}}],\"inLanguage\":\"en-GB\"},{\"@type\":\"Organization\",\"@id\":\"https:\\\/\\\/www.31degres.be\\\/#organization\",\"name\":\"31 Degr\u00e9s Boutique\",\"url\":\"https:\\\/\\\/www.31degres.be\\\/\",\"logo\":{\"@type\":\"ImageObject\",\"inLanguage\":\"en-GB\",\"@id\":\"https:\\\/\\\/www.31degres.be\\\/#\\\/schema\\\/logo\\\/image\\\/\",\"url\":\"https:\\\/\\\/i0.wp.com\\\/www.31degres.be\\\/wp-content\\\/uploads\\\/2023\\\/08\\\/cropped-cropped-31-DEGRES-LOGO-FINALai.png?fit=1468%2C408&ssl=1\",\"contentUrl\":\"https:\\\/\\\/i0.wp.com\\\/www.31degres.be\\\/wp-content\\\/uploads\\\/2023\\\/08\\\/cropped-cropped-31-DEGRES-LOGO-FINALai.png?fit=1468%2C408&ssl=1\",\"width\":1468,\"height\":408,\"caption\":\"31 Degr\u00e9s Boutique\"},\"image\":{\"@id\":\"https:\\\/\\\/www.31degres.be\\\/#\\\/schema\\\/logo\\\/image\\\/\"},\"sameAs\":[\"https:\\\/\\\/www.facebook.com\\\/31degresboutique\",\"https:\\\/\\\/instagram.com\\\/31degresboutique?igshid=OGQ5ZDc2ODk2ZA==\",\"https:\\\/\\\/t.snapchat.com\\\/TYq1giLw\"]}]}<\/script>\n<!-- \/ Yoast SEO plugin. -->","yoast_head_json":{"title":"Tissot PR516 40mm T149.417.33.051.00 Or Rose Homme","description":"Tissot PR516 40mm T149.417.33.051.00 or rose homme. Chronographe \u00e9l\u00e9gant au design sportif avec bracelet acier et style r\u00e9tro.","robots":{"index":"index","follow":"follow","max-snippet":"max-snippet:-1","max-image-preview":"max-image-preview:large","max-video-preview":"max-video-preview:-1"},"canonical":"https:\/\/www.31degres.be\/en\/product\/tissot-pr516-40mm-rose-gold\/","og_locale":"en_GB","og_type":"article","og_title":"Tissot PR516 40mm T149.417.33.051.00 Or Rose Homme","og_description":"Tissot PR516 40mm T149.417.33.051.00 or rose homme. Chronographe \u00e9l\u00e9gant au design sportif avec bracelet acier et style r\u00e9tro.","og_url":"https:\/\/www.31degres.be\/en\/product\/tissot-pr516-40mm-rose-gold\/","og_site_name":"31 Degr\u00e9s Boutique","article_publisher":"https:\/\/www.facebook.com\/31degresboutique","article_modified_time":"2026-05-01T10:33:33+00:00","og_image":[{"width":1000,"height":1000,"url":"https:\/\/www.31degres.be\/wp-content\/uploads\/2026\/05\/tissot-t1494173305100-pr516.webp","type":"image\/webp"}],"twitter_card":"summary_large_image","twitter_misc":{"Estimated reading time":"2 minutes"},"schema":{"@context":"https:\/\/schema.org","@graph":[{"@type":"WebPage","@id":"https:\/\/www.31degres.be\/produit\/tissot-pr516-40mm-rose-gold\/","url":"https:\/\/www.31degres.be\/produit\/tissot-pr516-40mm-rose-gold\/","name":"Tissot PR516 40mm T149.417.33.051.00 Or Rose Homme","isPartOf":{"@id":"https:\/\/www.31degres.be\/#website"},"primaryImageOfPage":{"@id":"https:\/\/www.31degres.be\/produit\/tissot-pr516-40mm-rose-gold\/#primaryimage"},"image":{"@id":"https:\/\/www.31degres.be\/produit\/tissot-pr516-40mm-rose-gold\/#primaryimage"},"thumbnailUrl":"https:\/\/i0.wp.com\/www.31degres.be\/wp-content\/uploads\/2026\/05\/tissot-t1494173305100-pr516.webp?fit=1000%2C1000&ssl=1","datePublished":"2026-05-01T10:16:57+00:00","dateModified":"2026-05-01T10:33:33+00:00","description":"Tissot PR516 40mm T149.417.33.051.00 or rose homme. Chronographe \u00e9l\u00e9gant au design sportif avec bracelet acier et style r\u00e9tro.","breadcrumb":{"@id":"https:\/\/www.31degres.be\/produit\/tissot-pr516-40mm-rose-gold\/#breadcrumb"},"inLanguage":"en-GB","potentialAction":[{"@type":"ReadAction","target":["https:\/\/www.31degres.be\/produit\/tissot-pr516-40mm-rose-gold\/"]}]},{"@type":"ImageObject","inLanguage":"en-GB","@id":"https:\/\/www.31degres.be\/produit\/tissot-pr516-40mm-rose-gold\/#primaryimage","url":"https:\/\/i0.wp.com\/www.31degres.be\/wp-content\/uploads\/2026\/05\/tissot-t1494173305100-pr516.webp?fit=1000%2C1000&ssl=1","contentUrl":"https:\/\/i0.wp.com\/www.31degres.be\/wp-content\/uploads\/2026\/05\/tissot-t1494173305100-pr516.webp?fit=1000%2C1000&ssl=1","width":1000,"height":1000,"caption":"TISSOT PR516 40MM T149.417.33.051.00"},{"@type":"BreadcrumbList","@id":"https:\/\/www.31degres.be\/produit\/tissot-pr516-40mm-rose-gold\/#breadcrumb","itemListElement":[{"@type":"ListItem","position":1,"name":"Accueil","item":"https:\/\/www.31degres.be\/"},{"@type":"ListItem","position":2,"name":"Boutique","item":"https:\/\/www.31degres.be\/boutique\/"},{"@type":"ListItem","position":3,"name":"TISSOT PR516 40MM Rose Gold"}]},{"@type":"WebSite","@id":"https:\/\/www.31degres.be\/#website","url":"https:\/\/www.31degres.be\/","name":"31 Degr\u00e9s Boutique","description":"Always With Style","publisher":{"@id":"https:\/\/www.31degres.be\/#organization"},"alternateName":"31 Degr\u00e9s Boutique","potentialAction":[{"@type":"SearchAction","target":{"@type":"EntryPoint","urlTemplate":"https:\/\/www.31degres.be\/?s={search_term_string}"},"query-input":{"@type":"PropertyValueSpecification","valueRequired":true,"valueName":"search_term_string"}}],"inLanguage":"en-GB"},{"@type":"Organization","@id":"https:\/\/www.31degres.be\/#organization","name":"31 Degr\u00e9s Boutique","url":"https:\/\/www.31degres.be\/","logo":{"@type":"ImageObject","inLanguage":"en-GB","@id":"https:\/\/www.31degres.be\/#\/schema\/logo\/image\/","url":"https:\/\/i0.wp.com\/www.31degres.be\/wp-content\/uploads\/2023\/08\/cropped-cropped-31-DEGRES-LOGO-FINALai.png?fit=1468%2C408&ssl=1","contentUrl":"https:\/\/i0.wp.com\/www.31degres.be\/wp-content\/uploads\/2023\/08\/cropped-cropped-31-DEGRES-LOGO-FINALai.png?fit=1468%2C408&ssl=1","width":1468,"height":408,"caption":"31 Degr\u00e9s Boutique"},"image":{"@id":"https:\/\/www.31degres.be\/#\/schema\/logo\/image\/"},"sameAs":["https:\/\/www.facebook.com\/31degresboutique","https:\/\/instagram.com\/31degresboutique?igshid=OGQ5ZDc2ODk2ZA==","https:\/\/t.snapchat.com\/TYq1giLw"]}]}},"jetpack_sharing_enabled":true,"_links":{"self":[{"href":"https:\/\/www.31degres.be\/en\/wp-json\/wp\/v2\/product\/383896","targetHints":{"allow":["GET"]}}],"collection":[{"href":"https:\/\/www.31degres.be\/en\/wp-json\/wp\/v2\/product"}],"about":[{"href":"https:\/\/www.31degres.be\/en\/wp-json\/wp\/v2\/types\/product"}],"version-history":[{"count":1,"href":"https:\/\/www.31degres.be\/en\/wp-json\/wp\/v2\/product\/383896\/revisions"}],"predecessor-version":[{"id":383902,"href":"https:\/\/www.31degres.be\/en\/wp-json\/wp\/v2\/product\/383896\/revisions\/383902"}],"wp:featuredmedia":[{"embeddable":true,"href":"https:\/\/www.31degres.be\/en\/wp-json\/wp\/v2\/media\/383901"}],"wp:attachment":[{"href":"https:\/\/www.31degres.be\/en\/wp-json\/wp\/v2\/media?parent=383896"}],"wp:term":[{"taxonomy":"product_brand","embeddable":true,"href":"https:\/\/www.31degres.be\/en\/wp-json\/wp\/v2\/product_brand?post=383896"},{"taxonomy":"product_cat","embeddable":true,"href":"https:\/\/www.31degres.be\/en\/wp-json\/wp\/v2\/product_cat?post=383896"},{"taxonomy":"product_tag","embeddable":true,"href":"https:\/\/www.31degres.be\/en\/wp-json\/wp\/v2\/product_tag?post=383896"}],"curies":[{"name":"wp","href":"https:\/\/api.w.org\/{rel}","templated":true}]}}