{"id":4622,"date":"2023-08-21T16:24:17","date_gmt":"2023-08-21T14:24:17","guid":{"rendered":"http:\/\/brk.asdigix.com\/?post_type=product&#038;p=4622"},"modified":"2026-03-30T19:56:25","modified_gmt":"2026-03-30T17:56:25","slug":"michael-kors-parker-mk5354-dore-et-cristaux","status":"publish","type":"product","link":"https:\/\/www.31degres.be\/en\/product\/michael-kors-parker-mk5354-dore-et-cristaux\/","title":{"rendered":"Michael Kors Parker MK5354 Gold &amp; Crystal"},"content":{"rendered":"<p><strong>L&#8217;\u00c9clat Dor\u00e9 qui Captive : Michael Kors Parker MK5354<\/strong><\/p>\n<p>Sublimez chaque instant avec la montre Michael Kors Parker MK5354, une \u0153uvre d&#8217;art \u00e0 votre poignet. Plongez dans le luxe du dor\u00e9, accentu\u00e9 par des cristaux scintillants, cr\u00e9ant une fusion parfaite entre sophistication et glamour.<\/p>\n<ol>\n<li><strong>Timeless Elegance<\/strong> : The <strong><a href=\"https:\/\/www.31degres.be\/en\/?s=parker&amp;post_type=product\">Parker<\/a><\/strong> MK5354 incarne l&#8217;\u00e9l\u00e9gance classique avec sa silhouette dor\u00e9e qui attire tous les regards. L&#8217;acier inoxydable dor\u00e9 poli refl\u00e8te la lumi\u00e8re, conf\u00e9rant \u00e0 cette montre une allure raffin\u00e9e, id\u00e9ale pour chaque occasion.<\/li>\n<li><strong>Details Sparkling<\/strong> : The crystals pavers around the dial add a touch of gloss for subtle, transforming the watch into a jewel functional. Each crystal is carefully positioned to create a glow and a subtle and dazzling with every movement.<\/li>\n<li><strong>Function Mode<\/strong> : Au-del\u00e0 de son esth\u00e9tique saisissante, la Parker MK5354 offre une fonctionnalit\u00e9 impeccable. Son mouvement quartz pr\u00e9cis assure une ponctualit\u00e9 in\u00e9branlable, tandis que sa r\u00e9sistance \u00e0 l&#8217;eau garantit une durabilit\u00e9 sans compromis.<\/li>\n<\/ol>\n<p>Plongez dans l&#8217;exp\u00e9rience Michael Kors et exprimez votre style avec une montre qui transcende le temps. Que ce soit pour une soir\u00e9e \u00e9l\u00e9gante ou une journ\u00e9e d\u00e9contract\u00e9e, la Parker MK5354 vous accompagnera avec une touche de glamour \u00e0 chaque instant.<\/p>\n<p><em>Discover the refinement ultimate with the Michael Kors Parker MK5354. Add a spark of gold to your life right now.<\/em><\/p>\n<p>The model is also available in white ceramic <strong><a href=\"https:\/\/www.31degres.be\/en\/product\/montre-michael-kors-parker-blanc-mk5848\/\">MK5848<\/a><\/strong>.<\/p>","protected":false},"excerpt":{"rendered":"<p><img decoding=\"async\" class=\"alignnone wp-image-77303 aligncenter\" src=\"https:\/\/www.31degres.be\/wp-content\/uploads\/2025\/01\/Trustpilot-Excellent-300x21.png\" alt=\"\" width=\"271\" height=\"19\" srcset=\"https:\/\/i0.wp.com\/www.31degres.be\/wp-content\/uploads\/2025\/01\/Trustpilot-Excellent.png?resize=300%2C21&amp;ssl=1 300w, https:\/\/i0.wp.com\/www.31degres.be\/wp-content\/uploads\/2025\/01\/Trustpilot-Excellent.png?resize=1024%2C73&amp;ssl=1 1024w, https:\/\/i0.wp.com\/www.31degres.be\/wp-content\/uploads\/2025\/01\/Trustpilot-Excellent.png?resize=768%2C55&amp;ssl=1 768w, https:\/\/i0.wp.com\/www.31degres.be\/wp-content\/uploads\/2025\/01\/Trustpilot-Excellent.png?resize=1536%2C109&amp;ssl=1 1536w, https:\/\/i0.wp.com\/www.31degres.be\/wp-content\/uploads\/2025\/01\/Trustpilot-Excellent.png?resize=18%2C1&amp;ssl=1 18w, https:\/\/i0.wp.com\/www.31degres.be\/wp-content\/uploads\/2025\/01\/Trustpilot-Excellent.png?resize=600%2C43&amp;ssl=1 600w, https:\/\/i0.wp.com\/www.31degres.be\/wp-content\/uploads\/2025\/01\/Trustpilot-Excellent.png?w=1600&amp;ssl=1 1600w\" sizes=\"(max-width: 271px) 100vw, 271px\" \/><br \/>\n\u2714\ufe0f 2 years warranty on all watches<br \/>\n\u2714\ufe0f Satisfied or refunded 14 days<br \/>\n\u2714\ufe0f Fast Delivery<\/p>\n<p>\ud83c\udf81 <em data-start=\"599\" data-end=\"632\"><strong><a href=\"https:\/\/www.31degres.be\/en\/programme-de-fidelite\/\">\u2714 \u20ac1 spent = 1 loyalty point<\/a>.<\/strong><br \/>\n<strong>\u2764\ufe0f <a href=\"https:\/\/www.31degres.be\/en\/engagement-solidaire\/\">5% donated to help the most needy.<\/a><\/strong><br \/>\n<\/em><\/p>","protected":false},"featured_media":6025,"template":"","meta":{"site-sidebar-layout":"default","site-content-layout":"default","ast-site-content-layout":"default","site-content-style":"default","site-sidebar-style":"default","ast-global-header-display":"","ast-banner-title-visibility":"","ast-main-header-display":"","ast-hfb-above-header-display":"","ast-hfb-below-header-display":"","ast-hfb-mobile-header-display":"","site-post-title":"","ast-breadcrumbs-content":"","ast-featured-img":"","footer-sml-layout":"","theme-transparent-header-meta":"disabled","adv-header-id-meta":"","stick-header-meta":"","header-above-stick-meta":"","header-main-stick-meta":"","header-below-stick-meta":"","astra-migrate-meta-layouts":"set","ast-page-background-enabled":"default","ast-page-background-meta":{"desktop":{"background-color":"","background-image":"","background-repeat":"repeat","background-position":"center center","background-size":"auto","background-attachment":"scroll","background-type":"","background-media":"","overlay-type":"","overlay-color":"","overlay-opacity":"","overlay-gradient":""},"tablet":{"background-color":"","background-image":"","background-repeat":"repeat","background-position":"center center","background-size":"auto","background-attachment":"scroll","background-type":"","background-media":"","overlay-type":"","overlay-color":"","overlay-opacity":"","overlay-gradient":""},"mobile":{"background-color":"","background-image":"","background-repeat":"repeat","background-position":"center center","background-size":"auto","background-attachment":"scroll","background-type":"","background-media":"","overlay-type":"","overlay-color":"","overlay-opacity":"","overlay-gradient":""}},"ast-content-background-meta":{"desktop":{"background-color":"var(--ast-global-color-5)","background-image":"","background-repeat":"repeat","background-position":"center center","background-size":"auto","background-attachment":"scroll","background-type":"","background-media":"","overlay-type":"","overlay-color":"","overlay-opacity":"","overlay-gradient":""},"tablet":{"background-color":"var(--ast-global-color-5)","background-image":"","background-repeat":"repeat","background-position":"center center","background-size":"auto","background-attachment":"scroll","background-type":"","background-media":"","overlay-type":"","overlay-color":"","overlay-opacity":"","overlay-gradient":""},"mobile":{"background-color":"var(--ast-global-color-5)","background-image":"","background-repeat":"repeat","background-position":"center center","background-size":"auto","background-attachment":"scroll","background-type":"","background-media":"","overlay-type":"","overlay-color":"","overlay-opacity":"","overlay-gradient":""}}},"product_brand":[],"product_cat":[66],"product_tag":[78,127,77,126,79],"class_list":{"0":"post-4622","1":"product","2":"type-product","3":"status-publish","4":"has-post-thumbnail","6":"product_cat-michael-kors-montres-femme","7":"product_tag-argent","8":"product_tag-cristaux","9":"product_tag-michael-kors","10":"product_tag-mk5353","11":"product_tag-strass","12":"desktop-align-left","13":"tablet-align-left","14":"mobile-align-left","16":"first","17":"instock","18":"sale","19":"taxable","20":"shipping-taxable","21":"purchasable","22":"product-type-simple"},"yoast_head":"<!-- This site is optimized with the Yoast SEO plugin v27.3 - https:\/\/yoast.com\/product\/yoast-seo-wordpress\/ -->\n<title>Michael Kors Parker MK5354: \u00c9l\u00e9gance Dor\u00e9e et Cristaux Scintillants<\/title>\n<meta name=\"description\" content=\"Explorez le raffinement ultime avec la montre Michael Kors Parker MK5354. Dor\u00e9e et orn\u00e9e de cristaux scintillants, cette montre incarne l&#039;\u00e9l\u00e9gance intemporelle. D\u00e9couvrez le mariage parfait entre le luxe et la fonctionnalit\u00e9.\" \/>\n<meta name=\"robots\" content=\"index, follow, max-snippet:-1, max-image-preview:large, max-video-preview:-1\" \/>\n<link rel=\"canonical\" href=\"https:\/\/www.31degres.be\/en\/product\/michael-kors-parker-mk5354-dore-et-cristaux\/\" \/>\n<meta property=\"og:locale\" content=\"en_GB\" \/>\n<meta property=\"og:type\" content=\"article\" \/>\n<meta property=\"og:title\" content=\"Michael Kors Parker MK5354: \u00c9l\u00e9gance Dor\u00e9e et Cristaux Scintillants\" \/>\n<meta property=\"og:description\" content=\"Explorez le raffinement ultime avec la montre Michael Kors Parker MK5354. Dor\u00e9e et orn\u00e9e de cristaux scintillants, cette montre incarne l&#039;\u00e9l\u00e9gance intemporelle. D\u00e9couvrez le mariage parfait entre le luxe et la fonctionnalit\u00e9.\" \/>\n<meta property=\"og:url\" content=\"https:\/\/www.31degres.be\/en\/product\/michael-kors-parker-mk5354-dore-et-cristaux\/\" \/>\n<meta property=\"og:site_name\" content=\"31 Degr\u00e9s Boutique\" \/>\n<meta property=\"article:publisher\" content=\"https:\/\/www.facebook.com\/31degresboutique\" \/>\n<meta property=\"article:modified_time\" content=\"2026-03-30T17:56:25+00:00\" \/>\n<meta property=\"og:image\" content=\"https:\/\/i0.wp.com\/www.31degres.be\/wp-content\/uploads\/2023\/08\/Michael-Kors-Parker-MK5354-dore-et-cristaux.jpg?fit=1000%2C1000&ssl=1\" \/>\n\t<meta property=\"og:image:width\" content=\"1000\" \/>\n\t<meta property=\"og:image:height\" content=\"1000\" \/>\n\t<meta property=\"og:image:type\" content=\"image\/jpeg\" \/>\n<meta name=\"twitter:card\" content=\"summary_large_image\" \/>\n<meta name=\"twitter:label1\" content=\"Estimated reading time\" \/>\n\t<meta name=\"twitter:data1\" content=\"2 minutes\" \/>\n<script type=\"application\/ld+json\" class=\"yoast-schema-graph\">{\"@context\":\"https:\\\/\\\/schema.org\",\"@graph\":[{\"@type\":\"WebPage\",\"@id\":\"https:\\\/\\\/www.31degres.be\\\/produit\\\/michael-kors-parker-mk5354-dore-et-cristaux\\\/\",\"url\":\"https:\\\/\\\/www.31degres.be\\\/produit\\\/michael-kors-parker-mk5354-dore-et-cristaux\\\/\",\"name\":\"Michael Kors Parker MK5354: \u00c9l\u00e9gance Dor\u00e9e et Cristaux Scintillants\",\"isPartOf\":{\"@id\":\"https:\\\/\\\/www.31degres.be\\\/#website\"},\"primaryImageOfPage\":{\"@id\":\"https:\\\/\\\/www.31degres.be\\\/produit\\\/michael-kors-parker-mk5354-dore-et-cristaux\\\/#primaryimage\"},\"image\":{\"@id\":\"https:\\\/\\\/www.31degres.be\\\/produit\\\/michael-kors-parker-mk5354-dore-et-cristaux\\\/#primaryimage\"},\"thumbnailUrl\":\"https:\\\/\\\/i0.wp.com\\\/www.31degres.be\\\/wp-content\\\/uploads\\\/2023\\\/08\\\/Michael-Kors-Parker-MK5354-dore-et-cristaux.jpg?fit=1000%2C1000&ssl=1\",\"datePublished\":\"2023-08-21T14:24:17+00:00\",\"dateModified\":\"2026-03-30T17:56:25+00:00\",\"description\":\"Explorez le raffinement ultime avec la montre Michael Kors Parker MK5354. Dor\u00e9e et orn\u00e9e de cristaux scintillants, cette montre incarne l'\u00e9l\u00e9gance intemporelle. D\u00e9couvrez le mariage parfait entre le luxe et la fonctionnalit\u00e9.\",\"breadcrumb\":{\"@id\":\"https:\\\/\\\/www.31degres.be\\\/produit\\\/michael-kors-parker-mk5354-dore-et-cristaux\\\/#breadcrumb\"},\"inLanguage\":\"en-GB\",\"potentialAction\":[{\"@type\":\"ReadAction\",\"target\":[\"https:\\\/\\\/www.31degres.be\\\/produit\\\/michael-kors-parker-mk5354-dore-et-cristaux\\\/\"]}]},{\"@type\":\"ImageObject\",\"inLanguage\":\"en-GB\",\"@id\":\"https:\\\/\\\/www.31degres.be\\\/produit\\\/michael-kors-parker-mk5354-dore-et-cristaux\\\/#primaryimage\",\"url\":\"https:\\\/\\\/i0.wp.com\\\/www.31degres.be\\\/wp-content\\\/uploads\\\/2023\\\/08\\\/Michael-Kors-Parker-MK5354-dore-et-cristaux.jpg?fit=1000%2C1000&ssl=1\",\"contentUrl\":\"https:\\\/\\\/i0.wp.com\\\/www.31degres.be\\\/wp-content\\\/uploads\\\/2023\\\/08\\\/Michael-Kors-Parker-MK5354-dore-et-cristaux.jpg?fit=1000%2C1000&ssl=1\",\"width\":1000,\"height\":1000,\"caption\":\"Montre Michael Kors Parker MK5354 dor\u00e9 et cristaux\"},{\"@type\":\"BreadcrumbList\",\"@id\":\"https:\\\/\\\/www.31degres.be\\\/produit\\\/michael-kors-parker-mk5354-dore-et-cristaux\\\/#breadcrumb\",\"itemListElement\":[{\"@type\":\"ListItem\",\"position\":1,\"name\":\"Accueil\",\"item\":\"https:\\\/\\\/www.31degres.be\\\/\"},{\"@type\":\"ListItem\",\"position\":2,\"name\":\"Boutique\",\"item\":\"https:\\\/\\\/www.31degres.be\\\/boutique\\\/\"},{\"@type\":\"ListItem\",\"position\":3,\"name\":\"Michael Kors Parker MK5354 dor\u00e9 et cristaux\"}]},{\"@type\":\"WebSite\",\"@id\":\"https:\\\/\\\/www.31degres.be\\\/#website\",\"url\":\"https:\\\/\\\/www.31degres.be\\\/\",\"name\":\"31 Degr\u00e9s Boutique\",\"description\":\"Always With Style\",\"publisher\":{\"@id\":\"https:\\\/\\\/www.31degres.be\\\/#organization\"},\"alternateName\":\"31 Degr\u00e9s Boutique\",\"potentialAction\":[{\"@type\":\"SearchAction\",\"target\":{\"@type\":\"EntryPoint\",\"urlTemplate\":\"https:\\\/\\\/www.31degres.be\\\/?s={search_term_string}\"},\"query-input\":{\"@type\":\"PropertyValueSpecification\",\"valueRequired\":true,\"valueName\":\"search_term_string\"}}],\"inLanguage\":\"en-GB\"},{\"@type\":\"Organization\",\"@id\":\"https:\\\/\\\/www.31degres.be\\\/#organization\",\"name\":\"31 Degr\u00e9s Boutique\",\"url\":\"https:\\\/\\\/www.31degres.be\\\/\",\"logo\":{\"@type\":\"ImageObject\",\"inLanguage\":\"en-GB\",\"@id\":\"https:\\\/\\\/www.31degres.be\\\/#\\\/schema\\\/logo\\\/image\\\/\",\"url\":\"https:\\\/\\\/i0.wp.com\\\/www.31degres.be\\\/wp-content\\\/uploads\\\/2023\\\/08\\\/cropped-cropped-31-DEGRES-LOGO-FINALai.png?fit=1468%2C408&ssl=1\",\"contentUrl\":\"https:\\\/\\\/i0.wp.com\\\/www.31degres.be\\\/wp-content\\\/uploads\\\/2023\\\/08\\\/cropped-cropped-31-DEGRES-LOGO-FINALai.png?fit=1468%2C408&ssl=1\",\"width\":1468,\"height\":408,\"caption\":\"31 Degr\u00e9s Boutique\"},\"image\":{\"@id\":\"https:\\\/\\\/www.31degres.be\\\/#\\\/schema\\\/logo\\\/image\\\/\"},\"sameAs\":[\"https:\\\/\\\/www.facebook.com\\\/31degresboutique\",\"https:\\\/\\\/instagram.com\\\/31degresboutique?igshid=OGQ5ZDc2ODk2ZA==\",\"https:\\\/\\\/t.snapchat.com\\\/TYq1giLw\"]}]}<\/script>\n<!-- \/ Yoast SEO plugin. -->","yoast_head_json":{"title":"Michael Kors Parker MK5354: \u00c9l\u00e9gance Dor\u00e9e et Cristaux Scintillants","description":"Explorez le raffinement ultime avec la montre Michael Kors Parker MK5354. Dor\u00e9e et orn\u00e9e de cristaux scintillants, cette montre incarne l'\u00e9l\u00e9gance intemporelle. D\u00e9couvrez le mariage parfait entre le luxe et la fonctionnalit\u00e9.","robots":{"index":"index","follow":"follow","max-snippet":"max-snippet:-1","max-image-preview":"max-image-preview:large","max-video-preview":"max-video-preview:-1"},"canonical":"https:\/\/www.31degres.be\/en\/product\/michael-kors-parker-mk5354-dore-et-cristaux\/","og_locale":"en_GB","og_type":"article","og_title":"Michael Kors Parker MK5354: \u00c9l\u00e9gance Dor\u00e9e et Cristaux Scintillants","og_description":"Explorez le raffinement ultime avec la montre Michael Kors Parker MK5354. Dor\u00e9e et orn\u00e9e de cristaux scintillants, cette montre incarne l'\u00e9l\u00e9gance intemporelle. D\u00e9couvrez le mariage parfait entre le luxe et la fonctionnalit\u00e9.","og_url":"https:\/\/www.31degres.be\/en\/product\/michael-kors-parker-mk5354-dore-et-cristaux\/","og_site_name":"31 Degr\u00e9s Boutique","article_publisher":"https:\/\/www.facebook.com\/31degresboutique","article_modified_time":"2026-03-30T17:56:25+00:00","og_image":[{"width":1000,"height":1000,"url":"https:\/\/i0.wp.com\/www.31degres.be\/wp-content\/uploads\/2023\/08\/Michael-Kors-Parker-MK5354-dore-et-cristaux.jpg?fit=1000%2C1000&ssl=1","type":"image\/jpeg"}],"twitter_card":"summary_large_image","twitter_misc":{"Estimated reading time":"2 minutes"},"schema":{"@context":"https:\/\/schema.org","@graph":[{"@type":"WebPage","@id":"https:\/\/www.31degres.be\/produit\/michael-kors-parker-mk5354-dore-et-cristaux\/","url":"https:\/\/www.31degres.be\/produit\/michael-kors-parker-mk5354-dore-et-cristaux\/","name":"Michael Kors Parker MK5354: \u00c9l\u00e9gance Dor\u00e9e et Cristaux Scintillants","isPartOf":{"@id":"https:\/\/www.31degres.be\/#website"},"primaryImageOfPage":{"@id":"https:\/\/www.31degres.be\/produit\/michael-kors-parker-mk5354-dore-et-cristaux\/#primaryimage"},"image":{"@id":"https:\/\/www.31degres.be\/produit\/michael-kors-parker-mk5354-dore-et-cristaux\/#primaryimage"},"thumbnailUrl":"https:\/\/i0.wp.com\/www.31degres.be\/wp-content\/uploads\/2023\/08\/Michael-Kors-Parker-MK5354-dore-et-cristaux.jpg?fit=1000%2C1000&ssl=1","datePublished":"2023-08-21T14:24:17+00:00","dateModified":"2026-03-30T17:56:25+00:00","description":"Explorez le raffinement ultime avec la montre Michael Kors Parker MK5354. Dor\u00e9e et orn\u00e9e de cristaux scintillants, cette montre incarne l'\u00e9l\u00e9gance intemporelle. D\u00e9couvrez le mariage parfait entre le luxe et la fonctionnalit\u00e9.","breadcrumb":{"@id":"https:\/\/www.31degres.be\/produit\/michael-kors-parker-mk5354-dore-et-cristaux\/#breadcrumb"},"inLanguage":"en-GB","potentialAction":[{"@type":"ReadAction","target":["https:\/\/www.31degres.be\/produit\/michael-kors-parker-mk5354-dore-et-cristaux\/"]}]},{"@type":"ImageObject","inLanguage":"en-GB","@id":"https:\/\/www.31degres.be\/produit\/michael-kors-parker-mk5354-dore-et-cristaux\/#primaryimage","url":"https:\/\/i0.wp.com\/www.31degres.be\/wp-content\/uploads\/2023\/08\/Michael-Kors-Parker-MK5354-dore-et-cristaux.jpg?fit=1000%2C1000&ssl=1","contentUrl":"https:\/\/i0.wp.com\/www.31degres.be\/wp-content\/uploads\/2023\/08\/Michael-Kors-Parker-MK5354-dore-et-cristaux.jpg?fit=1000%2C1000&ssl=1","width":1000,"height":1000,"caption":"Montre Michael Kors Parker MK5354 dor\u00e9 et cristaux"},{"@type":"BreadcrumbList","@id":"https:\/\/www.31degres.be\/produit\/michael-kors-parker-mk5354-dore-et-cristaux\/#breadcrumb","itemListElement":[{"@type":"ListItem","position":1,"name":"Accueil","item":"https:\/\/www.31degres.be\/"},{"@type":"ListItem","position":2,"name":"Boutique","item":"https:\/\/www.31degres.be\/boutique\/"},{"@type":"ListItem","position":3,"name":"Michael Kors Parker MK5354 dor\u00e9 et cristaux"}]},{"@type":"WebSite","@id":"https:\/\/www.31degres.be\/#website","url":"https:\/\/www.31degres.be\/","name":"31 Degr\u00e9s Boutique","description":"Always With Style","publisher":{"@id":"https:\/\/www.31degres.be\/#organization"},"alternateName":"31 Degr\u00e9s Boutique","potentialAction":[{"@type":"SearchAction","target":{"@type":"EntryPoint","urlTemplate":"https:\/\/www.31degres.be\/?s={search_term_string}"},"query-input":{"@type":"PropertyValueSpecification","valueRequired":true,"valueName":"search_term_string"}}],"inLanguage":"en-GB"},{"@type":"Organization","@id":"https:\/\/www.31degres.be\/#organization","name":"31 Degr\u00e9s Boutique","url":"https:\/\/www.31degres.be\/","logo":{"@type":"ImageObject","inLanguage":"en-GB","@id":"https:\/\/www.31degres.be\/#\/schema\/logo\/image\/","url":"https:\/\/i0.wp.com\/www.31degres.be\/wp-content\/uploads\/2023\/08\/cropped-cropped-31-DEGRES-LOGO-FINALai.png?fit=1468%2C408&ssl=1","contentUrl":"https:\/\/i0.wp.com\/www.31degres.be\/wp-content\/uploads\/2023\/08\/cropped-cropped-31-DEGRES-LOGO-FINALai.png?fit=1468%2C408&ssl=1","width":1468,"height":408,"caption":"31 Degr\u00e9s Boutique"},"image":{"@id":"https:\/\/www.31degres.be\/#\/schema\/logo\/image\/"},"sameAs":["https:\/\/www.facebook.com\/31degresboutique","https:\/\/instagram.com\/31degresboutique?igshid=OGQ5ZDc2ODk2ZA==","https:\/\/t.snapchat.com\/TYq1giLw"]}]}},"jetpack_sharing_enabled":true,"_links":{"self":[{"href":"https:\/\/www.31degres.be\/en\/wp-json\/wp\/v2\/product\/4622","targetHints":{"allow":["GET"]}}],"collection":[{"href":"https:\/\/www.31degres.be\/en\/wp-json\/wp\/v2\/product"}],"about":[{"href":"https:\/\/www.31degres.be\/en\/wp-json\/wp\/v2\/types\/product"}],"version-history":[{"count":0,"href":"https:\/\/www.31degres.be\/en\/wp-json\/wp\/v2\/product\/4622\/revisions"}],"wp:featuredmedia":[{"embeddable":true,"href":"https:\/\/www.31degres.be\/en\/wp-json\/wp\/v2\/media\/6025"}],"wp:attachment":[{"href":"https:\/\/www.31degres.be\/en\/wp-json\/wp\/v2\/media?parent=4622"}],"wp:term":[{"taxonomy":"product_brand","embeddable":true,"href":"https:\/\/www.31degres.be\/en\/wp-json\/wp\/v2\/product_brand?post=4622"},{"taxonomy":"product_cat","embeddable":true,"href":"https:\/\/www.31degres.be\/en\/wp-json\/wp\/v2\/product_cat?post=4622"},{"taxonomy":"product_tag","embeddable":true,"href":"https:\/\/www.31degres.be\/en\/wp-json\/wp\/v2\/product_tag?post=4622"}],"curies":[{"name":"wp","href":"https:\/\/api.w.org\/{rel}","templated":true}]}}