{"id":4711,"date":"2023-08-22T14:28:50","date_gmt":"2023-08-22T12:28:50","guid":{"rendered":"http:\/\/brk.asdigix.com\/?post_type=product&#038;p=4711"},"modified":"2025-11-20T00:20:26","modified_gmt":"2025-11-19T23:20:26","slug":"burberry-bu9350-the-city","status":"publish","type":"product","link":"https:\/\/www.31degres.be\/en\/product\/burberry-bu9350-the-city\/","title":{"rendered":"Burberry BU9350 The City"},"content":{"rendered":"<p><strong>D\u00e9couvrez l&#8217;\u00c9l\u00e9gance Urbaine : Montre Burberry BU9350 The City<\/strong><\/p>\n<p>Plongez dans le luxe contemporain avec la Montre Burberry BU9350 The City, l&#8217;alliance parfaite de style et de fonctionnalit\u00e9.<\/p>\n<p><strong>Distinctive Design :<\/strong> Arborez un style incomparable avec le cadran blanc et le bracelet en acier inoxydable, incarnant l&#8217;esth\u00e9tique raffin\u00e9e de Burberry. Une d\u00e9claration de sophistication qui se d\u00e9marque.<\/p>\n<p><strong>Exceptional Accuracy :<\/strong> The swiss movement, high-precision provides a measure of the time impeccable. Every second counts, and the BU9350 guarantees a punctuality without flaw.<\/p>\n<p><strong>Versatility Urban :<\/strong> Que vous soyez au bureau ou en soir\u00e9e, cette montre s&#8217;adapte \u00e0 toutes les occasions. Son design polyvalent souligne votre style dynamique, refl\u00e9tant l&#8217;\u00e9nergie des grandes villes.<\/p>\n<p>\u00c9voquant une allure distinctive, la Burberry BU9350 The City n&#8217;est pas seulement un accessoire, mais une extension de votre personnalit\u00e9. Red\u00e9finissez votre style, soyez remarquable. Optez pour l&#8217;\u00e9l\u00e9gance urbaine.<\/p>\n<p>Ce mod\u00e8le dispose d&#8217;un verre en saphir, ainsi que du label Swiss Made.<\/p>\n<p>Do not go by the model <a href=\"https:\/\/www.31degres.be\/en\/product\/montre-homme-burberry-bu9381\/\"><strong>The City Burberry<\/strong><\/a> in black.<\/p>","protected":false},"excerpt":{"rendered":"<p><img decoding=\"async\" class=\"alignnone wp-image-77303 aligncenter\" src=\"https:\/\/www.31degres.be\/wp-content\/uploads\/2025\/01\/Trustpilot-Excellent-300x21.png\" alt=\"\" width=\"271\" height=\"19\" srcset=\"https:\/\/i0.wp.com\/www.31degres.be\/wp-content\/uploads\/2025\/01\/Trustpilot-Excellent.png?resize=300%2C21&amp;ssl=1 300w, https:\/\/i0.wp.com\/www.31degres.be\/wp-content\/uploads\/2025\/01\/Trustpilot-Excellent.png?resize=1024%2C73&amp;ssl=1 1024w, https:\/\/i0.wp.com\/www.31degres.be\/wp-content\/uploads\/2025\/01\/Trustpilot-Excellent.png?resize=768%2C55&amp;ssl=1 768w, https:\/\/i0.wp.com\/www.31degres.be\/wp-content\/uploads\/2025\/01\/Trustpilot-Excellent.png?resize=1536%2C109&amp;ssl=1 1536w, https:\/\/i0.wp.com\/www.31degres.be\/wp-content\/uploads\/2025\/01\/Trustpilot-Excellent.png?resize=18%2C1&amp;ssl=1 18w, https:\/\/i0.wp.com\/www.31degres.be\/wp-content\/uploads\/2025\/01\/Trustpilot-Excellent.png?resize=600%2C43&amp;ssl=1 600w, https:\/\/i0.wp.com\/www.31degres.be\/wp-content\/uploads\/2025\/01\/Trustpilot-Excellent.png?w=1600&amp;ssl=1 1600w\" sizes=\"(max-width: 271px) 100vw, 271px\" \/><br \/>\n\u2714\ufe0f 2 years warranty on all watches<br \/>\n\u2714\ufe0f Satisfied or refunded 14 days<br \/>\n\u2714\ufe0f Fast Delivery<\/p>\n<p>\ud83c\udf81 <em data-start=\"599\" data-end=\"632\"><strong><a href=\"https:\/\/www.31degres.be\/en\/programme-de-fidelite\/\">\u2714 \u20ac1 spent = 1 loyalty point<\/a>.<\/strong><br \/>\n<strong>\u2764\ufe0f <a href=\"https:\/\/www.31degres.be\/en\/engagement-solidaire\/\">5% donated to help the most needy.<\/a><\/strong><br \/>\n<\/em><\/p>","protected":false},"featured_media":4713,"template":"","meta":{"site-sidebar-layout":"default","site-content-layout":"default","ast-site-content-layout":"default","site-content-style":"default","site-sidebar-style":"default","ast-global-header-display":"","ast-banner-title-visibility":"","ast-main-header-display":"","ast-hfb-above-header-display":"","ast-hfb-below-header-display":"","ast-hfb-mobile-header-display":"","site-post-title":"","ast-breadcrumbs-content":"","ast-featured-img":"","footer-sml-layout":"","theme-transparent-header-meta":"disabled","adv-header-id-meta":"","stick-header-meta":"","header-above-stick-meta":"","header-main-stick-meta":"","header-below-stick-meta":"","astra-migrate-meta-layouts":"set","ast-page-background-enabled":"default","ast-page-background-meta":{"desktop":{"background-color":"","background-image":"","background-repeat":"repeat","background-position":"center center","background-size":"auto","background-attachment":"scroll","background-type":"","background-media":"","overlay-type":"","overlay-color":"","overlay-opacity":"","overlay-gradient":""},"tablet":{"background-color":"","background-image":"","background-repeat":"repeat","background-position":"center center","background-size":"auto","background-attachment":"scroll","background-type":"","background-media":"","overlay-type":"","overlay-color":"","overlay-opacity":"","overlay-gradient":""},"mobile":{"background-color":"","background-image":"","background-repeat":"repeat","background-position":"center center","background-size":"auto","background-attachment":"scroll","background-type":"","background-media":"","overlay-type":"","overlay-color":"","overlay-opacity":"","overlay-gradient":""}},"ast-content-background-meta":{"desktop":{"background-color":"var(--ast-global-color-5)","background-image":"","background-repeat":"repeat","background-position":"center center","background-size":"auto","background-attachment":"scroll","background-type":"","background-media":"","overlay-type":"","overlay-color":"","overlay-opacity":"","overlay-gradient":""},"tablet":{"background-color":"var(--ast-global-color-5)","background-image":"","background-repeat":"repeat","background-position":"center center","background-size":"auto","background-attachment":"scroll","background-type":"","background-media":"","overlay-type":"","overlay-color":"","overlay-opacity":"","overlay-gradient":""},"mobile":{"background-color":"var(--ast-global-color-5)","background-image":"","background-repeat":"repeat","background-position":"center center","background-size":"auto","background-attachment":"scroll","background-type":"","background-media":"","overlay-type":"","overlay-color":"","overlay-opacity":"","overlay-gradient":""}}},"product_brand":[],"product_cat":[72],"product_tag":[78,165,163,60,189],"class_list":{"0":"post-4711","1":"product","2":"type-product","3":"status-publish","4":"has-post-thumbnail","6":"product_cat-burberry-montres-homme","7":"product_tag-argent","8":"product_tag-bu9350","9":"product_tag-burberry","10":"product_tag-homme","11":"product_tag-the-city","12":"desktop-align-left","13":"tablet-align-left","14":"mobile-align-left","16":"first","17":"instock","18":"taxable","19":"shipping-taxable","20":"purchasable","21":"product-type-simple"},"yoast_head":"<!-- This site is optimized with the Yoast SEO plugin v27.4 - https:\/\/yoast.com\/product\/yoast-seo-wordpress\/ -->\n<title>Montre Burberry BU9350 The City pour Hommes et Femmes<\/title>\n<meta name=\"description\" content=\"Explorez l&#039;\u00e9l\u00e9gance urbaine avec la montre Burberry BU9350 The City. Montre argent\u00e9 en acier inoxydable, design distinctif suisse. Affirmez votre style avec sophistication.\" \/>\n<meta name=\"robots\" content=\"index, follow, max-snippet:-1, max-image-preview:large, max-video-preview:-1\" \/>\n<link rel=\"canonical\" href=\"https:\/\/www.31degres.be\/en\/product\/burberry-bu9350-the-city\/\" \/>\n<meta property=\"og:locale\" content=\"en_GB\" \/>\n<meta property=\"og:type\" content=\"article\" \/>\n<meta property=\"og:title\" content=\"Montre Burberry BU9350 The City pour Hommes et Femmes\" \/>\n<meta property=\"og:description\" content=\"Explorez l&#039;\u00e9l\u00e9gance urbaine avec la montre Burberry BU9350 The City. Montre argent\u00e9 en acier inoxydable, design distinctif suisse. Affirmez votre style avec sophistication.\" \/>\n<meta property=\"og:url\" content=\"https:\/\/www.31degres.be\/en\/product\/burberry-bu9350-the-city\/\" \/>\n<meta property=\"og:site_name\" content=\"31 Degr\u00e9s Boutique\" \/>\n<meta property=\"article:publisher\" content=\"https:\/\/www.facebook.com\/31degresboutique\" \/>\n<meta property=\"article:modified_time\" content=\"2025-11-19T23:20:26+00:00\" \/>\n<meta property=\"og:image\" content=\"https:\/\/www.31degres.be\/wp-content\/uploads\/2023\/08\/1-7.jpg\" \/>\n\t<meta property=\"og:image:width\" content=\"800\" \/>\n\t<meta property=\"og:image:height\" content=\"800\" \/>\n\t<meta property=\"og:image:type\" content=\"image\/jpeg\" \/>\n<meta name=\"twitter:card\" content=\"summary_large_image\" \/>\n<meta name=\"twitter:label1\" content=\"Estimated reading time\" \/>\n\t<meta name=\"twitter:data1\" content=\"2 minutes\" \/>\n<script type=\"application\/ld+json\" class=\"yoast-schema-graph\">{\"@context\":\"https:\\\/\\\/schema.org\",\"@graph\":[{\"@type\":\"WebPage\",\"@id\":\"https:\\\/\\\/www.31degres.be\\\/produit\\\/burberry-bu9350-the-city\\\/\",\"url\":\"https:\\\/\\\/www.31degres.be\\\/produit\\\/burberry-bu9350-the-city\\\/\",\"name\":\"Montre Burberry BU9350 The City pour Hommes et Femmes\",\"isPartOf\":{\"@id\":\"https:\\\/\\\/www.31degres.be\\\/#website\"},\"primaryImageOfPage\":{\"@id\":\"https:\\\/\\\/www.31degres.be\\\/produit\\\/burberry-bu9350-the-city\\\/#primaryimage\"},\"image\":{\"@id\":\"https:\\\/\\\/www.31degres.be\\\/produit\\\/burberry-bu9350-the-city\\\/#primaryimage\"},\"thumbnailUrl\":\"https:\\\/\\\/i0.wp.com\\\/www.31degres.be\\\/wp-content\\\/uploads\\\/2023\\\/08\\\/1-7.jpg?fit=800%2C800&ssl=1\",\"datePublished\":\"2023-08-22T12:28:50+00:00\",\"dateModified\":\"2025-11-19T23:20:26+00:00\",\"description\":\"Explorez l'\u00e9l\u00e9gance urbaine avec la montre Burberry BU9350 The City. Montre argent\u00e9 en acier inoxydable, design distinctif suisse. Affirmez votre style avec sophistication.\",\"breadcrumb\":{\"@id\":\"https:\\\/\\\/www.31degres.be\\\/produit\\\/burberry-bu9350-the-city\\\/#breadcrumb\"},\"inLanguage\":\"en-GB\",\"potentialAction\":[{\"@type\":\"ReadAction\",\"target\":[\"https:\\\/\\\/www.31degres.be\\\/produit\\\/burberry-bu9350-the-city\\\/\"]}]},{\"@type\":\"ImageObject\",\"inLanguage\":\"en-GB\",\"@id\":\"https:\\\/\\\/www.31degres.be\\\/produit\\\/burberry-bu9350-the-city\\\/#primaryimage\",\"url\":\"https:\\\/\\\/i0.wp.com\\\/www.31degres.be\\\/wp-content\\\/uploads\\\/2023\\\/08\\\/1-7.jpg?fit=800%2C800&ssl=1\",\"contentUrl\":\"https:\\\/\\\/i0.wp.com\\\/www.31degres.be\\\/wp-content\\\/uploads\\\/2023\\\/08\\\/1-7.jpg?fit=800%2C800&ssl=1\",\"width\":800,\"height\":800,\"caption\":\"Montre Burberry BU9350 The City\"},{\"@type\":\"BreadcrumbList\",\"@id\":\"https:\\\/\\\/www.31degres.be\\\/produit\\\/burberry-bu9350-the-city\\\/#breadcrumb\",\"itemListElement\":[{\"@type\":\"ListItem\",\"position\":1,\"name\":\"Accueil\",\"item\":\"https:\\\/\\\/www.31degres.be\\\/\"},{\"@type\":\"ListItem\",\"position\":2,\"name\":\"Boutique\",\"item\":\"https:\\\/\\\/www.31degres.be\\\/boutique\\\/\"},{\"@type\":\"ListItem\",\"position\":3,\"name\":\"Burberry BU9350 The City\"}]},{\"@type\":\"WebSite\",\"@id\":\"https:\\\/\\\/www.31degres.be\\\/#website\",\"url\":\"https:\\\/\\\/www.31degres.be\\\/\",\"name\":\"31 Degr\u00e9s Boutique\",\"description\":\"Always With Style\",\"publisher\":{\"@id\":\"https:\\\/\\\/www.31degres.be\\\/#organization\"},\"alternateName\":\"31 Degr\u00e9s Boutique\",\"potentialAction\":[{\"@type\":\"SearchAction\",\"target\":{\"@type\":\"EntryPoint\",\"urlTemplate\":\"https:\\\/\\\/www.31degres.be\\\/?s={search_term_string}\"},\"query-input\":{\"@type\":\"PropertyValueSpecification\",\"valueRequired\":true,\"valueName\":\"search_term_string\"}}],\"inLanguage\":\"en-GB\"},{\"@type\":\"Organization\",\"@id\":\"https:\\\/\\\/www.31degres.be\\\/#organization\",\"name\":\"31 Degr\u00e9s Boutique\",\"url\":\"https:\\\/\\\/www.31degres.be\\\/\",\"logo\":{\"@type\":\"ImageObject\",\"inLanguage\":\"en-GB\",\"@id\":\"https:\\\/\\\/www.31degres.be\\\/#\\\/schema\\\/logo\\\/image\\\/\",\"url\":\"https:\\\/\\\/i0.wp.com\\\/www.31degres.be\\\/wp-content\\\/uploads\\\/2023\\\/08\\\/cropped-cropped-31-DEGRES-LOGO-FINALai.png?fit=1468%2C408&ssl=1\",\"contentUrl\":\"https:\\\/\\\/i0.wp.com\\\/www.31degres.be\\\/wp-content\\\/uploads\\\/2023\\\/08\\\/cropped-cropped-31-DEGRES-LOGO-FINALai.png?fit=1468%2C408&ssl=1\",\"width\":1468,\"height\":408,\"caption\":\"31 Degr\u00e9s Boutique\"},\"image\":{\"@id\":\"https:\\\/\\\/www.31degres.be\\\/#\\\/schema\\\/logo\\\/image\\\/\"},\"sameAs\":[\"https:\\\/\\\/www.facebook.com\\\/31degresboutique\",\"https:\\\/\\\/instagram.com\\\/31degresboutique?igshid=OGQ5ZDc2ODk2ZA==\",\"https:\\\/\\\/t.snapchat.com\\\/TYq1giLw\"]}]}<\/script>\n<!-- \/ Yoast SEO plugin. -->","yoast_head_json":{"title":"Montre Burberry BU9350 The City pour Hommes et Femmes","description":"Explorez l'\u00e9l\u00e9gance urbaine avec la montre Burberry BU9350 The City. Montre argent\u00e9 en acier inoxydable, design distinctif suisse. Affirmez votre style avec sophistication.","robots":{"index":"index","follow":"follow","max-snippet":"max-snippet:-1","max-image-preview":"max-image-preview:large","max-video-preview":"max-video-preview:-1"},"canonical":"https:\/\/www.31degres.be\/en\/product\/burberry-bu9350-the-city\/","og_locale":"en_GB","og_type":"article","og_title":"Montre Burberry BU9350 The City pour Hommes et Femmes","og_description":"Explorez l'\u00e9l\u00e9gance urbaine avec la montre Burberry BU9350 The City. Montre argent\u00e9 en acier inoxydable, design distinctif suisse. Affirmez votre style avec sophistication.","og_url":"https:\/\/www.31degres.be\/en\/product\/burberry-bu9350-the-city\/","og_site_name":"31 Degr\u00e9s Boutique","article_publisher":"https:\/\/www.facebook.com\/31degresboutique","article_modified_time":"2025-11-19T23:20:26+00:00","og_image":[{"width":800,"height":800,"url":"https:\/\/www.31degres.be\/wp-content\/uploads\/2023\/08\/1-7.jpg","type":"image\/jpeg"}],"twitter_card":"summary_large_image","twitter_misc":{"Estimated reading time":"2 minutes"},"schema":{"@context":"https:\/\/schema.org","@graph":[{"@type":"WebPage","@id":"https:\/\/www.31degres.be\/produit\/burberry-bu9350-the-city\/","url":"https:\/\/www.31degres.be\/produit\/burberry-bu9350-the-city\/","name":"Montre Burberry BU9350 The City pour Hommes et Femmes","isPartOf":{"@id":"https:\/\/www.31degres.be\/#website"},"primaryImageOfPage":{"@id":"https:\/\/www.31degres.be\/produit\/burberry-bu9350-the-city\/#primaryimage"},"image":{"@id":"https:\/\/www.31degres.be\/produit\/burberry-bu9350-the-city\/#primaryimage"},"thumbnailUrl":"https:\/\/i0.wp.com\/www.31degres.be\/wp-content\/uploads\/2023\/08\/1-7.jpg?fit=800%2C800&ssl=1","datePublished":"2023-08-22T12:28:50+00:00","dateModified":"2025-11-19T23:20:26+00:00","description":"Explorez l'\u00e9l\u00e9gance urbaine avec la montre Burberry BU9350 The City. Montre argent\u00e9 en acier inoxydable, design distinctif suisse. Affirmez votre style avec sophistication.","breadcrumb":{"@id":"https:\/\/www.31degres.be\/produit\/burberry-bu9350-the-city\/#breadcrumb"},"inLanguage":"en-GB","potentialAction":[{"@type":"ReadAction","target":["https:\/\/www.31degres.be\/produit\/burberry-bu9350-the-city\/"]}]},{"@type":"ImageObject","inLanguage":"en-GB","@id":"https:\/\/www.31degres.be\/produit\/burberry-bu9350-the-city\/#primaryimage","url":"https:\/\/i0.wp.com\/www.31degres.be\/wp-content\/uploads\/2023\/08\/1-7.jpg?fit=800%2C800&ssl=1","contentUrl":"https:\/\/i0.wp.com\/www.31degres.be\/wp-content\/uploads\/2023\/08\/1-7.jpg?fit=800%2C800&ssl=1","width":800,"height":800,"caption":"Montre Burberry BU9350 The City"},{"@type":"BreadcrumbList","@id":"https:\/\/www.31degres.be\/produit\/burberry-bu9350-the-city\/#breadcrumb","itemListElement":[{"@type":"ListItem","position":1,"name":"Accueil","item":"https:\/\/www.31degres.be\/"},{"@type":"ListItem","position":2,"name":"Boutique","item":"https:\/\/www.31degres.be\/boutique\/"},{"@type":"ListItem","position":3,"name":"Burberry BU9350 The City"}]},{"@type":"WebSite","@id":"https:\/\/www.31degres.be\/#website","url":"https:\/\/www.31degres.be\/","name":"31 Degr\u00e9s Boutique","description":"Always With Style","publisher":{"@id":"https:\/\/www.31degres.be\/#organization"},"alternateName":"31 Degr\u00e9s Boutique","potentialAction":[{"@type":"SearchAction","target":{"@type":"EntryPoint","urlTemplate":"https:\/\/www.31degres.be\/?s={search_term_string}"},"query-input":{"@type":"PropertyValueSpecification","valueRequired":true,"valueName":"search_term_string"}}],"inLanguage":"en-GB"},{"@type":"Organization","@id":"https:\/\/www.31degres.be\/#organization","name":"31 Degr\u00e9s Boutique","url":"https:\/\/www.31degres.be\/","logo":{"@type":"ImageObject","inLanguage":"en-GB","@id":"https:\/\/www.31degres.be\/#\/schema\/logo\/image\/","url":"https:\/\/i0.wp.com\/www.31degres.be\/wp-content\/uploads\/2023\/08\/cropped-cropped-31-DEGRES-LOGO-FINALai.png?fit=1468%2C408&ssl=1","contentUrl":"https:\/\/i0.wp.com\/www.31degres.be\/wp-content\/uploads\/2023\/08\/cropped-cropped-31-DEGRES-LOGO-FINALai.png?fit=1468%2C408&ssl=1","width":1468,"height":408,"caption":"31 Degr\u00e9s Boutique"},"image":{"@id":"https:\/\/www.31degres.be\/#\/schema\/logo\/image\/"},"sameAs":["https:\/\/www.facebook.com\/31degresboutique","https:\/\/instagram.com\/31degresboutique?igshid=OGQ5ZDc2ODk2ZA==","https:\/\/t.snapchat.com\/TYq1giLw"]}]}},"jetpack_sharing_enabled":true,"_links":{"self":[{"href":"https:\/\/www.31degres.be\/en\/wp-json\/wp\/v2\/product\/4711","targetHints":{"allow":["GET"]}}],"collection":[{"href":"https:\/\/www.31degres.be\/en\/wp-json\/wp\/v2\/product"}],"about":[{"href":"https:\/\/www.31degres.be\/en\/wp-json\/wp\/v2\/types\/product"}],"version-history":[{"count":0,"href":"https:\/\/www.31degres.be\/en\/wp-json\/wp\/v2\/product\/4711\/revisions"}],"wp:featuredmedia":[{"embeddable":true,"href":"https:\/\/www.31degres.be\/en\/wp-json\/wp\/v2\/media\/4713"}],"wp:attachment":[{"href":"https:\/\/www.31degres.be\/en\/wp-json\/wp\/v2\/media?parent=4711"}],"wp:term":[{"taxonomy":"product_brand","embeddable":true,"href":"https:\/\/www.31degres.be\/en\/wp-json\/wp\/v2\/product_brand?post=4711"},{"taxonomy":"product_cat","embeddable":true,"href":"https:\/\/www.31degres.be\/en\/wp-json\/wp\/v2\/product_cat?post=4711"},{"taxonomy":"product_tag","embeddable":true,"href":"https:\/\/www.31degres.be\/en\/wp-json\/wp\/v2\/product_tag?post=4711"}],"curies":[{"name":"wp","href":"https:\/\/api.w.org\/{rel}","templated":true}]}}