{"id":4797,"date":"2023-08-23T15:10:28","date_gmt":"2023-08-23T13:10:28","guid":{"rendered":"http:\/\/brk.asdigix.com\/?post_type=product&#038;p=4797"},"modified":"2025-12-06T00:43:10","modified_gmt":"2025-12-05T23:43:10","slug":"boss-hb-1513872-santiago","status":"publish","type":"product","link":"https:\/\/www.31degres.be\/en\/product\/boss-hb-1513872-santiago\/","title":{"rendered":"Hugo Boss HB1513872 Santiago Green\/Gold"},"content":{"rendered":"<p>Plongez dans l&#8217;\u00e9l\u00e9gance exquise avec la Montre Hugo Boss HB1513872 Santiago Vert\/Dor\u00e9. Un chef-d&#8217;\u0153uvre de <a href=\"https:\/\/www.31degres.be\/en\/product-category\/montres-homme\/hugo-boss-montres-homme\/\"><strong>Hugo Boss<\/strong><\/a> qui fusionne le style sophistiqu\u00e9 avec la vitalit\u00e9 du vert et l&#8217;\u00e9clat du dor\u00e9.<\/p>\n<p><strong>Glow Green &amp; Gold :<\/strong> The perfect marriage of green dial and gold box creates a material that is aesthetically stunning, adding a touch of luxury to your wrist.<\/p>\n<p><strong>Performance Refined :<\/strong> Dot\u00e9e d&#8217;un mouvement quartz de haute pr\u00e9cision, la Santiago Vert\/Dor\u00e9 allie style et fonctionnalit\u00e9, garantissant une mesure pr\u00e9cise du temps.<\/p>\n<p><strong>Comfort &amp; Versatility :<\/strong> The stainless steel bracelet golden offers a comfortable fit, while the versatile design makes it ideal for all occasions.<\/p>\n<p>Exprimez votre style avec cette pi\u00e8ce unique. La montre Hugo Boss Santiago HB1513872 Vert\/Dor\u00e9 transcende les attentes, capturant l&#8217;essence d&#8217;une sophistication moderne. Soyez pr\u00eat \u00e0 attirer tous les regards. Obtenez la v\u00f4tre maintenant et vivez chaque instant avec \u00e9l\u00e9gance.<\/p>\n<p>In the same gold\/green tone, you'll love the Hugo Boss watch <a href=\"https:\/\/www.31degres.be\/en\/product\/hugo-boss-hb1513878-champion-vert\/\">HB1513878<\/a>.<\/p>","protected":false},"excerpt":{"rendered":"<p><img decoding=\"async\" class=\"alignnone wp-image-77303 aligncenter\" src=\"https:\/\/www.31degres.be\/wp-content\/uploads\/2025\/01\/Trustpilot-Excellent-300x21.png\" alt=\"\" width=\"271\" height=\"19\" srcset=\"https:\/\/i0.wp.com\/www.31degres.be\/wp-content\/uploads\/2025\/01\/Trustpilot-Excellent.png?resize=300%2C21&amp;ssl=1 300w, https:\/\/i0.wp.com\/www.31degres.be\/wp-content\/uploads\/2025\/01\/Trustpilot-Excellent.png?resize=1024%2C73&amp;ssl=1 1024w, https:\/\/i0.wp.com\/www.31degres.be\/wp-content\/uploads\/2025\/01\/Trustpilot-Excellent.png?resize=768%2C55&amp;ssl=1 768w, https:\/\/i0.wp.com\/www.31degres.be\/wp-content\/uploads\/2025\/01\/Trustpilot-Excellent.png?resize=1536%2C109&amp;ssl=1 1536w, https:\/\/i0.wp.com\/www.31degres.be\/wp-content\/uploads\/2025\/01\/Trustpilot-Excellent.png?resize=18%2C1&amp;ssl=1 18w, https:\/\/i0.wp.com\/www.31degres.be\/wp-content\/uploads\/2025\/01\/Trustpilot-Excellent.png?resize=600%2C43&amp;ssl=1 600w, https:\/\/i0.wp.com\/www.31degres.be\/wp-content\/uploads\/2025\/01\/Trustpilot-Excellent.png?w=1600&amp;ssl=1 1600w\" sizes=\"(max-width: 271px) 100vw, 271px\" \/><br \/>\n\u2714\ufe0f 2 years warranty on all watches<br \/>\n\u2714\ufe0f Satisfied or refunded 14 days<br \/>\n\u2714\ufe0f Fast Delivery<\/p>\n<p>\ud83c\udf81 <em data-start=\"599\" data-end=\"632\"><strong><a href=\"https:\/\/www.31degres.be\/en\/programme-de-fidelite\/\">\u2714 \u20ac1 spent = 1 loyalty point<\/a>.<\/strong><br \/>\n<strong>\u2764\ufe0f <a href=\"https:\/\/www.31degres.be\/en\/engagement-solidaire\/\">5% donated to help the most needy.<\/a><\/strong><br \/>\n<\/em><\/p>","protected":false},"featured_media":4798,"template":"","meta":{"site-sidebar-layout":"default","site-content-layout":"default","ast-site-content-layout":"default","site-content-style":"default","site-sidebar-style":"default","ast-global-header-display":"","ast-banner-title-visibility":"","ast-main-header-display":"","ast-hfb-above-header-display":"","ast-hfb-below-header-display":"","ast-hfb-mobile-header-display":"","site-post-title":"","ast-breadcrumbs-content":"","ast-featured-img":"","footer-sml-layout":"","theme-transparent-header-meta":"disabled","adv-header-id-meta":"","stick-header-meta":"","header-above-stick-meta":"","header-main-stick-meta":"","header-below-stick-meta":"","astra-migrate-meta-layouts":"set","ast-page-background-enabled":"default","ast-page-background-meta":{"desktop":{"background-color":"","background-image":"","background-repeat":"repeat","background-position":"center center","background-size":"auto","background-attachment":"scroll","background-type":"","background-media":"","overlay-type":"","overlay-color":"","overlay-opacity":"","overlay-gradient":""},"tablet":{"background-color":"","background-image":"","background-repeat":"repeat","background-position":"center center","background-size":"auto","background-attachment":"scroll","background-type":"","background-media":"","overlay-type":"","overlay-color":"","overlay-opacity":"","overlay-gradient":""},"mobile":{"background-color":"","background-image":"","background-repeat":"repeat","background-position":"center center","background-size":"auto","background-attachment":"scroll","background-type":"","background-media":"","overlay-type":"","overlay-color":"","overlay-opacity":"","overlay-gradient":""}},"ast-content-background-meta":{"desktop":{"background-color":"var(--ast-global-color-5)","background-image":"","background-repeat":"repeat","background-position":"center center","background-size":"auto","background-attachment":"scroll","background-type":"","background-media":"","overlay-type":"","overlay-color":"","overlay-opacity":"","overlay-gradient":""},"tablet":{"background-color":"var(--ast-global-color-5)","background-image":"","background-repeat":"repeat","background-position":"center center","background-size":"auto","background-attachment":"scroll","background-type":"","background-media":"","overlay-type":"","overlay-color":"","overlay-opacity":"","overlay-gradient":""},"mobile":{"background-color":"var(--ast-global-color-5)","background-image":"","background-repeat":"repeat","background-position":"center center","background-size":"auto","background-attachment":"scroll","background-type":"","background-media":"","overlay-type":"","overlay-color":"","overlay-opacity":"","overlay-gradient":""}}},"product_brand":[],"product_cat":[71],"product_tag":[110,80,194,453,59],"class_list":{"0":"post-4797","1":"product","2":"type-product","3":"status-publish","4":"has-post-thumbnail","6":"product_cat-hugo-boss-montres-homme","7":"product_tag-boss","8":"product_tag-dore","9":"product_tag-hb1513872","10":"product_tag-santiago","11":"product_tag-vert","12":"desktop-align-left","13":"tablet-align-left","14":"mobile-align-left","16":"first","17":"instock","18":"sale","19":"taxable","20":"shipping-taxable","21":"purchasable","22":"product-type-simple"},"yoast_head":"<!-- This site is optimized with the Yoast SEO plugin v27.4 - https:\/\/yoast.com\/product\/yoast-seo-wordpress\/ -->\n<title>Santiago Vert\/Dor\u00e9 HB1513872 : La Montre Homme Hugo Boss Envo\u00fbtante<\/title>\n<meta name=\"description\" content=\"D\u00e9couvrez l&#039;\u00e9l\u00e9gance ultime avec la Montre Hugo Boss HB1513872 Santiago Vert\/Dor\u00e9. Une fusion parfaite de style sophistiqu\u00e9, de vert vibrant et de dor\u00e9 \u00e9clatant.\" \/>\n<meta name=\"robots\" content=\"index, follow, max-snippet:-1, max-image-preview:large, max-video-preview:-1\" \/>\n<link rel=\"canonical\" href=\"https:\/\/www.31degres.be\/en\/product\/boss-hb-1513872-santiago\/\" \/>\n<meta property=\"og:locale\" content=\"en_GB\" \/>\n<meta property=\"og:type\" content=\"article\" \/>\n<meta property=\"og:title\" content=\"Santiago Vert\/Dor\u00e9 HB1513872 : La Montre Homme Hugo Boss Envo\u00fbtante\" \/>\n<meta property=\"og:description\" content=\"D\u00e9couvrez l&#039;\u00e9l\u00e9gance ultime avec la Montre Hugo Boss HB1513872 Santiago Vert\/Dor\u00e9. Une fusion parfaite de style sophistiqu\u00e9, de vert vibrant et de dor\u00e9 \u00e9clatant.\" \/>\n<meta property=\"og:url\" content=\"https:\/\/www.31degres.be\/en\/product\/boss-hb-1513872-santiago\/\" \/>\n<meta property=\"og:site_name\" content=\"31 Degr\u00e9s Boutique\" \/>\n<meta property=\"article:publisher\" content=\"https:\/\/www.facebook.com\/31degresboutique\" \/>\n<meta property=\"article:modified_time\" content=\"2025-12-05T23:43:10+00:00\" \/>\n<meta property=\"og:image\" content=\"https:\/\/www.31degres.be\/wp-content\/uploads\/2023\/08\/1513872_FRONT_1.jpg\" \/>\n\t<meta property=\"og:image:width\" content=\"800\" \/>\n\t<meta property=\"og:image:height\" content=\"800\" \/>\n\t<meta property=\"og:image:type\" content=\"image\/jpeg\" \/>\n<meta name=\"twitter:card\" content=\"summary_large_image\" \/>\n<meta name=\"twitter:label1\" content=\"Estimated reading time\" \/>\n\t<meta name=\"twitter:data1\" content=\"1 minute\" \/>\n<script type=\"application\/ld+json\" class=\"yoast-schema-graph\">{\"@context\":\"https:\\\/\\\/schema.org\",\"@graph\":[{\"@type\":\"WebPage\",\"@id\":\"https:\\\/\\\/www.31degres.be\\\/produit\\\/boss-hb-1513872-santiago\\\/\",\"url\":\"https:\\\/\\\/www.31degres.be\\\/produit\\\/boss-hb-1513872-santiago\\\/\",\"name\":\"Santiago Vert\\\/Dor\u00e9 HB1513872 : La Montre Homme Hugo Boss Envo\u00fbtante\",\"isPartOf\":{\"@id\":\"https:\\\/\\\/www.31degres.be\\\/#website\"},\"primaryImageOfPage\":{\"@id\":\"https:\\\/\\\/www.31degres.be\\\/produit\\\/boss-hb-1513872-santiago\\\/#primaryimage\"},\"image\":{\"@id\":\"https:\\\/\\\/www.31degres.be\\\/produit\\\/boss-hb-1513872-santiago\\\/#primaryimage\"},\"thumbnailUrl\":\"https:\\\/\\\/i0.wp.com\\\/www.31degres.be\\\/wp-content\\\/uploads\\\/2023\\\/08\\\/1513872_FRONT_1.jpg?fit=800%2C800&ssl=1\",\"datePublished\":\"2023-08-23T13:10:28+00:00\",\"dateModified\":\"2025-12-05T23:43:10+00:00\",\"description\":\"D\u00e9couvrez l'\u00e9l\u00e9gance ultime avec la Montre Hugo Boss HB1513872 Santiago Vert\\\/Dor\u00e9. Une fusion parfaite de style sophistiqu\u00e9, de vert vibrant et de dor\u00e9 \u00e9clatant.\",\"breadcrumb\":{\"@id\":\"https:\\\/\\\/www.31degres.be\\\/produit\\\/boss-hb-1513872-santiago\\\/#breadcrumb\"},\"inLanguage\":\"en-GB\",\"potentialAction\":[{\"@type\":\"ReadAction\",\"target\":[\"https:\\\/\\\/www.31degres.be\\\/produit\\\/boss-hb-1513872-santiago\\\/\"]}]},{\"@type\":\"ImageObject\",\"inLanguage\":\"en-GB\",\"@id\":\"https:\\\/\\\/www.31degres.be\\\/produit\\\/boss-hb-1513872-santiago\\\/#primaryimage\",\"url\":\"https:\\\/\\\/i0.wp.com\\\/www.31degres.be\\\/wp-content\\\/uploads\\\/2023\\\/08\\\/1513872_FRONT_1.jpg?fit=800%2C800&ssl=1\",\"contentUrl\":\"https:\\\/\\\/i0.wp.com\\\/www.31degres.be\\\/wp-content\\\/uploads\\\/2023\\\/08\\\/1513872_FRONT_1.jpg?fit=800%2C800&ssl=1\",\"width\":800,\"height\":800,\"caption\":\"Montre Hugo Boss HB1513872 Santiago\"},{\"@type\":\"BreadcrumbList\",\"@id\":\"https:\\\/\\\/www.31degres.be\\\/produit\\\/boss-hb-1513872-santiago\\\/#breadcrumb\",\"itemListElement\":[{\"@type\":\"ListItem\",\"position\":1,\"name\":\"Accueil\",\"item\":\"https:\\\/\\\/www.31degres.be\\\/\"},{\"@type\":\"ListItem\",\"position\":2,\"name\":\"Boutique\",\"item\":\"https:\\\/\\\/www.31degres.be\\\/boutique\\\/\"},{\"@type\":\"ListItem\",\"position\":3,\"name\":\"Hugo Boss HB1513872 Santiago Vert\\\/Dor\u00e9\"}]},{\"@type\":\"WebSite\",\"@id\":\"https:\\\/\\\/www.31degres.be\\\/#website\",\"url\":\"https:\\\/\\\/www.31degres.be\\\/\",\"name\":\"31 Degr\u00e9s Boutique\",\"description\":\"Always With Style\",\"publisher\":{\"@id\":\"https:\\\/\\\/www.31degres.be\\\/#organization\"},\"alternateName\":\"31 Degr\u00e9s Boutique\",\"potentialAction\":[{\"@type\":\"SearchAction\",\"target\":{\"@type\":\"EntryPoint\",\"urlTemplate\":\"https:\\\/\\\/www.31degres.be\\\/?s={search_term_string}\"},\"query-input\":{\"@type\":\"PropertyValueSpecification\",\"valueRequired\":true,\"valueName\":\"search_term_string\"}}],\"inLanguage\":\"en-GB\"},{\"@type\":\"Organization\",\"@id\":\"https:\\\/\\\/www.31degres.be\\\/#organization\",\"name\":\"31 Degr\u00e9s Boutique\",\"url\":\"https:\\\/\\\/www.31degres.be\\\/\",\"logo\":{\"@type\":\"ImageObject\",\"inLanguage\":\"en-GB\",\"@id\":\"https:\\\/\\\/www.31degres.be\\\/#\\\/schema\\\/logo\\\/image\\\/\",\"url\":\"https:\\\/\\\/i0.wp.com\\\/www.31degres.be\\\/wp-content\\\/uploads\\\/2023\\\/08\\\/cropped-cropped-31-DEGRES-LOGO-FINALai.png?fit=1468%2C408&ssl=1\",\"contentUrl\":\"https:\\\/\\\/i0.wp.com\\\/www.31degres.be\\\/wp-content\\\/uploads\\\/2023\\\/08\\\/cropped-cropped-31-DEGRES-LOGO-FINALai.png?fit=1468%2C408&ssl=1\",\"width\":1468,\"height\":408,\"caption\":\"31 Degr\u00e9s Boutique\"},\"image\":{\"@id\":\"https:\\\/\\\/www.31degres.be\\\/#\\\/schema\\\/logo\\\/image\\\/\"},\"sameAs\":[\"https:\\\/\\\/www.facebook.com\\\/31degresboutique\",\"https:\\\/\\\/instagram.com\\\/31degresboutique?igshid=OGQ5ZDc2ODk2ZA==\",\"https:\\\/\\\/t.snapchat.com\\\/TYq1giLw\"]}]}<\/script>\n<!-- \/ Yoast SEO plugin. -->","yoast_head_json":{"title":"Santiago Vert\/Dor\u00e9 HB1513872 : La Montre Homme Hugo Boss Envo\u00fbtante","description":"D\u00e9couvrez l'\u00e9l\u00e9gance ultime avec la Montre Hugo Boss HB1513872 Santiago Vert\/Dor\u00e9. Une fusion parfaite de style sophistiqu\u00e9, de vert vibrant et de dor\u00e9 \u00e9clatant.","robots":{"index":"index","follow":"follow","max-snippet":"max-snippet:-1","max-image-preview":"max-image-preview:large","max-video-preview":"max-video-preview:-1"},"canonical":"https:\/\/www.31degres.be\/en\/product\/boss-hb-1513872-santiago\/","og_locale":"en_GB","og_type":"article","og_title":"Santiago Vert\/Dor\u00e9 HB1513872 : La Montre Homme Hugo Boss Envo\u00fbtante","og_description":"D\u00e9couvrez l'\u00e9l\u00e9gance ultime avec la Montre Hugo Boss HB1513872 Santiago Vert\/Dor\u00e9. Une fusion parfaite de style sophistiqu\u00e9, de vert vibrant et de dor\u00e9 \u00e9clatant.","og_url":"https:\/\/www.31degres.be\/en\/product\/boss-hb-1513872-santiago\/","og_site_name":"31 Degr\u00e9s Boutique","article_publisher":"https:\/\/www.facebook.com\/31degresboutique","article_modified_time":"2025-12-05T23:43:10+00:00","og_image":[{"width":800,"height":800,"url":"https:\/\/www.31degres.be\/wp-content\/uploads\/2023\/08\/1513872_FRONT_1.jpg","type":"image\/jpeg"}],"twitter_card":"summary_large_image","twitter_misc":{"Estimated reading time":"1 minute"},"schema":{"@context":"https:\/\/schema.org","@graph":[{"@type":"WebPage","@id":"https:\/\/www.31degres.be\/produit\/boss-hb-1513872-santiago\/","url":"https:\/\/www.31degres.be\/produit\/boss-hb-1513872-santiago\/","name":"Santiago Vert\/Dor\u00e9 HB1513872 : La Montre Homme Hugo Boss Envo\u00fbtante","isPartOf":{"@id":"https:\/\/www.31degres.be\/#website"},"primaryImageOfPage":{"@id":"https:\/\/www.31degres.be\/produit\/boss-hb-1513872-santiago\/#primaryimage"},"image":{"@id":"https:\/\/www.31degres.be\/produit\/boss-hb-1513872-santiago\/#primaryimage"},"thumbnailUrl":"https:\/\/i0.wp.com\/www.31degres.be\/wp-content\/uploads\/2023\/08\/1513872_FRONT_1.jpg?fit=800%2C800&ssl=1","datePublished":"2023-08-23T13:10:28+00:00","dateModified":"2025-12-05T23:43:10+00:00","description":"D\u00e9couvrez l'\u00e9l\u00e9gance ultime avec la Montre Hugo Boss HB1513872 Santiago Vert\/Dor\u00e9. Une fusion parfaite de style sophistiqu\u00e9, de vert vibrant et de dor\u00e9 \u00e9clatant.","breadcrumb":{"@id":"https:\/\/www.31degres.be\/produit\/boss-hb-1513872-santiago\/#breadcrumb"},"inLanguage":"en-GB","potentialAction":[{"@type":"ReadAction","target":["https:\/\/www.31degres.be\/produit\/boss-hb-1513872-santiago\/"]}]},{"@type":"ImageObject","inLanguage":"en-GB","@id":"https:\/\/www.31degres.be\/produit\/boss-hb-1513872-santiago\/#primaryimage","url":"https:\/\/i0.wp.com\/www.31degres.be\/wp-content\/uploads\/2023\/08\/1513872_FRONT_1.jpg?fit=800%2C800&ssl=1","contentUrl":"https:\/\/i0.wp.com\/www.31degres.be\/wp-content\/uploads\/2023\/08\/1513872_FRONT_1.jpg?fit=800%2C800&ssl=1","width":800,"height":800,"caption":"Montre Hugo Boss HB1513872 Santiago"},{"@type":"BreadcrumbList","@id":"https:\/\/www.31degres.be\/produit\/boss-hb-1513872-santiago\/#breadcrumb","itemListElement":[{"@type":"ListItem","position":1,"name":"Accueil","item":"https:\/\/www.31degres.be\/"},{"@type":"ListItem","position":2,"name":"Boutique","item":"https:\/\/www.31degres.be\/boutique\/"},{"@type":"ListItem","position":3,"name":"Hugo Boss HB1513872 Santiago Vert\/Dor\u00e9"}]},{"@type":"WebSite","@id":"https:\/\/www.31degres.be\/#website","url":"https:\/\/www.31degres.be\/","name":"31 Degr\u00e9s Boutique","description":"Always With Style","publisher":{"@id":"https:\/\/www.31degres.be\/#organization"},"alternateName":"31 Degr\u00e9s Boutique","potentialAction":[{"@type":"SearchAction","target":{"@type":"EntryPoint","urlTemplate":"https:\/\/www.31degres.be\/?s={search_term_string}"},"query-input":{"@type":"PropertyValueSpecification","valueRequired":true,"valueName":"search_term_string"}}],"inLanguage":"en-GB"},{"@type":"Organization","@id":"https:\/\/www.31degres.be\/#organization","name":"31 Degr\u00e9s Boutique","url":"https:\/\/www.31degres.be\/","logo":{"@type":"ImageObject","inLanguage":"en-GB","@id":"https:\/\/www.31degres.be\/#\/schema\/logo\/image\/","url":"https:\/\/i0.wp.com\/www.31degres.be\/wp-content\/uploads\/2023\/08\/cropped-cropped-31-DEGRES-LOGO-FINALai.png?fit=1468%2C408&ssl=1","contentUrl":"https:\/\/i0.wp.com\/www.31degres.be\/wp-content\/uploads\/2023\/08\/cropped-cropped-31-DEGRES-LOGO-FINALai.png?fit=1468%2C408&ssl=1","width":1468,"height":408,"caption":"31 Degr\u00e9s Boutique"},"image":{"@id":"https:\/\/www.31degres.be\/#\/schema\/logo\/image\/"},"sameAs":["https:\/\/www.facebook.com\/31degresboutique","https:\/\/instagram.com\/31degresboutique?igshid=OGQ5ZDc2ODk2ZA==","https:\/\/t.snapchat.com\/TYq1giLw"]}]}},"jetpack_sharing_enabled":true,"_links":{"self":[{"href":"https:\/\/www.31degres.be\/en\/wp-json\/wp\/v2\/product\/4797","targetHints":{"allow":["GET"]}}],"collection":[{"href":"https:\/\/www.31degres.be\/en\/wp-json\/wp\/v2\/product"}],"about":[{"href":"https:\/\/www.31degres.be\/en\/wp-json\/wp\/v2\/types\/product"}],"version-history":[{"count":0,"href":"https:\/\/www.31degres.be\/en\/wp-json\/wp\/v2\/product\/4797\/revisions"}],"wp:featuredmedia":[{"embeddable":true,"href":"https:\/\/www.31degres.be\/en\/wp-json\/wp\/v2\/media\/4798"}],"wp:attachment":[{"href":"https:\/\/www.31degres.be\/en\/wp-json\/wp\/v2\/media?parent=4797"}],"wp:term":[{"taxonomy":"product_brand","embeddable":true,"href":"https:\/\/www.31degres.be\/en\/wp-json\/wp\/v2\/product_brand?post=4797"},{"taxonomy":"product_cat","embeddable":true,"href":"https:\/\/www.31degres.be\/en\/wp-json\/wp\/v2\/product_cat?post=4797"},{"taxonomy":"product_tag","embeddable":true,"href":"https:\/\/www.31degres.be\/en\/wp-json\/wp\/v2\/product_tag?post=4797"}],"curies":[{"name":"wp","href":"https:\/\/api.w.org\/{rel}","templated":true}]}}