{"id":4861,"date":"2023-08-24T00:08:48","date_gmt":"2023-08-23T22:08:48","guid":{"rendered":"http:\/\/brk.asdigix.com\/?post_type=product&#038;p=4861"},"modified":"2026-03-06T10:39:25","modified_gmt":"2026-03-06T09:39:25","slug":"montre-hugo-boss-hb1513183-aeroliner-bleu","status":"publish","type":"product","link":"https:\/\/www.31degres.be\/en\/product\/montre-hugo-boss-hb1513183-aeroliner-bleu\/","title":{"rendered":"Montre Hugo Boss HB1513183 Aeroliner Blue"},"content":{"rendered":"<p><strong>Laissez-vous emporter par l&#8217;\u00e9l\u00e9gance audacieuse de la Montre Hugo Boss HB1513183 Aeroliner Bleu !<\/strong><\/p>\n<p>Combine style and sophistication with this master piece signed <a href=\"https:\/\/www.31degres.be\/en\/product-category\/montres-homme\/hugo-boss-montres-homme\/\">Hugo Boss<\/a>. D\u00e9couvrez l&#8217;incomparable harmonie entre design moderne et fonctionnalit\u00e9 intemporelle, cr\u00e9ant une montre qui transcende les tendances \u00e9ph\u00e9m\u00e8res.<\/p>\n<p><strong>Elegance in blue :<\/strong> Le cadran captivant d&#8217;un bleu profond inspire la confiance et donne une touche de myst\u00e8re \u00e0 votre style. Que vous soyez en r\u00e9union d&#8217;affaires ou lors d&#8217;une soir\u00e9e d\u00e9contract\u00e9e, cette montre attirera tous les regards.<\/p>\n<p><strong>Precision aerospace :<\/strong> Les d\u00e9tails inspir\u00e9s de l&#8217;a\u00e9ronautique sur le bracelet en acier inoxydable ne sont pas simplement esth\u00e9tiques, mais refl\u00e8tent \u00e9galement une pr\u00e9cision impeccable. Chaque instant compte, et cette montre est le compagnon id\u00e9al pour ceux qui appr\u00e9cient la valeur du temps.<\/p>\n<p><strong>Comfort without compromise :<\/strong> With an ergonomic design, this watch offers exceptional comfort. You are on the move or in well-deserved break, you&#039;ll never want to leave your wrist.<\/p>\n<p><strong>A declaration of style, an investment in time.<\/strong> La Montre Hugo Boss HB1513183 Aeroliner Bleu combine l&#8217;esth\u00e9tique raffin\u00e9e et la fonctionnalit\u00e9 pr\u00e9cise pour cr\u00e9er une exp\u00e9rience unique. Soyez pr\u00eat \u00e0 marquer chaque instant avec cette pi\u00e8ce incontournable.<\/p>\n<p><strong>Order now and immerse yourself in the everyday luxury that only Hugo Boss has to offer.<\/strong><\/p>\n<p><em>Awaken your style. Elevate your experience.<\/em><\/p>\n<p>Also discover the watch Hugo Boss <a href=\"https:\/\/www.31degres.be\/en\/product\/hugo-boss-hb-1513440\/\">Anthracite<\/a>.<\/p>","protected":false},"excerpt":{"rendered":"<p><img decoding=\"async\" class=\"alignnone wp-image-77303 aligncenter\" src=\"https:\/\/www.31degres.be\/wp-content\/uploads\/2025\/01\/Trustpilot-Excellent-300x21.png\" alt=\"\" width=\"271\" height=\"19\" srcset=\"https:\/\/i0.wp.com\/www.31degres.be\/wp-content\/uploads\/2025\/01\/Trustpilot-Excellent.png?resize=300%2C21&amp;ssl=1 300w, https:\/\/i0.wp.com\/www.31degres.be\/wp-content\/uploads\/2025\/01\/Trustpilot-Excellent.png?resize=1024%2C73&amp;ssl=1 1024w, https:\/\/i0.wp.com\/www.31degres.be\/wp-content\/uploads\/2025\/01\/Trustpilot-Excellent.png?resize=768%2C55&amp;ssl=1 768w, https:\/\/i0.wp.com\/www.31degres.be\/wp-content\/uploads\/2025\/01\/Trustpilot-Excellent.png?resize=1536%2C109&amp;ssl=1 1536w, https:\/\/i0.wp.com\/www.31degres.be\/wp-content\/uploads\/2025\/01\/Trustpilot-Excellent.png?resize=18%2C1&amp;ssl=1 18w, https:\/\/i0.wp.com\/www.31degres.be\/wp-content\/uploads\/2025\/01\/Trustpilot-Excellent.png?resize=600%2C43&amp;ssl=1 600w, https:\/\/i0.wp.com\/www.31degres.be\/wp-content\/uploads\/2025\/01\/Trustpilot-Excellent.png?w=1600&amp;ssl=1 1600w\" sizes=\"(max-width: 271px) 100vw, 271px\" \/><br \/>\n\u2714\ufe0f 2 years warranty on all watches<br \/>\n\u2714\ufe0f Satisfied or refunded 14 days<br \/>\n\u2714\ufe0f Fast Delivery<\/p>\n<p>\ud83c\udf81 <em data-start=\"599\" data-end=\"632\"><strong><a href=\"https:\/\/www.31degres.be\/en\/programme-de-fidelite\/\">\u2714 \u20ac1 spent = 1 loyalty point<\/a>.<\/strong><br \/>\n<strong>\u2764\ufe0f <a href=\"https:\/\/www.31degres.be\/en\/engagement-solidaire\/\">5% donated to help the most needy.<\/a><\/strong><br \/>\n<\/em><\/p>","protected":false},"featured_media":4863,"template":"","meta":{"site-sidebar-layout":"default","site-content-layout":"default","ast-site-content-layout":"default","site-content-style":"default","site-sidebar-style":"default","ast-global-header-display":"","ast-banner-title-visibility":"","ast-main-header-display":"","ast-hfb-above-header-display":"","ast-hfb-below-header-display":"","ast-hfb-mobile-header-display":"","site-post-title":"","ast-breadcrumbs-content":"","ast-featured-img":"","footer-sml-layout":"","theme-transparent-header-meta":"disabled","adv-header-id-meta":"","stick-header-meta":"","header-above-stick-meta":"","header-main-stick-meta":"","header-below-stick-meta":"","astra-migrate-meta-layouts":"set","ast-page-background-enabled":"default","ast-page-background-meta":{"desktop":{"background-color":"","background-image":"","background-repeat":"repeat","background-position":"center center","background-size":"auto","background-attachment":"scroll","background-type":"","background-media":"","overlay-type":"","overlay-color":"","overlay-opacity":"","overlay-gradient":""},"tablet":{"background-color":"","background-image":"","background-repeat":"repeat","background-position":"center center","background-size":"auto","background-attachment":"scroll","background-type":"","background-media":"","overlay-type":"","overlay-color":"","overlay-opacity":"","overlay-gradient":""},"mobile":{"background-color":"","background-image":"","background-repeat":"repeat","background-position":"center center","background-size":"auto","background-attachment":"scroll","background-type":"","background-media":"","overlay-type":"","overlay-color":"","overlay-opacity":"","overlay-gradient":""}},"ast-content-background-meta":{"desktop":{"background-color":"var(--ast-global-color-5)","background-image":"","background-repeat":"repeat","background-position":"center center","background-size":"auto","background-attachment":"scroll","background-type":"","background-media":"","overlay-type":"","overlay-color":"","overlay-opacity":"","overlay-gradient":""},"tablet":{"background-color":"var(--ast-global-color-5)","background-image":"","background-repeat":"repeat","background-position":"center center","background-size":"auto","background-attachment":"scroll","background-type":"","background-media":"","overlay-type":"","overlay-color":"","overlay-opacity":"","overlay-gradient":""},"mobile":{"background-color":"var(--ast-global-color-5)","background-image":"","background-repeat":"repeat","background-position":"center center","background-size":"auto","background-attachment":"scroll","background-type":"","background-media":"","overlay-type":"","overlay-color":"","overlay-opacity":"","overlay-gradient":""}}},"product_brand":[],"product_cat":[71],"product_tag":[78,119,211,176],"class_list":{"0":"post-4861","1":"product","2":"type-product","3":"status-publish","4":"has-post-thumbnail","6":"product_cat-hugo-boss-montres-homme","7":"product_tag-argent","8":"product_tag-bleu","9":"product_tag-hb1513183","10":"product_tag-hugo-boss","11":"desktop-align-left","12":"tablet-align-left","13":"mobile-align-left","15":"first","16":"onbackorder","17":"taxable","18":"shipping-taxable","19":"purchasable","20":"product-type-simple"},"yoast_head":"<!-- This site is optimized with the Yoast SEO plugin v27.3 - https:\/\/yoast.com\/product\/yoast-seo-wordpress\/ -->\n<title>Hugo Boss HB1513183 : Montre Aeroliner Bleu - Alliance de Style et de Pr\u00e9cision<\/title>\n<meta name=\"description\" content=\"D\u00e9couvrez l&#039;\u00e9l\u00e9gance ultime avec la Montre Hugo Boss HB1513183 Aeroliner Bleu. Un bijou de pr\u00e9cision alliant style moderne et sophistication intemporelle. Achetez maintenant !\" \/>\n<meta name=\"robots\" content=\"index, follow, max-snippet:-1, max-image-preview:large, max-video-preview:-1\" \/>\n<link rel=\"canonical\" href=\"https:\/\/www.31degres.be\/en\/product\/montre-hugo-boss-hb1513183-aeroliner-bleu\/\" \/>\n<meta property=\"og:locale\" content=\"en_GB\" \/>\n<meta property=\"og:type\" content=\"article\" \/>\n<meta property=\"og:title\" content=\"Hugo Boss HB1513183 : Montre Aeroliner Bleu - Alliance de Style et de Pr\u00e9cision\" \/>\n<meta property=\"og:description\" content=\"D\u00e9couvrez l&#039;\u00e9l\u00e9gance ultime avec la Montre Hugo Boss HB1513183 Aeroliner Bleu. Un bijou de pr\u00e9cision alliant style moderne et sophistication intemporelle. Achetez maintenant !\" \/>\n<meta property=\"og:url\" content=\"https:\/\/www.31degres.be\/en\/product\/montre-hugo-boss-hb1513183-aeroliner-bleu\/\" \/>\n<meta property=\"og:site_name\" content=\"31 Degr\u00e9s Boutique\" \/>\n<meta property=\"article:publisher\" content=\"https:\/\/www.facebook.com\/31degresboutique\" \/>\n<meta property=\"article:modified_time\" content=\"2026-03-06T09:39:25+00:00\" \/>\n<meta property=\"og:image\" content=\"https:\/\/www.31degres.be\/wp-content\/uploads\/2023\/08\/207594662_max.jpg\" \/>\n\t<meta property=\"og:image:width\" content=\"1196\" \/>\n\t<meta property=\"og:image:height\" content=\"1196\" \/>\n\t<meta property=\"og:image:type\" content=\"image\/jpeg\" \/>\n<meta name=\"twitter:card\" content=\"summary_large_image\" \/>\n<meta name=\"twitter:label1\" content=\"Estimated reading time\" \/>\n\t<meta name=\"twitter:data1\" content=\"2 minutes\" \/>\n<script type=\"application\/ld+json\" class=\"yoast-schema-graph\">{\"@context\":\"https:\\\/\\\/schema.org\",\"@graph\":[{\"@type\":\"WebPage\",\"@id\":\"https:\\\/\\\/www.31degres.be\\\/produit\\\/montre-hugo-boss-hb1513183-aeroliner-bleu\\\/\",\"url\":\"https:\\\/\\\/www.31degres.be\\\/produit\\\/montre-hugo-boss-hb1513183-aeroliner-bleu\\\/\",\"name\":\"Hugo Boss HB1513183 : Montre Aeroliner Bleu - Alliance de Style et de Pr\u00e9cision\",\"isPartOf\":{\"@id\":\"https:\\\/\\\/www.31degres.be\\\/#website\"},\"primaryImageOfPage\":{\"@id\":\"https:\\\/\\\/www.31degres.be\\\/produit\\\/montre-hugo-boss-hb1513183-aeroliner-bleu\\\/#primaryimage\"},\"image\":{\"@id\":\"https:\\\/\\\/www.31degres.be\\\/produit\\\/montre-hugo-boss-hb1513183-aeroliner-bleu\\\/#primaryimage\"},\"thumbnailUrl\":\"https:\\\/\\\/i0.wp.com\\\/www.31degres.be\\\/wp-content\\\/uploads\\\/2023\\\/08\\\/207594662_max.jpg?fit=1196%2C1196&ssl=1\",\"datePublished\":\"2023-08-23T22:08:48+00:00\",\"dateModified\":\"2026-03-06T09:39:25+00:00\",\"description\":\"D\u00e9couvrez l'\u00e9l\u00e9gance ultime avec la Montre Hugo Boss HB1513183 Aeroliner Bleu. Un bijou de pr\u00e9cision alliant style moderne et sophistication intemporelle. Achetez maintenant !\",\"breadcrumb\":{\"@id\":\"https:\\\/\\\/www.31degres.be\\\/produit\\\/montre-hugo-boss-hb1513183-aeroliner-bleu\\\/#breadcrumb\"},\"inLanguage\":\"en-GB\",\"potentialAction\":[{\"@type\":\"ReadAction\",\"target\":[\"https:\\\/\\\/www.31degres.be\\\/produit\\\/montre-hugo-boss-hb1513183-aeroliner-bleu\\\/\"]}]},{\"@type\":\"ImageObject\",\"inLanguage\":\"en-GB\",\"@id\":\"https:\\\/\\\/www.31degres.be\\\/produit\\\/montre-hugo-boss-hb1513183-aeroliner-bleu\\\/#primaryimage\",\"url\":\"https:\\\/\\\/i0.wp.com\\\/www.31degres.be\\\/wp-content\\\/uploads\\\/2023\\\/08\\\/207594662_max.jpg?fit=1196%2C1196&ssl=1\",\"contentUrl\":\"https:\\\/\\\/i0.wp.com\\\/www.31degres.be\\\/wp-content\\\/uploads\\\/2023\\\/08\\\/207594662_max.jpg?fit=1196%2C1196&ssl=1\",\"width\":1196,\"height\":1196,\"caption\":\"Montre Hugo Boss HB1513183\"},{\"@type\":\"BreadcrumbList\",\"@id\":\"https:\\\/\\\/www.31degres.be\\\/produit\\\/montre-hugo-boss-hb1513183-aeroliner-bleu\\\/#breadcrumb\",\"itemListElement\":[{\"@type\":\"ListItem\",\"position\":1,\"name\":\"Accueil\",\"item\":\"https:\\\/\\\/www.31degres.be\\\/\"},{\"@type\":\"ListItem\",\"position\":2,\"name\":\"Boutique\",\"item\":\"https:\\\/\\\/www.31degres.be\\\/boutique\\\/\"},{\"@type\":\"ListItem\",\"position\":3,\"name\":\"Montre Hugo Boss HB1513183 Aeroliner Bleu\"}]},{\"@type\":\"WebSite\",\"@id\":\"https:\\\/\\\/www.31degres.be\\\/#website\",\"url\":\"https:\\\/\\\/www.31degres.be\\\/\",\"name\":\"31 Degr\u00e9s Boutique\",\"description\":\"Always With Style\",\"publisher\":{\"@id\":\"https:\\\/\\\/www.31degres.be\\\/#organization\"},\"alternateName\":\"31 Degr\u00e9s Boutique\",\"potentialAction\":[{\"@type\":\"SearchAction\",\"target\":{\"@type\":\"EntryPoint\",\"urlTemplate\":\"https:\\\/\\\/www.31degres.be\\\/?s={search_term_string}\"},\"query-input\":{\"@type\":\"PropertyValueSpecification\",\"valueRequired\":true,\"valueName\":\"search_term_string\"}}],\"inLanguage\":\"en-GB\"},{\"@type\":\"Organization\",\"@id\":\"https:\\\/\\\/www.31degres.be\\\/#organization\",\"name\":\"31 Degr\u00e9s Boutique\",\"url\":\"https:\\\/\\\/www.31degres.be\\\/\",\"logo\":{\"@type\":\"ImageObject\",\"inLanguage\":\"en-GB\",\"@id\":\"https:\\\/\\\/www.31degres.be\\\/#\\\/schema\\\/logo\\\/image\\\/\",\"url\":\"https:\\\/\\\/i0.wp.com\\\/www.31degres.be\\\/wp-content\\\/uploads\\\/2023\\\/08\\\/cropped-cropped-31-DEGRES-LOGO-FINALai.png?fit=1468%2C408&ssl=1\",\"contentUrl\":\"https:\\\/\\\/i0.wp.com\\\/www.31degres.be\\\/wp-content\\\/uploads\\\/2023\\\/08\\\/cropped-cropped-31-DEGRES-LOGO-FINALai.png?fit=1468%2C408&ssl=1\",\"width\":1468,\"height\":408,\"caption\":\"31 Degr\u00e9s Boutique\"},\"image\":{\"@id\":\"https:\\\/\\\/www.31degres.be\\\/#\\\/schema\\\/logo\\\/image\\\/\"},\"sameAs\":[\"https:\\\/\\\/www.facebook.com\\\/31degresboutique\",\"https:\\\/\\\/instagram.com\\\/31degresboutique?igshid=OGQ5ZDc2ODk2ZA==\",\"https:\\\/\\\/t.snapchat.com\\\/TYq1giLw\"]}]}<\/script>\n<!-- \/ Yoast SEO plugin. -->","yoast_head_json":{"title":"Hugo Boss HB1513183 : Montre Aeroliner Bleu - Alliance de Style et de Pr\u00e9cision","description":"D\u00e9couvrez l'\u00e9l\u00e9gance ultime avec la Montre Hugo Boss HB1513183 Aeroliner Bleu. Un bijou de pr\u00e9cision alliant style moderne et sophistication intemporelle. Achetez maintenant !","robots":{"index":"index","follow":"follow","max-snippet":"max-snippet:-1","max-image-preview":"max-image-preview:large","max-video-preview":"max-video-preview:-1"},"canonical":"https:\/\/www.31degres.be\/en\/product\/montre-hugo-boss-hb1513183-aeroliner-bleu\/","og_locale":"en_GB","og_type":"article","og_title":"Hugo Boss HB1513183 : Montre Aeroliner Bleu - Alliance de Style et de Pr\u00e9cision","og_description":"D\u00e9couvrez l'\u00e9l\u00e9gance ultime avec la Montre Hugo Boss HB1513183 Aeroliner Bleu. Un bijou de pr\u00e9cision alliant style moderne et sophistication intemporelle. Achetez maintenant !","og_url":"https:\/\/www.31degres.be\/en\/product\/montre-hugo-boss-hb1513183-aeroliner-bleu\/","og_site_name":"31 Degr\u00e9s Boutique","article_publisher":"https:\/\/www.facebook.com\/31degresboutique","article_modified_time":"2026-03-06T09:39:25+00:00","og_image":[{"width":1196,"height":1196,"url":"https:\/\/www.31degres.be\/wp-content\/uploads\/2023\/08\/207594662_max.jpg","type":"image\/jpeg"}],"twitter_card":"summary_large_image","twitter_misc":{"Estimated reading time":"2 minutes"},"schema":{"@context":"https:\/\/schema.org","@graph":[{"@type":"WebPage","@id":"https:\/\/www.31degres.be\/produit\/montre-hugo-boss-hb1513183-aeroliner-bleu\/","url":"https:\/\/www.31degres.be\/produit\/montre-hugo-boss-hb1513183-aeroliner-bleu\/","name":"Hugo Boss HB1513183 : Montre Aeroliner Bleu - Alliance de Style et de Pr\u00e9cision","isPartOf":{"@id":"https:\/\/www.31degres.be\/#website"},"primaryImageOfPage":{"@id":"https:\/\/www.31degres.be\/produit\/montre-hugo-boss-hb1513183-aeroliner-bleu\/#primaryimage"},"image":{"@id":"https:\/\/www.31degres.be\/produit\/montre-hugo-boss-hb1513183-aeroliner-bleu\/#primaryimage"},"thumbnailUrl":"https:\/\/i0.wp.com\/www.31degres.be\/wp-content\/uploads\/2023\/08\/207594662_max.jpg?fit=1196%2C1196&ssl=1","datePublished":"2023-08-23T22:08:48+00:00","dateModified":"2026-03-06T09:39:25+00:00","description":"D\u00e9couvrez l'\u00e9l\u00e9gance ultime avec la Montre Hugo Boss HB1513183 Aeroliner Bleu. Un bijou de pr\u00e9cision alliant style moderne et sophistication intemporelle. Achetez maintenant !","breadcrumb":{"@id":"https:\/\/www.31degres.be\/produit\/montre-hugo-boss-hb1513183-aeroliner-bleu\/#breadcrumb"},"inLanguage":"en-GB","potentialAction":[{"@type":"ReadAction","target":["https:\/\/www.31degres.be\/produit\/montre-hugo-boss-hb1513183-aeroliner-bleu\/"]}]},{"@type":"ImageObject","inLanguage":"en-GB","@id":"https:\/\/www.31degres.be\/produit\/montre-hugo-boss-hb1513183-aeroliner-bleu\/#primaryimage","url":"https:\/\/i0.wp.com\/www.31degres.be\/wp-content\/uploads\/2023\/08\/207594662_max.jpg?fit=1196%2C1196&ssl=1","contentUrl":"https:\/\/i0.wp.com\/www.31degres.be\/wp-content\/uploads\/2023\/08\/207594662_max.jpg?fit=1196%2C1196&ssl=1","width":1196,"height":1196,"caption":"Montre Hugo Boss HB1513183"},{"@type":"BreadcrumbList","@id":"https:\/\/www.31degres.be\/produit\/montre-hugo-boss-hb1513183-aeroliner-bleu\/#breadcrumb","itemListElement":[{"@type":"ListItem","position":1,"name":"Accueil","item":"https:\/\/www.31degres.be\/"},{"@type":"ListItem","position":2,"name":"Boutique","item":"https:\/\/www.31degres.be\/boutique\/"},{"@type":"ListItem","position":3,"name":"Montre Hugo Boss HB1513183 Aeroliner Bleu"}]},{"@type":"WebSite","@id":"https:\/\/www.31degres.be\/#website","url":"https:\/\/www.31degres.be\/","name":"31 Degr\u00e9s Boutique","description":"Always With Style","publisher":{"@id":"https:\/\/www.31degres.be\/#organization"},"alternateName":"31 Degr\u00e9s Boutique","potentialAction":[{"@type":"SearchAction","target":{"@type":"EntryPoint","urlTemplate":"https:\/\/www.31degres.be\/?s={search_term_string}"},"query-input":{"@type":"PropertyValueSpecification","valueRequired":true,"valueName":"search_term_string"}}],"inLanguage":"en-GB"},{"@type":"Organization","@id":"https:\/\/www.31degres.be\/#organization","name":"31 Degr\u00e9s Boutique","url":"https:\/\/www.31degres.be\/","logo":{"@type":"ImageObject","inLanguage":"en-GB","@id":"https:\/\/www.31degres.be\/#\/schema\/logo\/image\/","url":"https:\/\/i0.wp.com\/www.31degres.be\/wp-content\/uploads\/2023\/08\/cropped-cropped-31-DEGRES-LOGO-FINALai.png?fit=1468%2C408&ssl=1","contentUrl":"https:\/\/i0.wp.com\/www.31degres.be\/wp-content\/uploads\/2023\/08\/cropped-cropped-31-DEGRES-LOGO-FINALai.png?fit=1468%2C408&ssl=1","width":1468,"height":408,"caption":"31 Degr\u00e9s Boutique"},"image":{"@id":"https:\/\/www.31degres.be\/#\/schema\/logo\/image\/"},"sameAs":["https:\/\/www.facebook.com\/31degresboutique","https:\/\/instagram.com\/31degresboutique?igshid=OGQ5ZDc2ODk2ZA==","https:\/\/t.snapchat.com\/TYq1giLw"]}]}},"jetpack_sharing_enabled":true,"_links":{"self":[{"href":"https:\/\/www.31degres.be\/en\/wp-json\/wp\/v2\/product\/4861","targetHints":{"allow":["GET"]}}],"collection":[{"href":"https:\/\/www.31degres.be\/en\/wp-json\/wp\/v2\/product"}],"about":[{"href":"https:\/\/www.31degres.be\/en\/wp-json\/wp\/v2\/types\/product"}],"version-history":[{"count":0,"href":"https:\/\/www.31degres.be\/en\/wp-json\/wp\/v2\/product\/4861\/revisions"}],"wp:featuredmedia":[{"embeddable":true,"href":"https:\/\/www.31degres.be\/en\/wp-json\/wp\/v2\/media\/4863"}],"wp:attachment":[{"href":"https:\/\/www.31degres.be\/en\/wp-json\/wp\/v2\/media?parent=4861"}],"wp:term":[{"taxonomy":"product_brand","embeddable":true,"href":"https:\/\/www.31degres.be\/en\/wp-json\/wp\/v2\/product_brand?post=4861"},{"taxonomy":"product_cat","embeddable":true,"href":"https:\/\/www.31degres.be\/en\/wp-json\/wp\/v2\/product_cat?post=4861"},{"taxonomy":"product_tag","embeddable":true,"href":"https:\/\/www.31degres.be\/en\/wp-json\/wp\/v2\/product_tag?post=4861"}],"curies":[{"name":"wp","href":"https:\/\/api.w.org\/{rel}","templated":true}]}}