{"id":5763,"date":"2023-08-31T22:41:02","date_gmt":"2023-08-31T20:41:02","guid":{"rendered":"https:\/\/www.31degres.be\/?post_type=product&#038;p=5763"},"modified":"2025-10-20T10:40:38","modified_gmt":"2025-10-20T08:40:38","slug":"armani-luigi-ar1979-bleu","status":"publish","type":"product","link":"https:\/\/www.31degres.be\/en\/product\/armani-luigi-ar1979-bleu\/","title":{"rendered":"Emporio Armani Luigi AR1979 Blue"},"content":{"rendered":"<div class=\"flex-1 overflow-hidden\">\n<div class=\"react-scroll-to-bottom--css-dhtpt-79elbk h-full\">\n<div class=\"react-scroll-to-bottom--css-dhtpt-1n7m0yu\">\n<div class=\"flex flex-col pb-9 text-sm\">\n<div class=\"w-full text-token-text-primary\" data-testid=\"conversation-turn-3\">\n<div class=\"px-4 py-2 justify-center text-base md:gap-6 m-auto\">\n<div class=\"flex flex-1 text-base mx-auto gap-3 md:px-5 lg:px-1 xl:px-5 md:max-w-3xl lg:max-w-[40rem] xl:max-w-[48rem] group final-completion\">\n<div class=\"relative flex w-full flex-col lg:w-[calc(100%-115px)] agent-turn\">\n<div class=\"flex-col gap-1 md:gap-3\">\n<div class=\"flex flex-grow flex-col max-w-full\">\n<div class=\"min-h-[20px] text-message flex flex-col items-start gap-3 whitespace-pre-wrap break-words [.text-message+&amp;]:mt-5 overflow-x-auto\" data-message-author-role=\"assistant\" data-message-id=\"02cf4fe6-89b9-49ba-89ef-0f7457ec164f\">\n<div class=\"markdown prose w-full break-words dark:prose-invert light\">\n<p style=\"text-align: left;\">D\u00e9couvrez l&#8217;\u00e9l\u00e9gance ultime avec la Montre Emporio Armani Luigi AR1979 Bleu \u2013 une fusion parfaite de style contemporain et de sophistication intemporelle. Plongez dans le monde du luxe avec un cadran d&#8217;un bleu profond, \u00e9voquant un raffinement qui attire instantan\u00e9ment l&#8217;\u0153il.<\/p>\n<p>La silhouette \u00e9pur\u00e9e de cette montre incarne l&#8217;essence du design italien, mettant en avant la signature d&#8217;<strong><a href=\"https:\/\/www.31degres.be\/en\/product-category\/montres-homme\/emporio-armani-montres-homme\/\">Emporio Armani<\/a><\/strong>. Son bo\u00eetier en acier inoxydable solide offre une durabilit\u00e9 exceptionnelle, assurant que cette pi\u00e8ce exquise reste \u00e0 la hauteur de votre style de vie dynamique.<\/p>\n<p>La fonction chronographe pr\u00e9cise ajoute une dimension fonctionnelle \u00e0 l&#8217;esth\u00e9tique, offrant un compagnon fiable pour votre quotidien effr\u00e9n\u00e9. Le bracelet en maille milanais, d&#8217;une teinte assortie, offre un confort sup\u00e9rieur et une allure r\u00e9solument moderne.<\/p>\n<p>Immergez-vous dans l&#8217;exp\u00e9rience sensorielle de la Montre Emporio Armani Luigi AR1979 Bleu, o\u00f9 le tic-tac hypnotique du mouvement rencontre le doux effleurement du bracelet. Alliez la pr\u00e9cision \u00e0 la passion avec cette montre, con\u00e7ue pour ceux qui ne font pas que suivre le temps, mais qui le c\u00e9l\u00e8brent.<\/p>\n<p>Sublimez votre style, exprimez votre unicit\u00e9. La Montre Emporio Armani Luigi AR1979 Bleu, bien plus qu&#8217;un accessoire, est une d\u00e9claration de sophistication et de confiance. En un coup d&#8217;\u0153il, cette montre devient votre alli\u00e9e incontestable pour chaque moment, captivant votre imagination et soulignant votre \u00e9l\u00e9gance exceptionnelle. Choisissez le luxe, optez pour l&#8217;extraordinaire.<\/p>\n<p>Discover the collection <strong><a href=\"https:\/\/www.31degres.be\/en\/?s=luigi&amp;post_type=product\">Luigi<\/a><\/strong> d&#8217;Emporio Armani pour hommes.<\/p>\n<\/div>\n<\/div>\n<\/div>\n<\/div>\n<\/div>\n<\/div>\n<\/div>\n<\/div>\n<\/div>\n<\/div>\n<\/div>\n<\/div>","protected":false},"excerpt":{"rendered":"<p><img decoding=\"async\" class=\"alignnone wp-image-77303 aligncenter\" src=\"https:\/\/www.31degres.be\/wp-content\/uploads\/2025\/01\/Trustpilot-Excellent-300x21.png\" alt=\"\" width=\"271\" height=\"19\" srcset=\"https:\/\/i0.wp.com\/www.31degres.be\/wp-content\/uploads\/2025\/01\/Trustpilot-Excellent.png?resize=300%2C21&amp;ssl=1 300w, https:\/\/i0.wp.com\/www.31degres.be\/wp-content\/uploads\/2025\/01\/Trustpilot-Excellent.png?resize=1024%2C73&amp;ssl=1 1024w, https:\/\/i0.wp.com\/www.31degres.be\/wp-content\/uploads\/2025\/01\/Trustpilot-Excellent.png?resize=768%2C55&amp;ssl=1 768w, https:\/\/i0.wp.com\/www.31degres.be\/wp-content\/uploads\/2025\/01\/Trustpilot-Excellent.png?resize=1536%2C109&amp;ssl=1 1536w, https:\/\/i0.wp.com\/www.31degres.be\/wp-content\/uploads\/2025\/01\/Trustpilot-Excellent.png?resize=18%2C1&amp;ssl=1 18w, https:\/\/i0.wp.com\/www.31degres.be\/wp-content\/uploads\/2025\/01\/Trustpilot-Excellent.png?resize=600%2C43&amp;ssl=1 600w, https:\/\/i0.wp.com\/www.31degres.be\/wp-content\/uploads\/2025\/01\/Trustpilot-Excellent.png?w=1600&amp;ssl=1 1600w\" sizes=\"(max-width: 271px) 100vw, 271px\" \/><br \/>\n\u2714\ufe0f 2 years warranty on all watches<br \/>\n\u2714\ufe0f Satisfied or refunded 14 days<br \/>\n\u2714\ufe0f Fast Delivery<\/p>\n<p>\ud83c\udf81 <em data-start=\"599\" data-end=\"632\"><strong><a href=\"https:\/\/www.31degres.be\/en\/programme-de-fidelite\/\">\u20ac1 spent = 1 loyalty point<\/a>.<\/strong><br \/>\n<strong>\u2764\ufe0f <a href=\"https:\/\/www.31degres.be\/en\/engagement-solidaire\/\">5% donated to help the most needy.<\/a><\/strong><br \/>\n<\/em><\/p>","protected":false},"featured_media":5767,"template":"","meta":{"site-sidebar-layout":"default","site-content-layout":"default","ast-site-content-layout":"default","site-content-style":"default","site-sidebar-style":"default","ast-global-header-display":"","ast-banner-title-visibility":"","ast-main-header-display":"","ast-hfb-above-header-display":"","ast-hfb-below-header-display":"","ast-hfb-mobile-header-display":"","site-post-title":"","ast-breadcrumbs-content":"","ast-featured-img":"","footer-sml-layout":"","theme-transparent-header-meta":"disabled","adv-header-id-meta":"","stick-header-meta":"","header-above-stick-meta":"","header-main-stick-meta":"","header-below-stick-meta":"","astra-migrate-meta-layouts":"set","ast-page-background-enabled":"default","ast-page-background-meta":{"desktop":{"background-color":"","background-image":"","background-repeat":"repeat","background-position":"center center","background-size":"auto","background-attachment":"scroll","background-type":"","background-media":"","overlay-type":"","overlay-color":"","overlay-opacity":"","overlay-gradient":""},"tablet":{"background-color":"","background-image":"","background-repeat":"repeat","background-position":"center center","background-size":"auto","background-attachment":"scroll","background-type":"","background-media":"","overlay-type":"","overlay-color":"","overlay-opacity":"","overlay-gradient":""},"mobile":{"background-color":"","background-image":"","background-repeat":"repeat","background-position":"center center","background-size":"auto","background-attachment":"scroll","background-type":"","background-media":"","overlay-type":"","overlay-color":"","overlay-opacity":"","overlay-gradient":""}},"ast-content-background-meta":{"desktop":{"background-color":"var(--ast-global-color-5)","background-image":"","background-repeat":"repeat","background-position":"center center","background-size":"auto","background-attachment":"scroll","background-type":"","background-media":"","overlay-type":"","overlay-color":"","overlay-opacity":"","overlay-gradient":""},"tablet":{"background-color":"var(--ast-global-color-5)","background-image":"","background-repeat":"repeat","background-position":"center center","background-size":"auto","background-attachment":"scroll","background-type":"","background-media":"","overlay-type":"","overlay-color":"","overlay-opacity":"","overlay-gradient":""},"mobile":{"background-color":"var(--ast-global-color-5)","background-image":"","background-repeat":"repeat","background-position":"center center","background-size":"auto","background-attachment":"scroll","background-type":"","background-media":"","overlay-type":"","overlay-color":"","overlay-opacity":"","overlay-gradient":""}}},"product_brand":[],"product_cat":[47],"product_tag":[367,119,117,268],"class_list":{"0":"post-5763","1":"product","2":"type-product","3":"status-publish","4":"has-post-thumbnail","6":"product_cat-emporio-armani-montres-homme","7":"product_tag-ar1979","8":"product_tag-bleu","9":"product_tag-emporio-armani","10":"product_tag-luigi","11":"desktop-align-left","12":"tablet-align-left","13":"mobile-align-left","15":"first","16":"instock","17":"taxable","18":"shipping-taxable","19":"purchasable","20":"product-type-simple"},"yoast_head":"<!-- This site is optimized with the Yoast SEO plugin v27.4 - https:\/\/yoast.com\/product\/yoast-seo-wordpress\/ -->\n<title>Emporio Armani Luigi AR1979 Bleu : Une \u00c9l\u00e9gance In\u00e9gal\u00e9e pour Hommes<\/title>\n<meta name=\"description\" content=\"Explorez l&#039;\u00e9l\u00e9gance intemporelle avec la Montre Emporio Armani Luigi AR1979 Bleu. D\u00e9couvrez un style raffin\u00e9 et une sophistication horlog\u00e8re exceptionnelle.\" \/>\n<meta name=\"robots\" content=\"index, follow, max-snippet:-1, max-image-preview:large, max-video-preview:-1\" \/>\n<link rel=\"canonical\" href=\"https:\/\/www.31degres.be\/en\/product\/armani-luigi-ar1979-bleu\/\" \/>\n<meta property=\"og:locale\" content=\"en_GB\" \/>\n<meta property=\"og:type\" content=\"article\" \/>\n<meta property=\"og:title\" content=\"Emporio Armani Luigi AR1979 Bleu : Une \u00c9l\u00e9gance In\u00e9gal\u00e9e pour Hommes\" \/>\n<meta property=\"og:description\" content=\"Explorez l&#039;\u00e9l\u00e9gance intemporelle avec la Montre Emporio Armani Luigi AR1979 Bleu. D\u00e9couvrez un style raffin\u00e9 et une sophistication horlog\u00e8re exceptionnelle.\" \/>\n<meta property=\"og:url\" content=\"https:\/\/www.31degres.be\/en\/product\/armani-luigi-ar1979-bleu\/\" \/>\n<meta property=\"og:site_name\" content=\"31 Degr\u00e9s Boutique\" \/>\n<meta property=\"article:publisher\" content=\"https:\/\/www.facebook.com\/31degresboutique\" \/>\n<meta property=\"article:modified_time\" content=\"2025-10-20T08:40:38+00:00\" \/>\n<meta property=\"og:image\" content=\"https:\/\/www.31degres.be\/wp-content\/uploads\/2023\/08\/emporio-armani-luigi-ar1979-11827084.jpg\" \/>\n\t<meta property=\"og:image:width\" content=\"1000\" \/>\n\t<meta property=\"og:image:height\" content=\"1000\" \/>\n\t<meta property=\"og:image:type\" content=\"image\/jpeg\" \/>\n<meta name=\"twitter:card\" content=\"summary_large_image\" \/>\n<meta name=\"twitter:label1\" content=\"Estimated reading time\" \/>\n\t<meta name=\"twitter:data1\" content=\"2 minutes\" \/>\n<script type=\"application\/ld+json\" class=\"yoast-schema-graph\">{\"@context\":\"https:\\\/\\\/schema.org\",\"@graph\":[{\"@type\":\"WebPage\",\"@id\":\"https:\\\/\\\/www.31degres.be\\\/produit\\\/armani-luigi-ar1979-bleu\\\/\",\"url\":\"https:\\\/\\\/www.31degres.be\\\/produit\\\/armani-luigi-ar1979-bleu\\\/\",\"name\":\"Emporio Armani Luigi AR1979 Bleu : Une \u00c9l\u00e9gance In\u00e9gal\u00e9e pour Hommes\",\"isPartOf\":{\"@id\":\"https:\\\/\\\/www.31degres.be\\\/#website\"},\"primaryImageOfPage\":{\"@id\":\"https:\\\/\\\/www.31degres.be\\\/produit\\\/armani-luigi-ar1979-bleu\\\/#primaryimage\"},\"image\":{\"@id\":\"https:\\\/\\\/www.31degres.be\\\/produit\\\/armani-luigi-ar1979-bleu\\\/#primaryimage\"},\"thumbnailUrl\":\"https:\\\/\\\/i0.wp.com\\\/www.31degres.be\\\/wp-content\\\/uploads\\\/2023\\\/08\\\/emporio-armani-luigi-ar1979-11827084.jpg?fit=1000%2C1000&ssl=1\",\"datePublished\":\"2023-08-31T20:41:02+00:00\",\"dateModified\":\"2025-10-20T08:40:38+00:00\",\"description\":\"Explorez l'\u00e9l\u00e9gance intemporelle avec la Montre Emporio Armani Luigi AR1979 Bleu. D\u00e9couvrez un style raffin\u00e9 et une sophistication horlog\u00e8re exceptionnelle.\",\"breadcrumb\":{\"@id\":\"https:\\\/\\\/www.31degres.be\\\/produit\\\/armani-luigi-ar1979-bleu\\\/#breadcrumb\"},\"inLanguage\":\"en-GB\",\"potentialAction\":[{\"@type\":\"ReadAction\",\"target\":[\"https:\\\/\\\/www.31degres.be\\\/produit\\\/armani-luigi-ar1979-bleu\\\/\"]}]},{\"@type\":\"ImageObject\",\"inLanguage\":\"en-GB\",\"@id\":\"https:\\\/\\\/www.31degres.be\\\/produit\\\/armani-luigi-ar1979-bleu\\\/#primaryimage\",\"url\":\"https:\\\/\\\/i0.wp.com\\\/www.31degres.be\\\/wp-content\\\/uploads\\\/2023\\\/08\\\/emporio-armani-luigi-ar1979-11827084.jpg?fit=1000%2C1000&ssl=1\",\"contentUrl\":\"https:\\\/\\\/i0.wp.com\\\/www.31degres.be\\\/wp-content\\\/uploads\\\/2023\\\/08\\\/emporio-armani-luigi-ar1979-11827084.jpg?fit=1000%2C1000&ssl=1\",\"width\":1000,\"height\":1000,\"caption\":\"Emporio Armani Luigi AR1979 Bleu\"},{\"@type\":\"BreadcrumbList\",\"@id\":\"https:\\\/\\\/www.31degres.be\\\/produit\\\/armani-luigi-ar1979-bleu\\\/#breadcrumb\",\"itemListElement\":[{\"@type\":\"ListItem\",\"position\":1,\"name\":\"Accueil\",\"item\":\"https:\\\/\\\/www.31degres.be\\\/\"},{\"@type\":\"ListItem\",\"position\":2,\"name\":\"Boutique\",\"item\":\"https:\\\/\\\/www.31degres.be\\\/boutique\\\/\"},{\"@type\":\"ListItem\",\"position\":3,\"name\":\"Emporio Armani Luigi AR1979 Bleu\"}]},{\"@type\":\"WebSite\",\"@id\":\"https:\\\/\\\/www.31degres.be\\\/#website\",\"url\":\"https:\\\/\\\/www.31degres.be\\\/\",\"name\":\"31 Degr\u00e9s Boutique\",\"description\":\"Always With Style\",\"publisher\":{\"@id\":\"https:\\\/\\\/www.31degres.be\\\/#organization\"},\"alternateName\":\"31 Degr\u00e9s Boutique\",\"potentialAction\":[{\"@type\":\"SearchAction\",\"target\":{\"@type\":\"EntryPoint\",\"urlTemplate\":\"https:\\\/\\\/www.31degres.be\\\/?s={search_term_string}\"},\"query-input\":{\"@type\":\"PropertyValueSpecification\",\"valueRequired\":true,\"valueName\":\"search_term_string\"}}],\"inLanguage\":\"en-GB\"},{\"@type\":\"Organization\",\"@id\":\"https:\\\/\\\/www.31degres.be\\\/#organization\",\"name\":\"31 Degr\u00e9s Boutique\",\"url\":\"https:\\\/\\\/www.31degres.be\\\/\",\"logo\":{\"@type\":\"ImageObject\",\"inLanguage\":\"en-GB\",\"@id\":\"https:\\\/\\\/www.31degres.be\\\/#\\\/schema\\\/logo\\\/image\\\/\",\"url\":\"https:\\\/\\\/i0.wp.com\\\/www.31degres.be\\\/wp-content\\\/uploads\\\/2023\\\/08\\\/cropped-cropped-31-DEGRES-LOGO-FINALai.png?fit=1468%2C408&ssl=1\",\"contentUrl\":\"https:\\\/\\\/i0.wp.com\\\/www.31degres.be\\\/wp-content\\\/uploads\\\/2023\\\/08\\\/cropped-cropped-31-DEGRES-LOGO-FINALai.png?fit=1468%2C408&ssl=1\",\"width\":1468,\"height\":408,\"caption\":\"31 Degr\u00e9s Boutique\"},\"image\":{\"@id\":\"https:\\\/\\\/www.31degres.be\\\/#\\\/schema\\\/logo\\\/image\\\/\"},\"sameAs\":[\"https:\\\/\\\/www.facebook.com\\\/31degresboutique\",\"https:\\\/\\\/instagram.com\\\/31degresboutique?igshid=OGQ5ZDc2ODk2ZA==\",\"https:\\\/\\\/t.snapchat.com\\\/TYq1giLw\"]}]}<\/script>\n<!-- \/ Yoast SEO plugin. -->","yoast_head_json":{"title":"Emporio Armani Luigi AR1979 Bleu : Une \u00c9l\u00e9gance In\u00e9gal\u00e9e pour Hommes","description":"Explorez l'\u00e9l\u00e9gance intemporelle avec la Montre Emporio Armani Luigi AR1979 Bleu. D\u00e9couvrez un style raffin\u00e9 et une sophistication horlog\u00e8re exceptionnelle.","robots":{"index":"index","follow":"follow","max-snippet":"max-snippet:-1","max-image-preview":"max-image-preview:large","max-video-preview":"max-video-preview:-1"},"canonical":"https:\/\/www.31degres.be\/en\/product\/armani-luigi-ar1979-bleu\/","og_locale":"en_GB","og_type":"article","og_title":"Emporio Armani Luigi AR1979 Bleu : Une \u00c9l\u00e9gance In\u00e9gal\u00e9e pour Hommes","og_description":"Explorez l'\u00e9l\u00e9gance intemporelle avec la Montre Emporio Armani Luigi AR1979 Bleu. D\u00e9couvrez un style raffin\u00e9 et une sophistication horlog\u00e8re exceptionnelle.","og_url":"https:\/\/www.31degres.be\/en\/product\/armani-luigi-ar1979-bleu\/","og_site_name":"31 Degr\u00e9s Boutique","article_publisher":"https:\/\/www.facebook.com\/31degresboutique","article_modified_time":"2025-10-20T08:40:38+00:00","og_image":[{"width":1000,"height":1000,"url":"https:\/\/www.31degres.be\/wp-content\/uploads\/2023\/08\/emporio-armani-luigi-ar1979-11827084.jpg","type":"image\/jpeg"}],"twitter_card":"summary_large_image","twitter_misc":{"Estimated reading time":"2 minutes"},"schema":{"@context":"https:\/\/schema.org","@graph":[{"@type":"WebPage","@id":"https:\/\/www.31degres.be\/produit\/armani-luigi-ar1979-bleu\/","url":"https:\/\/www.31degres.be\/produit\/armani-luigi-ar1979-bleu\/","name":"Emporio Armani Luigi AR1979 Bleu : Une \u00c9l\u00e9gance In\u00e9gal\u00e9e pour Hommes","isPartOf":{"@id":"https:\/\/www.31degres.be\/#website"},"primaryImageOfPage":{"@id":"https:\/\/www.31degres.be\/produit\/armani-luigi-ar1979-bleu\/#primaryimage"},"image":{"@id":"https:\/\/www.31degres.be\/produit\/armani-luigi-ar1979-bleu\/#primaryimage"},"thumbnailUrl":"https:\/\/i0.wp.com\/www.31degres.be\/wp-content\/uploads\/2023\/08\/emporio-armani-luigi-ar1979-11827084.jpg?fit=1000%2C1000&ssl=1","datePublished":"2023-08-31T20:41:02+00:00","dateModified":"2025-10-20T08:40:38+00:00","description":"Explorez l'\u00e9l\u00e9gance intemporelle avec la Montre Emporio Armani Luigi AR1979 Bleu. D\u00e9couvrez un style raffin\u00e9 et une sophistication horlog\u00e8re exceptionnelle.","breadcrumb":{"@id":"https:\/\/www.31degres.be\/produit\/armani-luigi-ar1979-bleu\/#breadcrumb"},"inLanguage":"en-GB","potentialAction":[{"@type":"ReadAction","target":["https:\/\/www.31degres.be\/produit\/armani-luigi-ar1979-bleu\/"]}]},{"@type":"ImageObject","inLanguage":"en-GB","@id":"https:\/\/www.31degres.be\/produit\/armani-luigi-ar1979-bleu\/#primaryimage","url":"https:\/\/i0.wp.com\/www.31degres.be\/wp-content\/uploads\/2023\/08\/emporio-armani-luigi-ar1979-11827084.jpg?fit=1000%2C1000&ssl=1","contentUrl":"https:\/\/i0.wp.com\/www.31degres.be\/wp-content\/uploads\/2023\/08\/emporio-armani-luigi-ar1979-11827084.jpg?fit=1000%2C1000&ssl=1","width":1000,"height":1000,"caption":"Emporio Armani Luigi AR1979 Bleu"},{"@type":"BreadcrumbList","@id":"https:\/\/www.31degres.be\/produit\/armani-luigi-ar1979-bleu\/#breadcrumb","itemListElement":[{"@type":"ListItem","position":1,"name":"Accueil","item":"https:\/\/www.31degres.be\/"},{"@type":"ListItem","position":2,"name":"Boutique","item":"https:\/\/www.31degres.be\/boutique\/"},{"@type":"ListItem","position":3,"name":"Emporio Armani Luigi AR1979 Bleu"}]},{"@type":"WebSite","@id":"https:\/\/www.31degres.be\/#website","url":"https:\/\/www.31degres.be\/","name":"31 Degr\u00e9s Boutique","description":"Always With Style","publisher":{"@id":"https:\/\/www.31degres.be\/#organization"},"alternateName":"31 Degr\u00e9s Boutique","potentialAction":[{"@type":"SearchAction","target":{"@type":"EntryPoint","urlTemplate":"https:\/\/www.31degres.be\/?s={search_term_string}"},"query-input":{"@type":"PropertyValueSpecification","valueRequired":true,"valueName":"search_term_string"}}],"inLanguage":"en-GB"},{"@type":"Organization","@id":"https:\/\/www.31degres.be\/#organization","name":"31 Degr\u00e9s Boutique","url":"https:\/\/www.31degres.be\/","logo":{"@type":"ImageObject","inLanguage":"en-GB","@id":"https:\/\/www.31degres.be\/#\/schema\/logo\/image\/","url":"https:\/\/i0.wp.com\/www.31degres.be\/wp-content\/uploads\/2023\/08\/cropped-cropped-31-DEGRES-LOGO-FINALai.png?fit=1468%2C408&ssl=1","contentUrl":"https:\/\/i0.wp.com\/www.31degres.be\/wp-content\/uploads\/2023\/08\/cropped-cropped-31-DEGRES-LOGO-FINALai.png?fit=1468%2C408&ssl=1","width":1468,"height":408,"caption":"31 Degr\u00e9s Boutique"},"image":{"@id":"https:\/\/www.31degres.be\/#\/schema\/logo\/image\/"},"sameAs":["https:\/\/www.facebook.com\/31degresboutique","https:\/\/instagram.com\/31degresboutique?igshid=OGQ5ZDc2ODk2ZA==","https:\/\/t.snapchat.com\/TYq1giLw"]}]}},"jetpack_sharing_enabled":true,"_links":{"self":[{"href":"https:\/\/www.31degres.be\/en\/wp-json\/wp\/v2\/product\/5763","targetHints":{"allow":["GET"]}}],"collection":[{"href":"https:\/\/www.31degres.be\/en\/wp-json\/wp\/v2\/product"}],"about":[{"href":"https:\/\/www.31degres.be\/en\/wp-json\/wp\/v2\/types\/product"}],"version-history":[{"count":0,"href":"https:\/\/www.31degres.be\/en\/wp-json\/wp\/v2\/product\/5763\/revisions"}],"wp:featuredmedia":[{"embeddable":true,"href":"https:\/\/www.31degres.be\/en\/wp-json\/wp\/v2\/media\/5767"}],"wp:attachment":[{"href":"https:\/\/www.31degres.be\/en\/wp-json\/wp\/v2\/media?parent=5763"}],"wp:term":[{"taxonomy":"product_brand","embeddable":true,"href":"https:\/\/www.31degres.be\/en\/wp-json\/wp\/v2\/product_brand?post=5763"},{"taxonomy":"product_cat","embeddable":true,"href":"https:\/\/www.31degres.be\/en\/wp-json\/wp\/v2\/product_cat?post=5763"},{"taxonomy":"product_tag","embeddable":true,"href":"https:\/\/www.31degres.be\/en\/wp-json\/wp\/v2\/product_tag?post=5763"}],"curies":[{"name":"wp","href":"https:\/\/api.w.org\/{rel}","templated":true}]}}