{"id":5772,"date":"2023-08-31T23:00:13","date_gmt":"2023-08-31T21:00:13","guid":{"rendered":"https:\/\/www.31degres.be\/?post_type=product&#038;p=5772"},"modified":"2026-03-06T10:50:20","modified_gmt":"2026-03-06T09:50:20","slug":"emporio-armani-gianni-ar1648-argent","status":"publish","type":"product","link":"https:\/\/www.31degres.be\/en\/product\/emporio-armani-gianni-ar1648-argent\/","title":{"rendered":"Emporio Armani Gianni AR1648 SIlver"},"content":{"rendered":"<p>D\u00e9couvrez l&rsquo;exquise montre Emporio Armani Gianni AR1648 Argent \u2013 l&rsquo;\u00e9quilibre parfait entre \u00e9l\u00e9gance et fonctionnalit\u00e9. Con\u00e7ue pour les esprits modernes qui recherchent la quintessence du style, cette pi\u00e8ce embl\u00e9matique capte l&rsquo;essence du raffinement contemporain.<\/p>\n<p>L&rsquo;acier inoxydable argent\u00e9 de qualit\u00e9 sup\u00e9rieure conf\u00e8re \u00e0 cette montre une aura de luxe intemporel, tandis que le cadran \u00e9pur\u00e9 met en valeur la signature discr\u00e8te d&rsquo;<strong><a href=\"https:\/\/www.31degres.be\/en\/product-category\/montres-homme\/emporio-armani-montres-homme\/\">Emporio Armani<\/a><\/strong>. Avec une \u00e9tanch\u00e9it\u00e9 jusqu&rsquo;\u00e0 50 m\u00e8tres, cette montre n&rsquo;est pas seulement une d\u00e9claration de mode, mais aussi un compagnon fiable pour toutes les occasions.<\/p>\n<p>Le mouvement \u00e0 quartz pr\u00e9cis garantit une ponctualit\u00e9 in\u00e9branlable, refl\u00e9tant l&rsquo;engagement d&rsquo;Emporio Armani envers la qualit\u00e9 artisanale. Les index argent\u00e9s et les aiguilles lumineuses ajoutent une touche de sophistication \u00e0 la lisibilit\u00e9 exceptionnelle de cette pi\u00e8ce.<\/p>\n<p>Optez pour l&rsquo;\u00e9l\u00e9gance sans effort avec le bracelet en acier int\u00e9gr\u00e9, offrant un ajustement confortable tout au long de la journ\u00e9e. Cette montre transcende les tendances, devenant un h\u00e9ritage intemporel \u00e0 transmettre de g\u00e9n\u00e9ration en g\u00e9n\u00e9ration.<\/p>\n<p>\u00c9veillez votre style avec la montre Emporio Armani Gianni AR1648 Argent \u2013 une alliance sublime de design italien et de fonctionnalit\u00e9 exquise. Exprimez votre individualit\u00e9 et affirmez votre go\u00fbt distinctif d\u00e8s aujourd&rsquo;hui. La classe n&rsquo;attend pas, elle se porte au poignet.<\/p>","protected":false},"excerpt":{"rendered":"<p><img decoding=\"async\" class=\"alignnone wp-image-77303 aligncenter\" src=\"https:\/\/www.31degres.be\/wp-content\/uploads\/2025\/01\/Trustpilot-Excellent-300x21.png\" alt=\"\" width=\"271\" height=\"19\" srcset=\"https:\/\/i0.wp.com\/www.31degres.be\/wp-content\/uploads\/2025\/01\/Trustpilot-Excellent.png?resize=300%2C21&amp;ssl=1 300w, https:\/\/i0.wp.com\/www.31degres.be\/wp-content\/uploads\/2025\/01\/Trustpilot-Excellent.png?resize=1024%2C73&amp;ssl=1 1024w, https:\/\/i0.wp.com\/www.31degres.be\/wp-content\/uploads\/2025\/01\/Trustpilot-Excellent.png?resize=768%2C55&amp;ssl=1 768w, https:\/\/i0.wp.com\/www.31degres.be\/wp-content\/uploads\/2025\/01\/Trustpilot-Excellent.png?resize=1536%2C109&amp;ssl=1 1536w, https:\/\/i0.wp.com\/www.31degres.be\/wp-content\/uploads\/2025\/01\/Trustpilot-Excellent.png?resize=18%2C1&amp;ssl=1 18w, https:\/\/i0.wp.com\/www.31degres.be\/wp-content\/uploads\/2025\/01\/Trustpilot-Excellent.png?resize=600%2C43&amp;ssl=1 600w, https:\/\/i0.wp.com\/www.31degres.be\/wp-content\/uploads\/2025\/01\/Trustpilot-Excellent.png?w=1600&amp;ssl=1 1600w\" sizes=\"(max-width: 271px) 100vw, 271px\" \/><br \/>\n\u2714\ufe0f 2 years warranty on all watches<br \/>\n\u2714\ufe0f Satisfied or refunded 14 days<br \/>\n\u2714\ufe0f Fast Delivery<\/p>\n<p>\ud83c\udf81 <em data-start=\"599\" data-end=\"632\"><strong><a href=\"https:\/\/www.31degres.be\/en\/programme-de-fidelite\/\">\u2714 \u20ac1 spent = 1 loyalty point<\/a>.<\/strong><br \/>\n<strong>\u2764\ufe0f <a href=\"https:\/\/www.31degres.be\/en\/engagement-solidaire\/\">5% donated to help the most needy.<\/a><\/strong><br \/>\n<\/em><\/p>","protected":false},"featured_media":5773,"template":"","meta":{"site-sidebar-layout":"default","site-content-layout":"default","ast-site-content-layout":"default","site-content-style":"default","site-sidebar-style":"default","ast-global-header-display":"","ast-banner-title-visibility":"","ast-main-header-display":"","ast-hfb-above-header-display":"","ast-hfb-below-header-display":"","ast-hfb-mobile-header-display":"","site-post-title":"","ast-breadcrumbs-content":"","ast-featured-img":"","footer-sml-layout":"","theme-transparent-header-meta":"disabled","adv-header-id-meta":"","stick-header-meta":"","header-above-stick-meta":"","header-main-stick-meta":"","header-below-stick-meta":"","astra-migrate-meta-layouts":"set","ast-page-background-enabled":"default","ast-page-background-meta":{"desktop":{"background-color":"","background-image":"","background-repeat":"repeat","background-position":"center center","background-size":"auto","background-attachment":"scroll","background-type":"","background-media":"","overlay-type":"","overlay-color":"","overlay-opacity":"","overlay-gradient":""},"tablet":{"background-color":"","background-image":"","background-repeat":"repeat","background-position":"center center","background-size":"auto","background-attachment":"scroll","background-type":"","background-media":"","overlay-type":"","overlay-color":"","overlay-opacity":"","overlay-gradient":""},"mobile":{"background-color":"","background-image":"","background-repeat":"repeat","background-position":"center center","background-size":"auto","background-attachment":"scroll","background-type":"","background-media":"","overlay-type":"","overlay-color":"","overlay-opacity":"","overlay-gradient":""}},"ast-content-background-meta":{"desktop":{"background-color":"var(--ast-global-color-5)","background-image":"","background-repeat":"repeat","background-position":"center center","background-size":"auto","background-attachment":"scroll","background-type":"","background-media":"","overlay-type":"","overlay-color":"","overlay-opacity":"","overlay-gradient":""},"tablet":{"background-color":"var(--ast-global-color-5)","background-image":"","background-repeat":"repeat","background-position":"center center","background-size":"auto","background-attachment":"scroll","background-type":"","background-media":"","overlay-type":"","overlay-color":"","overlay-opacity":"","overlay-gradient":""},"mobile":{"background-color":"var(--ast-global-color-5)","background-image":"","background-repeat":"repeat","background-position":"center center","background-size":"auto","background-attachment":"scroll","background-type":"","background-media":"","overlay-type":"","overlay-color":"","overlay-opacity":"","overlay-gradient":""}}},"product_brand":[],"product_cat":[47],"product_tag":[370,117,291],"class_list":{"0":"post-5772","1":"product","2":"type-product","3":"status-publish","4":"has-post-thumbnail","6":"product_cat-emporio-armani-montres-homme","7":"product_tag-ar1648","8":"product_tag-emporio-armani","9":"product_tag-gianni","10":"desktop-align-left","11":"tablet-align-left","12":"mobile-align-left","14":"first","15":"instock","16":"sale","17":"taxable","18":"shipping-taxable","19":"purchasable","20":"product-type-simple"},"yoast_head":"<!-- This site is optimized with the Yoast SEO plugin v27.2 - https:\/\/yoast.com\/product\/yoast-seo-wordpress\/ -->\n<title>Emporio Armani Gianni AR1648 Argent : L&#039;\u00c9l\u00e9gance Intemporelle Incarn\u00e9e<\/title>\n<meta name=\"description\" content=\"D\u00e9couvrez l&#039;\u00e9l\u00e9gance intemporelle avec la montre Emporio Armani Gianni AR1648 Argent. Un bijou de style et de pr\u00e9cision pour hommes. Optez pour le raffinement au poignet.\" \/>\n<meta name=\"robots\" content=\"index, follow, max-snippet:-1, max-image-preview:large, max-video-preview:-1\" \/>\n<link rel=\"canonical\" href=\"https:\/\/www.31degres.be\/en\/product\/emporio-armani-gianni-ar1648-argent\/\" \/>\n<meta property=\"og:locale\" content=\"en_GB\" \/>\n<meta property=\"og:type\" content=\"article\" \/>\n<meta property=\"og:title\" content=\"Emporio Armani Gianni AR1648 Argent : L&#039;\u00c9l\u00e9gance Intemporelle Incarn\u00e9e\" \/>\n<meta property=\"og:description\" content=\"D\u00e9couvrez l&#039;\u00e9l\u00e9gance intemporelle avec la montre Emporio Armani Gianni AR1648 Argent. Un bijou de style et de pr\u00e9cision pour hommes. Optez pour le raffinement au poignet.\" \/>\n<meta property=\"og:url\" content=\"https:\/\/www.31degres.be\/en\/product\/emporio-armani-gianni-ar1648-argent\/\" \/>\n<meta property=\"og:site_name\" content=\"31 Degr\u00e9s Boutique\" \/>\n<meta property=\"article:publisher\" content=\"https:\/\/www.facebook.com\/31degresboutique\" \/>\n<meta property=\"article:modified_time\" content=\"2026-03-06T09:50:20+00:00\" \/>\n<meta property=\"og:image\" content=\"https:\/\/www.31degres.be\/wp-content\/uploads\/2023\/08\/emporio-armani-gianni-xlarge-ar1648-3618221.jpg\" \/>\n\t<meta property=\"og:image:width\" content=\"1000\" \/>\n\t<meta property=\"og:image:height\" content=\"1000\" \/>\n\t<meta property=\"og:image:type\" content=\"image\/jpeg\" \/>\n<meta name=\"twitter:card\" content=\"summary_large_image\" \/>\n<meta name=\"twitter:label1\" content=\"Estimated reading time\" \/>\n\t<meta name=\"twitter:data1\" content=\"2 minutes\" \/>\n<script type=\"application\/ld+json\" class=\"yoast-schema-graph\">{\"@context\":\"https:\/\/schema.org\",\"@graph\":[{\"@type\":\"WebPage\",\"@id\":\"https:\/\/www.31degres.be\/produit\/emporio-armani-gianni-ar1648-argent\/\",\"url\":\"https:\/\/www.31degres.be\/produit\/emporio-armani-gianni-ar1648-argent\/\",\"name\":\"Emporio Armani Gianni AR1648 Argent : L'\u00c9l\u00e9gance Intemporelle Incarn\u00e9e\",\"isPartOf\":{\"@id\":\"https:\/\/www.31degres.be\/#website\"},\"primaryImageOfPage\":{\"@id\":\"https:\/\/www.31degres.be\/produit\/emporio-armani-gianni-ar1648-argent\/#primaryimage\"},\"image\":{\"@id\":\"https:\/\/www.31degres.be\/produit\/emporio-armani-gianni-ar1648-argent\/#primaryimage\"},\"thumbnailUrl\":\"https:\/\/i0.wp.com\/www.31degres.be\/wp-content\/uploads\/2023\/08\/emporio-armani-gianni-xlarge-ar1648-3618221.jpg?fit=1000%2C1000&ssl=1\",\"datePublished\":\"2023-08-31T21:00:13+00:00\",\"dateModified\":\"2026-03-06T09:50:20+00:00\",\"description\":\"D\u00e9couvrez l'\u00e9l\u00e9gance intemporelle avec la montre Emporio Armani Gianni AR1648 Argent. Un bijou de style et de pr\u00e9cision pour hommes. Optez pour le raffinement au poignet.\",\"breadcrumb\":{\"@id\":\"https:\/\/www.31degres.be\/produit\/emporio-armani-gianni-ar1648-argent\/#breadcrumb\"},\"inLanguage\":\"en-GB\",\"potentialAction\":[{\"@type\":\"ReadAction\",\"target\":[\"https:\/\/www.31degres.be\/produit\/emporio-armani-gianni-ar1648-argent\/\"]}]},{\"@type\":\"ImageObject\",\"inLanguage\":\"en-GB\",\"@id\":\"https:\/\/www.31degres.be\/produit\/emporio-armani-gianni-ar1648-argent\/#primaryimage\",\"url\":\"https:\/\/i0.wp.com\/www.31degres.be\/wp-content\/uploads\/2023\/08\/emporio-armani-gianni-xlarge-ar1648-3618221.jpg?fit=1000%2C1000&ssl=1\",\"contentUrl\":\"https:\/\/i0.wp.com\/www.31degres.be\/wp-content\/uploads\/2023\/08\/emporio-armani-gianni-xlarge-ar1648-3618221.jpg?fit=1000%2C1000&ssl=1\",\"width\":1000,\"height\":1000},{\"@type\":\"BreadcrumbList\",\"@id\":\"https:\/\/www.31degres.be\/produit\/emporio-armani-gianni-ar1648-argent\/#breadcrumb\",\"itemListElement\":[{\"@type\":\"ListItem\",\"position\":1,\"name\":\"Accueil\",\"item\":\"https:\/\/www.31degres.be\/\"},{\"@type\":\"ListItem\",\"position\":2,\"name\":\"Boutique\",\"item\":\"https:\/\/www.31degres.be\/boutique\/\"},{\"@type\":\"ListItem\",\"position\":3,\"name\":\"Emporio Armani Gianni AR1648 Argent\"}]},{\"@type\":\"WebSite\",\"@id\":\"https:\/\/www.31degres.be\/#website\",\"url\":\"https:\/\/www.31degres.be\/\",\"name\":\"31 Degr\u00e9s Boutique\",\"description\":\"Always With Style\",\"publisher\":{\"@id\":\"https:\/\/www.31degres.be\/#organization\"},\"alternateName\":\"31 Degr\u00e9s Boutique\",\"potentialAction\":[{\"@type\":\"SearchAction\",\"target\":{\"@type\":\"EntryPoint\",\"urlTemplate\":\"https:\/\/www.31degres.be\/?s={search_term_string}\"},\"query-input\":{\"@type\":\"PropertyValueSpecification\",\"valueRequired\":true,\"valueName\":\"search_term_string\"}}],\"inLanguage\":\"en-GB\"},{\"@type\":\"Organization\",\"@id\":\"https:\/\/www.31degres.be\/#organization\",\"name\":\"31 Degr\u00e9s Boutique\",\"url\":\"https:\/\/www.31degres.be\/\",\"logo\":{\"@type\":\"ImageObject\",\"inLanguage\":\"en-GB\",\"@id\":\"https:\/\/www.31degres.be\/#\/schema\/logo\/image\/\",\"url\":\"https:\/\/i0.wp.com\/www.31degres.be\/wp-content\/uploads\/2023\/08\/cropped-cropped-31-DEGRES-LOGO-FINALai.png?fit=1468%2C408&ssl=1\",\"contentUrl\":\"https:\/\/i0.wp.com\/www.31degres.be\/wp-content\/uploads\/2023\/08\/cropped-cropped-31-DEGRES-LOGO-FINALai.png?fit=1468%2C408&ssl=1\",\"width\":1468,\"height\":408,\"caption\":\"31 Degr\u00e9s Boutique\"},\"image\":{\"@id\":\"https:\/\/www.31degres.be\/#\/schema\/logo\/image\/\"},\"sameAs\":[\"https:\/\/www.facebook.com\/31degresboutique\",\"https:\/\/instagram.com\/31degresboutique?igshid=OGQ5ZDc2ODk2ZA==\",\"https:\/\/t.snapchat.com\/TYq1giLw\"]}]}<\/script>\n<!-- \/ Yoast SEO plugin. -->","yoast_head_json":{"title":"Emporio Armani Gianni AR1648 Argent : L'\u00c9l\u00e9gance Intemporelle Incarn\u00e9e","description":"D\u00e9couvrez l'\u00e9l\u00e9gance intemporelle avec la montre Emporio Armani Gianni AR1648 Argent. Un bijou de style et de pr\u00e9cision pour hommes. Optez pour le raffinement au poignet.","robots":{"index":"index","follow":"follow","max-snippet":"max-snippet:-1","max-image-preview":"max-image-preview:large","max-video-preview":"max-video-preview:-1"},"canonical":"https:\/\/www.31degres.be\/en\/product\/emporio-armani-gianni-ar1648-argent\/","og_locale":"en_GB","og_type":"article","og_title":"Emporio Armani Gianni AR1648 Argent : L'\u00c9l\u00e9gance Intemporelle Incarn\u00e9e","og_description":"D\u00e9couvrez l'\u00e9l\u00e9gance intemporelle avec la montre Emporio Armani Gianni AR1648 Argent. Un bijou de style et de pr\u00e9cision pour hommes. Optez pour le raffinement au poignet.","og_url":"https:\/\/www.31degres.be\/en\/product\/emporio-armani-gianni-ar1648-argent\/","og_site_name":"31 Degr\u00e9s Boutique","article_publisher":"https:\/\/www.facebook.com\/31degresboutique","article_modified_time":"2026-03-06T09:50:20+00:00","og_image":[{"width":1000,"height":1000,"url":"https:\/\/www.31degres.be\/wp-content\/uploads\/2023\/08\/emporio-armani-gianni-xlarge-ar1648-3618221.jpg","type":"image\/jpeg"}],"twitter_card":"summary_large_image","twitter_misc":{"Estimated reading time":"2 minutes"},"schema":{"@context":"https:\/\/schema.org","@graph":[{"@type":"WebPage","@id":"https:\/\/www.31degres.be\/produit\/emporio-armani-gianni-ar1648-argent\/","url":"https:\/\/www.31degres.be\/produit\/emporio-armani-gianni-ar1648-argent\/","name":"Emporio Armani Gianni AR1648 Argent : L'\u00c9l\u00e9gance Intemporelle Incarn\u00e9e","isPartOf":{"@id":"https:\/\/www.31degres.be\/#website"},"primaryImageOfPage":{"@id":"https:\/\/www.31degres.be\/produit\/emporio-armani-gianni-ar1648-argent\/#primaryimage"},"image":{"@id":"https:\/\/www.31degres.be\/produit\/emporio-armani-gianni-ar1648-argent\/#primaryimage"},"thumbnailUrl":"https:\/\/i0.wp.com\/www.31degres.be\/wp-content\/uploads\/2023\/08\/emporio-armani-gianni-xlarge-ar1648-3618221.jpg?fit=1000%2C1000&ssl=1","datePublished":"2023-08-31T21:00:13+00:00","dateModified":"2026-03-06T09:50:20+00:00","description":"D\u00e9couvrez l'\u00e9l\u00e9gance intemporelle avec la montre Emporio Armani Gianni AR1648 Argent. Un bijou de style et de pr\u00e9cision pour hommes. Optez pour le raffinement au poignet.","breadcrumb":{"@id":"https:\/\/www.31degres.be\/produit\/emporio-armani-gianni-ar1648-argent\/#breadcrumb"},"inLanguage":"en-GB","potentialAction":[{"@type":"ReadAction","target":["https:\/\/www.31degres.be\/produit\/emporio-armani-gianni-ar1648-argent\/"]}]},{"@type":"ImageObject","inLanguage":"en-GB","@id":"https:\/\/www.31degres.be\/produit\/emporio-armani-gianni-ar1648-argent\/#primaryimage","url":"https:\/\/i0.wp.com\/www.31degres.be\/wp-content\/uploads\/2023\/08\/emporio-armani-gianni-xlarge-ar1648-3618221.jpg?fit=1000%2C1000&ssl=1","contentUrl":"https:\/\/i0.wp.com\/www.31degres.be\/wp-content\/uploads\/2023\/08\/emporio-armani-gianni-xlarge-ar1648-3618221.jpg?fit=1000%2C1000&ssl=1","width":1000,"height":1000},{"@type":"BreadcrumbList","@id":"https:\/\/www.31degres.be\/produit\/emporio-armani-gianni-ar1648-argent\/#breadcrumb","itemListElement":[{"@type":"ListItem","position":1,"name":"Accueil","item":"https:\/\/www.31degres.be\/"},{"@type":"ListItem","position":2,"name":"Boutique","item":"https:\/\/www.31degres.be\/boutique\/"},{"@type":"ListItem","position":3,"name":"Emporio Armani Gianni AR1648 Argent"}]},{"@type":"WebSite","@id":"https:\/\/www.31degres.be\/#website","url":"https:\/\/www.31degres.be\/","name":"31 Degr\u00e9s Boutique","description":"Always With Style","publisher":{"@id":"https:\/\/www.31degres.be\/#organization"},"alternateName":"31 Degr\u00e9s Boutique","potentialAction":[{"@type":"SearchAction","target":{"@type":"EntryPoint","urlTemplate":"https:\/\/www.31degres.be\/?s={search_term_string}"},"query-input":{"@type":"PropertyValueSpecification","valueRequired":true,"valueName":"search_term_string"}}],"inLanguage":"en-GB"},{"@type":"Organization","@id":"https:\/\/www.31degres.be\/#organization","name":"31 Degr\u00e9s Boutique","url":"https:\/\/www.31degres.be\/","logo":{"@type":"ImageObject","inLanguage":"en-GB","@id":"https:\/\/www.31degres.be\/#\/schema\/logo\/image\/","url":"https:\/\/i0.wp.com\/www.31degres.be\/wp-content\/uploads\/2023\/08\/cropped-cropped-31-DEGRES-LOGO-FINALai.png?fit=1468%2C408&ssl=1","contentUrl":"https:\/\/i0.wp.com\/www.31degres.be\/wp-content\/uploads\/2023\/08\/cropped-cropped-31-DEGRES-LOGO-FINALai.png?fit=1468%2C408&ssl=1","width":1468,"height":408,"caption":"31 Degr\u00e9s Boutique"},"image":{"@id":"https:\/\/www.31degres.be\/#\/schema\/logo\/image\/"},"sameAs":["https:\/\/www.facebook.com\/31degresboutique","https:\/\/instagram.com\/31degresboutique?igshid=OGQ5ZDc2ODk2ZA==","https:\/\/t.snapchat.com\/TYq1giLw"]}]}},"jetpack_sharing_enabled":true,"_links":{"self":[{"href":"https:\/\/www.31degres.be\/en\/wp-json\/wp\/v2\/product\/5772","targetHints":{"allow":["GET"]}}],"collection":[{"href":"https:\/\/www.31degres.be\/en\/wp-json\/wp\/v2\/product"}],"about":[{"href":"https:\/\/www.31degres.be\/en\/wp-json\/wp\/v2\/types\/product"}],"version-history":[{"count":0,"href":"https:\/\/www.31degres.be\/en\/wp-json\/wp\/v2\/product\/5772\/revisions"}],"wp:featuredmedia":[{"embeddable":true,"href":"https:\/\/www.31degres.be\/en\/wp-json\/wp\/v2\/media\/5773"}],"wp:attachment":[{"href":"https:\/\/www.31degres.be\/en\/wp-json\/wp\/v2\/media?parent=5772"}],"wp:term":[{"taxonomy":"product_brand","embeddable":true,"href":"https:\/\/www.31degres.be\/en\/wp-json\/wp\/v2\/product_brand?post=5772"},{"taxonomy":"product_cat","embeddable":true,"href":"https:\/\/www.31degres.be\/en\/wp-json\/wp\/v2\/product_cat?post=5772"},{"taxonomy":"product_tag","embeddable":true,"href":"https:\/\/www.31degres.be\/en\/wp-json\/wp\/v2\/product_tag?post=5772"}],"curies":[{"name":"wp","href":"https:\/\/api.w.org\/{rel}","templated":true}]}}