{"id":6174,"date":"2023-10-26T12:12:07","date_gmt":"2023-10-26T10:12:07","guid":{"rendered":"https:\/\/www.31degres.be\/?post_type=product&#038;p=6174"},"modified":"2025-11-20T01:00:50","modified_gmt":"2025-11-20T00:00:50","slug":"michael-kors-bradshaw-mk5976-bracelet-bi-ton-argent-or","status":"publish","type":"product","link":"https:\/\/www.31degres.be\/en\/product\/michael-kors-bradshaw-mk5976-bracelet-bi-ton-argent-or\/","title":{"rendered":"Michael Kors Bradshaw MK5976 Bracelet two-tone Silver \/ Gold"},"content":{"rendered":"<p>Plongez dans l&#8217;\u00e9l\u00e9gance intemporelle avec la Montre Michael Kors Bradshaw MK5976 Bracelet bi-ton Argent \/ Or<\/p>\n<p>\u00c9levez votre style avec la fusion parfaite de l&#8217;argent et de l&#8217;or dans la montre Michael Kors Bradshaw MK5976. Con\u00e7ue pour les esprits sophistiqu\u00e9s et les aventuriers urbains, cette montre incarne le luxe moderne.<\/p>\n<p><em>Brilliance two-tone<\/em>: Le bracelet argent\u00e9 et dor\u00e9 cr\u00e9e un \u00e9clat saisissant, s&#8217;adaptant \u00e0 toutes les occasions. Son design raffin\u00e9 et polyvalent vous permet de passer sans effort du bureau \u00e0 une soir\u00e9e chic.<\/p>\n<p><em>Unparalleled accuracy<\/em>: Dot\u00e9e d&#8217;un mouvement quartz japonais de pointe, cette montre garantit une pr\u00e9cision exceptionnelle. Ne manquez jamais un moment gr\u00e2ce \u00e0 ses aiguilles lumineuses, m\u00eame dans l&#8217;obscurit\u00e9.<\/p>\n<p><em>Function mode<\/em>: Le cadran embellit votre poignet avec des cristaux \u00e9tincelants, ajoutant une touche glamour \u00e0 votre style quotidien. L&#8217;affichage de la date ajoute une utilit\u00e9 discr\u00e8te \u00e0 ce bijou horloger.<\/p>\n<p>Impr\u00e9gnez-vous de la confiance et de la sophistication que seul Michael Kors peut offrir. La Bradshaw MK5976 est bien plus qu&#8217;une montre ; c&#8217;est une d\u00e9claration de style. Commandez maintenant et laissez cette pi\u00e8ce embl\u00e9matique rehausser votre allure d\u00e8s aujourd&#8217;hui.<\/p>\n<p><em>\u00c9levez chaque instant avec la Montre Michael Kors Bradshaw MK5976. Osez l&#8217;extraordinaire.<\/em><\/p>\n<p>Discover also the <a href=\"https:\/\/www.31degres.be\/en\/product\/michael-kors-bradshaw-mk5606\/\"><strong>model in pink gold<\/strong><\/a>.<\/p>","protected":false},"excerpt":{"rendered":"<p><img decoding=\"async\" class=\"alignnone wp-image-77303 aligncenter\" src=\"https:\/\/www.31degres.be\/wp-content\/uploads\/2025\/01\/Trustpilot-Excellent-300x21.png\" alt=\"\" width=\"271\" height=\"19\" srcset=\"https:\/\/i0.wp.com\/www.31degres.be\/wp-content\/uploads\/2025\/01\/Trustpilot-Excellent.png?resize=300%2C21&amp;ssl=1 300w, https:\/\/i0.wp.com\/www.31degres.be\/wp-content\/uploads\/2025\/01\/Trustpilot-Excellent.png?resize=1024%2C73&amp;ssl=1 1024w, https:\/\/i0.wp.com\/www.31degres.be\/wp-content\/uploads\/2025\/01\/Trustpilot-Excellent.png?resize=768%2C55&amp;ssl=1 768w, https:\/\/i0.wp.com\/www.31degres.be\/wp-content\/uploads\/2025\/01\/Trustpilot-Excellent.png?resize=1536%2C109&amp;ssl=1 1536w, https:\/\/i0.wp.com\/www.31degres.be\/wp-content\/uploads\/2025\/01\/Trustpilot-Excellent.png?resize=18%2C1&amp;ssl=1 18w, https:\/\/i0.wp.com\/www.31degres.be\/wp-content\/uploads\/2025\/01\/Trustpilot-Excellent.png?resize=600%2C43&amp;ssl=1 600w, https:\/\/i0.wp.com\/www.31degres.be\/wp-content\/uploads\/2025\/01\/Trustpilot-Excellent.png?w=1600&amp;ssl=1 1600w\" sizes=\"(max-width: 271px) 100vw, 271px\" \/><br \/>\n\u2714\ufe0f 2 years warranty on all watches<br \/>\n\u2714\ufe0f Satisfied or refunded 14 days<br \/>\n\u2714\ufe0f Fast Delivery<\/p>\n<p>\ud83c\udf81 <em data-start=\"599\" data-end=\"632\"><strong><a href=\"https:\/\/www.31degres.be\/en\/programme-de-fidelite\/\">\u20ac1 spent = 1 loyalty point<\/a>.<\/strong><br \/>\n<strong>\u2764\ufe0f <a href=\"https:\/\/www.31degres.be\/en\/engagement-solidaire\/\">5% donated to help the most needy.<\/a><\/strong><br \/>\n<\/em><\/p>","protected":false},"featured_media":6175,"template":"","meta":{"site-sidebar-layout":"default","site-content-layout":"default","ast-site-content-layout":"default","site-content-style":"default","site-sidebar-style":"default","ast-global-header-display":"","ast-banner-title-visibility":"","ast-main-header-display":"","ast-hfb-above-header-display":"","ast-hfb-below-header-display":"","ast-hfb-mobile-header-display":"","site-post-title":"","ast-breadcrumbs-content":"","ast-featured-img":"","footer-sml-layout":"","theme-transparent-header-meta":"disabled","adv-header-id-meta":"","stick-header-meta":"","header-above-stick-meta":"","header-main-stick-meta":"","header-below-stick-meta":"","astra-migrate-meta-layouts":"set","ast-page-background-enabled":"default","ast-page-background-meta":{"desktop":{"background-color":"","background-image":"","background-repeat":"repeat","background-position":"center center","background-size":"auto","background-attachment":"scroll","background-type":"","background-media":"","overlay-type":"","overlay-color":"","overlay-opacity":"","overlay-gradient":""},"tablet":{"background-color":"","background-image":"","background-repeat":"repeat","background-position":"center center","background-size":"auto","background-attachment":"scroll","background-type":"","background-media":"","overlay-type":"","overlay-color":"","overlay-opacity":"","overlay-gradient":""},"mobile":{"background-color":"","background-image":"","background-repeat":"repeat","background-position":"center center","background-size":"auto","background-attachment":"scroll","background-type":"","background-media":"","overlay-type":"","overlay-color":"","overlay-opacity":"","overlay-gradient":""}},"ast-content-background-meta":{"desktop":{"background-color":"var(--ast-global-color-5)","background-image":"","background-repeat":"repeat","background-position":"center center","background-size":"auto","background-attachment":"scroll","background-type":"","background-media":"","overlay-type":"","overlay-color":"","overlay-opacity":"","overlay-gradient":""},"tablet":{"background-color":"var(--ast-global-color-5)","background-image":"","background-repeat":"repeat","background-position":"center center","background-size":"auto","background-attachment":"scroll","background-type":"","background-media":"","overlay-type":"","overlay-color":"","overlay-opacity":"","overlay-gradient":""},"mobile":{"background-color":"var(--ast-global-color-5)","background-image":"","background-repeat":"repeat","background-position":"center center","background-size":"auto","background-attachment":"scroll","background-type":"","background-media":"","overlay-type":"","overlay-color":"","overlay-opacity":"","overlay-gradient":""}}},"product_brand":[],"product_cat":[66],"product_tag":[78,119,216,77,412,226],"class_list":{"0":"post-6174","1":"product","2":"type-product","3":"status-publish","4":"has-post-thumbnail","6":"product_cat-michael-kors-montres-femme","7":"product_tag-argent","8":"product_tag-bleu","9":"product_tag-bradshaw","10":"product_tag-michael-kors","11":"product_tag-mk5976","12":"product_tag-or","13":"desktop-align-left","14":"tablet-align-left","15":"mobile-align-left","17":"first","18":"instock","19":"taxable","20":"shipping-taxable","21":"purchasable","22":"product-type-simple"},"yoast_head":"<!-- This site is optimized with the Yoast SEO plugin v27.4 - https:\/\/yoast.com\/product\/yoast-seo-wordpress\/ -->\n<title>Michael Kors Bradshaw MK5976 : \u00c9l\u00e9gance Bi-ton Argent\/Or pour Femmes<\/title>\n<meta name=\"description\" content=\"D\u00e9couvrez l&#039;\u00e9l\u00e9gance intemporelle avec la Montre Michael Kors Bradshaw MK5976. Bracelet bi-ton argent\u00e9\/dor\u00e9, luxe moderne et pr\u00e9cision. Optez pour l&#039;audace du style.\" \/>\n<meta name=\"robots\" content=\"index, follow, max-snippet:-1, max-image-preview:large, max-video-preview:-1\" \/>\n<link rel=\"canonical\" href=\"https:\/\/www.31degres.be\/en\/product\/michael-kors-bradshaw-mk5976-bracelet-bi-ton-argent-or\/\" \/>\n<meta property=\"og:locale\" content=\"en_GB\" \/>\n<meta property=\"og:type\" content=\"article\" \/>\n<meta property=\"og:title\" content=\"Michael Kors Bradshaw MK5976 : \u00c9l\u00e9gance Bi-ton Argent\/Or pour Femmes\" \/>\n<meta property=\"og:description\" content=\"D\u00e9couvrez l&#039;\u00e9l\u00e9gance intemporelle avec la Montre Michael Kors Bradshaw MK5976. Bracelet bi-ton argent\u00e9\/dor\u00e9, luxe moderne et pr\u00e9cision. Optez pour l&#039;audace du style.\" \/>\n<meta property=\"og:url\" content=\"https:\/\/www.31degres.be\/en\/product\/michael-kors-bradshaw-mk5976-bracelet-bi-ton-argent-or\/\" \/>\n<meta property=\"og:site_name\" content=\"31 Degr\u00e9s Boutique\" \/>\n<meta property=\"article:publisher\" content=\"https:\/\/www.facebook.com\/31degresboutique\" \/>\n<meta property=\"article:modified_time\" content=\"2025-11-20T00:00:50+00:00\" \/>\n<meta property=\"og:image\" content=\"https:\/\/www.31degres.be\/wp-content\/uploads\/2023\/10\/michael-kors-bradshaw-mk5976_1.webp\" \/>\n\t<meta property=\"og:image:width\" content=\"1000\" \/>\n\t<meta property=\"og:image:height\" content=\"1000\" \/>\n\t<meta property=\"og:image:type\" content=\"image\/webp\" \/>\n<meta name=\"twitter:card\" content=\"summary_large_image\" \/>\n<meta name=\"twitter:label1\" content=\"Estimated reading time\" \/>\n\t<meta name=\"twitter:data1\" content=\"2 minutes\" \/>\n<script type=\"application\/ld+json\" class=\"yoast-schema-graph\">{\"@context\":\"https:\\\/\\\/schema.org\",\"@graph\":[{\"@type\":\"WebPage\",\"@id\":\"https:\\\/\\\/www.31degres.be\\\/produit\\\/michael-kors-bradshaw-mk5976-bracelet-bi-ton-argent-or\\\/\",\"url\":\"https:\\\/\\\/www.31degres.be\\\/produit\\\/michael-kors-bradshaw-mk5976-bracelet-bi-ton-argent-or\\\/\",\"name\":\"Michael Kors Bradshaw MK5976 : \u00c9l\u00e9gance Bi-ton Argent\\\/Or pour Femmes\",\"isPartOf\":{\"@id\":\"https:\\\/\\\/www.31degres.be\\\/#website\"},\"primaryImageOfPage\":{\"@id\":\"https:\\\/\\\/www.31degres.be\\\/produit\\\/michael-kors-bradshaw-mk5976-bracelet-bi-ton-argent-or\\\/#primaryimage\"},\"image\":{\"@id\":\"https:\\\/\\\/www.31degres.be\\\/produit\\\/michael-kors-bradshaw-mk5976-bracelet-bi-ton-argent-or\\\/#primaryimage\"},\"thumbnailUrl\":\"https:\\\/\\\/i0.wp.com\\\/www.31degres.be\\\/wp-content\\\/uploads\\\/2023\\\/10\\\/michael-kors-bradshaw-mk5976_1.webp?fit=1000%2C1000&ssl=1\",\"datePublished\":\"2023-10-26T10:12:07+00:00\",\"dateModified\":\"2025-11-20T00:00:50+00:00\",\"description\":\"D\u00e9couvrez l'\u00e9l\u00e9gance intemporelle avec la Montre Michael Kors Bradshaw MK5976. Bracelet bi-ton argent\u00e9\\\/dor\u00e9, luxe moderne et pr\u00e9cision. Optez pour l'audace du style.\",\"breadcrumb\":{\"@id\":\"https:\\\/\\\/www.31degres.be\\\/produit\\\/michael-kors-bradshaw-mk5976-bracelet-bi-ton-argent-or\\\/#breadcrumb\"},\"inLanguage\":\"en-GB\",\"potentialAction\":[{\"@type\":\"ReadAction\",\"target\":[\"https:\\\/\\\/www.31degres.be\\\/produit\\\/michael-kors-bradshaw-mk5976-bracelet-bi-ton-argent-or\\\/\"]}]},{\"@type\":\"ImageObject\",\"inLanguage\":\"en-GB\",\"@id\":\"https:\\\/\\\/www.31degres.be\\\/produit\\\/michael-kors-bradshaw-mk5976-bracelet-bi-ton-argent-or\\\/#primaryimage\",\"url\":\"https:\\\/\\\/i0.wp.com\\\/www.31degres.be\\\/wp-content\\\/uploads\\\/2023\\\/10\\\/michael-kors-bradshaw-mk5976_1.webp?fit=1000%2C1000&ssl=1\",\"contentUrl\":\"https:\\\/\\\/i0.wp.com\\\/www.31degres.be\\\/wp-content\\\/uploads\\\/2023\\\/10\\\/michael-kors-bradshaw-mk5976_1.webp?fit=1000%2C1000&ssl=1\",\"width\":1000,\"height\":1000,\"caption\":\"Michael Kors Bradshaw MK5976\"},{\"@type\":\"BreadcrumbList\",\"@id\":\"https:\\\/\\\/www.31degres.be\\\/produit\\\/michael-kors-bradshaw-mk5976-bracelet-bi-ton-argent-or\\\/#breadcrumb\",\"itemListElement\":[{\"@type\":\"ListItem\",\"position\":1,\"name\":\"Accueil\",\"item\":\"https:\\\/\\\/www.31degres.be\\\/\"},{\"@type\":\"ListItem\",\"position\":2,\"name\":\"Boutique\",\"item\":\"https:\\\/\\\/www.31degres.be\\\/boutique\\\/\"},{\"@type\":\"ListItem\",\"position\":3,\"name\":\"Michael Kors Bradshaw MK5976 Bracelet bi-ton Argent \\\/ Or\"}]},{\"@type\":\"WebSite\",\"@id\":\"https:\\\/\\\/www.31degres.be\\\/#website\",\"url\":\"https:\\\/\\\/www.31degres.be\\\/\",\"name\":\"31 Degr\u00e9s Boutique\",\"description\":\"Always With Style\",\"publisher\":{\"@id\":\"https:\\\/\\\/www.31degres.be\\\/#organization\"},\"alternateName\":\"31 Degr\u00e9s Boutique\",\"potentialAction\":[{\"@type\":\"SearchAction\",\"target\":{\"@type\":\"EntryPoint\",\"urlTemplate\":\"https:\\\/\\\/www.31degres.be\\\/?s={search_term_string}\"},\"query-input\":{\"@type\":\"PropertyValueSpecification\",\"valueRequired\":true,\"valueName\":\"search_term_string\"}}],\"inLanguage\":\"en-GB\"},{\"@type\":\"Organization\",\"@id\":\"https:\\\/\\\/www.31degres.be\\\/#organization\",\"name\":\"31 Degr\u00e9s Boutique\",\"url\":\"https:\\\/\\\/www.31degres.be\\\/\",\"logo\":{\"@type\":\"ImageObject\",\"inLanguage\":\"en-GB\",\"@id\":\"https:\\\/\\\/www.31degres.be\\\/#\\\/schema\\\/logo\\\/image\\\/\",\"url\":\"https:\\\/\\\/i0.wp.com\\\/www.31degres.be\\\/wp-content\\\/uploads\\\/2023\\\/08\\\/cropped-cropped-31-DEGRES-LOGO-FINALai.png?fit=1468%2C408&ssl=1\",\"contentUrl\":\"https:\\\/\\\/i0.wp.com\\\/www.31degres.be\\\/wp-content\\\/uploads\\\/2023\\\/08\\\/cropped-cropped-31-DEGRES-LOGO-FINALai.png?fit=1468%2C408&ssl=1\",\"width\":1468,\"height\":408,\"caption\":\"31 Degr\u00e9s Boutique\"},\"image\":{\"@id\":\"https:\\\/\\\/www.31degres.be\\\/#\\\/schema\\\/logo\\\/image\\\/\"},\"sameAs\":[\"https:\\\/\\\/www.facebook.com\\\/31degresboutique\",\"https:\\\/\\\/instagram.com\\\/31degresboutique?igshid=OGQ5ZDc2ODk2ZA==\",\"https:\\\/\\\/t.snapchat.com\\\/TYq1giLw\"]}]}<\/script>\n<!-- \/ Yoast SEO plugin. -->","yoast_head_json":{"title":"Michael Kors Bradshaw MK5976 : \u00c9l\u00e9gance Bi-ton Argent\/Or pour Femmes","description":"D\u00e9couvrez l'\u00e9l\u00e9gance intemporelle avec la Montre Michael Kors Bradshaw MK5976. Bracelet bi-ton argent\u00e9\/dor\u00e9, luxe moderne et pr\u00e9cision. Optez pour l'audace du style.","robots":{"index":"index","follow":"follow","max-snippet":"max-snippet:-1","max-image-preview":"max-image-preview:large","max-video-preview":"max-video-preview:-1"},"canonical":"https:\/\/www.31degres.be\/en\/product\/michael-kors-bradshaw-mk5976-bracelet-bi-ton-argent-or\/","og_locale":"en_GB","og_type":"article","og_title":"Michael Kors Bradshaw MK5976 : \u00c9l\u00e9gance Bi-ton Argent\/Or pour Femmes","og_description":"D\u00e9couvrez l'\u00e9l\u00e9gance intemporelle avec la Montre Michael Kors Bradshaw MK5976. Bracelet bi-ton argent\u00e9\/dor\u00e9, luxe moderne et pr\u00e9cision. Optez pour l'audace du style.","og_url":"https:\/\/www.31degres.be\/en\/product\/michael-kors-bradshaw-mk5976-bracelet-bi-ton-argent-or\/","og_site_name":"31 Degr\u00e9s Boutique","article_publisher":"https:\/\/www.facebook.com\/31degresboutique","article_modified_time":"2025-11-20T00:00:50+00:00","og_image":[{"width":1000,"height":1000,"url":"https:\/\/www.31degres.be\/wp-content\/uploads\/2023\/10\/michael-kors-bradshaw-mk5976_1.webp","type":"image\/webp"}],"twitter_card":"summary_large_image","twitter_misc":{"Estimated reading time":"2 minutes"},"schema":{"@context":"https:\/\/schema.org","@graph":[{"@type":"WebPage","@id":"https:\/\/www.31degres.be\/produit\/michael-kors-bradshaw-mk5976-bracelet-bi-ton-argent-or\/","url":"https:\/\/www.31degres.be\/produit\/michael-kors-bradshaw-mk5976-bracelet-bi-ton-argent-or\/","name":"Michael Kors Bradshaw MK5976 : \u00c9l\u00e9gance Bi-ton Argent\/Or pour Femmes","isPartOf":{"@id":"https:\/\/www.31degres.be\/#website"},"primaryImageOfPage":{"@id":"https:\/\/www.31degres.be\/produit\/michael-kors-bradshaw-mk5976-bracelet-bi-ton-argent-or\/#primaryimage"},"image":{"@id":"https:\/\/www.31degres.be\/produit\/michael-kors-bradshaw-mk5976-bracelet-bi-ton-argent-or\/#primaryimage"},"thumbnailUrl":"https:\/\/i0.wp.com\/www.31degres.be\/wp-content\/uploads\/2023\/10\/michael-kors-bradshaw-mk5976_1.webp?fit=1000%2C1000&ssl=1","datePublished":"2023-10-26T10:12:07+00:00","dateModified":"2025-11-20T00:00:50+00:00","description":"D\u00e9couvrez l'\u00e9l\u00e9gance intemporelle avec la Montre Michael Kors Bradshaw MK5976. Bracelet bi-ton argent\u00e9\/dor\u00e9, luxe moderne et pr\u00e9cision. Optez pour l'audace du style.","breadcrumb":{"@id":"https:\/\/www.31degres.be\/produit\/michael-kors-bradshaw-mk5976-bracelet-bi-ton-argent-or\/#breadcrumb"},"inLanguage":"en-GB","potentialAction":[{"@type":"ReadAction","target":["https:\/\/www.31degres.be\/produit\/michael-kors-bradshaw-mk5976-bracelet-bi-ton-argent-or\/"]}]},{"@type":"ImageObject","inLanguage":"en-GB","@id":"https:\/\/www.31degres.be\/produit\/michael-kors-bradshaw-mk5976-bracelet-bi-ton-argent-or\/#primaryimage","url":"https:\/\/i0.wp.com\/www.31degres.be\/wp-content\/uploads\/2023\/10\/michael-kors-bradshaw-mk5976_1.webp?fit=1000%2C1000&ssl=1","contentUrl":"https:\/\/i0.wp.com\/www.31degres.be\/wp-content\/uploads\/2023\/10\/michael-kors-bradshaw-mk5976_1.webp?fit=1000%2C1000&ssl=1","width":1000,"height":1000,"caption":"Michael Kors Bradshaw MK5976"},{"@type":"BreadcrumbList","@id":"https:\/\/www.31degres.be\/produit\/michael-kors-bradshaw-mk5976-bracelet-bi-ton-argent-or\/#breadcrumb","itemListElement":[{"@type":"ListItem","position":1,"name":"Accueil","item":"https:\/\/www.31degres.be\/"},{"@type":"ListItem","position":2,"name":"Boutique","item":"https:\/\/www.31degres.be\/boutique\/"},{"@type":"ListItem","position":3,"name":"Michael Kors Bradshaw MK5976 Bracelet bi-ton Argent \/ Or"}]},{"@type":"WebSite","@id":"https:\/\/www.31degres.be\/#website","url":"https:\/\/www.31degres.be\/","name":"31 Degr\u00e9s Boutique","description":"Always With Style","publisher":{"@id":"https:\/\/www.31degres.be\/#organization"},"alternateName":"31 Degr\u00e9s Boutique","potentialAction":[{"@type":"SearchAction","target":{"@type":"EntryPoint","urlTemplate":"https:\/\/www.31degres.be\/?s={search_term_string}"},"query-input":{"@type":"PropertyValueSpecification","valueRequired":true,"valueName":"search_term_string"}}],"inLanguage":"en-GB"},{"@type":"Organization","@id":"https:\/\/www.31degres.be\/#organization","name":"31 Degr\u00e9s Boutique","url":"https:\/\/www.31degres.be\/","logo":{"@type":"ImageObject","inLanguage":"en-GB","@id":"https:\/\/www.31degres.be\/#\/schema\/logo\/image\/","url":"https:\/\/i0.wp.com\/www.31degres.be\/wp-content\/uploads\/2023\/08\/cropped-cropped-31-DEGRES-LOGO-FINALai.png?fit=1468%2C408&ssl=1","contentUrl":"https:\/\/i0.wp.com\/www.31degres.be\/wp-content\/uploads\/2023\/08\/cropped-cropped-31-DEGRES-LOGO-FINALai.png?fit=1468%2C408&ssl=1","width":1468,"height":408,"caption":"31 Degr\u00e9s Boutique"},"image":{"@id":"https:\/\/www.31degres.be\/#\/schema\/logo\/image\/"},"sameAs":["https:\/\/www.facebook.com\/31degresboutique","https:\/\/instagram.com\/31degresboutique?igshid=OGQ5ZDc2ODk2ZA==","https:\/\/t.snapchat.com\/TYq1giLw"]}]}},"jetpack_sharing_enabled":true,"_links":{"self":[{"href":"https:\/\/www.31degres.be\/en\/wp-json\/wp\/v2\/product\/6174","targetHints":{"allow":["GET"]}}],"collection":[{"href":"https:\/\/www.31degres.be\/en\/wp-json\/wp\/v2\/product"}],"about":[{"href":"https:\/\/www.31degres.be\/en\/wp-json\/wp\/v2\/types\/product"}],"version-history":[{"count":0,"href":"https:\/\/www.31degres.be\/en\/wp-json\/wp\/v2\/product\/6174\/revisions"}],"wp:featuredmedia":[{"embeddable":true,"href":"https:\/\/www.31degres.be\/en\/wp-json\/wp\/v2\/media\/6175"}],"wp:attachment":[{"href":"https:\/\/www.31degres.be\/en\/wp-json\/wp\/v2\/media?parent=6174"}],"wp:term":[{"taxonomy":"product_brand","embeddable":true,"href":"https:\/\/www.31degres.be\/en\/wp-json\/wp\/v2\/product_brand?post=6174"},{"taxonomy":"product_cat","embeddable":true,"href":"https:\/\/www.31degres.be\/en\/wp-json\/wp\/v2\/product_cat?post=6174"},{"taxonomy":"product_tag","embeddable":true,"href":"https:\/\/www.31degres.be\/en\/wp-json\/wp\/v2\/product_tag?post=6174"}],"curies":[{"name":"wp","href":"https:\/\/api.w.org\/{rel}","templated":true}]}}