{"id":6289,"date":"2023-11-03T09:37:05","date_gmt":"2023-11-03T08:37:05","guid":{"rendered":"https:\/\/www.31degres.be\/?post_type=product&#038;p=6289"},"modified":"2026-03-06T11:31:37","modified_gmt":"2026-03-06T10:31:37","slug":"michael-kors-camille-mk5720-gold","status":"publish","type":"product","link":"https:\/\/www.31degres.be\/en\/product\/michael-kors-camille-mk5720-gold\/","title":{"rendered":"Michael Kors Camille MK5720 Gold"},"content":{"rendered":"<p>Plongez dans l&#8217;opulence avec la Montre Michael Kors Camille MK5720 Gold, une fusion parfaite de sophistication et de style. Cette pi\u00e8ce embl\u00e9matique, cr\u00e9\u00e9e pour les femmes exigeantes, transcende le temps avec son design dor\u00e9 \u00e9clatant.<\/p>\n<p><strong>Timeless Elegance :<\/strong> Admirez la splendeur intemporelle de cette montre, o\u00f9 chaque d\u00e9tail est une d\u00e9claration de luxe. Le bracelet en acier inoxydable dor\u00e9 s&#8217;entrelace avec une pr\u00e9cision exquise, encadrant un cadran scintillant orn\u00e9 de cristaux. Une \u0153uvre d&#8217;art au poignet qui ne passe jamais inaper\u00e7ue.<\/p>\n<p><strong>Advanced technology :<\/strong> La Michael Kors Camille MK5720 n&#8217;est pas seulement une pi\u00e8ce de mode, mais une merveille technologique. Dot\u00e9e d&#8217;une pr\u00e9cision, elle allie glamour et fonctionnalit\u00e9. R\u00e9sistante \u00e0 l&#8217;eau, elle est pr\u00eate \u00e0 vous accompagner dans toutes vos aventures, ajoutant une touche d&#8217;\u00e9l\u00e9gance \u00e0 chaque moment.<\/p>\n<p><strong>Custom Style :<\/strong> Express your individuality with the many customization options offered by this watch. The dial counter-clockwise, each element can be adapted to your unique style. A watch becomes an extension of your personality, emphasizing your refined taste.<\/p>\n<p>D\u00e9couvrez l&#8217;harmonie parfaite entre le design de renomm\u00e9e mondiale de <a href=\"https:\/\/www.31degres.be\/en\/product-category\/montres-femme\/michael-kors-montres-femme\/\"><strong>Michael Kors<\/strong> <\/a>and an outstanding feature. With the Watch, Michael Kors Camille MK5720 Gold, make a statement at every moment, seductive the time with your elegance that is unmatched.<\/p>\n<p>Disponible aussi en <a href=\"https:\/\/www.31degres.be\/en\/product\/mk5869\/\"><strong>style silver<\/strong><\/a>.<\/p>","protected":false},"excerpt":{"rendered":"<p><img decoding=\"async\" class=\"alignnone wp-image-77303 aligncenter\" src=\"https:\/\/www.31degres.be\/wp-content\/uploads\/2025\/01\/Trustpilot-Excellent-300x21.png\" alt=\"\" width=\"271\" height=\"19\" srcset=\"https:\/\/i0.wp.com\/www.31degres.be\/wp-content\/uploads\/2025\/01\/Trustpilot-Excellent.png?resize=300%2C21&amp;ssl=1 300w, https:\/\/i0.wp.com\/www.31degres.be\/wp-content\/uploads\/2025\/01\/Trustpilot-Excellent.png?resize=1024%2C73&amp;ssl=1 1024w, https:\/\/i0.wp.com\/www.31degres.be\/wp-content\/uploads\/2025\/01\/Trustpilot-Excellent.png?resize=768%2C55&amp;ssl=1 768w, https:\/\/i0.wp.com\/www.31degres.be\/wp-content\/uploads\/2025\/01\/Trustpilot-Excellent.png?resize=1536%2C109&amp;ssl=1 1536w, https:\/\/i0.wp.com\/www.31degres.be\/wp-content\/uploads\/2025\/01\/Trustpilot-Excellent.png?resize=18%2C1&amp;ssl=1 18w, https:\/\/i0.wp.com\/www.31degres.be\/wp-content\/uploads\/2025\/01\/Trustpilot-Excellent.png?resize=600%2C43&amp;ssl=1 600w, https:\/\/i0.wp.com\/www.31degres.be\/wp-content\/uploads\/2025\/01\/Trustpilot-Excellent.png?w=1600&amp;ssl=1 1600w\" sizes=\"(max-width: 271px) 100vw, 271px\" \/><br \/>\n\u2714\ufe0f 2 years warranty on all watches<br \/>\n\u2714\ufe0f Satisfied or refunded 14 days<br \/>\n\u2714\ufe0f Fast Delivery<\/p>\n<p>\ud83c\udf81 <em data-start=\"599\" data-end=\"632\"><strong><a href=\"https:\/\/www.31degres.be\/en\/programme-de-fidelite\/\">\u20ac1 spent = 1 loyalty point<\/a>.<\/strong><br \/>\n<strong>\u2764\ufe0f <a href=\"https:\/\/www.31degres.be\/en\/engagement-solidaire\/\">5% donated to help the most needy.<\/a><\/strong><br \/>\n<\/em><\/p>","protected":false},"featured_media":6297,"template":"","meta":{"site-sidebar-layout":"default","site-content-layout":"default","ast-site-content-layout":"default","site-content-style":"default","site-sidebar-style":"default","ast-global-header-display":"","ast-banner-title-visibility":"","ast-main-header-display":"","ast-hfb-above-header-display":"","ast-hfb-below-header-display":"","ast-hfb-mobile-header-display":"","site-post-title":"","ast-breadcrumbs-content":"","ast-featured-img":"","footer-sml-layout":"","theme-transparent-header-meta":"disabled","adv-header-id-meta":"","stick-header-meta":"","header-above-stick-meta":"","header-main-stick-meta":"","header-below-stick-meta":"","astra-migrate-meta-layouts":"set","ast-page-background-enabled":"default","ast-page-background-meta":{"desktop":{"background-color":"","background-image":"","background-repeat":"repeat","background-position":"center center","background-size":"auto","background-attachment":"scroll","background-type":"","background-media":"","overlay-type":"","overlay-color":"","overlay-opacity":"","overlay-gradient":""},"tablet":{"background-color":"","background-image":"","background-repeat":"repeat","background-position":"center center","background-size":"auto","background-attachment":"scroll","background-type":"","background-media":"","overlay-type":"","overlay-color":"","overlay-opacity":"","overlay-gradient":""},"mobile":{"background-color":"","background-image":"","background-repeat":"repeat","background-position":"center center","background-size":"auto","background-attachment":"scroll","background-type":"","background-media":"","overlay-type":"","overlay-color":"","overlay-opacity":"","overlay-gradient":""}},"ast-content-background-meta":{"desktop":{"background-color":"var(--ast-global-color-5)","background-image":"","background-repeat":"repeat","background-position":"center center","background-size":"auto","background-attachment":"scroll","background-type":"","background-media":"","overlay-type":"","overlay-color":"","overlay-opacity":"","overlay-gradient":""},"tablet":{"background-color":"var(--ast-global-color-5)","background-image":"","background-repeat":"repeat","background-position":"center center","background-size":"auto","background-attachment":"scroll","background-type":"","background-media":"","overlay-type":"","overlay-color":"","overlay-opacity":"","overlay-gradient":""},"mobile":{"background-color":"var(--ast-global-color-5)","background-image":"","background-repeat":"repeat","background-position":"center center","background-size":"auto","background-attachment":"scroll","background-type":"","background-media":"","overlay-type":"","overlay-color":"","overlay-opacity":"","overlay-gradient":""}}},"product_brand":[809],"product_cat":[66],"product_tag":[434,80,404,77,435,226],"class_list":{"0":"post-6289","1":"product","2":"type-product","3":"status-publish","4":"has-post-thumbnail","6":"product_brand-michael-kors","7":"product_cat-michael-kors-montres-femme","8":"product_tag-camille","9":"product_tag-dore","10":"product_tag-gold","11":"product_tag-michael-kors","12":"product_tag-mk5720","13":"product_tag-or","14":"desktop-align-left","15":"tablet-align-left","16":"mobile-align-left","18":"first","19":"onbackorder","20":"sale","21":"taxable","22":"shipping-taxable","23":"purchasable","24":"product-type-simple"},"yoast_head":"<!-- This site is optimized with the Yoast SEO plugin v27.4 - https:\/\/yoast.com\/product\/yoast-seo-wordpress\/ -->\n<title>Michael Kors Camille MK5720 Gold : \u00c9l\u00e9gance Dor\u00e9e pour Femmes Modernes<\/title>\n<meta name=\"description\" content=\"Explorez le luxe intemporel avec la Michael Kors Camille MK5720 Gold. Une montre captivante alliant \u00e9l\u00e9gance et modernit\u00e9. D\u00e9couvrez un style qui fait sensation.\" \/>\n<meta name=\"robots\" content=\"index, follow, max-snippet:-1, max-image-preview:large, max-video-preview:-1\" \/>\n<link rel=\"canonical\" href=\"https:\/\/www.31degres.be\/en\/product\/michael-kors-camille-mk5720-gold\/\" \/>\n<meta property=\"og:locale\" content=\"en_GB\" \/>\n<meta property=\"og:type\" content=\"article\" \/>\n<meta property=\"og:title\" content=\"Michael Kors Camille MK5720 Gold : \u00c9l\u00e9gance Dor\u00e9e pour Femmes Modernes\" \/>\n<meta property=\"og:description\" content=\"Explorez le luxe intemporel avec la Michael Kors Camille MK5720 Gold. Une montre captivante alliant \u00e9l\u00e9gance et modernit\u00e9. D\u00e9couvrez un style qui fait sensation.\" \/>\n<meta property=\"og:url\" content=\"https:\/\/www.31degres.be\/en\/product\/michael-kors-camille-mk5720-gold\/\" \/>\n<meta property=\"og:site_name\" content=\"31 Degr\u00e9s Boutique\" \/>\n<meta property=\"article:publisher\" content=\"https:\/\/www.facebook.com\/31degresboutique\" \/>\n<meta property=\"article:modified_time\" content=\"2026-03-06T10:31:37+00:00\" \/>\n<meta property=\"og:image\" content=\"https:\/\/www.31degres.be\/wp-content\/uploads\/2023\/11\/michael-kors-camille-mk5720.webp\" \/>\n\t<meta property=\"og:image:width\" content=\"1000\" \/>\n\t<meta property=\"og:image:height\" content=\"1000\" \/>\n\t<meta property=\"og:image:type\" content=\"image\/webp\" \/>\n<meta name=\"twitter:card\" content=\"summary_large_image\" \/>\n<meta name=\"twitter:label1\" content=\"Estimated reading time\" \/>\n\t<meta name=\"twitter:data1\" content=\"2 minutes\" \/>\n<script type=\"application\/ld+json\" class=\"yoast-schema-graph\">{\"@context\":\"https:\\\/\\\/schema.org\",\"@graph\":[{\"@type\":\"WebPage\",\"@id\":\"https:\\\/\\\/www.31degres.be\\\/produit\\\/michael-kors-camille-mk5720-gold\\\/\",\"url\":\"https:\\\/\\\/www.31degres.be\\\/produit\\\/michael-kors-camille-mk5720-gold\\\/\",\"name\":\"Michael Kors Camille MK5720 Gold : \u00c9l\u00e9gance Dor\u00e9e pour Femmes Modernes\",\"isPartOf\":{\"@id\":\"https:\\\/\\\/www.31degres.be\\\/#website\"},\"primaryImageOfPage\":{\"@id\":\"https:\\\/\\\/www.31degres.be\\\/produit\\\/michael-kors-camille-mk5720-gold\\\/#primaryimage\"},\"image\":{\"@id\":\"https:\\\/\\\/www.31degres.be\\\/produit\\\/michael-kors-camille-mk5720-gold\\\/#primaryimage\"},\"thumbnailUrl\":\"https:\\\/\\\/i0.wp.com\\\/www.31degres.be\\\/wp-content\\\/uploads\\\/2023\\\/11\\\/michael-kors-camille-mk5720.webp?fit=1000%2C1000&ssl=1\",\"datePublished\":\"2023-11-03T08:37:05+00:00\",\"dateModified\":\"2026-03-06T10:31:37+00:00\",\"description\":\"Explorez le luxe intemporel avec la Michael Kors Camille MK5720 Gold. Une montre captivante alliant \u00e9l\u00e9gance et modernit\u00e9. D\u00e9couvrez un style qui fait sensation.\",\"breadcrumb\":{\"@id\":\"https:\\\/\\\/www.31degres.be\\\/produit\\\/michael-kors-camille-mk5720-gold\\\/#breadcrumb\"},\"inLanguage\":\"en-GB\",\"potentialAction\":[{\"@type\":\"ReadAction\",\"target\":[\"https:\\\/\\\/www.31degres.be\\\/produit\\\/michael-kors-camille-mk5720-gold\\\/\"]}]},{\"@type\":\"ImageObject\",\"inLanguage\":\"en-GB\",\"@id\":\"https:\\\/\\\/www.31degres.be\\\/produit\\\/michael-kors-camille-mk5720-gold\\\/#primaryimage\",\"url\":\"https:\\\/\\\/i0.wp.com\\\/www.31degres.be\\\/wp-content\\\/uploads\\\/2023\\\/11\\\/michael-kors-camille-mk5720.webp?fit=1000%2C1000&ssl=1\",\"contentUrl\":\"https:\\\/\\\/i0.wp.com\\\/www.31degres.be\\\/wp-content\\\/uploads\\\/2023\\\/11\\\/michael-kors-camille-mk5720.webp?fit=1000%2C1000&ssl=1\",\"width\":1000,\"height\":1000,\"caption\":\"Michael Kors Camille MK5720 Gold\"},{\"@type\":\"BreadcrumbList\",\"@id\":\"https:\\\/\\\/www.31degres.be\\\/produit\\\/michael-kors-camille-mk5720-gold\\\/#breadcrumb\",\"itemListElement\":[{\"@type\":\"ListItem\",\"position\":1,\"name\":\"Accueil\",\"item\":\"https:\\\/\\\/www.31degres.be\\\/\"},{\"@type\":\"ListItem\",\"position\":2,\"name\":\"Boutique\",\"item\":\"https:\\\/\\\/www.31degres.be\\\/boutique\\\/\"},{\"@type\":\"ListItem\",\"position\":3,\"name\":\"Michael Kors Camille MK5720 Gold\"}]},{\"@type\":\"WebSite\",\"@id\":\"https:\\\/\\\/www.31degres.be\\\/#website\",\"url\":\"https:\\\/\\\/www.31degres.be\\\/\",\"name\":\"31 Degr\u00e9s Boutique\",\"description\":\"Always With Style\",\"publisher\":{\"@id\":\"https:\\\/\\\/www.31degres.be\\\/#organization\"},\"alternateName\":\"31 Degr\u00e9s Boutique\",\"potentialAction\":[{\"@type\":\"SearchAction\",\"target\":{\"@type\":\"EntryPoint\",\"urlTemplate\":\"https:\\\/\\\/www.31degres.be\\\/?s={search_term_string}\"},\"query-input\":{\"@type\":\"PropertyValueSpecification\",\"valueRequired\":true,\"valueName\":\"search_term_string\"}}],\"inLanguage\":\"en-GB\"},{\"@type\":\"Organization\",\"@id\":\"https:\\\/\\\/www.31degres.be\\\/#organization\",\"name\":\"31 Degr\u00e9s Boutique\",\"url\":\"https:\\\/\\\/www.31degres.be\\\/\",\"logo\":{\"@type\":\"ImageObject\",\"inLanguage\":\"en-GB\",\"@id\":\"https:\\\/\\\/www.31degres.be\\\/#\\\/schema\\\/logo\\\/image\\\/\",\"url\":\"https:\\\/\\\/i0.wp.com\\\/www.31degres.be\\\/wp-content\\\/uploads\\\/2023\\\/08\\\/cropped-cropped-31-DEGRES-LOGO-FINALai.png?fit=1468%2C408&ssl=1\",\"contentUrl\":\"https:\\\/\\\/i0.wp.com\\\/www.31degres.be\\\/wp-content\\\/uploads\\\/2023\\\/08\\\/cropped-cropped-31-DEGRES-LOGO-FINALai.png?fit=1468%2C408&ssl=1\",\"width\":1468,\"height\":408,\"caption\":\"31 Degr\u00e9s Boutique\"},\"image\":{\"@id\":\"https:\\\/\\\/www.31degres.be\\\/#\\\/schema\\\/logo\\\/image\\\/\"},\"sameAs\":[\"https:\\\/\\\/www.facebook.com\\\/31degresboutique\",\"https:\\\/\\\/instagram.com\\\/31degresboutique?igshid=OGQ5ZDc2ODk2ZA==\",\"https:\\\/\\\/t.snapchat.com\\\/TYq1giLw\"]}]}<\/script>\n<!-- \/ Yoast SEO plugin. -->","yoast_head_json":{"title":"Michael Kors Camille MK5720 Gold : \u00c9l\u00e9gance Dor\u00e9e pour Femmes Modernes","description":"Explorez le luxe intemporel avec la Michael Kors Camille MK5720 Gold. Une montre captivante alliant \u00e9l\u00e9gance et modernit\u00e9. D\u00e9couvrez un style qui fait sensation.","robots":{"index":"index","follow":"follow","max-snippet":"max-snippet:-1","max-image-preview":"max-image-preview:large","max-video-preview":"max-video-preview:-1"},"canonical":"https:\/\/www.31degres.be\/en\/product\/michael-kors-camille-mk5720-gold\/","og_locale":"en_GB","og_type":"article","og_title":"Michael Kors Camille MK5720 Gold : \u00c9l\u00e9gance Dor\u00e9e pour Femmes Modernes","og_description":"Explorez le luxe intemporel avec la Michael Kors Camille MK5720 Gold. Une montre captivante alliant \u00e9l\u00e9gance et modernit\u00e9. D\u00e9couvrez un style qui fait sensation.","og_url":"https:\/\/www.31degres.be\/en\/product\/michael-kors-camille-mk5720-gold\/","og_site_name":"31 Degr\u00e9s Boutique","article_publisher":"https:\/\/www.facebook.com\/31degresboutique","article_modified_time":"2026-03-06T10:31:37+00:00","og_image":[{"width":1000,"height":1000,"url":"https:\/\/www.31degres.be\/wp-content\/uploads\/2023\/11\/michael-kors-camille-mk5720.webp","type":"image\/webp"}],"twitter_card":"summary_large_image","twitter_misc":{"Estimated reading time":"2 minutes"},"schema":{"@context":"https:\/\/schema.org","@graph":[{"@type":"WebPage","@id":"https:\/\/www.31degres.be\/produit\/michael-kors-camille-mk5720-gold\/","url":"https:\/\/www.31degres.be\/produit\/michael-kors-camille-mk5720-gold\/","name":"Michael Kors Camille MK5720 Gold : \u00c9l\u00e9gance Dor\u00e9e pour Femmes Modernes","isPartOf":{"@id":"https:\/\/www.31degres.be\/#website"},"primaryImageOfPage":{"@id":"https:\/\/www.31degres.be\/produit\/michael-kors-camille-mk5720-gold\/#primaryimage"},"image":{"@id":"https:\/\/www.31degres.be\/produit\/michael-kors-camille-mk5720-gold\/#primaryimage"},"thumbnailUrl":"https:\/\/i0.wp.com\/www.31degres.be\/wp-content\/uploads\/2023\/11\/michael-kors-camille-mk5720.webp?fit=1000%2C1000&ssl=1","datePublished":"2023-11-03T08:37:05+00:00","dateModified":"2026-03-06T10:31:37+00:00","description":"Explorez le luxe intemporel avec la Michael Kors Camille MK5720 Gold. Une montre captivante alliant \u00e9l\u00e9gance et modernit\u00e9. D\u00e9couvrez un style qui fait sensation.","breadcrumb":{"@id":"https:\/\/www.31degres.be\/produit\/michael-kors-camille-mk5720-gold\/#breadcrumb"},"inLanguage":"en-GB","potentialAction":[{"@type":"ReadAction","target":["https:\/\/www.31degres.be\/produit\/michael-kors-camille-mk5720-gold\/"]}]},{"@type":"ImageObject","inLanguage":"en-GB","@id":"https:\/\/www.31degres.be\/produit\/michael-kors-camille-mk5720-gold\/#primaryimage","url":"https:\/\/i0.wp.com\/www.31degres.be\/wp-content\/uploads\/2023\/11\/michael-kors-camille-mk5720.webp?fit=1000%2C1000&ssl=1","contentUrl":"https:\/\/i0.wp.com\/www.31degres.be\/wp-content\/uploads\/2023\/11\/michael-kors-camille-mk5720.webp?fit=1000%2C1000&ssl=1","width":1000,"height":1000,"caption":"Michael Kors Camille MK5720 Gold"},{"@type":"BreadcrumbList","@id":"https:\/\/www.31degres.be\/produit\/michael-kors-camille-mk5720-gold\/#breadcrumb","itemListElement":[{"@type":"ListItem","position":1,"name":"Accueil","item":"https:\/\/www.31degres.be\/"},{"@type":"ListItem","position":2,"name":"Boutique","item":"https:\/\/www.31degres.be\/boutique\/"},{"@type":"ListItem","position":3,"name":"Michael Kors Camille MK5720 Gold"}]},{"@type":"WebSite","@id":"https:\/\/www.31degres.be\/#website","url":"https:\/\/www.31degres.be\/","name":"31 Degr\u00e9s Boutique","description":"Always With Style","publisher":{"@id":"https:\/\/www.31degres.be\/#organization"},"alternateName":"31 Degr\u00e9s Boutique","potentialAction":[{"@type":"SearchAction","target":{"@type":"EntryPoint","urlTemplate":"https:\/\/www.31degres.be\/?s={search_term_string}"},"query-input":{"@type":"PropertyValueSpecification","valueRequired":true,"valueName":"search_term_string"}}],"inLanguage":"en-GB"},{"@type":"Organization","@id":"https:\/\/www.31degres.be\/#organization","name":"31 Degr\u00e9s Boutique","url":"https:\/\/www.31degres.be\/","logo":{"@type":"ImageObject","inLanguage":"en-GB","@id":"https:\/\/www.31degres.be\/#\/schema\/logo\/image\/","url":"https:\/\/i0.wp.com\/www.31degres.be\/wp-content\/uploads\/2023\/08\/cropped-cropped-31-DEGRES-LOGO-FINALai.png?fit=1468%2C408&ssl=1","contentUrl":"https:\/\/i0.wp.com\/www.31degres.be\/wp-content\/uploads\/2023\/08\/cropped-cropped-31-DEGRES-LOGO-FINALai.png?fit=1468%2C408&ssl=1","width":1468,"height":408,"caption":"31 Degr\u00e9s Boutique"},"image":{"@id":"https:\/\/www.31degres.be\/#\/schema\/logo\/image\/"},"sameAs":["https:\/\/www.facebook.com\/31degresboutique","https:\/\/instagram.com\/31degresboutique?igshid=OGQ5ZDc2ODk2ZA==","https:\/\/t.snapchat.com\/TYq1giLw"]}]}},"jetpack_sharing_enabled":true,"_links":{"self":[{"href":"https:\/\/www.31degres.be\/en\/wp-json\/wp\/v2\/product\/6289","targetHints":{"allow":["GET"]}}],"collection":[{"href":"https:\/\/www.31degres.be\/en\/wp-json\/wp\/v2\/product"}],"about":[{"href":"https:\/\/www.31degres.be\/en\/wp-json\/wp\/v2\/types\/product"}],"version-history":[{"count":0,"href":"https:\/\/www.31degres.be\/en\/wp-json\/wp\/v2\/product\/6289\/revisions"}],"wp:featuredmedia":[{"embeddable":true,"href":"https:\/\/www.31degres.be\/en\/wp-json\/wp\/v2\/media\/6297"}],"wp:attachment":[{"href":"https:\/\/www.31degres.be\/en\/wp-json\/wp\/v2\/media?parent=6289"}],"wp:term":[{"taxonomy":"product_brand","embeddable":true,"href":"https:\/\/www.31degres.be\/en\/wp-json\/wp\/v2\/product_brand?post=6289"},{"taxonomy":"product_cat","embeddable":true,"href":"https:\/\/www.31degres.be\/en\/wp-json\/wp\/v2\/product_cat?post=6289"},{"taxonomy":"product_tag","embeddable":true,"href":"https:\/\/www.31degres.be\/en\/wp-json\/wp\/v2\/product_tag?post=6289"}],"curies":[{"name":"wp","href":"https:\/\/api.w.org\/{rel}","templated":true}]}}