{"id":7057,"date":"2024-02-12T11:48:44","date_gmt":"2024-02-12T10:48:44","guid":{"rendered":"https:\/\/www.31degres.be\/?post_type=product&#038;p=7057"},"modified":"2026-01-20T12:55:30","modified_gmt":"2026-01-20T11:55:30","slug":"hugo-boss-dapper-hb1513926","status":"publish","type":"product","link":"https:\/\/www.31degres.be\/en\/product\/hugo-boss-dapper-hb1513926\/","title":{"rendered":"HUGO BOSS DAPPER HB1513926"},"content":{"rendered":"<p><strong>Timeless elegance : Hugo Boss Dapper HB1513926<\/strong><\/p>\n<p>Plongez dans le monde du raffinement avec la montre Hugo Boss Dapper HB1513926. Symbole ultime d&#8217;\u00e9l\u00e9gance contemporaine, cette montre allie sophistication et fonctionnalit\u00e9 pour ceux qui recherchent l&#8217;excellence \u00e0 leur poignet.<\/p>\n<p><strong>1. Aesthetic exquisite :<\/strong> The perfect blend of classic design and modern touches, this watch features an uncluttered dial decorated with markers gold and subtle details. The housing is made of stainless steel of superior quality, offers unsurpassed resistance. While its genuine leather strap adds a touch of luxury to every outfit.<\/p>\n<p><strong>2. Reliable Performance :<\/strong> Avec un mouvement \u00e0 quartz pr\u00e9cis, la montre Hugo Boss HB1513926 assure une ponctualit\u00e9 sans faille \u00e0 chaque instant de votre journ\u00e9e charg\u00e9e. Dot\u00e9e d&#8217;une r\u00e9sistance \u00e0 l&#8217;eau (5 ATM), elle est con\u00e7ue pour s&#8217;adapter \u00e0 votre style de vie dynamique, que ce soit au bureau ou lors de vos escapades urbaines.<\/p>\n<p><strong>3. Affirmation-style :<\/strong> Wear your confidence on the wrist with this centerpiece of the collection <a href=\"https:\/\/www.31degres.be\/en\/product-category\/montres-homme\/hugo-boss-montres-homme\/\">Hugo Boss<\/a>. Its sophisticated allure and charisma are an essential accessory for those who appreciate the perfect marriage between tradition and modernity.<\/p>\n<p>Immerse yourself in an experience of incomparable luxury with the watch, Hugo Boss Dapper HB1513926. Captivate the looks and express your style with this timeless icon.<\/p>\n<p><em>Inspirez la confiance, affirmez votre style. Commandez d\u00e8s maintenant et d\u00e9couvrez l&#8217;excellence \u00e0 votre poignet.<\/em><\/p>\n<p>Also discover the watch Hugo Boss <a href=\"https:\/\/www.31degres.be\/en\/product\/montre-hugo-boss-hb1513496\/\">HB1513496<\/a>.<\/p>","protected":false},"excerpt":{"rendered":"<p><img decoding=\"async\" class=\"alignnone wp-image-77303 aligncenter\" src=\"https:\/\/www.31degres.be\/wp-content\/uploads\/2025\/01\/Trustpilot-Excellent-300x21.png\" alt=\"\" width=\"271\" height=\"19\" srcset=\"https:\/\/i0.wp.com\/www.31degres.be\/wp-content\/uploads\/2025\/01\/Trustpilot-Excellent.png?resize=300%2C21&amp;ssl=1 300w, https:\/\/i0.wp.com\/www.31degres.be\/wp-content\/uploads\/2025\/01\/Trustpilot-Excellent.png?resize=1024%2C73&amp;ssl=1 1024w, https:\/\/i0.wp.com\/www.31degres.be\/wp-content\/uploads\/2025\/01\/Trustpilot-Excellent.png?resize=768%2C55&amp;ssl=1 768w, https:\/\/i0.wp.com\/www.31degres.be\/wp-content\/uploads\/2025\/01\/Trustpilot-Excellent.png?resize=1536%2C109&amp;ssl=1 1536w, https:\/\/i0.wp.com\/www.31degres.be\/wp-content\/uploads\/2025\/01\/Trustpilot-Excellent.png?resize=18%2C1&amp;ssl=1 18w, https:\/\/i0.wp.com\/www.31degres.be\/wp-content\/uploads\/2025\/01\/Trustpilot-Excellent.png?resize=600%2C43&amp;ssl=1 600w, https:\/\/i0.wp.com\/www.31degres.be\/wp-content\/uploads\/2025\/01\/Trustpilot-Excellent.png?w=1600&amp;ssl=1 1600w\" sizes=\"(max-width: 271px) 100vw, 271px\" \/><br \/>\n\u2714\ufe0f 2 years warranty on all watches<br \/>\n\u2714\ufe0f Satisfied or refunded 14 days<br \/>\n\u2714\ufe0f Fast Delivery<\/p>\n<p>\ud83c\udf81 <em data-start=\"599\" data-end=\"632\"><strong><a href=\"https:\/\/www.31degres.be\/en\/programme-de-fidelite\/\">\u2714 \u20ac1 spent = 1 loyalty point<\/a>.<\/strong><br \/>\n<strong>\u2764\ufe0f <a href=\"https:\/\/www.31degres.be\/en\/engagement-solidaire\/\">5% donated to help the most needy.<\/a><\/strong><br \/>\n<\/em><\/p>","protected":false},"featured_media":7060,"template":"","meta":{"site-sidebar-layout":"default","site-content-layout":"default","ast-site-content-layout":"default","site-content-style":"default","site-sidebar-style":"default","ast-global-header-display":"","ast-banner-title-visibility":"","ast-main-header-display":"","ast-hfb-above-header-display":"","ast-hfb-below-header-display":"","ast-hfb-mobile-header-display":"","site-post-title":"","ast-breadcrumbs-content":"","ast-featured-img":"","footer-sml-layout":"","theme-transparent-header-meta":"disabled","adv-header-id-meta":"","stick-header-meta":"","header-above-stick-meta":"","header-main-stick-meta":"","header-below-stick-meta":"","astra-migrate-meta-layouts":"set","ast-page-background-enabled":"default","ast-page-background-meta":{"desktop":{"background-color":"","background-image":"","background-repeat":"repeat","background-position":"center center","background-size":"auto","background-attachment":"scroll","background-type":"","background-media":"","overlay-type":"","overlay-color":"","overlay-opacity":"","overlay-gradient":""},"tablet":{"background-color":"","background-image":"","background-repeat":"repeat","background-position":"center center","background-size":"auto","background-attachment":"scroll","background-type":"","background-media":"","overlay-type":"","overlay-color":"","overlay-opacity":"","overlay-gradient":""},"mobile":{"background-color":"","background-image":"","background-repeat":"repeat","background-position":"center center","background-size":"auto","background-attachment":"scroll","background-type":"","background-media":"","overlay-type":"","overlay-color":"","overlay-opacity":"","overlay-gradient":""}},"ast-content-background-meta":{"desktop":{"background-color":"var(--ast-global-color-5)","background-image":"","background-repeat":"repeat","background-position":"center center","background-size":"auto","background-attachment":"scroll","background-type":"","background-media":"","overlay-type":"","overlay-color":"","overlay-opacity":"","overlay-gradient":""},"tablet":{"background-color":"var(--ast-global-color-5)","background-image":"","background-repeat":"repeat","background-position":"center center","background-size":"auto","background-attachment":"scroll","background-type":"","background-media":"","overlay-type":"","overlay-color":"","overlay-opacity":"","overlay-gradient":""},"mobile":{"background-color":"var(--ast-global-color-5)","background-image":"","background-repeat":"repeat","background-position":"center center","background-size":"auto","background-attachment":"scroll","background-type":"","background-media":"","overlay-type":"","overlay-color":"","overlay-opacity":"","overlay-gradient":""}}},"product_brand":[],"product_cat":[71],"product_tag":[158,502,501,176,204],"class_list":{"0":"post-7057","1":"product","2":"type-product","3":"status-publish","4":"has-post-thumbnail","6":"product_cat-hugo-boss-montres-homme","7":"product_tag-cuir","8":"product_tag-dapper","9":"product_tag-hb1513926","10":"product_tag-hugo-boss","11":"product_tag-marron","12":"desktop-align-left","13":"tablet-align-left","14":"mobile-align-left","16":"first","17":"instock","18":"sale","19":"taxable","20":"shipping-taxable","21":"purchasable","22":"product-type-simple"},"yoast_head":"<!-- This site is optimized with the Yoast SEO plugin v27.3 - https:\/\/yoast.com\/product\/yoast-seo-wordpress\/ -->\n<title>Hugo Boss Dapper HB1513926 : Montre pour Hommes<\/title>\n<meta name=\"description\" content=\"Optez pour l&#039;\u00e9l\u00e9gance intemporelle avec la montre Hugo Boss Dapper HB1513926. D\u00e9couvrez le mariage parfait du style et de la pr\u00e9cision. Commandez la v\u00f4tre d\u00e8s maintenant.\" \/>\n<meta name=\"robots\" content=\"index, follow, max-snippet:-1, max-image-preview:large, max-video-preview:-1\" \/>\n<link rel=\"canonical\" href=\"https:\/\/www.31degres.be\/en\/product\/hugo-boss-dapper-hb1513926\/\" \/>\n<meta property=\"og:locale\" content=\"en_GB\" \/>\n<meta property=\"og:type\" content=\"article\" \/>\n<meta property=\"og:title\" content=\"Hugo Boss Dapper HB1513926 : Montre pour Hommes\" \/>\n<meta property=\"og:description\" content=\"Optez pour l&#039;\u00e9l\u00e9gance intemporelle avec la montre Hugo Boss Dapper HB1513926. D\u00e9couvrez le mariage parfait du style et de la pr\u00e9cision. Commandez la v\u00f4tre d\u00e8s maintenant.\" \/>\n<meta property=\"og:url\" content=\"https:\/\/www.31degres.be\/en\/product\/hugo-boss-dapper-hb1513926\/\" \/>\n<meta property=\"og:site_name\" content=\"31 Degr\u00e9s Boutique\" \/>\n<meta property=\"article:publisher\" content=\"https:\/\/www.facebook.com\/31degresboutique\" \/>\n<meta property=\"article:modified_time\" content=\"2026-01-20T11:55:30+00:00\" \/>\n<meta property=\"og:image\" content=\"https:\/\/www.31degres.be\/wp-content\/uploads\/2024\/01\/hugo-boss-dapper-1513926.webp\" \/>\n\t<meta property=\"og:image:width\" content=\"1000\" \/>\n\t<meta property=\"og:image:height\" content=\"1000\" \/>\n\t<meta property=\"og:image:type\" content=\"image\/webp\" \/>\n<meta name=\"twitter:card\" content=\"summary_large_image\" \/>\n<meta name=\"twitter:label1\" content=\"Estimated reading time\" \/>\n\t<meta name=\"twitter:data1\" content=\"2 minutes\" \/>\n<script type=\"application\/ld+json\" class=\"yoast-schema-graph\">{\"@context\":\"https:\\\/\\\/schema.org\",\"@graph\":[{\"@type\":\"WebPage\",\"@id\":\"https:\\\/\\\/www.31degres.be\\\/produit\\\/hugo-boss-dapper-hb1513926\\\/\",\"url\":\"https:\\\/\\\/www.31degres.be\\\/produit\\\/hugo-boss-dapper-hb1513926\\\/\",\"name\":\"Hugo Boss Dapper HB1513926 : Montre pour Hommes\",\"isPartOf\":{\"@id\":\"https:\\\/\\\/www.31degres.be\\\/#website\"},\"primaryImageOfPage\":{\"@id\":\"https:\\\/\\\/www.31degres.be\\\/produit\\\/hugo-boss-dapper-hb1513926\\\/#primaryimage\"},\"image\":{\"@id\":\"https:\\\/\\\/www.31degres.be\\\/produit\\\/hugo-boss-dapper-hb1513926\\\/#primaryimage\"},\"thumbnailUrl\":\"https:\\\/\\\/i0.wp.com\\\/www.31degres.be\\\/wp-content\\\/uploads\\\/2024\\\/01\\\/hugo-boss-dapper-1513926.webp?fit=1000%2C1000&ssl=1\",\"datePublished\":\"2024-02-12T10:48:44+00:00\",\"dateModified\":\"2026-01-20T11:55:30+00:00\",\"description\":\"Optez pour l'\u00e9l\u00e9gance intemporelle avec la montre Hugo Boss Dapper HB1513926. D\u00e9couvrez le mariage parfait du style et de la pr\u00e9cision. Commandez la v\u00f4tre d\u00e8s maintenant.\",\"breadcrumb\":{\"@id\":\"https:\\\/\\\/www.31degres.be\\\/produit\\\/hugo-boss-dapper-hb1513926\\\/#breadcrumb\"},\"inLanguage\":\"en-GB\",\"potentialAction\":[{\"@type\":\"ReadAction\",\"target\":[\"https:\\\/\\\/www.31degres.be\\\/produit\\\/hugo-boss-dapper-hb1513926\\\/\"]}]},{\"@type\":\"ImageObject\",\"inLanguage\":\"en-GB\",\"@id\":\"https:\\\/\\\/www.31degres.be\\\/produit\\\/hugo-boss-dapper-hb1513926\\\/#primaryimage\",\"url\":\"https:\\\/\\\/i0.wp.com\\\/www.31degres.be\\\/wp-content\\\/uploads\\\/2024\\\/01\\\/hugo-boss-dapper-1513926.webp?fit=1000%2C1000&ssl=1\",\"contentUrl\":\"https:\\\/\\\/i0.wp.com\\\/www.31degres.be\\\/wp-content\\\/uploads\\\/2024\\\/01\\\/hugo-boss-dapper-1513926.webp?fit=1000%2C1000&ssl=1\",\"width\":1000,\"height\":1000,\"caption\":\"HUGO BOSS DAPPER HB1513926\"},{\"@type\":\"BreadcrumbList\",\"@id\":\"https:\\\/\\\/www.31degres.be\\\/produit\\\/hugo-boss-dapper-hb1513926\\\/#breadcrumb\",\"itemListElement\":[{\"@type\":\"ListItem\",\"position\":1,\"name\":\"Accueil\",\"item\":\"https:\\\/\\\/www.31degres.be\\\/\"},{\"@type\":\"ListItem\",\"position\":2,\"name\":\"Boutique\",\"item\":\"https:\\\/\\\/www.31degres.be\\\/boutique\\\/\"},{\"@type\":\"ListItem\",\"position\":3,\"name\":\"HUGO BOSS DAPPER HB1513926\"}]},{\"@type\":\"WebSite\",\"@id\":\"https:\\\/\\\/www.31degres.be\\\/#website\",\"url\":\"https:\\\/\\\/www.31degres.be\\\/\",\"name\":\"31 Degr\u00e9s Boutique\",\"description\":\"Always With Style\",\"publisher\":{\"@id\":\"https:\\\/\\\/www.31degres.be\\\/#organization\"},\"alternateName\":\"31 Degr\u00e9s Boutique\",\"potentialAction\":[{\"@type\":\"SearchAction\",\"target\":{\"@type\":\"EntryPoint\",\"urlTemplate\":\"https:\\\/\\\/www.31degres.be\\\/?s={search_term_string}\"},\"query-input\":{\"@type\":\"PropertyValueSpecification\",\"valueRequired\":true,\"valueName\":\"search_term_string\"}}],\"inLanguage\":\"en-GB\"},{\"@type\":\"Organization\",\"@id\":\"https:\\\/\\\/www.31degres.be\\\/#organization\",\"name\":\"31 Degr\u00e9s Boutique\",\"url\":\"https:\\\/\\\/www.31degres.be\\\/\",\"logo\":{\"@type\":\"ImageObject\",\"inLanguage\":\"en-GB\",\"@id\":\"https:\\\/\\\/www.31degres.be\\\/#\\\/schema\\\/logo\\\/image\\\/\",\"url\":\"https:\\\/\\\/i0.wp.com\\\/www.31degres.be\\\/wp-content\\\/uploads\\\/2023\\\/08\\\/cropped-cropped-31-DEGRES-LOGO-FINALai.png?fit=1468%2C408&ssl=1\",\"contentUrl\":\"https:\\\/\\\/i0.wp.com\\\/www.31degres.be\\\/wp-content\\\/uploads\\\/2023\\\/08\\\/cropped-cropped-31-DEGRES-LOGO-FINALai.png?fit=1468%2C408&ssl=1\",\"width\":1468,\"height\":408,\"caption\":\"31 Degr\u00e9s Boutique\"},\"image\":{\"@id\":\"https:\\\/\\\/www.31degres.be\\\/#\\\/schema\\\/logo\\\/image\\\/\"},\"sameAs\":[\"https:\\\/\\\/www.facebook.com\\\/31degresboutique\",\"https:\\\/\\\/instagram.com\\\/31degresboutique?igshid=OGQ5ZDc2ODk2ZA==\",\"https:\\\/\\\/t.snapchat.com\\\/TYq1giLw\"]}]}<\/script>\n<!-- \/ Yoast SEO plugin. -->","yoast_head_json":{"title":"Hugo Boss Dapper HB1513926 : Montre pour Hommes","description":"Optez pour l'\u00e9l\u00e9gance intemporelle avec la montre Hugo Boss Dapper HB1513926. D\u00e9couvrez le mariage parfait du style et de la pr\u00e9cision. Commandez la v\u00f4tre d\u00e8s maintenant.","robots":{"index":"index","follow":"follow","max-snippet":"max-snippet:-1","max-image-preview":"max-image-preview:large","max-video-preview":"max-video-preview:-1"},"canonical":"https:\/\/www.31degres.be\/en\/product\/hugo-boss-dapper-hb1513926\/","og_locale":"en_GB","og_type":"article","og_title":"Hugo Boss Dapper HB1513926 : Montre pour Hommes","og_description":"Optez pour l'\u00e9l\u00e9gance intemporelle avec la montre Hugo Boss Dapper HB1513926. D\u00e9couvrez le mariage parfait du style et de la pr\u00e9cision. Commandez la v\u00f4tre d\u00e8s maintenant.","og_url":"https:\/\/www.31degres.be\/en\/product\/hugo-boss-dapper-hb1513926\/","og_site_name":"31 Degr\u00e9s Boutique","article_publisher":"https:\/\/www.facebook.com\/31degresboutique","article_modified_time":"2026-01-20T11:55:30+00:00","og_image":[{"width":1000,"height":1000,"url":"https:\/\/www.31degres.be\/wp-content\/uploads\/2024\/01\/hugo-boss-dapper-1513926.webp","type":"image\/webp"}],"twitter_card":"summary_large_image","twitter_misc":{"Estimated reading time":"2 minutes"},"schema":{"@context":"https:\/\/schema.org","@graph":[{"@type":"WebPage","@id":"https:\/\/www.31degres.be\/produit\/hugo-boss-dapper-hb1513926\/","url":"https:\/\/www.31degres.be\/produit\/hugo-boss-dapper-hb1513926\/","name":"Hugo Boss Dapper HB1513926 : Montre pour Hommes","isPartOf":{"@id":"https:\/\/www.31degres.be\/#website"},"primaryImageOfPage":{"@id":"https:\/\/www.31degres.be\/produit\/hugo-boss-dapper-hb1513926\/#primaryimage"},"image":{"@id":"https:\/\/www.31degres.be\/produit\/hugo-boss-dapper-hb1513926\/#primaryimage"},"thumbnailUrl":"https:\/\/i0.wp.com\/www.31degres.be\/wp-content\/uploads\/2024\/01\/hugo-boss-dapper-1513926.webp?fit=1000%2C1000&ssl=1","datePublished":"2024-02-12T10:48:44+00:00","dateModified":"2026-01-20T11:55:30+00:00","description":"Optez pour l'\u00e9l\u00e9gance intemporelle avec la montre Hugo Boss Dapper HB1513926. D\u00e9couvrez le mariage parfait du style et de la pr\u00e9cision. Commandez la v\u00f4tre d\u00e8s maintenant.","breadcrumb":{"@id":"https:\/\/www.31degres.be\/produit\/hugo-boss-dapper-hb1513926\/#breadcrumb"},"inLanguage":"en-GB","potentialAction":[{"@type":"ReadAction","target":["https:\/\/www.31degres.be\/produit\/hugo-boss-dapper-hb1513926\/"]}]},{"@type":"ImageObject","inLanguage":"en-GB","@id":"https:\/\/www.31degres.be\/produit\/hugo-boss-dapper-hb1513926\/#primaryimage","url":"https:\/\/i0.wp.com\/www.31degres.be\/wp-content\/uploads\/2024\/01\/hugo-boss-dapper-1513926.webp?fit=1000%2C1000&ssl=1","contentUrl":"https:\/\/i0.wp.com\/www.31degres.be\/wp-content\/uploads\/2024\/01\/hugo-boss-dapper-1513926.webp?fit=1000%2C1000&ssl=1","width":1000,"height":1000,"caption":"HUGO BOSS DAPPER HB1513926"},{"@type":"BreadcrumbList","@id":"https:\/\/www.31degres.be\/produit\/hugo-boss-dapper-hb1513926\/#breadcrumb","itemListElement":[{"@type":"ListItem","position":1,"name":"Accueil","item":"https:\/\/www.31degres.be\/"},{"@type":"ListItem","position":2,"name":"Boutique","item":"https:\/\/www.31degres.be\/boutique\/"},{"@type":"ListItem","position":3,"name":"HUGO BOSS DAPPER HB1513926"}]},{"@type":"WebSite","@id":"https:\/\/www.31degres.be\/#website","url":"https:\/\/www.31degres.be\/","name":"31 Degr\u00e9s Boutique","description":"Always With Style","publisher":{"@id":"https:\/\/www.31degres.be\/#organization"},"alternateName":"31 Degr\u00e9s Boutique","potentialAction":[{"@type":"SearchAction","target":{"@type":"EntryPoint","urlTemplate":"https:\/\/www.31degres.be\/?s={search_term_string}"},"query-input":{"@type":"PropertyValueSpecification","valueRequired":true,"valueName":"search_term_string"}}],"inLanguage":"en-GB"},{"@type":"Organization","@id":"https:\/\/www.31degres.be\/#organization","name":"31 Degr\u00e9s Boutique","url":"https:\/\/www.31degres.be\/","logo":{"@type":"ImageObject","inLanguage":"en-GB","@id":"https:\/\/www.31degres.be\/#\/schema\/logo\/image\/","url":"https:\/\/i0.wp.com\/www.31degres.be\/wp-content\/uploads\/2023\/08\/cropped-cropped-31-DEGRES-LOGO-FINALai.png?fit=1468%2C408&ssl=1","contentUrl":"https:\/\/i0.wp.com\/www.31degres.be\/wp-content\/uploads\/2023\/08\/cropped-cropped-31-DEGRES-LOGO-FINALai.png?fit=1468%2C408&ssl=1","width":1468,"height":408,"caption":"31 Degr\u00e9s Boutique"},"image":{"@id":"https:\/\/www.31degres.be\/#\/schema\/logo\/image\/"},"sameAs":["https:\/\/www.facebook.com\/31degresboutique","https:\/\/instagram.com\/31degresboutique?igshid=OGQ5ZDc2ODk2ZA==","https:\/\/t.snapchat.com\/TYq1giLw"]}]}},"jetpack_sharing_enabled":true,"_links":{"self":[{"href":"https:\/\/www.31degres.be\/en\/wp-json\/wp\/v2\/product\/7057","targetHints":{"allow":["GET"]}}],"collection":[{"href":"https:\/\/www.31degres.be\/en\/wp-json\/wp\/v2\/product"}],"about":[{"href":"https:\/\/www.31degres.be\/en\/wp-json\/wp\/v2\/types\/product"}],"version-history":[{"count":0,"href":"https:\/\/www.31degres.be\/en\/wp-json\/wp\/v2\/product\/7057\/revisions"}],"wp:featuredmedia":[{"embeddable":true,"href":"https:\/\/www.31degres.be\/en\/wp-json\/wp\/v2\/media\/7060"}],"wp:attachment":[{"href":"https:\/\/www.31degres.be\/en\/wp-json\/wp\/v2\/media?parent=7057"}],"wp:term":[{"taxonomy":"product_brand","embeddable":true,"href":"https:\/\/www.31degres.be\/en\/wp-json\/wp\/v2\/product_brand?post=7057"},{"taxonomy":"product_cat","embeddable":true,"href":"https:\/\/www.31degres.be\/en\/wp-json\/wp\/v2\/product_cat?post=7057"},{"taxonomy":"product_tag","embeddable":true,"href":"https:\/\/www.31degres.be\/en\/wp-json\/wp\/v2\/product_tag?post=7057"}],"curies":[{"name":"wp","href":"https:\/\/api.w.org\/{rel}","templated":true}]}}