{"id":7089,"date":"2024-02-12T16:15:38","date_gmt":"2024-02-12T15:15:38","guid":{"rendered":"https:\/\/www.31degres.be\/?post_type=product&#038;p=7089"},"modified":"2026-02-11T01:35:28","modified_gmt":"2026-02-11T00:35:28","slug":"burberry-bu9382-cuir-noir","status":"publish","type":"product","link":"https:\/\/www.31degres.be\/en\/product\/burberry-bu9382-cuir-noir\/","title":{"rendered":"Burberry BU9382 Black Leather"},"content":{"rendered":"<p>D\u00e9couvrez l&#8217;\u00e9l\u00e9gance intemporelle avec la montre Burberry BU9382 Cuir Noir!<\/p>\n<p>Soyez pr\u00eat \u00e0 \u00eatre captiv\u00e9 par la fusion parfaite de style et de fonctionnalit\u00e9. La BU9382 incarne l&#8217;essence du luxe avec son bracelet en cuir noir d&#8217;une qualit\u00e9 exceptionnelle, offrant un confort in\u00e9gal\u00e9 tout au long de la journ\u00e9e.<\/p>\n<p>Impr\u00e9gnez-vous de la sophistication \u00e0 chaque instant gr\u00e2ce au cadran raffin\u00e9, o\u00f9 chaque d\u00e9tail compte. Les aiguilles lumineuses et les index marqu\u00e9s garantissent une lisibilit\u00e9 optimale, m\u00eame dans l&#8217;obscurit\u00e9.<\/p>\n<p>Exprimez votre style personnel avec ce bijou intemporel. Son design \u00e9pur\u00e9 et moderne s&#8217;adapte \u00e0 toutes les occasions, du bureau \u00e0 une soir\u00e9e chic. Portez la BU9382 et laissez votre poignet faire la d\u00e9claration ultime de votre raffinement.<\/p>\n<p>Plongez dans la durabilit\u00e9 avec un bo\u00eetier r\u00e9sistant \u00e0 l&#8217;eau, vous permettant de vivre chaque moment sans contrainte. Cette montre est bien plus qu&#8217;un accessoire, c&#8217;est un compagnon fiable qui r\u00e9siste aux rigueurs de la vie quotidienne.<\/p>\n<p>En un coup d&#8217;\u0153il, la montre <a href=\"https:\/\/www.31degres.be\/en\/product-category\/montres-homme\/burberry-montres-homme\/\">Burberry<\/a> BU9382 Cuir Noir vous transporte dans un monde de style, de pr\u00e9cision et de durabilit\u00e9. C&#8217;est bien plus qu&#8217;une montre &#8211; c&#8217;est une d\u00e9claration de votre individualit\u00e9. Faites partie de l&#8217;\u00e9lite de la mode, commandez la v\u00f4tre maintenant et vivez l&#8217;exp\u00e9rience du temps avec \u00e9l\u00e9gance.<\/p>\n<p>Also discover the model Burberry <a href=\"https:\/\/www.31degres.be\/en\/product\/burberry-bu9902-the-city\/\">BU9902<\/a>.<\/p>","protected":false},"excerpt":{"rendered":"<p><img decoding=\"async\" class=\"alignnone wp-image-77303 aligncenter\" src=\"https:\/\/www.31degres.be\/wp-content\/uploads\/2025\/01\/Trustpilot-Excellent-300x21.png\" alt=\"\" width=\"271\" height=\"19\" srcset=\"https:\/\/i0.wp.com\/www.31degres.be\/wp-content\/uploads\/2025\/01\/Trustpilot-Excellent.png?resize=300%2C21&amp;ssl=1 300w, https:\/\/i0.wp.com\/www.31degres.be\/wp-content\/uploads\/2025\/01\/Trustpilot-Excellent.png?resize=1024%2C73&amp;ssl=1 1024w, https:\/\/i0.wp.com\/www.31degres.be\/wp-content\/uploads\/2025\/01\/Trustpilot-Excellent.png?resize=768%2C55&amp;ssl=1 768w, https:\/\/i0.wp.com\/www.31degres.be\/wp-content\/uploads\/2025\/01\/Trustpilot-Excellent.png?resize=1536%2C109&amp;ssl=1 1536w, https:\/\/i0.wp.com\/www.31degres.be\/wp-content\/uploads\/2025\/01\/Trustpilot-Excellent.png?resize=18%2C1&amp;ssl=1 18w, https:\/\/i0.wp.com\/www.31degres.be\/wp-content\/uploads\/2025\/01\/Trustpilot-Excellent.png?resize=600%2C43&amp;ssl=1 600w, https:\/\/i0.wp.com\/www.31degres.be\/wp-content\/uploads\/2025\/01\/Trustpilot-Excellent.png?w=1600&amp;ssl=1 1600w\" sizes=\"(max-width: 271px) 100vw, 271px\" \/><br \/>\n\u2714\ufe0f 2 years warranty on all watches<br \/>\n\u2714\ufe0f Satisfied or refunded 14 days<br \/>\n\u2714\ufe0f Fast Delivery<\/p>\n<p>\ud83c\udf81 <em data-start=\"599\" data-end=\"632\"><strong><a href=\"https:\/\/www.31degres.be\/en\/programme-de-fidelite\/\">\u2714 \u20ac1 spent = 1 loyalty point<\/a>.<\/strong><br \/>\n<strong>\u2764\ufe0f <a href=\"https:\/\/www.31degres.be\/en\/engagement-solidaire\/\">5% donated to help the most needy.<\/a><\/strong><br \/>\n<\/em><\/p>","protected":false},"featured_media":7090,"template":"","meta":{"site-sidebar-layout":"default","site-content-layout":"default","ast-site-content-layout":"default","site-content-style":"default","site-sidebar-style":"default","ast-global-header-display":"","ast-banner-title-visibility":"","ast-main-header-display":"","ast-hfb-above-header-display":"","ast-hfb-below-header-display":"","ast-hfb-mobile-header-display":"","site-post-title":"","ast-breadcrumbs-content":"","ast-featured-img":"","footer-sml-layout":"","theme-transparent-header-meta":"disabled","adv-header-id-meta":"","stick-header-meta":"","header-above-stick-meta":"","header-main-stick-meta":"","header-below-stick-meta":"","astra-migrate-meta-layouts":"set","ast-page-background-enabled":"default","ast-page-background-meta":{"desktop":{"background-color":"","background-image":"","background-repeat":"repeat","background-position":"center center","background-size":"auto","background-attachment":"scroll","background-type":"","background-media":"","overlay-type":"","overlay-color":"","overlay-opacity":"","overlay-gradient":""},"tablet":{"background-color":"","background-image":"","background-repeat":"repeat","background-position":"center center","background-size":"auto","background-attachment":"scroll","background-type":"","background-media":"","overlay-type":"","overlay-color":"","overlay-opacity":"","overlay-gradient":""},"mobile":{"background-color":"","background-image":"","background-repeat":"repeat","background-position":"center center","background-size":"auto","background-attachment":"scroll","background-type":"","background-media":"","overlay-type":"","overlay-color":"","overlay-opacity":"","overlay-gradient":""}},"ast-content-background-meta":{"desktop":{"background-color":"var(--ast-global-color-5)","background-image":"","background-repeat":"repeat","background-position":"center center","background-size":"auto","background-attachment":"scroll","background-type":"","background-media":"","overlay-type":"","overlay-color":"","overlay-opacity":"","overlay-gradient":""},"tablet":{"background-color":"var(--ast-global-color-5)","background-image":"","background-repeat":"repeat","background-position":"center center","background-size":"auto","background-attachment":"scroll","background-type":"","background-media":"","overlay-type":"","overlay-color":"","overlay-opacity":"","overlay-gradient":""},"mobile":{"background-color":"var(--ast-global-color-5)","background-image":"","background-repeat":"repeat","background-position":"center center","background-size":"auto","background-attachment":"scroll","background-type":"","background-media":"","overlay-type":"","overlay-color":"","overlay-opacity":"","overlay-gradient":""}}},"product_brand":[],"product_cat":[72],"product_tag":[513,163,158,148],"class_list":{"0":"post-7089","1":"product","2":"type-product","3":"status-publish","4":"has-post-thumbnail","6":"product_cat-burberry-montres-homme","7":"product_tag-513","8":"product_tag-burberry","9":"product_tag-cuir","10":"product_tag-noir","11":"desktop-align-left","12":"tablet-align-left","13":"mobile-align-left","15":"first","16":"instock","17":"sale","18":"taxable","19":"shipping-taxable","20":"purchasable","21":"product-type-simple"},"yoast_head":"<!-- This site is optimized with the Yoast SEO plugin v27.3 - https:\/\/yoast.com\/product\/yoast-seo-wordpress\/ -->\n<title>Burberry BU9382 cuir noir: Montre Homme, Alliance Parfaite de Luxe et de Modernit\u00e9<\/title>\n<meta name=\"description\" content=\"Optez pour l&#039;\u00e9l\u00e9gance intemporelle avec la montre Burberry BU9382 Cuir Noir. D\u00e9couvrez le luxe alli\u00e9 \u00e0 la pr\u00e9cision suisse. Un accessoire incontournable.\" \/>\n<meta name=\"robots\" content=\"index, follow, max-snippet:-1, max-image-preview:large, max-video-preview:-1\" \/>\n<link rel=\"canonical\" href=\"https:\/\/www.31degres.be\/en\/product\/burberry-bu9382-cuir-noir\/\" \/>\n<meta property=\"og:locale\" content=\"en_GB\" \/>\n<meta property=\"og:type\" content=\"article\" \/>\n<meta property=\"og:title\" content=\"Burberry BU9382 cuir noir: Montre Homme, Alliance Parfaite de Luxe et de Modernit\u00e9\" \/>\n<meta property=\"og:description\" content=\"Optez pour l&#039;\u00e9l\u00e9gance intemporelle avec la montre Burberry BU9382 Cuir Noir. D\u00e9couvrez le luxe alli\u00e9 \u00e0 la pr\u00e9cision suisse. Un accessoire incontournable.\" \/>\n<meta property=\"og:url\" content=\"https:\/\/www.31degres.be\/en\/product\/burberry-bu9382-cuir-noir\/\" \/>\n<meta property=\"og:site_name\" content=\"31 Degr\u00e9s Boutique\" \/>\n<meta property=\"article:publisher\" content=\"https:\/\/www.facebook.com\/31degresboutique\" \/>\n<meta property=\"article:modified_time\" content=\"2026-02-11T00:35:28+00:00\" \/>\n<meta property=\"og:image\" content=\"https:\/\/www.31degres.be\/wp-content\/uploads\/2024\/02\/BU9382.webp\" \/>\n\t<meta property=\"og:image:width\" content=\"794\" \/>\n\t<meta property=\"og:image:height\" content=\"794\" \/>\n\t<meta property=\"og:image:type\" content=\"image\/webp\" \/>\n<meta name=\"twitter:card\" content=\"summary_large_image\" \/>\n<meta name=\"twitter:label1\" content=\"Estimated reading time\" \/>\n\t<meta name=\"twitter:data1\" content=\"2 minutes\" \/>\n<script type=\"application\/ld+json\" class=\"yoast-schema-graph\">{\"@context\":\"https:\\\/\\\/schema.org\",\"@graph\":[{\"@type\":\"WebPage\",\"@id\":\"https:\\\/\\\/www.31degres.be\\\/produit\\\/burberry-bu9382-cuir-noir\\\/\",\"url\":\"https:\\\/\\\/www.31degres.be\\\/produit\\\/burberry-bu9382-cuir-noir\\\/\",\"name\":\"Burberry BU9382 cuir noir: Montre Homme, Alliance Parfaite de Luxe et de Modernit\u00e9\",\"isPartOf\":{\"@id\":\"https:\\\/\\\/www.31degres.be\\\/#website\"},\"primaryImageOfPage\":{\"@id\":\"https:\\\/\\\/www.31degres.be\\\/produit\\\/burberry-bu9382-cuir-noir\\\/#primaryimage\"},\"image\":{\"@id\":\"https:\\\/\\\/www.31degres.be\\\/produit\\\/burberry-bu9382-cuir-noir\\\/#primaryimage\"},\"thumbnailUrl\":\"https:\\\/\\\/i0.wp.com\\\/www.31degres.be\\\/wp-content\\\/uploads\\\/2024\\\/02\\\/BU9382.webp?fit=794%2C794&ssl=1\",\"datePublished\":\"2024-02-12T15:15:38+00:00\",\"dateModified\":\"2026-02-11T00:35:28+00:00\",\"description\":\"Optez pour l'\u00e9l\u00e9gance intemporelle avec la montre Burberry BU9382 Cuir Noir. D\u00e9couvrez le luxe alli\u00e9 \u00e0 la pr\u00e9cision suisse. Un accessoire incontournable.\",\"breadcrumb\":{\"@id\":\"https:\\\/\\\/www.31degres.be\\\/produit\\\/burberry-bu9382-cuir-noir\\\/#breadcrumb\"},\"inLanguage\":\"en-GB\",\"potentialAction\":[{\"@type\":\"ReadAction\",\"target\":[\"https:\\\/\\\/www.31degres.be\\\/produit\\\/burberry-bu9382-cuir-noir\\\/\"]}]},{\"@type\":\"ImageObject\",\"inLanguage\":\"en-GB\",\"@id\":\"https:\\\/\\\/www.31degres.be\\\/produit\\\/burberry-bu9382-cuir-noir\\\/#primaryimage\",\"url\":\"https:\\\/\\\/i0.wp.com\\\/www.31degres.be\\\/wp-content\\\/uploads\\\/2024\\\/02\\\/BU9382.webp?fit=794%2C794&ssl=1\",\"contentUrl\":\"https:\\\/\\\/i0.wp.com\\\/www.31degres.be\\\/wp-content\\\/uploads\\\/2024\\\/02\\\/BU9382.webp?fit=794%2C794&ssl=1\",\"width\":794,\"height\":794,\"caption\":\"Burberry BU9382 Cuir Noir\"},{\"@type\":\"BreadcrumbList\",\"@id\":\"https:\\\/\\\/www.31degres.be\\\/produit\\\/burberry-bu9382-cuir-noir\\\/#breadcrumb\",\"itemListElement\":[{\"@type\":\"ListItem\",\"position\":1,\"name\":\"Accueil\",\"item\":\"https:\\\/\\\/www.31degres.be\\\/\"},{\"@type\":\"ListItem\",\"position\":2,\"name\":\"Boutique\",\"item\":\"https:\\\/\\\/www.31degres.be\\\/boutique\\\/\"},{\"@type\":\"ListItem\",\"position\":3,\"name\":\"Burberry BU9382 Cuir Noir\"}]},{\"@type\":\"WebSite\",\"@id\":\"https:\\\/\\\/www.31degres.be\\\/#website\",\"url\":\"https:\\\/\\\/www.31degres.be\\\/\",\"name\":\"31 Degr\u00e9s Boutique\",\"description\":\"Always With Style\",\"publisher\":{\"@id\":\"https:\\\/\\\/www.31degres.be\\\/#organization\"},\"alternateName\":\"31 Degr\u00e9s Boutique\",\"potentialAction\":[{\"@type\":\"SearchAction\",\"target\":{\"@type\":\"EntryPoint\",\"urlTemplate\":\"https:\\\/\\\/www.31degres.be\\\/?s={search_term_string}\"},\"query-input\":{\"@type\":\"PropertyValueSpecification\",\"valueRequired\":true,\"valueName\":\"search_term_string\"}}],\"inLanguage\":\"en-GB\"},{\"@type\":\"Organization\",\"@id\":\"https:\\\/\\\/www.31degres.be\\\/#organization\",\"name\":\"31 Degr\u00e9s Boutique\",\"url\":\"https:\\\/\\\/www.31degres.be\\\/\",\"logo\":{\"@type\":\"ImageObject\",\"inLanguage\":\"en-GB\",\"@id\":\"https:\\\/\\\/www.31degres.be\\\/#\\\/schema\\\/logo\\\/image\\\/\",\"url\":\"https:\\\/\\\/i0.wp.com\\\/www.31degres.be\\\/wp-content\\\/uploads\\\/2023\\\/08\\\/cropped-cropped-31-DEGRES-LOGO-FINALai.png?fit=1468%2C408&ssl=1\",\"contentUrl\":\"https:\\\/\\\/i0.wp.com\\\/www.31degres.be\\\/wp-content\\\/uploads\\\/2023\\\/08\\\/cropped-cropped-31-DEGRES-LOGO-FINALai.png?fit=1468%2C408&ssl=1\",\"width\":1468,\"height\":408,\"caption\":\"31 Degr\u00e9s Boutique\"},\"image\":{\"@id\":\"https:\\\/\\\/www.31degres.be\\\/#\\\/schema\\\/logo\\\/image\\\/\"},\"sameAs\":[\"https:\\\/\\\/www.facebook.com\\\/31degresboutique\",\"https:\\\/\\\/instagram.com\\\/31degresboutique?igshid=OGQ5ZDc2ODk2ZA==\",\"https:\\\/\\\/t.snapchat.com\\\/TYq1giLw\"]}]}<\/script>\n<!-- \/ Yoast SEO plugin. -->","yoast_head_json":{"title":"Burberry BU9382 cuir noir: Montre Homme, Alliance Parfaite de Luxe et de Modernit\u00e9","description":"Optez pour l'\u00e9l\u00e9gance intemporelle avec la montre Burberry BU9382 Cuir Noir. D\u00e9couvrez le luxe alli\u00e9 \u00e0 la pr\u00e9cision suisse. Un accessoire incontournable.","robots":{"index":"index","follow":"follow","max-snippet":"max-snippet:-1","max-image-preview":"max-image-preview:large","max-video-preview":"max-video-preview:-1"},"canonical":"https:\/\/www.31degres.be\/en\/product\/burberry-bu9382-cuir-noir\/","og_locale":"en_GB","og_type":"article","og_title":"Burberry BU9382 cuir noir: Montre Homme, Alliance Parfaite de Luxe et de Modernit\u00e9","og_description":"Optez pour l'\u00e9l\u00e9gance intemporelle avec la montre Burberry BU9382 Cuir Noir. D\u00e9couvrez le luxe alli\u00e9 \u00e0 la pr\u00e9cision suisse. Un accessoire incontournable.","og_url":"https:\/\/www.31degres.be\/en\/product\/burberry-bu9382-cuir-noir\/","og_site_name":"31 Degr\u00e9s Boutique","article_publisher":"https:\/\/www.facebook.com\/31degresboutique","article_modified_time":"2026-02-11T00:35:28+00:00","og_image":[{"width":794,"height":794,"url":"https:\/\/www.31degres.be\/wp-content\/uploads\/2024\/02\/BU9382.webp","type":"image\/webp"}],"twitter_card":"summary_large_image","twitter_misc":{"Estimated reading time":"2 minutes"},"schema":{"@context":"https:\/\/schema.org","@graph":[{"@type":"WebPage","@id":"https:\/\/www.31degres.be\/produit\/burberry-bu9382-cuir-noir\/","url":"https:\/\/www.31degres.be\/produit\/burberry-bu9382-cuir-noir\/","name":"Burberry BU9382 cuir noir: Montre Homme, Alliance Parfaite de Luxe et de Modernit\u00e9","isPartOf":{"@id":"https:\/\/www.31degres.be\/#website"},"primaryImageOfPage":{"@id":"https:\/\/www.31degres.be\/produit\/burberry-bu9382-cuir-noir\/#primaryimage"},"image":{"@id":"https:\/\/www.31degres.be\/produit\/burberry-bu9382-cuir-noir\/#primaryimage"},"thumbnailUrl":"https:\/\/i0.wp.com\/www.31degres.be\/wp-content\/uploads\/2024\/02\/BU9382.webp?fit=794%2C794&ssl=1","datePublished":"2024-02-12T15:15:38+00:00","dateModified":"2026-02-11T00:35:28+00:00","description":"Optez pour l'\u00e9l\u00e9gance intemporelle avec la montre Burberry BU9382 Cuir Noir. D\u00e9couvrez le luxe alli\u00e9 \u00e0 la pr\u00e9cision suisse. Un accessoire incontournable.","breadcrumb":{"@id":"https:\/\/www.31degres.be\/produit\/burberry-bu9382-cuir-noir\/#breadcrumb"},"inLanguage":"en-GB","potentialAction":[{"@type":"ReadAction","target":["https:\/\/www.31degres.be\/produit\/burberry-bu9382-cuir-noir\/"]}]},{"@type":"ImageObject","inLanguage":"en-GB","@id":"https:\/\/www.31degres.be\/produit\/burberry-bu9382-cuir-noir\/#primaryimage","url":"https:\/\/i0.wp.com\/www.31degres.be\/wp-content\/uploads\/2024\/02\/BU9382.webp?fit=794%2C794&ssl=1","contentUrl":"https:\/\/i0.wp.com\/www.31degres.be\/wp-content\/uploads\/2024\/02\/BU9382.webp?fit=794%2C794&ssl=1","width":794,"height":794,"caption":"Burberry BU9382 Cuir Noir"},{"@type":"BreadcrumbList","@id":"https:\/\/www.31degres.be\/produit\/burberry-bu9382-cuir-noir\/#breadcrumb","itemListElement":[{"@type":"ListItem","position":1,"name":"Accueil","item":"https:\/\/www.31degres.be\/"},{"@type":"ListItem","position":2,"name":"Boutique","item":"https:\/\/www.31degres.be\/boutique\/"},{"@type":"ListItem","position":3,"name":"Burberry BU9382 Cuir Noir"}]},{"@type":"WebSite","@id":"https:\/\/www.31degres.be\/#website","url":"https:\/\/www.31degres.be\/","name":"31 Degr\u00e9s Boutique","description":"Always With Style","publisher":{"@id":"https:\/\/www.31degres.be\/#organization"},"alternateName":"31 Degr\u00e9s Boutique","potentialAction":[{"@type":"SearchAction","target":{"@type":"EntryPoint","urlTemplate":"https:\/\/www.31degres.be\/?s={search_term_string}"},"query-input":{"@type":"PropertyValueSpecification","valueRequired":true,"valueName":"search_term_string"}}],"inLanguage":"en-GB"},{"@type":"Organization","@id":"https:\/\/www.31degres.be\/#organization","name":"31 Degr\u00e9s Boutique","url":"https:\/\/www.31degres.be\/","logo":{"@type":"ImageObject","inLanguage":"en-GB","@id":"https:\/\/www.31degres.be\/#\/schema\/logo\/image\/","url":"https:\/\/i0.wp.com\/www.31degres.be\/wp-content\/uploads\/2023\/08\/cropped-cropped-31-DEGRES-LOGO-FINALai.png?fit=1468%2C408&ssl=1","contentUrl":"https:\/\/i0.wp.com\/www.31degres.be\/wp-content\/uploads\/2023\/08\/cropped-cropped-31-DEGRES-LOGO-FINALai.png?fit=1468%2C408&ssl=1","width":1468,"height":408,"caption":"31 Degr\u00e9s Boutique"},"image":{"@id":"https:\/\/www.31degres.be\/#\/schema\/logo\/image\/"},"sameAs":["https:\/\/www.facebook.com\/31degresboutique","https:\/\/instagram.com\/31degresboutique?igshid=OGQ5ZDc2ODk2ZA==","https:\/\/t.snapchat.com\/TYq1giLw"]}]}},"jetpack_sharing_enabled":true,"_links":{"self":[{"href":"https:\/\/www.31degres.be\/en\/wp-json\/wp\/v2\/product\/7089","targetHints":{"allow":["GET"]}}],"collection":[{"href":"https:\/\/www.31degres.be\/en\/wp-json\/wp\/v2\/product"}],"about":[{"href":"https:\/\/www.31degres.be\/en\/wp-json\/wp\/v2\/types\/product"}],"version-history":[{"count":0,"href":"https:\/\/www.31degres.be\/en\/wp-json\/wp\/v2\/product\/7089\/revisions"}],"wp:featuredmedia":[{"embeddable":true,"href":"https:\/\/www.31degres.be\/en\/wp-json\/wp\/v2\/media\/7090"}],"wp:attachment":[{"href":"https:\/\/www.31degres.be\/en\/wp-json\/wp\/v2\/media?parent=7089"}],"wp:term":[{"taxonomy":"product_brand","embeddable":true,"href":"https:\/\/www.31degres.be\/en\/wp-json\/wp\/v2\/product_brand?post=7089"},{"taxonomy":"product_cat","embeddable":true,"href":"https:\/\/www.31degres.be\/en\/wp-json\/wp\/v2\/product_cat?post=7089"},{"taxonomy":"product_tag","embeddable":true,"href":"https:\/\/www.31degres.be\/en\/wp-json\/wp\/v2\/product_tag?post=7089"}],"curies":[{"name":"wp","href":"https:\/\/api.w.org\/{rel}","templated":true}]}}