{"id":7303,"date":"2024-05-01T15:14:37","date_gmt":"2024-05-01T13:14:37","guid":{"rendered":"https:\/\/www.31degres.be\/produit\/carte-cadeau\/"},"modified":"2025-06-02T00:02:48","modified_gmt":"2025-06-01T22:02:48","slug":"carte-cadeau","status":"publish","type":"product","link":"https:\/\/www.31degres.be\/en\/product\/carte-cadeau\/","title":{"rendered":"Gift Card"},"content":{"rendered":"<p>Make a difference by offering the perfect gift for any occasion with our Gift Cards.<\/p>\n<p><strong>How does it work? It's very simple !<\/strong><\/p>\n<ol>\n<li>Select the amount you wish to offer<\/li>\n<li>Indiquez l&#8217;adresse mail du destinataire<\/li>\n<li>Write a message and sign your name<\/li>\n<\/ol>\n<p>Passez au paiement et c&#8217;est tout.<\/p>\n<hr \/>\n<p><strong>Endless gifts, endless smiles<\/strong><\/p>\n<p>Avec nos Cartes Cadeaux, offrez le pouvoir du choix. Des anniversaires aux mariages, nos cartes sont une invitation \u00e0 l&#8217;excitation, \u00e0 la d\u00e9couverte et au bonheur. Offrez \u00e0 vos proches la libert\u00e9 de choisir parmi une multitude d&#8217;options, garantissant ainsi un sourire radieux \u00e0 chaque r\u00e9ception.<\/p>\n<p><strong>Simplifiez vos achats, maximisez le bonheur<\/strong><\/p>\n<p>Ne perdez plus de temps \u00e0 chercher le cadeau parfait. Nos gift cards \u00e9liminent le stress du choix en offrant une solution simple et \u00e9l\u00e9gante \u00e0 tous vos besoins de cadeaux. Avec une seule carte, vous offrez un monde d&#8217;options, garantissant ainsi que chaque destinataire trouve exactement ce la montre qu&#8217;il\/elle d\u00e9sire.<\/p>\n<p><strong>A beautiful watch, the perfect gift<\/strong><\/p>\n<p>Faites briller les yeux de vos proches avec nos cartes cadeaux. Offrez-leur la joie de d\u00e9couvrir leur cadeau id\u00e9al parmi des centaines de choix. Avec nos cartes, vous pouvez \u00eatre s\u00fbr de voir un sourire radieux sur leur visage. \u00c9vitez les conjectures et les retours en offrant une exp\u00e9rience d&#8217;achat personnalis\u00e9e qui les ravira \u00e0 coup s\u00fbr. Donnez-leur le cadeau qui leur permet de choisir leur propre bonheur.<\/p>","protected":false},"excerpt":{"rendered":"<hr \/>\n<p>\u2705 -10 % on all gift cards<br \/>\n\ud83d\udce9 Receive the gift card by mail<br \/>\n\u2714\ufe0f 2 years warranty on all watches<br \/>\n\ud83d\udd04  Satisfied or refunded 14 Days<\/p>","protected":false},"featured_media":7288,"template":"elementor_theme","meta":{"site-sidebar-layout":"default","site-content-layout":"default","ast-site-content-layout":"default","site-content-style":"default","site-sidebar-style":"default","ast-global-header-display":"","ast-banner-title-visibility":"","ast-main-header-display":"","ast-hfb-above-header-display":"","ast-hfb-below-header-display":"","ast-hfb-mobile-header-display":"","site-post-title":"","ast-breadcrumbs-content":"","ast-featured-img":"","footer-sml-layout":"","theme-transparent-header-meta":"disabled","adv-header-id-meta":"","stick-header-meta":"","header-above-stick-meta":"","header-main-stick-meta":"","header-below-stick-meta":"","astra-migrate-meta-layouts":"set","ast-page-background-enabled":"default","ast-page-background-meta":{"desktop":{"background-color":"","background-image":"","background-repeat":"repeat","background-position":"center center","background-size":"auto","background-attachment":"scroll","background-type":"","background-media":"","overlay-type":"","overlay-color":"","overlay-opacity":"","overlay-gradient":""},"tablet":{"background-color":"","background-image":"","background-repeat":"repeat","background-position":"center center","background-size":"auto","background-attachment":"scroll","background-type":"","background-media":"","overlay-type":"","overlay-color":"","overlay-opacity":"","overlay-gradient":""},"mobile":{"background-color":"","background-image":"","background-repeat":"repeat","background-position":"center center","background-size":"auto","background-attachment":"scroll","background-type":"","background-media":"","overlay-type":"","overlay-color":"","overlay-opacity":"","overlay-gradient":""}},"ast-content-background-meta":{"desktop":{"background-color":"var(--ast-global-color-5)","background-image":"","background-repeat":"repeat","background-position":"center center","background-size":"auto","background-attachment":"scroll","background-type":"","background-media":"","overlay-type":"","overlay-color":"","overlay-opacity":"","overlay-gradient":""},"tablet":{"background-color":"var(--ast-global-color-5)","background-image":"","background-repeat":"repeat","background-position":"center center","background-size":"auto","background-attachment":"scroll","background-type":"","background-media":"","overlay-type":"","overlay-color":"","overlay-opacity":"","overlay-gradient":""},"mobile":{"background-color":"var(--ast-global-color-5)","background-image":"","background-repeat":"repeat","background-position":"center center","background-size":"auto","background-attachment":"scroll","background-type":"","background-media":"","overlay-type":"","overlay-color":"","overlay-opacity":"","overlay-gradient":""}}},"product_brand":[],"product_cat":[523],"product_tag":[520,521,519],"class_list":{"0":"post-7303","1":"product","2":"type-product","3":"status-publish","4":"has-post-thumbnail","6":"product_cat-carte-cadeau","7":"product_tag-cadeau","8":"product_tag-carte-cadeau","9":"product_tag-gift-card","10":"desktop-align-left","11":"tablet-align-left","12":"mobile-align-left","14":"first","15":"instock","16":"sale","17":"purchasable","18":"product-type-pw-gift-card"},"yoast_head":"<!-- This site is optimized with the Yoast SEO plugin v27.5 - https:\/\/yoast.com\/product\/yoast-seo-wordpress\/ -->\n<title>Carte cadeau | Le cadeau id\u00e9al avec nos montres \u00e9l\u00e9gantes<\/title>\n<meta name=\"description\" content=\"Offrez une carte cadeau \u00e0 vos proches pour une exp\u00e9rience inoubliable. Choisissez la libert\u00e9 du choix pour toutes les occasions.\" \/>\n<meta name=\"robots\" content=\"index, follow, max-snippet:-1, max-image-preview:large, max-video-preview:-1\" \/>\n<link rel=\"canonical\" href=\"https:\/\/www.31degres.be\/en\/product\/carte-cadeau\/\" \/>\n<meta property=\"og:locale\" content=\"en_GB\" \/>\n<meta property=\"og:type\" content=\"article\" \/>\n<meta property=\"og:title\" content=\"Carte cadeau | Le cadeau id\u00e9al avec nos montres \u00e9l\u00e9gantes\" \/>\n<meta property=\"og:description\" content=\"Offrez une carte cadeau \u00e0 vos proches pour une exp\u00e9rience inoubliable. Choisissez la libert\u00e9 du choix pour toutes les occasions.\" \/>\n<meta property=\"og:url\" content=\"https:\/\/www.31degres.be\/en\/product\/carte-cadeau\/\" \/>\n<meta property=\"og:site_name\" content=\"31 Degr\u00e9s Boutique\" \/>\n<meta property=\"article:publisher\" content=\"https:\/\/www.facebook.com\/31degresboutique\" \/>\n<meta property=\"article:modified_time\" content=\"2025-06-01T22:02:48+00:00\" \/>\n<meta property=\"og:image\" content=\"https:\/\/www.31degres.be\/wp-content\/uploads\/2024\/05\/gift-card.webp\" \/>\n\t<meta property=\"og:image:width\" content=\"512\" \/>\n\t<meta property=\"og:image:height\" content=\"512\" \/>\n\t<meta property=\"og:image:type\" content=\"image\/webp\" \/>\n<meta name=\"twitter:card\" content=\"summary_large_image\" \/>\n<meta name=\"twitter:label1\" content=\"Estimated reading time\" \/>\n\t<meta name=\"twitter:data1\" content=\"2 minutes\" \/>\n<script type=\"application\/ld+json\" class=\"yoast-schema-graph\">{\"@context\":\"https:\\\/\\\/schema.org\",\"@graph\":[{\"@type\":\"WebPage\",\"@id\":\"https:\\\/\\\/www.31degres.be\\\/produit\\\/carte-cadeau\\\/\",\"url\":\"https:\\\/\\\/www.31degres.be\\\/produit\\\/carte-cadeau\\\/\",\"name\":\"Carte cadeau | Le cadeau id\u00e9al avec nos montres \u00e9l\u00e9gantes\",\"isPartOf\":{\"@id\":\"https:\\\/\\\/www.31degres.be\\\/#website\"},\"primaryImageOfPage\":{\"@id\":\"https:\\\/\\\/www.31degres.be\\\/produit\\\/carte-cadeau\\\/#primaryimage\"},\"image\":{\"@id\":\"https:\\\/\\\/www.31degres.be\\\/produit\\\/carte-cadeau\\\/#primaryimage\"},\"thumbnailUrl\":\"https:\\\/\\\/i0.wp.com\\\/www.31degres.be\\\/wp-content\\\/uploads\\\/2024\\\/05\\\/gift-card.webp?fit=512%2C512&ssl=1\",\"datePublished\":\"2024-05-01T13:14:37+00:00\",\"dateModified\":\"2025-06-01T22:02:48+00:00\",\"description\":\"Offrez une carte cadeau \u00e0 vos proches pour une exp\u00e9rience inoubliable. Choisissez la libert\u00e9 du choix pour toutes les occasions.\",\"breadcrumb\":{\"@id\":\"https:\\\/\\\/www.31degres.be\\\/produit\\\/carte-cadeau\\\/#breadcrumb\"},\"inLanguage\":\"en-GB\",\"potentialAction\":[{\"@type\":\"ReadAction\",\"target\":[\"https:\\\/\\\/www.31degres.be\\\/produit\\\/carte-cadeau\\\/\"]}]},{\"@type\":\"ImageObject\",\"inLanguage\":\"en-GB\",\"@id\":\"https:\\\/\\\/www.31degres.be\\\/produit\\\/carte-cadeau\\\/#primaryimage\",\"url\":\"https:\\\/\\\/i0.wp.com\\\/www.31degres.be\\\/wp-content\\\/uploads\\\/2024\\\/05\\\/gift-card.webp?fit=512%2C512&ssl=1\",\"contentUrl\":\"https:\\\/\\\/i0.wp.com\\\/www.31degres.be\\\/wp-content\\\/uploads\\\/2024\\\/05\\\/gift-card.webp?fit=512%2C512&ssl=1\",\"width\":512,\"height\":512,\"caption\":\"Carte cadeau\"},{\"@type\":\"BreadcrumbList\",\"@id\":\"https:\\\/\\\/www.31degres.be\\\/produit\\\/carte-cadeau\\\/#breadcrumb\",\"itemListElement\":[{\"@type\":\"ListItem\",\"position\":1,\"name\":\"Accueil\",\"item\":\"https:\\\/\\\/www.31degres.be\\\/\"},{\"@type\":\"ListItem\",\"position\":2,\"name\":\"Boutique\",\"item\":\"https:\\\/\\\/www.31degres.be\\\/boutique\\\/\"},{\"@type\":\"ListItem\",\"position\":3,\"name\":\"Gift Card\"}]},{\"@type\":\"WebSite\",\"@id\":\"https:\\\/\\\/www.31degres.be\\\/#website\",\"url\":\"https:\\\/\\\/www.31degres.be\\\/\",\"name\":\"31 Degr\u00e9s Boutique\",\"description\":\"Always With Style\",\"publisher\":{\"@id\":\"https:\\\/\\\/www.31degres.be\\\/#organization\"},\"alternateName\":\"31 Degr\u00e9s Boutique\",\"potentialAction\":[{\"@type\":\"SearchAction\",\"target\":{\"@type\":\"EntryPoint\",\"urlTemplate\":\"https:\\\/\\\/www.31degres.be\\\/?s={search_term_string}\"},\"query-input\":{\"@type\":\"PropertyValueSpecification\",\"valueRequired\":true,\"valueName\":\"search_term_string\"}}],\"inLanguage\":\"en-GB\"},{\"@type\":\"Organization\",\"@id\":\"https:\\\/\\\/www.31degres.be\\\/#organization\",\"name\":\"31 Degr\u00e9s Boutique\",\"url\":\"https:\\\/\\\/www.31degres.be\\\/\",\"logo\":{\"@type\":\"ImageObject\",\"inLanguage\":\"en-GB\",\"@id\":\"https:\\\/\\\/www.31degres.be\\\/#\\\/schema\\\/logo\\\/image\\\/\",\"url\":\"https:\\\/\\\/i0.wp.com\\\/www.31degres.be\\\/wp-content\\\/uploads\\\/2023\\\/08\\\/cropped-cropped-31-DEGRES-LOGO-FINALai.png?fit=1468%2C408&ssl=1\",\"contentUrl\":\"https:\\\/\\\/i0.wp.com\\\/www.31degres.be\\\/wp-content\\\/uploads\\\/2023\\\/08\\\/cropped-cropped-31-DEGRES-LOGO-FINALai.png?fit=1468%2C408&ssl=1\",\"width\":1468,\"height\":408,\"caption\":\"31 Degr\u00e9s Boutique\"},\"image\":{\"@id\":\"https:\\\/\\\/www.31degres.be\\\/#\\\/schema\\\/logo\\\/image\\\/\"},\"sameAs\":[\"https:\\\/\\\/www.facebook.com\\\/31degresboutique\",\"https:\\\/\\\/instagram.com\\\/31degresboutique?igshid=OGQ5ZDc2ODk2ZA==\",\"https:\\\/\\\/t.snapchat.com\\\/TYq1giLw\"]}]}<\/script>\n<!-- \/ Yoast SEO plugin. -->","yoast_head_json":{"title":"Carte cadeau | Le cadeau id\u00e9al avec nos montres \u00e9l\u00e9gantes","description":"Offrez une carte cadeau \u00e0 vos proches pour une exp\u00e9rience inoubliable. Choisissez la libert\u00e9 du choix pour toutes les occasions.","robots":{"index":"index","follow":"follow","max-snippet":"max-snippet:-1","max-image-preview":"max-image-preview:large","max-video-preview":"max-video-preview:-1"},"canonical":"https:\/\/www.31degres.be\/en\/product\/carte-cadeau\/","og_locale":"en_GB","og_type":"article","og_title":"Carte cadeau | Le cadeau id\u00e9al avec nos montres \u00e9l\u00e9gantes","og_description":"Offrez une carte cadeau \u00e0 vos proches pour une exp\u00e9rience inoubliable. Choisissez la libert\u00e9 du choix pour toutes les occasions.","og_url":"https:\/\/www.31degres.be\/en\/product\/carte-cadeau\/","og_site_name":"31 Degr\u00e9s Boutique","article_publisher":"https:\/\/www.facebook.com\/31degresboutique","article_modified_time":"2025-06-01T22:02:48+00:00","og_image":[{"width":512,"height":512,"url":"https:\/\/www.31degres.be\/wp-content\/uploads\/2024\/05\/gift-card.webp","type":"image\/webp"}],"twitter_card":"summary_large_image","twitter_misc":{"Estimated reading time":"2 minutes"},"schema":{"@context":"https:\/\/schema.org","@graph":[{"@type":"WebPage","@id":"https:\/\/www.31degres.be\/produit\/carte-cadeau\/","url":"https:\/\/www.31degres.be\/produit\/carte-cadeau\/","name":"Carte cadeau | Le cadeau id\u00e9al avec nos montres \u00e9l\u00e9gantes","isPartOf":{"@id":"https:\/\/www.31degres.be\/#website"},"primaryImageOfPage":{"@id":"https:\/\/www.31degres.be\/produit\/carte-cadeau\/#primaryimage"},"image":{"@id":"https:\/\/www.31degres.be\/produit\/carte-cadeau\/#primaryimage"},"thumbnailUrl":"https:\/\/i0.wp.com\/www.31degres.be\/wp-content\/uploads\/2024\/05\/gift-card.webp?fit=512%2C512&ssl=1","datePublished":"2024-05-01T13:14:37+00:00","dateModified":"2025-06-01T22:02:48+00:00","description":"Offrez une carte cadeau \u00e0 vos proches pour une exp\u00e9rience inoubliable. Choisissez la libert\u00e9 du choix pour toutes les occasions.","breadcrumb":{"@id":"https:\/\/www.31degres.be\/produit\/carte-cadeau\/#breadcrumb"},"inLanguage":"en-GB","potentialAction":[{"@type":"ReadAction","target":["https:\/\/www.31degres.be\/produit\/carte-cadeau\/"]}]},{"@type":"ImageObject","inLanguage":"en-GB","@id":"https:\/\/www.31degres.be\/produit\/carte-cadeau\/#primaryimage","url":"https:\/\/i0.wp.com\/www.31degres.be\/wp-content\/uploads\/2024\/05\/gift-card.webp?fit=512%2C512&ssl=1","contentUrl":"https:\/\/i0.wp.com\/www.31degres.be\/wp-content\/uploads\/2024\/05\/gift-card.webp?fit=512%2C512&ssl=1","width":512,"height":512,"caption":"Carte cadeau"},{"@type":"BreadcrumbList","@id":"https:\/\/www.31degres.be\/produit\/carte-cadeau\/#breadcrumb","itemListElement":[{"@type":"ListItem","position":1,"name":"Accueil","item":"https:\/\/www.31degres.be\/"},{"@type":"ListItem","position":2,"name":"Boutique","item":"https:\/\/www.31degres.be\/boutique\/"},{"@type":"ListItem","position":3,"name":"Gift Card"}]},{"@type":"WebSite","@id":"https:\/\/www.31degres.be\/#website","url":"https:\/\/www.31degres.be\/","name":"31 Degr\u00e9s Boutique","description":"Always With Style","publisher":{"@id":"https:\/\/www.31degres.be\/#organization"},"alternateName":"31 Degr\u00e9s Boutique","potentialAction":[{"@type":"SearchAction","target":{"@type":"EntryPoint","urlTemplate":"https:\/\/www.31degres.be\/?s={search_term_string}"},"query-input":{"@type":"PropertyValueSpecification","valueRequired":true,"valueName":"search_term_string"}}],"inLanguage":"en-GB"},{"@type":"Organization","@id":"https:\/\/www.31degres.be\/#organization","name":"31 Degr\u00e9s Boutique","url":"https:\/\/www.31degres.be\/","logo":{"@type":"ImageObject","inLanguage":"en-GB","@id":"https:\/\/www.31degres.be\/#\/schema\/logo\/image\/","url":"https:\/\/i0.wp.com\/www.31degres.be\/wp-content\/uploads\/2023\/08\/cropped-cropped-31-DEGRES-LOGO-FINALai.png?fit=1468%2C408&ssl=1","contentUrl":"https:\/\/i0.wp.com\/www.31degres.be\/wp-content\/uploads\/2023\/08\/cropped-cropped-31-DEGRES-LOGO-FINALai.png?fit=1468%2C408&ssl=1","width":1468,"height":408,"caption":"31 Degr\u00e9s Boutique"},"image":{"@id":"https:\/\/www.31degres.be\/#\/schema\/logo\/image\/"},"sameAs":["https:\/\/www.facebook.com\/31degresboutique","https:\/\/instagram.com\/31degresboutique?igshid=OGQ5ZDc2ODk2ZA==","https:\/\/t.snapchat.com\/TYq1giLw"]}]}},"jetpack_sharing_enabled":true,"_links":{"self":[{"href":"https:\/\/www.31degres.be\/en\/wp-json\/wp\/v2\/product\/7303","targetHints":{"allow":["GET"]}}],"collection":[{"href":"https:\/\/www.31degres.be\/en\/wp-json\/wp\/v2\/product"}],"about":[{"href":"https:\/\/www.31degres.be\/en\/wp-json\/wp\/v2\/types\/product"}],"version-history":[{"count":0,"href":"https:\/\/www.31degres.be\/en\/wp-json\/wp\/v2\/product\/7303\/revisions"}],"wp:featuredmedia":[{"embeddable":true,"href":"https:\/\/www.31degres.be\/en\/wp-json\/wp\/v2\/media\/7288"}],"wp:attachment":[{"href":"https:\/\/www.31degres.be\/en\/wp-json\/wp\/v2\/media?parent=7303"}],"wp:term":[{"taxonomy":"product_brand","embeddable":true,"href":"https:\/\/www.31degres.be\/en\/wp-json\/wp\/v2\/product_brand?post=7303"},{"taxonomy":"product_cat","embeddable":true,"href":"https:\/\/www.31degres.be\/en\/wp-json\/wp\/v2\/product_cat?post=7303"},{"taxonomy":"product_tag","embeddable":true,"href":"https:\/\/www.31degres.be\/en\/wp-json\/wp\/v2\/product_tag?post=7303"}],"curies":[{"name":"wp","href":"https:\/\/api.w.org\/{rel}","templated":true}]}}