{"id":7740,"date":"2024-08-06T23:31:00","date_gmt":"2024-08-06T21:31:00","guid":{"rendered":"https:\/\/www.31degres.be\/?post_type=product&#038;p=7740"},"modified":"2026-03-06T14:07:37","modified_gmt":"2026-03-06T13:07:37","slug":"tissot-prx-40mm-bleu-t137-410-11-041-00","status":"publish","type":"product","link":"https:\/\/www.31degres.be\/en\/product\/tissot-prx-40mm-bleu-t137-410-11-041-00\/","title":{"rendered":"TISSOT PRX 40MM Blue"},"content":{"rendered":"<p><strong>D\u00e9couvrez la TISSOT PRX 40 mm : \u00c9l\u00e9gance et Performance<\/strong><\/p>\n<p>Elevate your style with the TISSOT PRX 40 mm watch, designed for the modern man who values precision and elegance. With its timeless design and advanced features, this watch is more than just an accessory.<\/p>\n<p><strong>Features :<\/strong><\/p>\n<ul>\n<li><strong>Timeless design:<\/strong> The TISSOT PRX 40 mm features a polished stainless steel case and integrated bracelet, offering a refined look that suits any occasion.<\/li>\n<li><strong>Swiss Precision :<\/strong> Equipped with a high-quality quartz movement, this watch ensures unequalled precision, guaranteeing that you will always be on time.<\/li>\n<li><strong>Resistance and durability:<\/strong> Water-resistant to 100 metres, this watch is designed to withstand everyday challenges, while retaining its elegant allure.<\/li>\n<\/ul>\n<p><strong>Why should you choose the TISSOT PRX 40 mm watch?<\/strong><\/p>\n<p>The TISSOT PRX 40 mm is not just a watch, it's a style statement. Perfect for professionals and watch enthusiasts alike, it offers the perfect combination of functionality and sophistication. Imagine yourself wearing this masterpiece, which commands admiration and embodies understated luxury.<\/p>\n<p>Don't miss the opportunity to add this exceptional piece to your collection. With the TISSOT PRX 40 mm, experience Swiss watchmaking perfection, designed for those who demand the best. Add it to your collection now and take your style to the next level.<\/p>\n<p><strong>TISSOT PRX 40 mm - Where elegance meets precision.<\/strong><\/p>","protected":false},"excerpt":{"rendered":"<p><img decoding=\"async\" class=\"alignnone wp-image-77303 aligncenter\" src=\"https:\/\/www.31degres.be\/wp-content\/uploads\/2025\/01\/Trustpilot-Excellent-300x21.png\" alt=\"\" width=\"271\" height=\"19\" srcset=\"https:\/\/i0.wp.com\/www.31degres.be\/wp-content\/uploads\/2025\/01\/Trustpilot-Excellent.png?resize=300%2C21&amp;ssl=1 300w, https:\/\/i0.wp.com\/www.31degres.be\/wp-content\/uploads\/2025\/01\/Trustpilot-Excellent.png?resize=1024%2C73&amp;ssl=1 1024w, https:\/\/i0.wp.com\/www.31degres.be\/wp-content\/uploads\/2025\/01\/Trustpilot-Excellent.png?resize=768%2C55&amp;ssl=1 768w, https:\/\/i0.wp.com\/www.31degres.be\/wp-content\/uploads\/2025\/01\/Trustpilot-Excellent.png?resize=1536%2C109&amp;ssl=1 1536w, https:\/\/i0.wp.com\/www.31degres.be\/wp-content\/uploads\/2025\/01\/Trustpilot-Excellent.png?resize=18%2C1&amp;ssl=1 18w, https:\/\/i0.wp.com\/www.31degres.be\/wp-content\/uploads\/2025\/01\/Trustpilot-Excellent.png?resize=600%2C43&amp;ssl=1 600w, https:\/\/i0.wp.com\/www.31degres.be\/wp-content\/uploads\/2025\/01\/Trustpilot-Excellent.png?w=1600&amp;ssl=1 1600w\" sizes=\"(max-width: 271px) 100vw, 271px\" \/><br \/>\n\u2714\ufe0f 2 years warranty on all watches<br \/>\n\u2714\ufe0f Satisfied or refunded 14 days<br \/>\n\u2714\ufe0f Fast Delivery<\/p>\n<p>\ud83c\udf81 <em data-start=\"599\" data-end=\"632\"><strong><a href=\"https:\/\/www.31degres.be\/en\/programme-de-fidelite\/\">\u2714 \u20ac1 spent = 1 loyalty point<\/a>.<\/strong><br \/>\n<strong>\u2764\ufe0f <a href=\"https:\/\/www.31degres.be\/en\/engagement-solidaire\/\">5% donated to help the most needy.<\/a><\/strong><br \/>\n<\/em><\/p>","protected":false},"featured_media":7744,"template":"","meta":{"site-sidebar-layout":"default","site-content-layout":"","ast-site-content-layout":"default","site-content-style":"default","site-sidebar-style":"default","ast-global-header-display":"","ast-banner-title-visibility":"","ast-main-header-display":"","ast-hfb-above-header-display":"","ast-hfb-below-header-display":"","ast-hfb-mobile-header-display":"","site-post-title":"","ast-breadcrumbs-content":"","ast-featured-img":"","footer-sml-layout":"","theme-transparent-header-meta":"disabled","adv-header-id-meta":"","stick-header-meta":"","header-above-stick-meta":"","header-main-stick-meta":"","header-below-stick-meta":"","astra-migrate-meta-layouts":"set","ast-page-background-enabled":"default","ast-page-background-meta":{"desktop":{"background-color":"","background-image":"","background-repeat":"repeat","background-position":"center center","background-size":"auto","background-attachment":"scroll","background-type":"","background-media":"","overlay-type":"","overlay-color":"","overlay-opacity":"","overlay-gradient":""},"tablet":{"background-color":"","background-image":"","background-repeat":"repeat","background-position":"center center","background-size":"auto","background-attachment":"scroll","background-type":"","background-media":"","overlay-type":"","overlay-color":"","overlay-opacity":"","overlay-gradient":""},"mobile":{"background-color":"","background-image":"","background-repeat":"repeat","background-position":"center center","background-size":"auto","background-attachment":"scroll","background-type":"","background-media":"","overlay-type":"","overlay-color":"","overlay-opacity":"","overlay-gradient":""}},"ast-content-background-meta":{"desktop":{"background-color":"var(--ast-global-color-5)","background-image":"","background-repeat":"repeat","background-position":"center center","background-size":"auto","background-attachment":"scroll","background-type":"","background-media":"","overlay-type":"","overlay-color":"","overlay-opacity":"","overlay-gradient":""},"tablet":{"background-color":"var(--ast-global-color-5)","background-image":"","background-repeat":"repeat","background-position":"center center","background-size":"auto","background-attachment":"scroll","background-type":"","background-media":"","overlay-type":"","overlay-color":"","overlay-opacity":"","overlay-gradient":""},"mobile":{"background-color":"var(--ast-global-color-5)","background-image":"","background-repeat":"repeat","background-position":"center center","background-size":"auto","background-attachment":"scroll","background-type":"","background-media":"","overlay-type":"","overlay-color":"","overlay-opacity":"","overlay-gradient":""}}},"product_brand":[],"product_cat":[547],"product_tag":[119,546,549,548,545],"class_list":{"0":"post-7740","1":"product","2":"type-product","3":"status-publish","4":"has-post-thumbnail","6":"product_cat-tissot-homme","7":"product_tag-bleu","8":"product_tag-prx","9":"product_tag-t-classic","10":"product_tag-t137-410-11-041-00","11":"product_tag-tissot","12":"desktop-align-left","13":"tablet-align-left","14":"mobile-align-left","16":"first","17":"onbackorder","18":"taxable","19":"shipping-taxable","20":"purchasable","21":"product-type-simple"},"yoast_head":"<!-- This site is optimized with the Yoast SEO plugin v27.3 - https:\/\/yoast.com\/product\/yoast-seo-wordpress\/ -->\n<title>Montre TISSOT PRX T137.410.11.041.00 - Style et Performance<\/title>\n<meta name=\"description\" content=\"Montre TISSOT PRX 40 mm pour hommes : \u00e9l\u00e9gance, pr\u00e9cision et performance r\u00e9unies dans un design intemporel. Parfaite pour toutes les occasions.\" \/>\n<meta name=\"robots\" content=\"index, follow, max-snippet:-1, max-image-preview:large, max-video-preview:-1\" \/>\n<link rel=\"canonical\" href=\"https:\/\/www.31degres.be\/en\/product\/tissot-prx-40mm-bleu-t137-410-11-041-00\/\" \/>\n<meta property=\"og:locale\" content=\"en_GB\" \/>\n<meta property=\"og:type\" content=\"article\" \/>\n<meta property=\"og:title\" content=\"Montre TISSOT PRX T137.410.11.041.00 - Style et Performance\" \/>\n<meta property=\"og:description\" content=\"Montre TISSOT PRX 40 mm pour hommes : \u00e9l\u00e9gance, pr\u00e9cision et performance r\u00e9unies dans un design intemporel. Parfaite pour toutes les occasions.\" \/>\n<meta property=\"og:url\" content=\"https:\/\/www.31degres.be\/en\/product\/tissot-prx-40mm-bleu-t137-410-11-041-00\/\" \/>\n<meta property=\"og:site_name\" content=\"31 Degr\u00e9s Boutique\" \/>\n<meta property=\"article:publisher\" content=\"https:\/\/www.facebook.com\/31degresboutique\" \/>\n<meta property=\"article:modified_time\" content=\"2026-03-06T13:07:37+00:00\" \/>\n<meta property=\"og:image\" content=\"https:\/\/www.31degres.be\/wp-content\/uploads\/2024\/08\/Montre-Tissot-T-Classic-PRX-T137.410.11.041.00.webp\" \/>\n\t<meta property=\"og:image:width\" content=\"800\" \/>\n\t<meta property=\"og:image:height\" content=\"800\" \/>\n\t<meta property=\"og:image:type\" content=\"image\/webp\" \/>\n<meta name=\"twitter:card\" content=\"summary_large_image\" \/>\n<meta name=\"twitter:label1\" content=\"Estimated reading time\" \/>\n\t<meta name=\"twitter:data1\" content=\"2 minutes\" \/>\n<script type=\"application\/ld+json\" class=\"yoast-schema-graph\">{\"@context\":\"https:\\\/\\\/schema.org\",\"@graph\":[{\"@type\":\"WebPage\",\"@id\":\"https:\\\/\\\/www.31degres.be\\\/produit\\\/tissot-prx-40mm-bleu-t137-410-11-041-00\\\/\",\"url\":\"https:\\\/\\\/www.31degres.be\\\/produit\\\/tissot-prx-40mm-bleu-t137-410-11-041-00\\\/\",\"name\":\"Montre TISSOT PRX T137.410.11.041.00 - Style et Performance\",\"isPartOf\":{\"@id\":\"https:\\\/\\\/www.31degres.be\\\/#website\"},\"primaryImageOfPage\":{\"@id\":\"https:\\\/\\\/www.31degres.be\\\/produit\\\/tissot-prx-40mm-bleu-t137-410-11-041-00\\\/#primaryimage\"},\"image\":{\"@id\":\"https:\\\/\\\/www.31degres.be\\\/produit\\\/tissot-prx-40mm-bleu-t137-410-11-041-00\\\/#primaryimage\"},\"thumbnailUrl\":\"https:\\\/\\\/i0.wp.com\\\/www.31degres.be\\\/wp-content\\\/uploads\\\/2024\\\/08\\\/Montre-Tissot-T-Classic-PRX-T137.410.11.041.00.webp?fit=800%2C800&ssl=1\",\"datePublished\":\"2024-08-06T21:31:00+00:00\",\"dateModified\":\"2026-03-06T13:07:37+00:00\",\"description\":\"Montre TISSOT PRX 40 mm pour hommes : \u00e9l\u00e9gance, pr\u00e9cision et performance r\u00e9unies dans un design intemporel. Parfaite pour toutes les occasions.\",\"breadcrumb\":{\"@id\":\"https:\\\/\\\/www.31degres.be\\\/produit\\\/tissot-prx-40mm-bleu-t137-410-11-041-00\\\/#breadcrumb\"},\"inLanguage\":\"en-GB\",\"potentialAction\":[{\"@type\":\"ReadAction\",\"target\":[\"https:\\\/\\\/www.31degres.be\\\/produit\\\/tissot-prx-40mm-bleu-t137-410-11-041-00\\\/\"]}]},{\"@type\":\"ImageObject\",\"inLanguage\":\"en-GB\",\"@id\":\"https:\\\/\\\/www.31degres.be\\\/produit\\\/tissot-prx-40mm-bleu-t137-410-11-041-00\\\/#primaryimage\",\"url\":\"https:\\\/\\\/i0.wp.com\\\/www.31degres.be\\\/wp-content\\\/uploads\\\/2024\\\/08\\\/Montre-Tissot-T-Classic-PRX-T137.410.11.041.00.webp?fit=800%2C800&ssl=1\",\"contentUrl\":\"https:\\\/\\\/i0.wp.com\\\/www.31degres.be\\\/wp-content\\\/uploads\\\/2024\\\/08\\\/Montre-Tissot-T-Classic-PRX-T137.410.11.041.00.webp?fit=800%2C800&ssl=1\",\"width\":800,\"height\":800,\"caption\":\"Montre TISSOT PRX 40 mm\"},{\"@type\":\"BreadcrumbList\",\"@id\":\"https:\\\/\\\/www.31degres.be\\\/produit\\\/tissot-prx-40mm-bleu-t137-410-11-041-00\\\/#breadcrumb\",\"itemListElement\":[{\"@type\":\"ListItem\",\"position\":1,\"name\":\"Accueil\",\"item\":\"https:\\\/\\\/www.31degres.be\\\/\"},{\"@type\":\"ListItem\",\"position\":2,\"name\":\"Boutique\",\"item\":\"https:\\\/\\\/www.31degres.be\\\/boutique\\\/\"},{\"@type\":\"ListItem\",\"position\":3,\"name\":\"TISSOT PRX 40MM Bleu\"}]},{\"@type\":\"WebSite\",\"@id\":\"https:\\\/\\\/www.31degres.be\\\/#website\",\"url\":\"https:\\\/\\\/www.31degres.be\\\/\",\"name\":\"31 Degr\u00e9s Boutique\",\"description\":\"Always With Style\",\"publisher\":{\"@id\":\"https:\\\/\\\/www.31degres.be\\\/#organization\"},\"alternateName\":\"31 Degr\u00e9s Boutique\",\"potentialAction\":[{\"@type\":\"SearchAction\",\"target\":{\"@type\":\"EntryPoint\",\"urlTemplate\":\"https:\\\/\\\/www.31degres.be\\\/?s={search_term_string}\"},\"query-input\":{\"@type\":\"PropertyValueSpecification\",\"valueRequired\":true,\"valueName\":\"search_term_string\"}}],\"inLanguage\":\"en-GB\"},{\"@type\":\"Organization\",\"@id\":\"https:\\\/\\\/www.31degres.be\\\/#organization\",\"name\":\"31 Degr\u00e9s Boutique\",\"url\":\"https:\\\/\\\/www.31degres.be\\\/\",\"logo\":{\"@type\":\"ImageObject\",\"inLanguage\":\"en-GB\",\"@id\":\"https:\\\/\\\/www.31degres.be\\\/#\\\/schema\\\/logo\\\/image\\\/\",\"url\":\"https:\\\/\\\/i0.wp.com\\\/www.31degres.be\\\/wp-content\\\/uploads\\\/2023\\\/08\\\/cropped-cropped-31-DEGRES-LOGO-FINALai.png?fit=1468%2C408&ssl=1\",\"contentUrl\":\"https:\\\/\\\/i0.wp.com\\\/www.31degres.be\\\/wp-content\\\/uploads\\\/2023\\\/08\\\/cropped-cropped-31-DEGRES-LOGO-FINALai.png?fit=1468%2C408&ssl=1\",\"width\":1468,\"height\":408,\"caption\":\"31 Degr\u00e9s Boutique\"},\"image\":{\"@id\":\"https:\\\/\\\/www.31degres.be\\\/#\\\/schema\\\/logo\\\/image\\\/\"},\"sameAs\":[\"https:\\\/\\\/www.facebook.com\\\/31degresboutique\",\"https:\\\/\\\/instagram.com\\\/31degresboutique?igshid=OGQ5ZDc2ODk2ZA==\",\"https:\\\/\\\/t.snapchat.com\\\/TYq1giLw\"]}]}<\/script>\n<!-- \/ Yoast SEO plugin. -->","yoast_head_json":{"title":"Montre TISSOT PRX T137.410.11.041.00 - Style et Performance","description":"Montre TISSOT PRX 40 mm pour hommes : \u00e9l\u00e9gance, pr\u00e9cision et performance r\u00e9unies dans un design intemporel. Parfaite pour toutes les occasions.","robots":{"index":"index","follow":"follow","max-snippet":"max-snippet:-1","max-image-preview":"max-image-preview:large","max-video-preview":"max-video-preview:-1"},"canonical":"https:\/\/www.31degres.be\/en\/product\/tissot-prx-40mm-bleu-t137-410-11-041-00\/","og_locale":"en_GB","og_type":"article","og_title":"Montre TISSOT PRX T137.410.11.041.00 - Style et Performance","og_description":"Montre TISSOT PRX 40 mm pour hommes : \u00e9l\u00e9gance, pr\u00e9cision et performance r\u00e9unies dans un design intemporel. Parfaite pour toutes les occasions.","og_url":"https:\/\/www.31degres.be\/en\/product\/tissot-prx-40mm-bleu-t137-410-11-041-00\/","og_site_name":"31 Degr\u00e9s Boutique","article_publisher":"https:\/\/www.facebook.com\/31degresboutique","article_modified_time":"2026-03-06T13:07:37+00:00","og_image":[{"width":800,"height":800,"url":"https:\/\/www.31degres.be\/wp-content\/uploads\/2024\/08\/Montre-Tissot-T-Classic-PRX-T137.410.11.041.00.webp","type":"image\/webp"}],"twitter_card":"summary_large_image","twitter_misc":{"Estimated reading time":"2 minutes"},"schema":{"@context":"https:\/\/schema.org","@graph":[{"@type":"WebPage","@id":"https:\/\/www.31degres.be\/produit\/tissot-prx-40mm-bleu-t137-410-11-041-00\/","url":"https:\/\/www.31degres.be\/produit\/tissot-prx-40mm-bleu-t137-410-11-041-00\/","name":"Montre TISSOT PRX T137.410.11.041.00 - Style et Performance","isPartOf":{"@id":"https:\/\/www.31degres.be\/#website"},"primaryImageOfPage":{"@id":"https:\/\/www.31degres.be\/produit\/tissot-prx-40mm-bleu-t137-410-11-041-00\/#primaryimage"},"image":{"@id":"https:\/\/www.31degres.be\/produit\/tissot-prx-40mm-bleu-t137-410-11-041-00\/#primaryimage"},"thumbnailUrl":"https:\/\/i0.wp.com\/www.31degres.be\/wp-content\/uploads\/2024\/08\/Montre-Tissot-T-Classic-PRX-T137.410.11.041.00.webp?fit=800%2C800&ssl=1","datePublished":"2024-08-06T21:31:00+00:00","dateModified":"2026-03-06T13:07:37+00:00","description":"Montre TISSOT PRX 40 mm pour hommes : \u00e9l\u00e9gance, pr\u00e9cision et performance r\u00e9unies dans un design intemporel. Parfaite pour toutes les occasions.","breadcrumb":{"@id":"https:\/\/www.31degres.be\/produit\/tissot-prx-40mm-bleu-t137-410-11-041-00\/#breadcrumb"},"inLanguage":"en-GB","potentialAction":[{"@type":"ReadAction","target":["https:\/\/www.31degres.be\/produit\/tissot-prx-40mm-bleu-t137-410-11-041-00\/"]}]},{"@type":"ImageObject","inLanguage":"en-GB","@id":"https:\/\/www.31degres.be\/produit\/tissot-prx-40mm-bleu-t137-410-11-041-00\/#primaryimage","url":"https:\/\/i0.wp.com\/www.31degres.be\/wp-content\/uploads\/2024\/08\/Montre-Tissot-T-Classic-PRX-T137.410.11.041.00.webp?fit=800%2C800&ssl=1","contentUrl":"https:\/\/i0.wp.com\/www.31degres.be\/wp-content\/uploads\/2024\/08\/Montre-Tissot-T-Classic-PRX-T137.410.11.041.00.webp?fit=800%2C800&ssl=1","width":800,"height":800,"caption":"Montre TISSOT PRX 40 mm"},{"@type":"BreadcrumbList","@id":"https:\/\/www.31degres.be\/produit\/tissot-prx-40mm-bleu-t137-410-11-041-00\/#breadcrumb","itemListElement":[{"@type":"ListItem","position":1,"name":"Accueil","item":"https:\/\/www.31degres.be\/"},{"@type":"ListItem","position":2,"name":"Boutique","item":"https:\/\/www.31degres.be\/boutique\/"},{"@type":"ListItem","position":3,"name":"TISSOT PRX 40MM Bleu"}]},{"@type":"WebSite","@id":"https:\/\/www.31degres.be\/#website","url":"https:\/\/www.31degres.be\/","name":"31 Degr\u00e9s Boutique","description":"Always With Style","publisher":{"@id":"https:\/\/www.31degres.be\/#organization"},"alternateName":"31 Degr\u00e9s Boutique","potentialAction":[{"@type":"SearchAction","target":{"@type":"EntryPoint","urlTemplate":"https:\/\/www.31degres.be\/?s={search_term_string}"},"query-input":{"@type":"PropertyValueSpecification","valueRequired":true,"valueName":"search_term_string"}}],"inLanguage":"en-GB"},{"@type":"Organization","@id":"https:\/\/www.31degres.be\/#organization","name":"31 Degr\u00e9s Boutique","url":"https:\/\/www.31degres.be\/","logo":{"@type":"ImageObject","inLanguage":"en-GB","@id":"https:\/\/www.31degres.be\/#\/schema\/logo\/image\/","url":"https:\/\/i0.wp.com\/www.31degres.be\/wp-content\/uploads\/2023\/08\/cropped-cropped-31-DEGRES-LOGO-FINALai.png?fit=1468%2C408&ssl=1","contentUrl":"https:\/\/i0.wp.com\/www.31degres.be\/wp-content\/uploads\/2023\/08\/cropped-cropped-31-DEGRES-LOGO-FINALai.png?fit=1468%2C408&ssl=1","width":1468,"height":408,"caption":"31 Degr\u00e9s Boutique"},"image":{"@id":"https:\/\/www.31degres.be\/#\/schema\/logo\/image\/"},"sameAs":["https:\/\/www.facebook.com\/31degresboutique","https:\/\/instagram.com\/31degresboutique?igshid=OGQ5ZDc2ODk2ZA==","https:\/\/t.snapchat.com\/TYq1giLw"]}]}},"jetpack_sharing_enabled":true,"_links":{"self":[{"href":"https:\/\/www.31degres.be\/en\/wp-json\/wp\/v2\/product\/7740","targetHints":{"allow":["GET"]}}],"collection":[{"href":"https:\/\/www.31degres.be\/en\/wp-json\/wp\/v2\/product"}],"about":[{"href":"https:\/\/www.31degres.be\/en\/wp-json\/wp\/v2\/types\/product"}],"version-history":[{"count":0,"href":"https:\/\/www.31degres.be\/en\/wp-json\/wp\/v2\/product\/7740\/revisions"}],"wp:featuredmedia":[{"embeddable":true,"href":"https:\/\/www.31degres.be\/en\/wp-json\/wp\/v2\/media\/7744"}],"wp:attachment":[{"href":"https:\/\/www.31degres.be\/en\/wp-json\/wp\/v2\/media?parent=7740"}],"wp:term":[{"taxonomy":"product_brand","embeddable":true,"href":"https:\/\/www.31degres.be\/en\/wp-json\/wp\/v2\/product_brand?post=7740"},{"taxonomy":"product_cat","embeddable":true,"href":"https:\/\/www.31degres.be\/en\/wp-json\/wp\/v2\/product_cat?post=7740"},{"taxonomy":"product_tag","embeddable":true,"href":"https:\/\/www.31degres.be\/en\/wp-json\/wp\/v2\/product_tag?post=7740"}],"curies":[{"name":"wp","href":"https:\/\/api.w.org\/{rel}","templated":true}]}}