{"id":7855,"date":"2024-08-12T13:52:21","date_gmt":"2024-08-12T11:52:21","guid":{"rendered":"https:\/\/www.31degres.be\/?post_type=product&#038;p=7855"},"modified":"2026-03-06T14:06:43","modified_gmt":"2026-03-06T13:06:43","slug":"tissot-prx-35mm-gold","status":"publish","type":"product","link":"https:\/\/www.31degres.be\/en\/product\/tissot-prx-35mm-gold\/","title":{"rendered":"TISSOT PRX 35MM Gold"},"content":{"rendered":"<p data-start=\"201\" data-end=\"262\">TISSOT PRX 35MM T137.210.33.021.00 Gold \u2013 L\u2019ic\u00f4ne dor\u00e9e du style f\u00e9minin<\/p>\n<p data-start=\"264\" data-end=\"499\">Faites briller votre poignet avec la TISSOT PRX 35MM Gold, un concentr\u00e9 d\u2019\u00e9l\u00e9gance suisse au design r\u00e9tro-chic inimitable. Inspir\u00e9e des ann\u00e9es 70, cette montre f\u00e9minine incarne l\u2019\u00e9quilibre parfait entre sophistication et modernit\u00e9.<\/p>\n<p data-start=\"501\" data-end=\"751\">Design dor\u00e9 raffin\u00e9<br data-start=\"527\" data-end=\"530\" \/>Son bo\u00eetier en acier inoxydable dor\u00e9 et son bracelet int\u00e9gr\u00e9 conf\u00e8rent une allure luxueuse, sans ostentation. Elle s\u2019impose comme un v\u00e9ritable bijou horloger, \u00e0 porter aussi bien au quotidien qu\u2019en soir\u00e9e.<\/p>\n<p data-start=\"753\" data-end=\"963\">Format id\u00e9al de 35 mm<br data-start=\"781\" data-end=\"784\" \/>Avec son diam\u00e8tre parfaitement proportionn\u00e9, la PRX \u00e9pouse tous les poignets avec finesse. Ce format assure un confort optimal, tout en affirmant une pr\u00e9sence chic et assum\u00e9e.<\/p>\n<p data-start=\"965\" data-end=\"1135\">Mouvement suisse \u00e0 quartz<br data-start=\"997\" data-end=\"1000\" \/>Pr\u00e9cise, fiable et durable, cette montre est anim\u00e9e par un mouvement quartz de qualit\u00e9 suisse, gage de performance au fil du temps.<\/p>\n<p data-start=\"1137\" data-end=\"1359\">Pens\u00e9e pour les femmes qui veulent allier \u00e9l\u00e9gance, qualit\u00e9 et caract\u00e8re, la TISSOT PRX 35MM T137.210.33.021.00 Gold ne passe pas inaper\u00e7ue. Elle \u00e9voque la r\u00e9ussite, le go\u00fbt s\u00fbr, et ce petit suppl\u00e9ment d\u2019\u00e2me qui fait toute la diff\u00e9rence.<\/p>\n<p data-start=\"1361\" data-end=\"1471\">Offrez-vous l\u2019essence du luxe accessible, sign\u00e9 <a href=\"https:\/\/www.31degres.be\/en\/product-category\/montres-femme\/tissot-femme\/\">Tissot<\/a>.<br data-start=\"1416\" data-end=\"1419\" \/>Exprimez votre style. Affirmez votre pr\u00e9sence.<\/p>","protected":false},"excerpt":{"rendered":"<p><img decoding=\"async\" class=\"alignnone wp-image-77303 aligncenter\" src=\"https:\/\/www.31degres.be\/wp-content\/uploads\/2025\/01\/Trustpilot-Excellent-300x21.png\" alt=\"\" width=\"271\" height=\"19\" srcset=\"https:\/\/i0.wp.com\/www.31degres.be\/wp-content\/uploads\/2025\/01\/Trustpilot-Excellent.png?resize=300%2C21&amp;ssl=1 300w, https:\/\/i0.wp.com\/www.31degres.be\/wp-content\/uploads\/2025\/01\/Trustpilot-Excellent.png?resize=1024%2C73&amp;ssl=1 1024w, https:\/\/i0.wp.com\/www.31degres.be\/wp-content\/uploads\/2025\/01\/Trustpilot-Excellent.png?resize=768%2C55&amp;ssl=1 768w, https:\/\/i0.wp.com\/www.31degres.be\/wp-content\/uploads\/2025\/01\/Trustpilot-Excellent.png?resize=1536%2C109&amp;ssl=1 1536w, https:\/\/i0.wp.com\/www.31degres.be\/wp-content\/uploads\/2025\/01\/Trustpilot-Excellent.png?resize=18%2C1&amp;ssl=1 18w, https:\/\/i0.wp.com\/www.31degres.be\/wp-content\/uploads\/2025\/01\/Trustpilot-Excellent.png?resize=600%2C43&amp;ssl=1 600w, https:\/\/i0.wp.com\/www.31degres.be\/wp-content\/uploads\/2025\/01\/Trustpilot-Excellent.png?w=1600&amp;ssl=1 1600w\" sizes=\"(max-width: 271px) 100vw, 271px\" \/><br \/>\n\u2714\ufe0f 2 years warranty on all watches<br \/>\n\u2714\ufe0f Satisfied or refunded 14 days<br \/>\n\u2714\ufe0f Fast Delivery<\/p>\n<p>\ud83c\udf81 <em data-start=\"599\" data-end=\"632\"><strong><a href=\"https:\/\/www.31degres.be\/en\/programme-de-fidelite\/\">\u2714 \u20ac1 spent = 1 loyalty point<\/a>.<\/strong><br \/>\n<strong>\u2764\ufe0f <a href=\"https:\/\/www.31degres.be\/en\/engagement-solidaire\/\">5% donated to help the most needy.<\/a><\/strong><br \/>\n<\/em><\/p>","protected":false},"featured_media":374390,"template":"","meta":{"site-sidebar-layout":"default","site-content-layout":"","ast-site-content-layout":"default","site-content-style":"default","site-sidebar-style":"default","ast-global-header-display":"","ast-banner-title-visibility":"","ast-main-header-display":"","ast-hfb-above-header-display":"","ast-hfb-below-header-display":"","ast-hfb-mobile-header-display":"","site-post-title":"","ast-breadcrumbs-content":"","ast-featured-img":"","footer-sml-layout":"","theme-transparent-header-meta":"disabled","adv-header-id-meta":"","stick-header-meta":"","header-above-stick-meta":"","header-main-stick-meta":"","header-below-stick-meta":"","astra-migrate-meta-layouts":"set","ast-page-background-enabled":"default","ast-page-background-meta":{"desktop":{"background-color":"","background-image":"","background-repeat":"repeat","background-position":"center center","background-size":"auto","background-attachment":"scroll","background-type":"","background-media":"","overlay-type":"","overlay-color":"","overlay-opacity":"","overlay-gradient":""},"tablet":{"background-color":"","background-image":"","background-repeat":"repeat","background-position":"center center","background-size":"auto","background-attachment":"scroll","background-type":"","background-media":"","overlay-type":"","overlay-color":"","overlay-opacity":"","overlay-gradient":""},"mobile":{"background-color":"","background-image":"","background-repeat":"repeat","background-position":"center center","background-size":"auto","background-attachment":"scroll","background-type":"","background-media":"","overlay-type":"","overlay-color":"","overlay-opacity":"","overlay-gradient":""}},"ast-content-background-meta":{"desktop":{"background-color":"var(--ast-global-color-5)","background-image":"","background-repeat":"repeat","background-position":"center center","background-size":"auto","background-attachment":"scroll","background-type":"","background-media":"","overlay-type":"","overlay-color":"","overlay-opacity":"","overlay-gradient":""},"tablet":{"background-color":"var(--ast-global-color-5)","background-image":"","background-repeat":"repeat","background-position":"center center","background-size":"auto","background-attachment":"scroll","background-type":"","background-media":"","overlay-type":"","overlay-color":"","overlay-opacity":"","overlay-gradient":""},"mobile":{"background-color":"var(--ast-global-color-5)","background-image":"","background-repeat":"repeat","background-position":"center center","background-size":"auto","background-attachment":"scroll","background-type":"","background-media":"","overlay-type":"","overlay-color":"","overlay-opacity":"","overlay-gradient":""}}},"product_brand":[728],"product_cat":[49,40,564,547],"product_tag":[80,404,226,546,702,545],"class_list":{"0":"post-7855","1":"product","2":"type-product","3":"status-publish","4":"has-post-thumbnail","6":"product_brand-tissot","7":"product_cat-montres-femme","8":"product_cat-montres-homme","9":"product_cat-tissot-femme","10":"product_cat-tissot-homme","11":"product_tag-dore","12":"product_tag-gold","13":"product_tag-or","14":"product_tag-prx","15":"product_tag-t137-210-33-021-00","16":"product_tag-tissot","17":"desktop-align-left","18":"tablet-align-left","19":"mobile-align-left","21":"first","22":"onbackorder","23":"taxable","24":"shipping-taxable","25":"purchasable","26":"product-type-simple"},"yoast_head":"<!-- This site is optimized with the Yoast SEO plugin v27.3 - https:\/\/yoast.com\/product\/yoast-seo-wordpress\/ -->\n<title>TISSOT PRX 35MM T137.210.33.021.00 Dor\u00e9 Femme \u2013 \u00c9l\u00e9gance Suisse<\/title>\n<meta name=\"description\" content=\"TISSOT PRX 35MM T137.210.33.021.00 pour femme en acier dor\u00e9. Un bijou horloger au design r\u00e9tro-chic suisse, alliant \u00e9l\u00e9gance, finesse et pr\u00e9cision.\" \/>\n<meta name=\"robots\" content=\"index, follow, max-snippet:-1, max-image-preview:large, max-video-preview:-1\" \/>\n<link rel=\"canonical\" href=\"https:\/\/www.31degres.be\/en\/product\/tissot-prx-35mm-gold\/\" \/>\n<meta property=\"og:locale\" content=\"en_GB\" \/>\n<meta property=\"og:type\" content=\"article\" \/>\n<meta property=\"og:title\" content=\"TISSOT PRX 35MM T137.210.33.021.00 Dor\u00e9 Femme \u2013 \u00c9l\u00e9gance Suisse\" \/>\n<meta property=\"og:description\" content=\"TISSOT PRX 35MM T137.210.33.021.00 pour femme en acier dor\u00e9. Un bijou horloger au design r\u00e9tro-chic suisse, alliant \u00e9l\u00e9gance, finesse et pr\u00e9cision.\" \/>\n<meta property=\"og:url\" content=\"https:\/\/www.31degres.be\/en\/product\/tissot-prx-35mm-gold\/\" \/>\n<meta property=\"og:site_name\" content=\"31 Degr\u00e9s Boutique\" \/>\n<meta property=\"article:publisher\" content=\"https:\/\/www.facebook.com\/31degresboutique\" \/>\n<meta property=\"article:modified_time\" content=\"2026-03-06T13:06:43+00:00\" \/>\n<meta property=\"og:image\" content=\"https:\/\/www.31degres.be\/wp-content\/uploads\/2024\/08\/TISSOT-PRX-GOLD-T137.210.33.021.001.webp\" \/>\n\t<meta property=\"og:image:width\" content=\"800\" \/>\n\t<meta property=\"og:image:height\" content=\"800\" \/>\n\t<meta property=\"og:image:type\" content=\"image\/webp\" \/>\n<meta name=\"twitter:card\" content=\"summary_large_image\" \/>\n<meta name=\"twitter:label1\" content=\"Estimated reading time\" \/>\n\t<meta name=\"twitter:data1\" content=\"2 minutes\" \/>\n<script type=\"application\/ld+json\" class=\"yoast-schema-graph\">{\"@context\":\"https:\\\/\\\/schema.org\",\"@graph\":[{\"@type\":\"WebPage\",\"@id\":\"https:\\\/\\\/www.31degres.be\\\/produit\\\/tissot-prx-35mm-gold\\\/\",\"url\":\"https:\\\/\\\/www.31degres.be\\\/produit\\\/tissot-prx-35mm-gold\\\/\",\"name\":\"TISSOT PRX 35MM T137.210.33.021.00 Dor\u00e9 Femme \u2013 \u00c9l\u00e9gance Suisse\",\"isPartOf\":{\"@id\":\"https:\\\/\\\/www.31degres.be\\\/#website\"},\"primaryImageOfPage\":{\"@id\":\"https:\\\/\\\/www.31degres.be\\\/produit\\\/tissot-prx-35mm-gold\\\/#primaryimage\"},\"image\":{\"@id\":\"https:\\\/\\\/www.31degres.be\\\/produit\\\/tissot-prx-35mm-gold\\\/#primaryimage\"},\"thumbnailUrl\":\"https:\\\/\\\/i0.wp.com\\\/www.31degres.be\\\/wp-content\\\/uploads\\\/2024\\\/08\\\/TISSOT-PRX-GOLD-T137.210.33.021.001.webp?fit=800%2C800&ssl=1\",\"datePublished\":\"2024-08-12T11:52:21+00:00\",\"dateModified\":\"2026-03-06T13:06:43+00:00\",\"description\":\"TISSOT PRX 35MM T137.210.33.021.00 pour femme en acier dor\u00e9. Un bijou horloger au design r\u00e9tro-chic suisse, alliant \u00e9l\u00e9gance, finesse et pr\u00e9cision.\",\"breadcrumb\":{\"@id\":\"https:\\\/\\\/www.31degres.be\\\/produit\\\/tissot-prx-35mm-gold\\\/#breadcrumb\"},\"inLanguage\":\"en-GB\",\"potentialAction\":[{\"@type\":\"ReadAction\",\"target\":[\"https:\\\/\\\/www.31degres.be\\\/produit\\\/tissot-prx-35mm-gold\\\/\"]}]},{\"@type\":\"ImageObject\",\"inLanguage\":\"en-GB\",\"@id\":\"https:\\\/\\\/www.31degres.be\\\/produit\\\/tissot-prx-35mm-gold\\\/#primaryimage\",\"url\":\"https:\\\/\\\/i0.wp.com\\\/www.31degres.be\\\/wp-content\\\/uploads\\\/2024\\\/08\\\/TISSOT-PRX-GOLD-T137.210.33.021.001.webp?fit=800%2C800&ssl=1\",\"contentUrl\":\"https:\\\/\\\/i0.wp.com\\\/www.31degres.be\\\/wp-content\\\/uploads\\\/2024\\\/08\\\/TISSOT-PRX-GOLD-T137.210.33.021.001.webp?fit=800%2C800&ssl=1\",\"width\":800,\"height\":800,\"caption\":\"TISSOT PRX 35MM T137.210.33.021.00\"},{\"@type\":\"BreadcrumbList\",\"@id\":\"https:\\\/\\\/www.31degres.be\\\/produit\\\/tissot-prx-35mm-gold\\\/#breadcrumb\",\"itemListElement\":[{\"@type\":\"ListItem\",\"position\":1,\"name\":\"Accueil\",\"item\":\"https:\\\/\\\/www.31degres.be\\\/\"},{\"@type\":\"ListItem\",\"position\":2,\"name\":\"Boutique\",\"item\":\"https:\\\/\\\/www.31degres.be\\\/boutique\\\/\"},{\"@type\":\"ListItem\",\"position\":3,\"name\":\"TISSOT PRX 35MM Gold\"}]},{\"@type\":\"WebSite\",\"@id\":\"https:\\\/\\\/www.31degres.be\\\/#website\",\"url\":\"https:\\\/\\\/www.31degres.be\\\/\",\"name\":\"31 Degr\u00e9s Boutique\",\"description\":\"Always With Style\",\"publisher\":{\"@id\":\"https:\\\/\\\/www.31degres.be\\\/#organization\"},\"alternateName\":\"31 Degr\u00e9s Boutique\",\"potentialAction\":[{\"@type\":\"SearchAction\",\"target\":{\"@type\":\"EntryPoint\",\"urlTemplate\":\"https:\\\/\\\/www.31degres.be\\\/?s={search_term_string}\"},\"query-input\":{\"@type\":\"PropertyValueSpecification\",\"valueRequired\":true,\"valueName\":\"search_term_string\"}}],\"inLanguage\":\"en-GB\"},{\"@type\":\"Organization\",\"@id\":\"https:\\\/\\\/www.31degres.be\\\/#organization\",\"name\":\"31 Degr\u00e9s Boutique\",\"url\":\"https:\\\/\\\/www.31degres.be\\\/\",\"logo\":{\"@type\":\"ImageObject\",\"inLanguage\":\"en-GB\",\"@id\":\"https:\\\/\\\/www.31degres.be\\\/#\\\/schema\\\/logo\\\/image\\\/\",\"url\":\"https:\\\/\\\/i0.wp.com\\\/www.31degres.be\\\/wp-content\\\/uploads\\\/2023\\\/08\\\/cropped-cropped-31-DEGRES-LOGO-FINALai.png?fit=1468%2C408&ssl=1\",\"contentUrl\":\"https:\\\/\\\/i0.wp.com\\\/www.31degres.be\\\/wp-content\\\/uploads\\\/2023\\\/08\\\/cropped-cropped-31-DEGRES-LOGO-FINALai.png?fit=1468%2C408&ssl=1\",\"width\":1468,\"height\":408,\"caption\":\"31 Degr\u00e9s Boutique\"},\"image\":{\"@id\":\"https:\\\/\\\/www.31degres.be\\\/#\\\/schema\\\/logo\\\/image\\\/\"},\"sameAs\":[\"https:\\\/\\\/www.facebook.com\\\/31degresboutique\",\"https:\\\/\\\/instagram.com\\\/31degresboutique?igshid=OGQ5ZDc2ODk2ZA==\",\"https:\\\/\\\/t.snapchat.com\\\/TYq1giLw\"]}]}<\/script>\n<!-- \/ Yoast SEO plugin. -->","yoast_head_json":{"title":"TISSOT PRX 35MM T137.210.33.021.00 Dor\u00e9 Femme \u2013 \u00c9l\u00e9gance Suisse","description":"TISSOT PRX 35MM T137.210.33.021.00 pour femme en acier dor\u00e9. Un bijou horloger au design r\u00e9tro-chic suisse, alliant \u00e9l\u00e9gance, finesse et pr\u00e9cision.","robots":{"index":"index","follow":"follow","max-snippet":"max-snippet:-1","max-image-preview":"max-image-preview:large","max-video-preview":"max-video-preview:-1"},"canonical":"https:\/\/www.31degres.be\/en\/product\/tissot-prx-35mm-gold\/","og_locale":"en_GB","og_type":"article","og_title":"TISSOT PRX 35MM T137.210.33.021.00 Dor\u00e9 Femme \u2013 \u00c9l\u00e9gance Suisse","og_description":"TISSOT PRX 35MM T137.210.33.021.00 pour femme en acier dor\u00e9. Un bijou horloger au design r\u00e9tro-chic suisse, alliant \u00e9l\u00e9gance, finesse et pr\u00e9cision.","og_url":"https:\/\/www.31degres.be\/en\/product\/tissot-prx-35mm-gold\/","og_site_name":"31 Degr\u00e9s Boutique","article_publisher":"https:\/\/www.facebook.com\/31degresboutique","article_modified_time":"2026-03-06T13:06:43+00:00","og_image":[{"width":800,"height":800,"url":"https:\/\/www.31degres.be\/wp-content\/uploads\/2024\/08\/TISSOT-PRX-GOLD-T137.210.33.021.001.webp","type":"image\/webp"}],"twitter_card":"summary_large_image","twitter_misc":{"Estimated reading time":"2 minutes"},"schema":{"@context":"https:\/\/schema.org","@graph":[{"@type":"WebPage","@id":"https:\/\/www.31degres.be\/produit\/tissot-prx-35mm-gold\/","url":"https:\/\/www.31degres.be\/produit\/tissot-prx-35mm-gold\/","name":"TISSOT PRX 35MM T137.210.33.021.00 Dor\u00e9 Femme \u2013 \u00c9l\u00e9gance Suisse","isPartOf":{"@id":"https:\/\/www.31degres.be\/#website"},"primaryImageOfPage":{"@id":"https:\/\/www.31degres.be\/produit\/tissot-prx-35mm-gold\/#primaryimage"},"image":{"@id":"https:\/\/www.31degres.be\/produit\/tissot-prx-35mm-gold\/#primaryimage"},"thumbnailUrl":"https:\/\/i0.wp.com\/www.31degres.be\/wp-content\/uploads\/2024\/08\/TISSOT-PRX-GOLD-T137.210.33.021.001.webp?fit=800%2C800&ssl=1","datePublished":"2024-08-12T11:52:21+00:00","dateModified":"2026-03-06T13:06:43+00:00","description":"TISSOT PRX 35MM T137.210.33.021.00 pour femme en acier dor\u00e9. Un bijou horloger au design r\u00e9tro-chic suisse, alliant \u00e9l\u00e9gance, finesse et pr\u00e9cision.","breadcrumb":{"@id":"https:\/\/www.31degres.be\/produit\/tissot-prx-35mm-gold\/#breadcrumb"},"inLanguage":"en-GB","potentialAction":[{"@type":"ReadAction","target":["https:\/\/www.31degres.be\/produit\/tissot-prx-35mm-gold\/"]}]},{"@type":"ImageObject","inLanguage":"en-GB","@id":"https:\/\/www.31degres.be\/produit\/tissot-prx-35mm-gold\/#primaryimage","url":"https:\/\/i0.wp.com\/www.31degres.be\/wp-content\/uploads\/2024\/08\/TISSOT-PRX-GOLD-T137.210.33.021.001.webp?fit=800%2C800&ssl=1","contentUrl":"https:\/\/i0.wp.com\/www.31degres.be\/wp-content\/uploads\/2024\/08\/TISSOT-PRX-GOLD-T137.210.33.021.001.webp?fit=800%2C800&ssl=1","width":800,"height":800,"caption":"TISSOT PRX 35MM T137.210.33.021.00"},{"@type":"BreadcrumbList","@id":"https:\/\/www.31degres.be\/produit\/tissot-prx-35mm-gold\/#breadcrumb","itemListElement":[{"@type":"ListItem","position":1,"name":"Accueil","item":"https:\/\/www.31degres.be\/"},{"@type":"ListItem","position":2,"name":"Boutique","item":"https:\/\/www.31degres.be\/boutique\/"},{"@type":"ListItem","position":3,"name":"TISSOT PRX 35MM Gold"}]},{"@type":"WebSite","@id":"https:\/\/www.31degres.be\/#website","url":"https:\/\/www.31degres.be\/","name":"31 Degr\u00e9s Boutique","description":"Always With Style","publisher":{"@id":"https:\/\/www.31degres.be\/#organization"},"alternateName":"31 Degr\u00e9s Boutique","potentialAction":[{"@type":"SearchAction","target":{"@type":"EntryPoint","urlTemplate":"https:\/\/www.31degres.be\/?s={search_term_string}"},"query-input":{"@type":"PropertyValueSpecification","valueRequired":true,"valueName":"search_term_string"}}],"inLanguage":"en-GB"},{"@type":"Organization","@id":"https:\/\/www.31degres.be\/#organization","name":"31 Degr\u00e9s Boutique","url":"https:\/\/www.31degres.be\/","logo":{"@type":"ImageObject","inLanguage":"en-GB","@id":"https:\/\/www.31degres.be\/#\/schema\/logo\/image\/","url":"https:\/\/i0.wp.com\/www.31degres.be\/wp-content\/uploads\/2023\/08\/cropped-cropped-31-DEGRES-LOGO-FINALai.png?fit=1468%2C408&ssl=1","contentUrl":"https:\/\/i0.wp.com\/www.31degres.be\/wp-content\/uploads\/2023\/08\/cropped-cropped-31-DEGRES-LOGO-FINALai.png?fit=1468%2C408&ssl=1","width":1468,"height":408,"caption":"31 Degr\u00e9s Boutique"},"image":{"@id":"https:\/\/www.31degres.be\/#\/schema\/logo\/image\/"},"sameAs":["https:\/\/www.facebook.com\/31degresboutique","https:\/\/instagram.com\/31degresboutique?igshid=OGQ5ZDc2ODk2ZA==","https:\/\/t.snapchat.com\/TYq1giLw"]}]}},"jetpack_sharing_enabled":true,"_links":{"self":[{"href":"https:\/\/www.31degres.be\/en\/wp-json\/wp\/v2\/product\/7855","targetHints":{"allow":["GET"]}}],"collection":[{"href":"https:\/\/www.31degres.be\/en\/wp-json\/wp\/v2\/product"}],"about":[{"href":"https:\/\/www.31degres.be\/en\/wp-json\/wp\/v2\/types\/product"}],"version-history":[{"count":0,"href":"https:\/\/www.31degres.be\/en\/wp-json\/wp\/v2\/product\/7855\/revisions"}],"wp:featuredmedia":[{"embeddable":true,"href":"https:\/\/www.31degres.be\/en\/wp-json\/wp\/v2\/media\/374390"}],"wp:attachment":[{"href":"https:\/\/www.31degres.be\/en\/wp-json\/wp\/v2\/media?parent=7855"}],"wp:term":[{"taxonomy":"product_brand","embeddable":true,"href":"https:\/\/www.31degres.be\/en\/wp-json\/wp\/v2\/product_brand?post=7855"},{"taxonomy":"product_cat","embeddable":true,"href":"https:\/\/www.31degres.be\/en\/wp-json\/wp\/v2\/product_cat?post=7855"},{"taxonomy":"product_tag","embeddable":true,"href":"https:\/\/www.31degres.be\/en\/wp-json\/wp\/v2\/product_tag?post=7855"}],"curies":[{"name":"wp","href":"https:\/\/api.w.org\/{rel}","templated":true}]}}