{"id":8288,"date":"2024-10-25T11:34:06","date_gmt":"2024-10-25T09:34:06","guid":{"rendered":"https:\/\/www.31degres.be\/?post_type=product&#038;p=8288"},"modified":"2026-02-24T11:47:32","modified_gmt":"2026-02-24T10:47:32","slug":"emporio-armani-ar11591-bicolore-rose-noir","status":"publish","type":"product","link":"https:\/\/www.31degres.be\/en\/product\/emporio-armani-ar11591-bicolore-rose-noir\/","title":{"rendered":"Emporio Armani AR11591 Bicolore Rose\/Noir"},"content":{"rendered":"<h3>Montre Emporio Armani Bicolore GMT Rose\/Noir AR11591<\/h3>\n<p><strong>\u00c9l\u00e9gance et Modernit\u00e9 \u00e0 Votre Poignet<\/strong><br \/>\nOffrez-vous un accessoire qui allie sophistication et audace avec la montre <a href=\"https:\/\/www.31degres.be\/en\/product-category\/montres-homme\/emporio-armani-montres-homme\/\">Emporio Armani<\/a> Bicolore GMT rose. Ce mod\u00e8le unique ne se contente pas de donner l&#8217;heure, il rehausse instantan\u00e9ment votre style.<\/p>\n<p><strong>Caract\u00e9ristiques cl\u00e9s :<\/strong><\/p>\n<ul>\n<li><strong>Design Bicolore Distinctif<\/strong> : L&#8217;association du rose et du noir cr\u00e9e un contraste saisissant qui attire tous les regards. Parfait pour s&#8217;adapter \u00e0 toutes les occasions, des rendez-vous professionnels aux sorties d\u00e9contract\u00e9es.<\/li>\n<li><strong>Fonctionnalit\u00e9 Pratique<\/strong> : Dot\u00e9e d&#8217;un double affichage GMT, cette montre vous permet de suivre l&#8217;heure dans deux fuseaux horaires simultan\u00e9ment. Id\u00e9ale pour les voyageurs ou ceux qui aiment rester connect\u00e9s.<\/li>\n<li><strong>Confort et Durabilit\u00e9<\/strong> : Avec son bracelet en acier inoxydable et son cadran r\u00e9sistant aux rayures, cette montre est con\u00e7ue pour un port quotidien tout en pr\u00e9servant son \u00e9l\u00e9gance.<\/li>\n<\/ul>\n<p>Portez cette montre pour faire forte impression et exprimer votre personnalit\u00e9. Que ce soit pour vous-m\u00eame ou comme cadeau, la montre Emporio Armani AR11591 bicolore rose\/noir est un choix qui ne d\u00e9\u00e7oit jamais. Ne laissez pas passer l&#8217;occasion de poss\u00e9der cette pi\u00e8ce unique qui combine style, fonctionnalit\u00e9 et qualit\u00e9.<\/p>\n<p><strong>Commandez maintenant et sublimez votre poignet avec cette montre exceptionnelle !<\/strong><\/p>","protected":false},"excerpt":{"rendered":"<p><img decoding=\"async\" class=\"alignnone wp-image-77303 aligncenter\" src=\"https:\/\/www.31degres.be\/wp-content\/uploads\/2025\/01\/Trustpilot-Excellent-300x21.png\" alt=\"\" width=\"271\" height=\"19\" srcset=\"https:\/\/i0.wp.com\/www.31degres.be\/wp-content\/uploads\/2025\/01\/Trustpilot-Excellent.png?resize=300%2C21&amp;ssl=1 300w, https:\/\/i0.wp.com\/www.31degres.be\/wp-content\/uploads\/2025\/01\/Trustpilot-Excellent.png?resize=1024%2C73&amp;ssl=1 1024w, https:\/\/i0.wp.com\/www.31degres.be\/wp-content\/uploads\/2025\/01\/Trustpilot-Excellent.png?resize=768%2C55&amp;ssl=1 768w, https:\/\/i0.wp.com\/www.31degres.be\/wp-content\/uploads\/2025\/01\/Trustpilot-Excellent.png?resize=1536%2C109&amp;ssl=1 1536w, https:\/\/i0.wp.com\/www.31degres.be\/wp-content\/uploads\/2025\/01\/Trustpilot-Excellent.png?resize=18%2C1&amp;ssl=1 18w, https:\/\/i0.wp.com\/www.31degres.be\/wp-content\/uploads\/2025\/01\/Trustpilot-Excellent.png?resize=600%2C43&amp;ssl=1 600w, https:\/\/i0.wp.com\/www.31degres.be\/wp-content\/uploads\/2025\/01\/Trustpilot-Excellent.png?w=1600&amp;ssl=1 1600w\" sizes=\"(max-width: 271px) 100vw, 271px\" \/><br \/>\n\u2714\ufe0f 2 years warranty on all watches<br \/>\n\u2714\ufe0f Satisfied or refunded 14 days<br \/>\n\u2714\ufe0f Fast Delivery<\/p>\n<p>\ud83c\udf81 <em data-start=\"599\" data-end=\"632\"><strong><a href=\"https:\/\/www.31degres.be\/en\/programme-de-fidelite\/\">\u2714 \u20ac1 spent = 1 loyalty point<\/a>.<\/strong><br \/>\n<strong>\u2764\ufe0f <a href=\"https:\/\/www.31degres.be\/en\/engagement-solidaire\/\">5% donated to help the most needy.<\/a><\/strong><br \/>\n<\/em><\/p>","protected":false},"featured_media":8344,"template":"","meta":{"site-sidebar-layout":"default","site-content-layout":"","ast-site-content-layout":"default","site-content-style":"default","site-sidebar-style":"default","ast-global-header-display":"","ast-banner-title-visibility":"","ast-main-header-display":"","ast-hfb-above-header-display":"","ast-hfb-below-header-display":"","ast-hfb-mobile-header-display":"","site-post-title":"","ast-breadcrumbs-content":"","ast-featured-img":"","footer-sml-layout":"","theme-transparent-header-meta":"disabled","adv-header-id-meta":"","stick-header-meta":"","header-above-stick-meta":"","header-main-stick-meta":"","header-below-stick-meta":"","astra-migrate-meta-layouts":"set","ast-page-background-enabled":"default","ast-page-background-meta":{"desktop":{"background-color":"","background-image":"","background-repeat":"repeat","background-position":"center center","background-size":"auto","background-attachment":"scroll","background-type":"","background-media":"","overlay-type":"","overlay-color":"","overlay-opacity":"","overlay-gradient":""},"tablet":{"background-color":"","background-image":"","background-repeat":"repeat","background-position":"center center","background-size":"auto","background-attachment":"scroll","background-type":"","background-media":"","overlay-type":"","overlay-color":"","overlay-opacity":"","overlay-gradient":""},"mobile":{"background-color":"","background-image":"","background-repeat":"repeat","background-position":"center center","background-size":"auto","background-attachment":"scroll","background-type":"","background-media":"","overlay-type":"","overlay-color":"","overlay-opacity":"","overlay-gradient":""}},"ast-content-background-meta":{"desktop":{"background-color":"var(--ast-global-color-5)","background-image":"","background-repeat":"repeat","background-position":"center center","background-size":"auto","background-attachment":"scroll","background-type":"","background-media":"","overlay-type":"","overlay-color":"","overlay-opacity":"","overlay-gradient":""},"tablet":{"background-color":"var(--ast-global-color-5)","background-image":"","background-repeat":"repeat","background-position":"center center","background-size":"auto","background-attachment":"scroll","background-type":"","background-media":"","overlay-type":"","overlay-color":"","overlay-opacity":"","overlay-gradient":""},"mobile":{"background-color":"var(--ast-global-color-5)","background-image":"","background-repeat":"repeat","background-position":"center center","background-size":"auto","background-attachment":"scroll","background-type":"","background-media":"","overlay-type":"","overlay-color":"","overlay-opacity":"","overlay-gradient":""}}},"product_brand":[],"product_cat":[47],"product_tag":[592,591,117,148,593],"class_list":{"0":"post-8288","1":"product","2":"type-product","3":"status-publish","4":"has-post-thumbnail","6":"product_cat-emporio-armani-montres-homme","7":"product_tag-ar11591","8":"product_tag-double-gmt","9":"product_tag-emporio-armani","10":"product_tag-noir","11":"product_tag-rose","12":"desktop-align-left","13":"tablet-align-left","14":"mobile-align-left","16":"first","17":"instock","18":"taxable","19":"shipping-taxable","20":"purchasable","21":"product-type-simple"},"yoast_head":"<!-- This site is optimized with the Yoast SEO plugin v27.3 - https:\/\/yoast.com\/product\/yoast-seo-wordpress\/ -->\n<title>Montre Armani Bicolore GMT Rose AR11591 \u2013 \u00c9l\u00e9gance<\/title>\n<meta name=\"description\" content=\"Montre Emporio Armani bicolore GMT rose pour homme, alliant modernit\u00e9 et raffinement. L&#039;accessoire parfait pour sublimer votre style.\" \/>\n<meta name=\"robots\" content=\"index, follow, max-snippet:-1, max-image-preview:large, max-video-preview:-1\" \/>\n<link rel=\"canonical\" href=\"https:\/\/www.31degres.be\/en\/product\/emporio-armani-ar11591-bicolore-rose-noir\/\" \/>\n<meta property=\"og:locale\" content=\"en_GB\" \/>\n<meta property=\"og:type\" content=\"article\" \/>\n<meta property=\"og:title\" content=\"Montre Armani Bicolore GMT Rose AR11591 \u2013 \u00c9l\u00e9gance\" \/>\n<meta property=\"og:description\" content=\"Montre Emporio Armani bicolore GMT rose pour homme, alliant modernit\u00e9 et raffinement. L&#039;accessoire parfait pour sublimer votre style.\" \/>\n<meta property=\"og:url\" content=\"https:\/\/www.31degres.be\/en\/product\/emporio-armani-ar11591-bicolore-rose-noir\/\" \/>\n<meta property=\"og:site_name\" content=\"31 Degr\u00e9s Boutique\" \/>\n<meta property=\"article:publisher\" content=\"https:\/\/www.facebook.com\/31degresboutique\" \/>\n<meta property=\"article:modified_time\" content=\"2026-02-24T10:47:32+00:00\" \/>\n<meta property=\"og:image\" content=\"https:\/\/www.31degres.be\/wp-content\/uploads\/2024\/10\/emporio-armani-ar11591-diver-gmt.webp\" \/>\n\t<meta property=\"og:image:width\" content=\"1000\" \/>\n\t<meta property=\"og:image:height\" content=\"1000\" \/>\n\t<meta property=\"og:image:type\" content=\"image\/webp\" \/>\n<meta name=\"twitter:card\" content=\"summary_large_image\" \/>\n<meta name=\"twitter:label1\" content=\"Estimated reading time\" \/>\n\t<meta name=\"twitter:data1\" content=\"2 minutes\" \/>\n<script type=\"application\/ld+json\" class=\"yoast-schema-graph\">{\"@context\":\"https:\\\/\\\/schema.org\",\"@graph\":[{\"@type\":\"WebPage\",\"@id\":\"https:\\\/\\\/www.31degres.be\\\/produit\\\/emporio-armani-ar11591-bicolore-rose-noir\\\/\",\"url\":\"https:\\\/\\\/www.31degres.be\\\/produit\\\/emporio-armani-ar11591-bicolore-rose-noir\\\/\",\"name\":\"Montre Armani Bicolore GMT Rose AR11591 \u2013 \u00c9l\u00e9gance\",\"isPartOf\":{\"@id\":\"https:\\\/\\\/www.31degres.be\\\/#website\"},\"primaryImageOfPage\":{\"@id\":\"https:\\\/\\\/www.31degres.be\\\/produit\\\/emporio-armani-ar11591-bicolore-rose-noir\\\/#primaryimage\"},\"image\":{\"@id\":\"https:\\\/\\\/www.31degres.be\\\/produit\\\/emporio-armani-ar11591-bicolore-rose-noir\\\/#primaryimage\"},\"thumbnailUrl\":\"https:\\\/\\\/i0.wp.com\\\/www.31degres.be\\\/wp-content\\\/uploads\\\/2024\\\/10\\\/emporio-armani-ar11591-diver-gmt.webp?fit=1000%2C1000&ssl=1\",\"datePublished\":\"2024-10-25T09:34:06+00:00\",\"dateModified\":\"2026-02-24T10:47:32+00:00\",\"description\":\"Montre Emporio Armani bicolore GMT rose pour homme, alliant modernit\u00e9 et raffinement. L'accessoire parfait pour sublimer votre style.\",\"breadcrumb\":{\"@id\":\"https:\\\/\\\/www.31degres.be\\\/produit\\\/emporio-armani-ar11591-bicolore-rose-noir\\\/#breadcrumb\"},\"inLanguage\":\"en-GB\",\"potentialAction\":[{\"@type\":\"ReadAction\",\"target\":[\"https:\\\/\\\/www.31degres.be\\\/produit\\\/emporio-armani-ar11591-bicolore-rose-noir\\\/\"]}]},{\"@type\":\"ImageObject\",\"inLanguage\":\"en-GB\",\"@id\":\"https:\\\/\\\/www.31degres.be\\\/produit\\\/emporio-armani-ar11591-bicolore-rose-noir\\\/#primaryimage\",\"url\":\"https:\\\/\\\/i0.wp.com\\\/www.31degres.be\\\/wp-content\\\/uploads\\\/2024\\\/10\\\/emporio-armani-ar11591-diver-gmt.webp?fit=1000%2C1000&ssl=1\",\"contentUrl\":\"https:\\\/\\\/i0.wp.com\\\/www.31degres.be\\\/wp-content\\\/uploads\\\/2024\\\/10\\\/emporio-armani-ar11591-diver-gmt.webp?fit=1000%2C1000&ssl=1\",\"width\":1000,\"height\":1000,\"caption\":\"Emporio Armani AR11591 Bicolore Rose\\\/Noir\"},{\"@type\":\"BreadcrumbList\",\"@id\":\"https:\\\/\\\/www.31degres.be\\\/produit\\\/emporio-armani-ar11591-bicolore-rose-noir\\\/#breadcrumb\",\"itemListElement\":[{\"@type\":\"ListItem\",\"position\":1,\"name\":\"Accueil\",\"item\":\"https:\\\/\\\/www.31degres.be\\\/\"},{\"@type\":\"ListItem\",\"position\":2,\"name\":\"Boutique\",\"item\":\"https:\\\/\\\/www.31degres.be\\\/boutique\\\/\"},{\"@type\":\"ListItem\",\"position\":3,\"name\":\"Emporio Armani AR11591 Bicolore Rose\\\/Noir\"}]},{\"@type\":\"WebSite\",\"@id\":\"https:\\\/\\\/www.31degres.be\\\/#website\",\"url\":\"https:\\\/\\\/www.31degres.be\\\/\",\"name\":\"31 Degr\u00e9s Boutique\",\"description\":\"Always With Style\",\"publisher\":{\"@id\":\"https:\\\/\\\/www.31degres.be\\\/#organization\"},\"alternateName\":\"31 Degr\u00e9s Boutique\",\"potentialAction\":[{\"@type\":\"SearchAction\",\"target\":{\"@type\":\"EntryPoint\",\"urlTemplate\":\"https:\\\/\\\/www.31degres.be\\\/?s={search_term_string}\"},\"query-input\":{\"@type\":\"PropertyValueSpecification\",\"valueRequired\":true,\"valueName\":\"search_term_string\"}}],\"inLanguage\":\"en-GB\"},{\"@type\":\"Organization\",\"@id\":\"https:\\\/\\\/www.31degres.be\\\/#organization\",\"name\":\"31 Degr\u00e9s Boutique\",\"url\":\"https:\\\/\\\/www.31degres.be\\\/\",\"logo\":{\"@type\":\"ImageObject\",\"inLanguage\":\"en-GB\",\"@id\":\"https:\\\/\\\/www.31degres.be\\\/#\\\/schema\\\/logo\\\/image\\\/\",\"url\":\"https:\\\/\\\/i0.wp.com\\\/www.31degres.be\\\/wp-content\\\/uploads\\\/2023\\\/08\\\/cropped-cropped-31-DEGRES-LOGO-FINALai.png?fit=1468%2C408&ssl=1\",\"contentUrl\":\"https:\\\/\\\/i0.wp.com\\\/www.31degres.be\\\/wp-content\\\/uploads\\\/2023\\\/08\\\/cropped-cropped-31-DEGRES-LOGO-FINALai.png?fit=1468%2C408&ssl=1\",\"width\":1468,\"height\":408,\"caption\":\"31 Degr\u00e9s Boutique\"},\"image\":{\"@id\":\"https:\\\/\\\/www.31degres.be\\\/#\\\/schema\\\/logo\\\/image\\\/\"},\"sameAs\":[\"https:\\\/\\\/www.facebook.com\\\/31degresboutique\",\"https:\\\/\\\/instagram.com\\\/31degresboutique?igshid=OGQ5ZDc2ODk2ZA==\",\"https:\\\/\\\/t.snapchat.com\\\/TYq1giLw\"]}]}<\/script>\n<!-- \/ Yoast SEO plugin. -->","yoast_head_json":{"title":"Montre Armani Bicolore GMT Rose AR11591 \u2013 \u00c9l\u00e9gance","description":"Montre Emporio Armani bicolore GMT rose pour homme, alliant modernit\u00e9 et raffinement. L'accessoire parfait pour sublimer votre style.","robots":{"index":"index","follow":"follow","max-snippet":"max-snippet:-1","max-image-preview":"max-image-preview:large","max-video-preview":"max-video-preview:-1"},"canonical":"https:\/\/www.31degres.be\/en\/product\/emporio-armani-ar11591-bicolore-rose-noir\/","og_locale":"en_GB","og_type":"article","og_title":"Montre Armani Bicolore GMT Rose AR11591 \u2013 \u00c9l\u00e9gance","og_description":"Montre Emporio Armani bicolore GMT rose pour homme, alliant modernit\u00e9 et raffinement. L'accessoire parfait pour sublimer votre style.","og_url":"https:\/\/www.31degres.be\/en\/product\/emporio-armani-ar11591-bicolore-rose-noir\/","og_site_name":"31 Degr\u00e9s Boutique","article_publisher":"https:\/\/www.facebook.com\/31degresboutique","article_modified_time":"2026-02-24T10:47:32+00:00","og_image":[{"width":1000,"height":1000,"url":"https:\/\/www.31degres.be\/wp-content\/uploads\/2024\/10\/emporio-armani-ar11591-diver-gmt.webp","type":"image\/webp"}],"twitter_card":"summary_large_image","twitter_misc":{"Estimated reading time":"2 minutes"},"schema":{"@context":"https:\/\/schema.org","@graph":[{"@type":"WebPage","@id":"https:\/\/www.31degres.be\/produit\/emporio-armani-ar11591-bicolore-rose-noir\/","url":"https:\/\/www.31degres.be\/produit\/emporio-armani-ar11591-bicolore-rose-noir\/","name":"Montre Armani Bicolore GMT Rose AR11591 \u2013 \u00c9l\u00e9gance","isPartOf":{"@id":"https:\/\/www.31degres.be\/#website"},"primaryImageOfPage":{"@id":"https:\/\/www.31degres.be\/produit\/emporio-armani-ar11591-bicolore-rose-noir\/#primaryimage"},"image":{"@id":"https:\/\/www.31degres.be\/produit\/emporio-armani-ar11591-bicolore-rose-noir\/#primaryimage"},"thumbnailUrl":"https:\/\/i0.wp.com\/www.31degres.be\/wp-content\/uploads\/2024\/10\/emporio-armani-ar11591-diver-gmt.webp?fit=1000%2C1000&ssl=1","datePublished":"2024-10-25T09:34:06+00:00","dateModified":"2026-02-24T10:47:32+00:00","description":"Montre Emporio Armani bicolore GMT rose pour homme, alliant modernit\u00e9 et raffinement. L'accessoire parfait pour sublimer votre style.","breadcrumb":{"@id":"https:\/\/www.31degres.be\/produit\/emporio-armani-ar11591-bicolore-rose-noir\/#breadcrumb"},"inLanguage":"en-GB","potentialAction":[{"@type":"ReadAction","target":["https:\/\/www.31degres.be\/produit\/emporio-armani-ar11591-bicolore-rose-noir\/"]}]},{"@type":"ImageObject","inLanguage":"en-GB","@id":"https:\/\/www.31degres.be\/produit\/emporio-armani-ar11591-bicolore-rose-noir\/#primaryimage","url":"https:\/\/i0.wp.com\/www.31degres.be\/wp-content\/uploads\/2024\/10\/emporio-armani-ar11591-diver-gmt.webp?fit=1000%2C1000&ssl=1","contentUrl":"https:\/\/i0.wp.com\/www.31degres.be\/wp-content\/uploads\/2024\/10\/emporio-armani-ar11591-diver-gmt.webp?fit=1000%2C1000&ssl=1","width":1000,"height":1000,"caption":"Emporio Armani AR11591 Bicolore Rose\/Noir"},{"@type":"BreadcrumbList","@id":"https:\/\/www.31degres.be\/produit\/emporio-armani-ar11591-bicolore-rose-noir\/#breadcrumb","itemListElement":[{"@type":"ListItem","position":1,"name":"Accueil","item":"https:\/\/www.31degres.be\/"},{"@type":"ListItem","position":2,"name":"Boutique","item":"https:\/\/www.31degres.be\/boutique\/"},{"@type":"ListItem","position":3,"name":"Emporio Armani AR11591 Bicolore Rose\/Noir"}]},{"@type":"WebSite","@id":"https:\/\/www.31degres.be\/#website","url":"https:\/\/www.31degres.be\/","name":"31 Degr\u00e9s Boutique","description":"Always With Style","publisher":{"@id":"https:\/\/www.31degres.be\/#organization"},"alternateName":"31 Degr\u00e9s Boutique","potentialAction":[{"@type":"SearchAction","target":{"@type":"EntryPoint","urlTemplate":"https:\/\/www.31degres.be\/?s={search_term_string}"},"query-input":{"@type":"PropertyValueSpecification","valueRequired":true,"valueName":"search_term_string"}}],"inLanguage":"en-GB"},{"@type":"Organization","@id":"https:\/\/www.31degres.be\/#organization","name":"31 Degr\u00e9s Boutique","url":"https:\/\/www.31degres.be\/","logo":{"@type":"ImageObject","inLanguage":"en-GB","@id":"https:\/\/www.31degres.be\/#\/schema\/logo\/image\/","url":"https:\/\/i0.wp.com\/www.31degres.be\/wp-content\/uploads\/2023\/08\/cropped-cropped-31-DEGRES-LOGO-FINALai.png?fit=1468%2C408&ssl=1","contentUrl":"https:\/\/i0.wp.com\/www.31degres.be\/wp-content\/uploads\/2023\/08\/cropped-cropped-31-DEGRES-LOGO-FINALai.png?fit=1468%2C408&ssl=1","width":1468,"height":408,"caption":"31 Degr\u00e9s Boutique"},"image":{"@id":"https:\/\/www.31degres.be\/#\/schema\/logo\/image\/"},"sameAs":["https:\/\/www.facebook.com\/31degresboutique","https:\/\/instagram.com\/31degresboutique?igshid=OGQ5ZDc2ODk2ZA==","https:\/\/t.snapchat.com\/TYq1giLw"]}]}},"jetpack_sharing_enabled":true,"_links":{"self":[{"href":"https:\/\/www.31degres.be\/en\/wp-json\/wp\/v2\/product\/8288","targetHints":{"allow":["GET"]}}],"collection":[{"href":"https:\/\/www.31degres.be\/en\/wp-json\/wp\/v2\/product"}],"about":[{"href":"https:\/\/www.31degres.be\/en\/wp-json\/wp\/v2\/types\/product"}],"version-history":[{"count":0,"href":"https:\/\/www.31degres.be\/en\/wp-json\/wp\/v2\/product\/8288\/revisions"}],"wp:featuredmedia":[{"embeddable":true,"href":"https:\/\/www.31degres.be\/en\/wp-json\/wp\/v2\/media\/8344"}],"wp:attachment":[{"href":"https:\/\/www.31degres.be\/en\/wp-json\/wp\/v2\/media?parent=8288"}],"wp:term":[{"taxonomy":"product_brand","embeddable":true,"href":"https:\/\/www.31degres.be\/en\/wp-json\/wp\/v2\/product_brand?post=8288"},{"taxonomy":"product_cat","embeddable":true,"href":"https:\/\/www.31degres.be\/en\/wp-json\/wp\/v2\/product_cat?post=8288"},{"taxonomy":"product_tag","embeddable":true,"href":"https:\/\/www.31degres.be\/en\/wp-json\/wp\/v2\/product_tag?post=8288"}],"curies":[{"name":"wp","href":"https:\/\/api.w.org\/{rel}","templated":true}]}}