{"id":8300,"date":"2024-10-25T11:34:28","date_gmt":"2024-10-25T09:34:28","guid":{"rendered":"https:\/\/www.31degres.be\/?post_type=product&#038;p=8300"},"modified":"2026-02-24T11:47:17","modified_gmt":"2026-02-24T10:47:17","slug":"emporio-armani-ar11590-double-gmt","status":"publish","type":"product","link":"https:\/\/www.31degres.be\/en\/product\/emporio-armani-ar11590-double-gmt\/","title":{"rendered":"Emporio Armani AR11590 double GMT"},"content":{"rendered":"<p><strong>Emporio Armani AR11590 GMT bleu rouge : L\u2019\u00c9l\u00e9gance au Service de la Pr\u00e9cision<\/strong><\/p>\n<p>Affirmez votre style avec la montre <strong>Emporio Armani AR11590 GMT bleu rouge<\/strong>, un chef-d&#8217;\u0153uvre de design contemporain pour l&#8217;homme moderne. Dot\u00e9e d&#8217;une fonctionnalit\u00e9 GMT, cette montre ne se contente pas de donner l&#8217;heure, elle vous connecte au monde en affichant plusieurs fuseaux horaires, id\u00e9ale pour les voyageurs ou les professionnels internationaux.<\/p>\n<p><strong>Trois caract\u00e9ristiques qui font la diff\u00e9rence :<\/strong><\/p>\n<ol>\n<li><strong>Fonction double GMT<\/strong> : Voyagez avec classe tout en gardant un \u0153il sur deux fuseaux horaires simultan\u00e9ment, pour une ma\u00eetrise parfaite du temps.<\/li>\n<li><strong>Design audacieux bleu et rouge<\/strong> : Le bo\u00eetier en acier inoxydable, associ\u00e9 \u00e0 des touches de bleu et de rouge vifs, cr\u00e9e un contraste saisissant qui attire les regards. Une montre qui se d\u00e9marque et compl\u00e8te votre look avec assurance.<\/li>\n<li><strong>Marque de confiance<\/strong> : <a href=\"https:\/\/www.31degres.be\/en\/product-category\/montres-homme\/emporio-armani-montres-homme\/\">Emporio Armani<\/a> incarne l&#8217;\u00e9l\u00e9gance intemporelle et la qualit\u00e9 exceptionnelle. Port\u00e9e \u00e0 votre poignet, cette montre rehausse instantan\u00e9ment votre allure.<\/li>\n<\/ol>\n<p>Avec la montre Emporio Armani AR11590, vous faites plus qu&#8217;investir dans un accessoire ; vous faites une d\u00e9claration. Offrez-vous la montre qui allie <strong>pr\u00e9cision<\/strong>, <strong>esth\u00e9tique sophistiqu\u00e9e<\/strong>, et <strong>fonctionnalit\u00e9<\/strong> \u2013 tout ce qu&#8217;il faut pour affirmer votre style, o\u00f9 que vous soyez.<\/p>\n<p>Ajoutez une touche de luxe \u00e0 votre quotidien.<\/p>","protected":false},"excerpt":{"rendered":"<p><img decoding=\"async\" class=\"alignnone wp-image-77303 aligncenter\" src=\"https:\/\/www.31degres.be\/wp-content\/uploads\/2025\/01\/Trustpilot-Excellent-300x21.png\" alt=\"\" width=\"271\" height=\"19\" srcset=\"https:\/\/i0.wp.com\/www.31degres.be\/wp-content\/uploads\/2025\/01\/Trustpilot-Excellent.png?resize=300%2C21&amp;ssl=1 300w, https:\/\/i0.wp.com\/www.31degres.be\/wp-content\/uploads\/2025\/01\/Trustpilot-Excellent.png?resize=1024%2C73&amp;ssl=1 1024w, https:\/\/i0.wp.com\/www.31degres.be\/wp-content\/uploads\/2025\/01\/Trustpilot-Excellent.png?resize=768%2C55&amp;ssl=1 768w, https:\/\/i0.wp.com\/www.31degres.be\/wp-content\/uploads\/2025\/01\/Trustpilot-Excellent.png?resize=1536%2C109&amp;ssl=1 1536w, https:\/\/i0.wp.com\/www.31degres.be\/wp-content\/uploads\/2025\/01\/Trustpilot-Excellent.png?resize=18%2C1&amp;ssl=1 18w, https:\/\/i0.wp.com\/www.31degres.be\/wp-content\/uploads\/2025\/01\/Trustpilot-Excellent.png?resize=600%2C43&amp;ssl=1 600w, https:\/\/i0.wp.com\/www.31degres.be\/wp-content\/uploads\/2025\/01\/Trustpilot-Excellent.png?w=1600&amp;ssl=1 1600w\" sizes=\"(max-width: 271px) 100vw, 271px\" \/><br \/>\n\u2714\ufe0f 2 years warranty on all watches<br \/>\n\u2714\ufe0f Satisfied or refunded 14 days<br \/>\n\u2714\ufe0f Fast Delivery<\/p>\n<p>\ud83c\udf81 <em data-start=\"599\" data-end=\"632\"><strong><a href=\"https:\/\/www.31degres.be\/en\/programme-de-fidelite\/\">\u2714 \u20ac1 spent = 1 loyalty point<\/a>.<\/strong><br \/>\n<strong>\u2764\ufe0f <a href=\"https:\/\/www.31degres.be\/en\/engagement-solidaire\/\">5% donated to help the most needy.<\/a><\/strong><br \/>\n<\/em><\/p>","protected":false},"featured_media":8354,"template":"","meta":{"site-sidebar-layout":"default","site-content-layout":"","ast-site-content-layout":"default","site-content-style":"default","site-sidebar-style":"default","ast-global-header-display":"","ast-banner-title-visibility":"","ast-main-header-display":"","ast-hfb-above-header-display":"","ast-hfb-below-header-display":"","ast-hfb-mobile-header-display":"","site-post-title":"","ast-breadcrumbs-content":"","ast-featured-img":"","footer-sml-layout":"","theme-transparent-header-meta":"disabled","adv-header-id-meta":"","stick-header-meta":"","header-above-stick-meta":"","header-main-stick-meta":"","header-below-stick-meta":"","astra-migrate-meta-layouts":"set","ast-page-background-enabled":"default","ast-page-background-meta":{"desktop":{"background-color":"","background-image":"","background-repeat":"repeat","background-position":"center center","background-size":"auto","background-attachment":"scroll","background-type":"","background-media":"","overlay-type":"","overlay-color":"","overlay-opacity":"","overlay-gradient":""},"tablet":{"background-color":"","background-image":"","background-repeat":"repeat","background-position":"center center","background-size":"auto","background-attachment":"scroll","background-type":"","background-media":"","overlay-type":"","overlay-color":"","overlay-opacity":"","overlay-gradient":""},"mobile":{"background-color":"","background-image":"","background-repeat":"repeat","background-position":"center center","background-size":"auto","background-attachment":"scroll","background-type":"","background-media":"","overlay-type":"","overlay-color":"","overlay-opacity":"","overlay-gradient":""}},"ast-content-background-meta":{"desktop":{"background-color":"var(--ast-global-color-5)","background-image":"","background-repeat":"repeat","background-position":"center center","background-size":"auto","background-attachment":"scroll","background-type":"","background-media":"","overlay-type":"","overlay-color":"","overlay-opacity":"","overlay-gradient":""},"tablet":{"background-color":"var(--ast-global-color-5)","background-image":"","background-repeat":"repeat","background-position":"center center","background-size":"auto","background-attachment":"scroll","background-type":"","background-media":"","overlay-type":"","overlay-color":"","overlay-opacity":"","overlay-gradient":""},"mobile":{"background-color":"var(--ast-global-color-5)","background-image":"","background-repeat":"repeat","background-position":"center center","background-size":"auto","background-attachment":"scroll","background-type":"","background-media":"","overlay-type":"","overlay-color":"","overlay-opacity":"","overlay-gradient":""}}},"product_brand":[],"product_cat":[47],"product_tag":[594,119,249,591,117,120],"class_list":{"0":"post-8300","1":"product","2":"type-product","3":"status-publish","4":"has-post-thumbnail","6":"product_cat-emporio-armani-montres-homme","7":"product_tag-ar11590","8":"product_tag-bleu","9":"product_tag-diver","10":"product_tag-double-gmt","11":"product_tag-emporio-armani","12":"product_tag-rouge","13":"desktop-align-left","14":"tablet-align-left","15":"mobile-align-left","17":"first","18":"instock","19":"taxable","20":"shipping-taxable","21":"purchasable","22":"product-type-simple"},"yoast_head":"<!-- This site is optimized with the Yoast SEO plugin v27.3 - https:\/\/yoast.com\/product\/yoast-seo-wordpress\/ -->\n<title>Emporio Armani AR11590 GMT Bleu Rouge - Sportive<\/title>\n<meta name=\"description\" content=\"Emporio Armani AR11590 GMT bleu rouge : une montre sophistiqu\u00e9e au design unique, alliant modernit\u00e9 et tradition pour sublimer votre look au quotidien.\" \/>\n<meta name=\"robots\" content=\"index, follow, max-snippet:-1, max-image-preview:large, max-video-preview:-1\" \/>\n<link rel=\"canonical\" href=\"https:\/\/www.31degres.be\/en\/product\/emporio-armani-ar11590-double-gmt\/\" \/>\n<meta property=\"og:locale\" content=\"en_GB\" \/>\n<meta property=\"og:type\" content=\"article\" \/>\n<meta property=\"og:title\" content=\"Emporio Armani AR11590 GMT Bleu Rouge - Sportive\" \/>\n<meta property=\"og:description\" content=\"Emporio Armani AR11590 GMT bleu rouge : une montre sophistiqu\u00e9e au design unique, alliant modernit\u00e9 et tradition pour sublimer votre look au quotidien.\" \/>\n<meta property=\"og:url\" content=\"https:\/\/www.31degres.be\/en\/product\/emporio-armani-ar11590-double-gmt\/\" \/>\n<meta property=\"og:site_name\" content=\"31 Degr\u00e9s Boutique\" \/>\n<meta property=\"article:publisher\" content=\"https:\/\/www.facebook.com\/31degresboutique\" \/>\n<meta property=\"article:modified_time\" content=\"2026-02-24T10:47:17+00:00\" \/>\n<meta property=\"og:image\" content=\"https:\/\/www.31degres.be\/wp-content\/uploads\/2024\/10\/emporio-armani-ar11590-diver-gmt.webp\" \/>\n\t<meta property=\"og:image:width\" content=\"1000\" \/>\n\t<meta property=\"og:image:height\" content=\"1000\" \/>\n\t<meta property=\"og:image:type\" content=\"image\/webp\" \/>\n<meta name=\"twitter:card\" content=\"summary_large_image\" \/>\n<meta name=\"twitter:label1\" content=\"Estimated reading time\" \/>\n\t<meta name=\"twitter:data1\" content=\"2 minutes\" \/>\n<script type=\"application\/ld+json\" class=\"yoast-schema-graph\">{\"@context\":\"https:\\\/\\\/schema.org\",\"@graph\":[{\"@type\":\"WebPage\",\"@id\":\"https:\\\/\\\/www.31degres.be\\\/produit\\\/emporio-armani-ar11590-double-gmt\\\/\",\"url\":\"https:\\\/\\\/www.31degres.be\\\/produit\\\/emporio-armani-ar11590-double-gmt\\\/\",\"name\":\"Emporio Armani AR11590 GMT Bleu Rouge - Sportive\",\"isPartOf\":{\"@id\":\"https:\\\/\\\/www.31degres.be\\\/#website\"},\"primaryImageOfPage\":{\"@id\":\"https:\\\/\\\/www.31degres.be\\\/produit\\\/emporio-armani-ar11590-double-gmt\\\/#primaryimage\"},\"image\":{\"@id\":\"https:\\\/\\\/www.31degres.be\\\/produit\\\/emporio-armani-ar11590-double-gmt\\\/#primaryimage\"},\"thumbnailUrl\":\"https:\\\/\\\/i0.wp.com\\\/www.31degres.be\\\/wp-content\\\/uploads\\\/2024\\\/10\\\/emporio-armani-ar11590-diver-gmt.webp?fit=1000%2C1000&ssl=1\",\"datePublished\":\"2024-10-25T09:34:28+00:00\",\"dateModified\":\"2026-02-24T10:47:17+00:00\",\"description\":\"Emporio Armani AR11590 GMT bleu rouge : une montre sophistiqu\u00e9e au design unique, alliant modernit\u00e9 et tradition pour sublimer votre look au quotidien.\",\"breadcrumb\":{\"@id\":\"https:\\\/\\\/www.31degres.be\\\/produit\\\/emporio-armani-ar11590-double-gmt\\\/#breadcrumb\"},\"inLanguage\":\"en-GB\",\"potentialAction\":[{\"@type\":\"ReadAction\",\"target\":[\"https:\\\/\\\/www.31degres.be\\\/produit\\\/emporio-armani-ar11590-double-gmt\\\/\"]}]},{\"@type\":\"ImageObject\",\"inLanguage\":\"en-GB\",\"@id\":\"https:\\\/\\\/www.31degres.be\\\/produit\\\/emporio-armani-ar11590-double-gmt\\\/#primaryimage\",\"url\":\"https:\\\/\\\/i0.wp.com\\\/www.31degres.be\\\/wp-content\\\/uploads\\\/2024\\\/10\\\/emporio-armani-ar11590-diver-gmt.webp?fit=1000%2C1000&ssl=1\",\"contentUrl\":\"https:\\\/\\\/i0.wp.com\\\/www.31degres.be\\\/wp-content\\\/uploads\\\/2024\\\/10\\\/emporio-armani-ar11590-diver-gmt.webp?fit=1000%2C1000&ssl=1\",\"width\":1000,\"height\":1000,\"caption\":\"Emporio Armani AR11590 GMT\"},{\"@type\":\"BreadcrumbList\",\"@id\":\"https:\\\/\\\/www.31degres.be\\\/produit\\\/emporio-armani-ar11590-double-gmt\\\/#breadcrumb\",\"itemListElement\":[{\"@type\":\"ListItem\",\"position\":1,\"name\":\"Accueil\",\"item\":\"https:\\\/\\\/www.31degres.be\\\/\"},{\"@type\":\"ListItem\",\"position\":2,\"name\":\"Boutique\",\"item\":\"https:\\\/\\\/www.31degres.be\\\/boutique\\\/\"},{\"@type\":\"ListItem\",\"position\":3,\"name\":\"Emporio Armani AR11590 double GMT\"}]},{\"@type\":\"WebSite\",\"@id\":\"https:\\\/\\\/www.31degres.be\\\/#website\",\"url\":\"https:\\\/\\\/www.31degres.be\\\/\",\"name\":\"31 Degr\u00e9s Boutique\",\"description\":\"Always With Style\",\"publisher\":{\"@id\":\"https:\\\/\\\/www.31degres.be\\\/#organization\"},\"alternateName\":\"31 Degr\u00e9s Boutique\",\"potentialAction\":[{\"@type\":\"SearchAction\",\"target\":{\"@type\":\"EntryPoint\",\"urlTemplate\":\"https:\\\/\\\/www.31degres.be\\\/?s={search_term_string}\"},\"query-input\":{\"@type\":\"PropertyValueSpecification\",\"valueRequired\":true,\"valueName\":\"search_term_string\"}}],\"inLanguage\":\"en-GB\"},{\"@type\":\"Organization\",\"@id\":\"https:\\\/\\\/www.31degres.be\\\/#organization\",\"name\":\"31 Degr\u00e9s Boutique\",\"url\":\"https:\\\/\\\/www.31degres.be\\\/\",\"logo\":{\"@type\":\"ImageObject\",\"inLanguage\":\"en-GB\",\"@id\":\"https:\\\/\\\/www.31degres.be\\\/#\\\/schema\\\/logo\\\/image\\\/\",\"url\":\"https:\\\/\\\/i0.wp.com\\\/www.31degres.be\\\/wp-content\\\/uploads\\\/2023\\\/08\\\/cropped-cropped-31-DEGRES-LOGO-FINALai.png?fit=1468%2C408&ssl=1\",\"contentUrl\":\"https:\\\/\\\/i0.wp.com\\\/www.31degres.be\\\/wp-content\\\/uploads\\\/2023\\\/08\\\/cropped-cropped-31-DEGRES-LOGO-FINALai.png?fit=1468%2C408&ssl=1\",\"width\":1468,\"height\":408,\"caption\":\"31 Degr\u00e9s Boutique\"},\"image\":{\"@id\":\"https:\\\/\\\/www.31degres.be\\\/#\\\/schema\\\/logo\\\/image\\\/\"},\"sameAs\":[\"https:\\\/\\\/www.facebook.com\\\/31degresboutique\",\"https:\\\/\\\/instagram.com\\\/31degresboutique?igshid=OGQ5ZDc2ODk2ZA==\",\"https:\\\/\\\/t.snapchat.com\\\/TYq1giLw\"]}]}<\/script>\n<!-- \/ Yoast SEO plugin. -->","yoast_head_json":{"title":"Emporio Armani AR11590 GMT Bleu Rouge - Sportive","description":"Emporio Armani AR11590 GMT bleu rouge : une montre sophistiqu\u00e9e au design unique, alliant modernit\u00e9 et tradition pour sublimer votre look au quotidien.","robots":{"index":"index","follow":"follow","max-snippet":"max-snippet:-1","max-image-preview":"max-image-preview:large","max-video-preview":"max-video-preview:-1"},"canonical":"https:\/\/www.31degres.be\/en\/product\/emporio-armani-ar11590-double-gmt\/","og_locale":"en_GB","og_type":"article","og_title":"Emporio Armani AR11590 GMT Bleu Rouge - Sportive","og_description":"Emporio Armani AR11590 GMT bleu rouge : une montre sophistiqu\u00e9e au design unique, alliant modernit\u00e9 et tradition pour sublimer votre look au quotidien.","og_url":"https:\/\/www.31degres.be\/en\/product\/emporio-armani-ar11590-double-gmt\/","og_site_name":"31 Degr\u00e9s Boutique","article_publisher":"https:\/\/www.facebook.com\/31degresboutique","article_modified_time":"2026-02-24T10:47:17+00:00","og_image":[{"width":1000,"height":1000,"url":"https:\/\/www.31degres.be\/wp-content\/uploads\/2024\/10\/emporio-armani-ar11590-diver-gmt.webp","type":"image\/webp"}],"twitter_card":"summary_large_image","twitter_misc":{"Estimated reading time":"2 minutes"},"schema":{"@context":"https:\/\/schema.org","@graph":[{"@type":"WebPage","@id":"https:\/\/www.31degres.be\/produit\/emporio-armani-ar11590-double-gmt\/","url":"https:\/\/www.31degres.be\/produit\/emporio-armani-ar11590-double-gmt\/","name":"Emporio Armani AR11590 GMT Bleu Rouge - Sportive","isPartOf":{"@id":"https:\/\/www.31degres.be\/#website"},"primaryImageOfPage":{"@id":"https:\/\/www.31degres.be\/produit\/emporio-armani-ar11590-double-gmt\/#primaryimage"},"image":{"@id":"https:\/\/www.31degres.be\/produit\/emporio-armani-ar11590-double-gmt\/#primaryimage"},"thumbnailUrl":"https:\/\/i0.wp.com\/www.31degres.be\/wp-content\/uploads\/2024\/10\/emporio-armani-ar11590-diver-gmt.webp?fit=1000%2C1000&ssl=1","datePublished":"2024-10-25T09:34:28+00:00","dateModified":"2026-02-24T10:47:17+00:00","description":"Emporio Armani AR11590 GMT bleu rouge : une montre sophistiqu\u00e9e au design unique, alliant modernit\u00e9 et tradition pour sublimer votre look au quotidien.","breadcrumb":{"@id":"https:\/\/www.31degres.be\/produit\/emporio-armani-ar11590-double-gmt\/#breadcrumb"},"inLanguage":"en-GB","potentialAction":[{"@type":"ReadAction","target":["https:\/\/www.31degres.be\/produit\/emporio-armani-ar11590-double-gmt\/"]}]},{"@type":"ImageObject","inLanguage":"en-GB","@id":"https:\/\/www.31degres.be\/produit\/emporio-armani-ar11590-double-gmt\/#primaryimage","url":"https:\/\/i0.wp.com\/www.31degres.be\/wp-content\/uploads\/2024\/10\/emporio-armani-ar11590-diver-gmt.webp?fit=1000%2C1000&ssl=1","contentUrl":"https:\/\/i0.wp.com\/www.31degres.be\/wp-content\/uploads\/2024\/10\/emporio-armani-ar11590-diver-gmt.webp?fit=1000%2C1000&ssl=1","width":1000,"height":1000,"caption":"Emporio Armani AR11590 GMT"},{"@type":"BreadcrumbList","@id":"https:\/\/www.31degres.be\/produit\/emporio-armani-ar11590-double-gmt\/#breadcrumb","itemListElement":[{"@type":"ListItem","position":1,"name":"Accueil","item":"https:\/\/www.31degres.be\/"},{"@type":"ListItem","position":2,"name":"Boutique","item":"https:\/\/www.31degres.be\/boutique\/"},{"@type":"ListItem","position":3,"name":"Emporio Armani AR11590 double GMT"}]},{"@type":"WebSite","@id":"https:\/\/www.31degres.be\/#website","url":"https:\/\/www.31degres.be\/","name":"31 Degr\u00e9s Boutique","description":"Always With Style","publisher":{"@id":"https:\/\/www.31degres.be\/#organization"},"alternateName":"31 Degr\u00e9s Boutique","potentialAction":[{"@type":"SearchAction","target":{"@type":"EntryPoint","urlTemplate":"https:\/\/www.31degres.be\/?s={search_term_string}"},"query-input":{"@type":"PropertyValueSpecification","valueRequired":true,"valueName":"search_term_string"}}],"inLanguage":"en-GB"},{"@type":"Organization","@id":"https:\/\/www.31degres.be\/#organization","name":"31 Degr\u00e9s Boutique","url":"https:\/\/www.31degres.be\/","logo":{"@type":"ImageObject","inLanguage":"en-GB","@id":"https:\/\/www.31degres.be\/#\/schema\/logo\/image\/","url":"https:\/\/i0.wp.com\/www.31degres.be\/wp-content\/uploads\/2023\/08\/cropped-cropped-31-DEGRES-LOGO-FINALai.png?fit=1468%2C408&ssl=1","contentUrl":"https:\/\/i0.wp.com\/www.31degres.be\/wp-content\/uploads\/2023\/08\/cropped-cropped-31-DEGRES-LOGO-FINALai.png?fit=1468%2C408&ssl=1","width":1468,"height":408,"caption":"31 Degr\u00e9s Boutique"},"image":{"@id":"https:\/\/www.31degres.be\/#\/schema\/logo\/image\/"},"sameAs":["https:\/\/www.facebook.com\/31degresboutique","https:\/\/instagram.com\/31degresboutique?igshid=OGQ5ZDc2ODk2ZA==","https:\/\/t.snapchat.com\/TYq1giLw"]}]}},"jetpack_sharing_enabled":true,"_links":{"self":[{"href":"https:\/\/www.31degres.be\/en\/wp-json\/wp\/v2\/product\/8300","targetHints":{"allow":["GET"]}}],"collection":[{"href":"https:\/\/www.31degres.be\/en\/wp-json\/wp\/v2\/product"}],"about":[{"href":"https:\/\/www.31degres.be\/en\/wp-json\/wp\/v2\/types\/product"}],"version-history":[{"count":0,"href":"https:\/\/www.31degres.be\/en\/wp-json\/wp\/v2\/product\/8300\/revisions"}],"wp:featuredmedia":[{"embeddable":true,"href":"https:\/\/www.31degres.be\/en\/wp-json\/wp\/v2\/media\/8354"}],"wp:attachment":[{"href":"https:\/\/www.31degres.be\/en\/wp-json\/wp\/v2\/media?parent=8300"}],"wp:term":[{"taxonomy":"product_brand","embeddable":true,"href":"https:\/\/www.31degres.be\/en\/wp-json\/wp\/v2\/product_brand?post=8300"},{"taxonomy":"product_cat","embeddable":true,"href":"https:\/\/www.31degres.be\/en\/wp-json\/wp\/v2\/product_cat?post=8300"},{"taxonomy":"product_tag","embeddable":true,"href":"https:\/\/www.31degres.be\/en\/wp-json\/wp\/v2\/product_tag?post=8300"}],"curies":[{"name":"wp","href":"https:\/\/api.w.org\/{rel}","templated":true}]}}